{"id":4428,"date":"2025-11-14T09:07:01","date_gmt":"2025-11-14T09:07:01","guid":{"rendered":"https:\/\/mountlaser.com\/?post_type=product&#038;p=4428"},"modified":"2025-11-27T05:17:01","modified_gmt":"2025-11-27T05:17:01","slug":"gls11-aluminum-prism-pole","status":"publish","type":"product","link":"https:\/\/mountlaser.com\/vi\/san-pham\/gls11-aluminum-prism-pole\/","title":{"rendered":"C\u1ed9t l\u0103ng k\u00ednh nh\u00f4m GLS11"},"content":{"rendered":"<p>N\u00e2ng t\u1ea7m c\u00f4ng vi\u1ec7c kh\u1ea3o s\u00e1t c\u1ee7a b\u1ea1n v\u1edbi thi\u1ebft b\u1ecb \u0111\u1ecbnh v\u1ecb laser Mount Laser. <a href=\"https:\/\/mountlaser.com\/vi\/products\/\"><strong>C\u1ed9t l\u0103ng k\u00ednh nh\u00f4m GLS11<\/strong><\/a>, \u0110\u01b0\u1ee3c thi\u1ebft k\u1ebf \u0111\u1ec3 \u0111\u1ea3m b\u1ea3o \u0111\u1ed9 \u1ed5n \u0111\u1ecbnh tuy\u1ec7t \u0111\u1ed1i v\u00e0 \u0111\u1ed9 ch\u00ednh x\u00e1c v\u01b0\u1ee3t tr\u1ed9i. C\u00e2y s\u00e0o chuy\u00ean nghi\u1ec7p n\u00e0y \u0111\u01b0\u1ee3c ch\u1ebf t\u1ea1o \u0111\u1ec3 ch\u1ecbu \u0111\u01b0\u1ee3c nh\u1eefng \u0111i\u1ec1u ki\u1ec7n kh\u1eafc nghi\u1ec7t t\u1ea1i c\u00f4ng tr\u01b0\u1eddng \u0111\u1ed3ng th\u1eddi cung c\u1ea5p \u0111\u1ed9 tin c\u1eady c\u1ea7n thi\u1ebft cho c\u00e1c ph\u00e9p \u0111o quan tr\u1ecdng.<\/p>\n<p>M\u1ed9t t\u00ednh n\u0103ng quan tr\u1ecdng gi\u00fap GLS11 n\u1ed5i b\u1eadt l\u00e0 c\u01a1 ch\u1ebf kh\u00f3a c\u1ea7n \u0111\u1ee1 l\u0103ng k\u00ednh ki\u1ec3u Th\u1ee5y S\u0129. H\u1ec7 th\u1ed1ng kh\u00f3a c\u1ea3i ti\u1ebfn n\u00e0y cho ph\u00e9p \u0111i\u1ec1u ch\u1ec9nh \u0111\u1ed9 cao nhanh ch\u00f3ng v\u00e0 an to\u00e0n ch\u1ec9 b\u1eb1ng m\u1ed9t thao t\u00e1c kh\u00f3a \u0111\u01a1n gi\u1ea3n, gi\u00fap b\u1ea1n ti\u1ebft ki\u1ec7m th\u1eddi gian qu\u00fd b\u00e1u ngo\u00e0i th\u1ef1c \u0111\u1ecba m\u00e0 kh\u00f4ng \u1ea3nh h\u01b0\u1edfng \u0111\u1ebfn \u0111\u1ed9 \u1ed5n \u0111\u1ecbnh. Thi\u1ebft k\u1ebf ch\u1eafc ch\u1eafn \u0111\u1ea3m b\u1ea3o r\u1eb1ng sau khi kh\u00f3a, c\u1ea7n \u0111\u1ee1 s\u1ebd gi\u1eef v\u1eefng, lo\u1ea1i b\u1ecf hi\u1ec7n t\u01b0\u1ee3ng rung l\u1eafc v\u00e0 \u0111\u1ea3m b\u1ea3o l\u0103ng k\u00ednh c\u1ee7a b\u1ea1n lu\u00f4n \u0111\u01b0\u1ee3c \u0111\u1ecbnh v\u1ecb ho\u00e0n h\u1ea3o.<\/p>\n<p>\u0110\u01b0\u1ee3c ch\u1ebf t\u1ea1o t\u1eeb nh\u00f4m ch\u1ea5t l\u01b0\u1ee3ng cao, tr\u1ecdng l\u01b0\u1ee3ng nh\u1eb9, th\u01b0\u1edbc c\u00e2n b\u1eb1ng GLS11 d\u1ec5 d\u00e0ng mang theo su\u1ed1t c\u1ea3 ng\u00e0y l\u00e0m vi\u1ec7c d\u00e0i nh\u01b0ng l\u1ea1i v\u00f4 c\u00f9ng b\u1ec1n ch\u1eafc. N\u00f3 \u0111\u01b0\u1ee3c trang b\u1ecb \u1ed1ng th\u1ee7y tinh tr\u00f2n 30 inch gi\u00fap c\u00e2n b\u1eb1ng d\u1ec5 d\u00e0ng v\u00e0 ch\u00ednh x\u00e1c, \u0111\u1ea3m b\u1ea3o c\u00e1c ph\u00e9p \u0111o c\u1ee7a b\u1ea1n lu\u00f4n chu\u1ea9n x\u00e1c.<a href=\"https:\/\/mountlaser.com\/vi\/about-us\/\"> <strong>C\u1ed9t l\u0103ng tr\u1ee5 kh\u00f3a g\u00e0i ki\u1ec3u Th\u1ee5y S\u0129<\/strong><\/a> Thi\u1ebft k\u1ebf n\u00e0y t\u00edch h\u1ee3p b\u1ed9 chuy\u1ec3n \u0111\u1ed5i \u0111a n\u0103ng, gi\u00fap n\u00f3 t\u01b0\u01a1ng th\u00edch v\u1edbi nhi\u1ec1u lo\u1ea1i l\u0103ng k\u00ednh v\u00e0 ph\u1ee5 ki\u1ec7n kh\u00e1c nhau.<\/p>\n<p>D\u00e0nh cho c\u00e1c chuy\u00ean gia kh\u1ea3o s\u00e1t \u0111\u00f2i h\u1ecfi s\u1ef1 hi\u1ec7u qu\u1ea3 v\u00e0 \u0111\u1ed9 tin c\u1eady cao, <a href=\"https:\/\/mountlaser.com\/vi\/contact-us\/\">GLS11<\/a> \u0110\u00e2y l\u00e0 c\u00f4ng c\u1ee5 l\u00fd t\u01b0\u1edfng. \u0110\u1ed9 tin c\u1eady c\u1ee7a C\u1ed9t l\u0103ng k\u00ednh kh\u00f3a g\u00e0i ki\u1ec3u Th\u1ee5y S\u0129 n\u00e0y cho ph\u00e9p b\u1ea1n t\u1eadp trung v\u00e0o c\u00f4ng vi\u1ec7c kh\u1ea3o s\u00e1t, t\u1ef1 tin r\u1eb1ng thi\u1ebft b\u1ecb c\u1ee7a b\u1ea1n s\u1ebd kh\u00f4ng l\u00e0m b\u1ea1n th\u1ea5t v\u1ecdng.<\/p>\n<p>&nbsp;<\/p>\n<p><img fetchpriority=\"high\" decoding=\"async\" class=\"aligncenter wp-image-4433\" src=\"https:\/\/mountlaser.com\/wp-content\/uploads\/2025\/11\/CLS11-5.webp\" alt=\"Swiss-Style Snap Lock Prism Pole\" width=\"500\" height=\"500\" srcset=\"https:\/\/mountlaser.com\/wp-content\/uploads\/2025\/11\/CLS11-5.webp 1000w, https:\/\/mountlaser.com\/wp-content\/uploads\/2025\/11\/CLS11-5-300x300.webp 300w, https:\/\/mountlaser.com\/wp-content\/uploads\/2025\/11\/CLS11-5-400x400.webp 400w, https:\/\/mountlaser.com\/wp-content\/uploads\/2025\/11\/CLS11-5-800x800.webp 800w, https:\/\/mountlaser.com\/wp-content\/uploads\/2025\/11\/CLS11-5-600x600.webp 600w, https:\/\/mountlaser.com\/wp-content\/uploads\/2025\/11\/CLS11-5-150x150.webp 150w, https:\/\/mountlaser.com\/wp-content\/uploads\/2025\/11\/CLS11-5-768x768.webp 768w, https:\/\/mountlaser.com\/wp-content\/uploads\/2025\/11\/CLS11-5-12x12.webp 12w\" sizes=\"(max-width: 500px) 100vw, 500px\" \/><\/p>\n<p><strong>Th\u00f4ng s\u1ed1 k\u1ef9 thu\u1eadt c\u1ed9t l\u0103ng tr\u1ee5 nh\u00f4m GLS11<\/strong><\/p>\n<table style=\"border-collapse: collapse; width: 846.77pt;\" border=\"0\" width=\"1129\" cellspacing=\"0\" cellpadding=\"0\">\n<tbody>\n<tr style=\"height: 14.25pt;\">\n<td class=\"et2\" style=\"height: 14.25pt; width: 142.50pt;\" width=\"190\" height=\"19\">CON S\u1ed0<\/td>\n<td class=\"et2\" style=\"width: 127.50pt;\" width=\"170\">CHI\u1ec0U D\u00c0I<\/td>\n<td class=\"et2\" style=\"width: 126.00pt;\" width=\"168\">V\u1eacT LI\u1ec6U<\/td>\n<td class=\"et2\" style=\"width: 135.00pt;\" width=\"180\">SINH VI\u00caN T\u1ed0T NGHI\u1ec6P<\/td>\n<td class=\"et2\" style=\"width: 124.50pt;\" width=\"166\">B\u1ed8 CHUY\u1ec2N \u0110\u1ed4I<\/td>\n<td class=\"et2\" style=\"width: 86.25pt;\" width=\"115\">\u1ed0NG NGO\u00c0I<\/td>\n<td class=\"et2\" style=\"width: 105.00pt;\" width=\"140\">\u0110\u01af\u1edcNG K\u00cdNH<\/td>\n<\/tr>\n<tr style=\"height: 14.25pt;\">\n<td class=\"et2\" style=\"height: 14.25pt;\" height=\"19\">GLS11<\/td>\n<td class=\"et2\">2,15m (7,05ft)<\/td>\n<td class=\"et2\">Nh\u00f4m<\/td>\n<td class=\"et3\">cm\/ ft<\/td>\n<td class=\"et3\">Th\u1ee5y S\u0129<\/td>\n<td class=\"et3\">cm\/ ft<\/td>\n<td class=\"et3\">18\/25mm<\/td>\n<\/tr>\n<\/tbody>\n<\/table>","protected":false},"excerpt":{"rendered":"<ul>\n<li>C\u1ea5u tr\u00fac nh\u00f4m nh\u1eb9: Mang l\u1ea1i s\u1ef1 c\u00e2n b\u1eb1ng t\u1ed1i \u01b0u gi\u1eefa \u0111\u1ed9 b\u1ec1n v\u00e0 t\u00ednh di \u0111\u1ed9ng \u0111\u1ec3 s\u1eed d\u1ee5ng c\u1ea3 ng\u00e0y.<\/li>\n<li>Kh\u1ea3 n\u0103ng t\u01b0\u01a1ng th\u00edch ph\u1ed5 bi\u1ebfn: Trang b\u1ecb b\u1ed9 chuy\u1ec3n \u0111\u1ed5i ti\u00eau chu\u1ea9n (18\/25mm) ph\u00f9 h\u1ee3p v\u1edbi h\u1ea7u h\u1ebft c\u00e1c lo\u1ea1i l\u0103ng k\u00ednh th\u00f4ng d\u1ee5ng.<\/li>\n<li>V\u1ea1ch chia centimet r\u00f5 r\u00e0ng: Gi\u00fap d\u1ec5 d\u00e0ng \u0111\u1ecdc \u0111\u1ec3 thi\u1ebft l\u1eadp nhanh v\u00e0 x\u00e1c \u0111\u1ecbnh chi\u1ec1u cao.<\/li>\n<\/ul>","protected":false},"featured_media":4430,"comment_status":"open","ping_status":"closed","template":"","meta":[],"product_brand":[],"product_cat":[124,89],"product_tag":[],"class_list":{"0":"post-4428","1":"product","2":"type-product","3":"status-publish","4":"has-post-thumbnail","6":"product_cat-aluminum-fiberglass-prism-pole","7":"product_cat-surveying-pole-rod","9":"first","10":"instock","11":"shipping-taxable","12":"product-type-simple"},"_links":{"self":[{"href":"https:\/\/mountlaser.com\/vi\/wp-json\/wp\/v2\/product\/4428","targetHints":{"allow":["GET"]}}],"collection":[{"href":"https:\/\/mountlaser.com\/vi\/wp-json\/wp\/v2\/product"}],"about":[{"href":"https:\/\/mountlaser.com\/vi\/wp-json\/wp\/v2\/types\/product"}],"replies":[{"embeddable":true,"href":"https:\/\/mountlaser.com\/vi\/wp-json\/wp\/v2\/comments?post=4428"}],"wp:featuredmedia":[{"embeddable":true,"href":"https:\/\/mountlaser.com\/vi\/wp-json\/wp\/v2\/media\/4430"}],"wp:attachment":[{"href":"https:\/\/mountlaser.com\/vi\/wp-json\/wp\/v2\/media?parent=4428"}],"wp:term":[{"taxonomy":"product_brand","embeddable":true,"href":"https:\/\/mountlaser.com\/vi\/wp-json\/wp\/v2\/product_brand?post=4428"},{"taxonomy":"product_cat","embeddable":true,"href":"https:\/\/mountlaser.com\/vi\/wp-json\/wp\/v2\/product_cat?post=4428"},{"taxonomy":"product_tag","embeddable":true,"href":"https:\/\/mountlaser.com\/vi\/wp-json\/wp\/v2\/product_tag?post=4428"}],"curies":[{"name":"trang web","href":"https:\/\/api.w.org\/{rel}","templated":true}]}}