{"id":4427,"date":"2025-11-14T08:44:50","date_gmt":"2025-11-14T08:44:50","guid":{"rendered":"https:\/\/mountlaser.com\/?post_type=product&#038;p=4427"},"modified":"2025-11-27T05:22:00","modified_gmt":"2025-11-27T05:22:00","slug":"f550-3ls1-collimator","status":"publish","type":"product","link":"https:\/\/mountlaser.com\/vi\/san-pham\/f550-3ls1-collimator\/","title":{"rendered":"B\u1ed9 chu\u1ea9n tr\u1ef1c F550-3LS1"},"content":{"rendered":"<p>C\u00e1i<a href=\"https:\/\/mountlaser.com\/vi\/products\/\"> <strong>B\u1ed9 chu\u1ea9n tr\u1ef1c F550-3LS1<\/strong><\/a> l\u00e0 m\u1ed9t chuy\u00ean gia <a href=\"https:\/\/mountlaser.com\/vi\/about-us\/\"><strong>B\u1ed9 chu\u1ea9n tr\u1ef1c quang h\u1ecdc v\u1edbi m\u00e0n h\u00ecnh l\u1edbn<\/strong><\/a> \u0110\u01b0\u1ee3c thi\u1ebft k\u1ebf \u0111\u1ec3 hi\u1ec7u chu\u1ea9n \u0111\u1ed9 ch\u00ednh x\u00e1c cao cho c\u00e1c d\u1ee5ng c\u1ee5 \u0111o \u0111\u1ea1c v\u00e0 quang h\u1ecdc. \u0110\u01b0\u1ee3c ch\u1ebf t\u1ea1o theo c\u1ea5u h\u00ecnh ba \u1ed1ng quang h\u1ecdc, \u0111\u1eb7t tr\u00ean s\u00e0n, b\u1ed9 chu\u1ea9n tr\u1ef1c F550-3LS1 cung c\u1ea5p \u0111\u1ed9 \u1ed5n \u0111\u1ecbnh v\u01b0\u1ee3t tr\u1ed9i v\u00e0 kh\u1ea3 n\u0103ng c\u0103n ch\u1ec9nh \u0111a tr\u1ee5c. M\u00e0n h\u00ecnh t\u00edch h\u1ee3p l\u1edbn c\u1ee7a n\u00f3\u2014\u0111\u01b0\u1ee3c c\u1ea5u h\u00ecnh nh\u01b0 m\u1ed9t m\u00e0n h\u00ecnh l\u1edbn kh\u00f4ng chia m\u00e0n h\u00ecnh, k\u1ebft h\u1ee3p v\u1edbi \u1ed1ng quang \u0111i\u1ec7n t\u00edch h\u1ee3p\u2014cung c\u1ea5p ph\u1ea3n h\u1ed3i tr\u1ef1c quan r\u00f5 r\u00e0ng h\u01a1n v\u00e0 n\u00e2ng cao hi\u1ec7u qu\u1ea3 hi\u1ec7u chu\u1ea9n.<\/p>\n<p><img fetchpriority=\"high\" decoding=\"async\" class=\"aligncenter wp-image-4413\" src=\"https:\/\/mountlaser.com\/wp-content\/uploads\/2025\/11\/F550-3ls1.webp\" alt=\"F550-3LS1 Collimator\" width=\"500\" height=\"500\" srcset=\"https:\/\/mountlaser.com\/wp-content\/uploads\/2025\/11\/F550-3ls1.webp 800w, https:\/\/mountlaser.com\/wp-content\/uploads\/2025\/11\/F550-3ls1-300x300.webp 300w, https:\/\/mountlaser.com\/wp-content\/uploads\/2025\/11\/F550-3ls1-400x400.webp 400w, https:\/\/mountlaser.com\/wp-content\/uploads\/2025\/11\/F550-3ls1-600x600.webp 600w, https:\/\/mountlaser.com\/wp-content\/uploads\/2025\/11\/F550-3ls1-150x150.webp 150w, https:\/\/mountlaser.com\/wp-content\/uploads\/2025\/11\/F550-3ls1-768x768.webp 768w, https:\/\/mountlaser.com\/wp-content\/uploads\/2025\/11\/F550-3ls1-12x12.webp 12w\" sizes=\"(max-width: 500px) 100vw, 500px\" \/><\/p>\n<p>L\u00e0 m\u1ed9t thi\u1ebft b\u1ecb chu\u1ea9n tr\u1ef1c quang h\u1ecdc ti\u00ean ti\u1ebfn v\u1edbi m\u00e0n h\u00ecnh l\u1edbn, <a href=\"https:\/\/mountlaser.com\/vi\/contact-us\/\">B\u1ed9 chu\u1ea9n tr\u1ef1c F550-3LS1<\/a> \u0110\u01b0\u1ee3c thi\u1ebft k\u1ebf d\u00e0nh cho c\u00e1c ph\u00f2ng th\u00ed nghi\u1ec7m, trung t\u00e2m s\u1eeda ch\u1eefa v\u00e0 m\u00f4i tr\u01b0\u1eddng ki\u1ec3m tra ch\u00ednh x\u00e1c, n\u01a1i vi\u1ec7c c\u0103n ch\u1ec9nh thi\u1ebft b\u1ecb ch\u00ednh x\u00e1c l\u00e0 r\u1ea5t quan tr\u1ecdng. Cho d\u00f9 ki\u1ec3m tra m\u00e1y to\u00e0n \u0111\u1ea1c, m\u00e1y kinh v\u0129 hay m\u00e1y th\u1ee7y b\u00ecnh t\u1ef1 \u0111\u1ed9ng, m\u1eabu m\u00e1y n\u00e0y \u0111\u1ea3m b\u1ea3o \u0111\u1ea7u ra \u00e1nh s\u00e1ng song song nh\u1ea5t qu\u00e1n v\u00e0 hi\u1ec7u su\u1ea5t l\u00e2u d\u00e0i \u0111\u00e1ng tin c\u1eady. C\u00e1c chuy\u00ean gia \u0111ang t\u00ecm ki\u1ebfm m\u1ed9t m\u00e1y chu\u1ea9n tr\u1ef1c quang h\u1ecdc \u0111\u00e1ng tin c\u1eady v\u1edbi m\u00e0n h\u00ecnh l\u1edbn s\u1ebd \u0111\u00e1nh gi\u00e1 cao \u0111\u1ed9 r\u00f5 n\u00e9t, \u0111\u1ed9 \u1ed5n \u0111\u1ecbnh v\u00e0 kh\u1ea3 n\u0103ng c\u0103n ch\u1ec9nh quang h\u1ecdc ch\u00ednh x\u00e1c c\u1ee7a n\u00f3.<\/p>","protected":false},"excerpt":{"rendered":"<ul>\n<li>T\u1ea1o ra c\u00e1c ch\u00f9m tia s\u00e1ng song song ch\u00ednh x\u00e1c \u0111\u1ec3 hi\u1ec7u chu\u1ea9n thi\u1ebft b\u1ecb \u0111o \u0111\u1ea1c v\u00e0 quang h\u1ecdc.<\/li>\n<li>Ba \u1ed1ng quang h\u1ecdc h\u1ed7 tr\u1ee3 c\u0103n ch\u1ec9nh \u0111a h\u01b0\u1edbng v\u00e0 \u0111a tr\u1ee5c.<\/li>\n<li>M\u00e0n h\u00ecnh l\u1edbn, kh\u00f4ng chia \u0111\u00f4i gi\u00fap c\u1ea3i thi\u1ec7n kh\u1ea3 n\u0103ng quan s\u00e1t v\u00e0 \u0111\u1ed9 ch\u00ednh x\u00e1c khi hi\u1ec7u ch\u1ec9nh.<\/li>\n<li>\u1ed0ng t\u00edch h\u1ee3p quang \u0111i\u1ec7n t\u0103ng c\u01b0\u1eddng kh\u1ea3 n\u0103ng ph\u00e1t hi\u1ec7n quang h\u1ecdc v\u00e0 \u0111\u1ed9 \u1ed5n \u0111\u1ecbnh c\u1ee7a ph\u00e9p \u0111o.<\/li>\n<li>Thi\u1ebft k\u1ebf \u0111\u1eb7t tr\u00ean s\u00e0n \u0111\u1ea3m b\u1ea3o \u0111\u1ed9 \u1ed5n \u0111\u1ecbnh t\u1ed1i \u0111a v\u00e0 gi\u1ea3m rung \u0111\u1ed9ng trong qu\u00e1 tr\u00ecnh v\u1eadn h\u00e0nh.<\/li>\n<\/ul>","protected":false},"featured_media":4413,"comment_status":"open","ping_status":"closed","template":"","meta":[],"product_brand":[],"product_cat":[71,125],"product_tag":[],"class_list":{"0":"post-4427","1":"product","2":"type-product","3":"status-publish","4":"has-post-thumbnail","6":"product_cat-calibration-testing-instrument","7":"product_cat-collimator-instrument","9":"first","10":"instock","11":"shipping-taxable","12":"product-type-simple"},"_links":{"self":[{"href":"https:\/\/mountlaser.com\/vi\/wp-json\/wp\/v2\/product\/4427","targetHints":{"allow":["GET"]}}],"collection":[{"href":"https:\/\/mountlaser.com\/vi\/wp-json\/wp\/v2\/product"}],"about":[{"href":"https:\/\/mountlaser.com\/vi\/wp-json\/wp\/v2\/types\/product"}],"replies":[{"embeddable":true,"href":"https:\/\/mountlaser.com\/vi\/wp-json\/wp\/v2\/comments?post=4427"}],"wp:featuredmedia":[{"embeddable":true,"href":"https:\/\/mountlaser.com\/vi\/wp-json\/wp\/v2\/media\/4413"}],"wp:attachment":[{"href":"https:\/\/mountlaser.com\/vi\/wp-json\/wp\/v2\/media?parent=4427"}],"wp:term":[{"taxonomy":"product_brand","embeddable":true,"href":"https:\/\/mountlaser.com\/vi\/wp-json\/wp\/v2\/product_brand?post=4427"},{"taxonomy":"product_cat","embeddable":true,"href":"https:\/\/mountlaser.com\/vi\/wp-json\/wp\/v2\/product_cat?post=4427"},{"taxonomy":"product_tag","embeddable":true,"href":"https:\/\/mountlaser.com\/vi\/wp-json\/wp\/v2\/product_tag?post=4427"}],"curies":[{"name":"trang web","href":"https:\/\/api.w.org\/{rel}","templated":true}]}}