{"id":4425,"date":"2025-11-14T08:07:31","date_gmt":"2025-11-14T08:07:31","guid":{"rendered":"https:\/\/mountlaser.com\/?post_type=product&#038;p=4425"},"modified":"2025-11-27T05:24:25","modified_gmt":"2025-11-27T05:24:25","slug":"f550-3s-collimator","status":"publish","type":"product","link":"https:\/\/mountlaser.com\/vi\/san-pham\/f550-3s-collimator\/","title":{"rendered":"B\u1ed9 chu\u1ea9n tr\u1ef1c F550-3S"},"content":{"rendered":"<p>C\u00e1i <a href=\"https:\/\/mountlaser.com\/vi\/\"><strong>B\u1ed9 chu\u1ea9n tr\u1ef1c F550-3S<\/strong><\/a> l\u00e0 m\u1ed9t chuy\u00ean gia <a href=\"https:\/\/mountlaser.com\/vi\/about-us\/\"><strong>B\u1ed9 ch\u1ec9nh quang h\u1ecdc cho m\u00e1y c\u00e2n b\u1eb1ng t\u1ef1 \u0111\u1ed9ng<\/strong> <\/a>\u0110\u01b0\u1ee3c thi\u1ebft k\u1ebf \u0111\u1ec3 cung c\u1ea5p kh\u1ea3 n\u0103ng c\u0103n ch\u1ec9nh quang h\u1ecdc ch\u00ednh x\u00e1c v\u00e0 \u1ed5n \u0111\u1ecbnh cho c\u00e1c d\u1ee5ng c\u1ee5 \u0111o \u0111\u1ea1c. V\u1edbi thi\u1ebft k\u1ebf d\u1ea1ng s\u00e0n ba \u1ed1ng quang h\u1ecdc, b\u1ed9 chu\u1ea9n tr\u1ef1c F550-3S cung c\u1ea5p kh\u1ea3 n\u0103ng hi\u1ec7u chu\u1ea9n \u0111a h\u01b0\u1edbng, tr\u1edf th\u00e0nh c\u00f4ng c\u1ee5 thi\u1ebft y\u1ebfu cho vi\u1ec7c ki\u1ec3m tra d\u1ee5ng c\u1ee5 c\u00f3 \u0111\u1ed9 ch\u00ednh x\u00e1c cao. M\u00f4 h\u00ecnh n\u00e0y \u0111\u01b0\u1ee3c trang b\u1ecb m\u00e0n h\u00ecnh hi\u1ec3n th\u1ecb nh\u1ecf v\u00e0 m\u1ed9t \u1ed1ng quang \u0111i\u1ec7n t\u00edch h\u1ee3p, gi\u00fap t\u0103ng c\u01b0\u1eddng c\u1ea3 \u0111\u1ed9 r\u00f5 n\u00e9t h\u00ecnh \u1ea3nh v\u00e0 hi\u1ec7u qu\u1ea3 hi\u1ec7u chu\u1ea9n.<\/p>\n<p><img fetchpriority=\"high\" decoding=\"async\" class=\"aligncenter wp-image-4426\" src=\"https:\/\/mountlaser.com\/wp-content\/uploads\/2025\/11\/F550-3SS_\u526f\u672c.webp\" alt=\"F550-3S optical collimator for auto level\" width=\"500\" height=\"500\" srcset=\"https:\/\/mountlaser.com\/wp-content\/uploads\/2025\/11\/F550-3SS_\u526f\u672c.webp 800w, https:\/\/mountlaser.com\/wp-content\/uploads\/2025\/11\/F550-3SS_\u526f\u672c-300x300.webp 300w, https:\/\/mountlaser.com\/wp-content\/uploads\/2025\/11\/F550-3SS_\u526f\u672c-400x400.webp 400w, https:\/\/mountlaser.com\/wp-content\/uploads\/2025\/11\/F550-3SS_\u526f\u672c-600x600.webp 600w, https:\/\/mountlaser.com\/wp-content\/uploads\/2025\/11\/F550-3SS_\u526f\u672c-150x150.webp 150w, https:\/\/mountlaser.com\/wp-content\/uploads\/2025\/11\/F550-3SS_\u526f\u672c-768x768.webp 768w, https:\/\/mountlaser.com\/wp-content\/uploads\/2025\/11\/F550-3SS_\u526f\u672c-12x12.webp 12w\" sizes=\"(max-width: 500px) 100vw, 500px\" \/><\/p>\n<p>L\u00e0 m\u1ed9t thi\u1ebft b\u1ecb chu\u1ea9n tr\u1ef1c quang h\u1ecdc \u0111\u00e1ng tin c\u1eady d\u00e0nh cho m\u00e1y c\u00e2n b\u1eb1ng t\u1ef1 \u0111\u1ed9ng, <a href=\"https:\/\/mountlaser.com\/vi\/contact-us\/\">B\u1ed9 chu\u1ea9n tr\u1ef1c F550-3S<\/a> \u0110\u1ea3m b\u1ea3o ch\u1ea5t l\u01b0\u1ee3ng ch\u00f9m tia nh\u1ea5t qu\u00e1n v\u00e0 c\u0103n ch\u1ec9nh tr\u1ee5c ch\u00ednh x\u00e1c tr\u00ean c\u00e1c m\u00e1y th\u1ee7y b\u00ecnh t\u1ef1 \u0111\u1ed9ng, m\u00e1y kinh v\u0129 v\u00e0 m\u00e1y to\u00e0n \u0111\u1ea1c. C\u1ea5u tr\u00fac ch\u1eafc ch\u1eafn \u0111\u1eb7t tr\u00ean s\u00e0n gi\u00fap gi\u1ea3m rung \u0111\u1ed9ng v\u00e0 \u0111\u1ea3m b\u1ea3o hi\u1ec7u su\u1ea5t l\u00e2u d\u00e0i trong ph\u00f2ng th\u00ed nghi\u1ec7m v\u00e0 trung t\u00e2m s\u1eeda ch\u1eefa. \u0110\u1ed1i v\u1edbi c\u00e1c chuy\u00ean gia \u0111ang t\u00ecm ki\u1ebfm m\u1ed9t b\u1ed9 chu\u1ea9n tr\u1ef1c quang h\u1ecdc \u0111\u00e1ng tin c\u1eady cho m\u00e1y th\u1ee7y b\u00ecnh t\u1ef1 \u0111\u1ed9ng, m\u1eabu m\u00e1y n\u00e0y mang \u0111\u1ebfn \u0111\u1ed9 ch\u00ednh x\u00e1c, \u0111\u1ed9 \u1ed5n \u0111\u1ecbnh v\u00e0 ch\u1ee9c n\u0103ng hi\u1ec7n \u0111\u1ea1i.<\/p>","protected":false},"excerpt":{"rendered":"<ul>\n<li>T\u1ea1o ra c\u00e1c ch\u00f9m tia song song \u1ed5n \u0111\u1ecbnh \u0111\u1ec3 hi\u1ec7u chu\u1ea9n m\u00e1y \u0111o \u0111\u1ed9 nghi\u00eang t\u1ef1 \u0111\u1ed9ng v\u00e0 c\u00e1c d\u1ee5ng c\u1ee5 quang h\u1ecdc.<\/li>\n<li>Ba \u1ed1ng quang h\u1ecdc cho ph\u00e9p c\u0103n ch\u1ec9nh \u0111a tr\u1ee5c v\u00e0 ki\u1ec3m tra \u0111\u1ed9 ch\u00ednh x\u00e1c.<\/li>\n<li>\u1ed0ng t\u00edch h\u1ee3p quang \u0111i\u1ec7n gi\u00fap c\u1ea3i thi\u1ec7n \u0111\u1ed9 ch\u00ednh x\u00e1c v\u00e0 ph\u1ea3n h\u1ed3i \u0111o l\u01b0\u1eddng.<\/li>\n<li>C\u1ea5u tr\u00fac d\u1ea1ng s\u00e0n mang l\u1ea1i \u0111\u1ed9 \u1ed5n \u0111\u1ecbnh tuy\u1ec7t v\u1eddi v\u00e0 gi\u1ea3m thi\u1ec3u s\u1ef1 can thi\u1ec7p t\u1eeb b\u00ean ngo\u00e0i.<\/li>\n<li>M\u00e0n h\u00ecnh nh\u1ecf cho ph\u00e9p quan s\u00e1t th\u1eddi gian th\u1ef1c v\u00e0 t\u1ea1o \u0111i\u1ec1u ki\u1ec7n thu\u1eadn l\u1ee3i cho quy tr\u00ecnh hi\u1ec7u chu\u1ea9n.<\/li>\n<\/ul>","protected":false},"featured_media":4426,"comment_status":"open","ping_status":"closed","template":"","meta":[],"product_brand":[],"product_cat":[71,125],"product_tag":[],"class_list":{"0":"post-4425","1":"product","2":"type-product","3":"status-publish","4":"has-post-thumbnail","6":"product_cat-calibration-testing-instrument","7":"product_cat-collimator-instrument","9":"first","10":"instock","11":"shipping-taxable","12":"product-type-simple"},"_links":{"self":[{"href":"https:\/\/mountlaser.com\/vi\/wp-json\/wp\/v2\/product\/4425","targetHints":{"allow":["GET"]}}],"collection":[{"href":"https:\/\/mountlaser.com\/vi\/wp-json\/wp\/v2\/product"}],"about":[{"href":"https:\/\/mountlaser.com\/vi\/wp-json\/wp\/v2\/types\/product"}],"replies":[{"embeddable":true,"href":"https:\/\/mountlaser.com\/vi\/wp-json\/wp\/v2\/comments?post=4425"}],"wp:featuredmedia":[{"embeddable":true,"href":"https:\/\/mountlaser.com\/vi\/wp-json\/wp\/v2\/media\/4426"}],"wp:attachment":[{"href":"https:\/\/mountlaser.com\/vi\/wp-json\/wp\/v2\/media?parent=4425"}],"wp:term":[{"taxonomy":"product_brand","embeddable":true,"href":"https:\/\/mountlaser.com\/vi\/wp-json\/wp\/v2\/product_brand?post=4425"},{"taxonomy":"product_cat","embeddable":true,"href":"https:\/\/mountlaser.com\/vi\/wp-json\/wp\/v2\/product_cat?post=4425"},{"taxonomy":"product_tag","embeddable":true,"href":"https:\/\/mountlaser.com\/vi\/wp-json\/wp\/v2\/product_tag?post=4425"}],"curies":[{"name":"trang web","href":"https:\/\/api.w.org\/{rel}","templated":true}]}}