{"id":4423,"date":"2025-11-14T07:50:32","date_gmt":"2025-11-14T07:50:32","guid":{"rendered":"https:\/\/mountlaser.com\/?post_type=product&#038;p=4423"},"modified":"2025-11-27T05:40:55","modified_gmt":"2025-11-27T05:40:55","slug":"t550-2t-collimator","status":"publish","type":"product","link":"https:\/\/mountlaser.com\/vi\/san-pham\/t550-2t-collimator\/","title":{"rendered":"B\u1ed9 chu\u1ea9n tr\u1ef1c T550-2T"},"content":{"rendered":"<p>C\u00e1i <a href=\"https:\/\/mountlaser.com\/vi\/\"><strong>B\u1ed9 chu\u1ea9n tr\u1ef1c T550-2T<\/strong><\/a> l\u00e0 m\u1ed9t chuy\u00ean gia <a href=\"https:\/\/mountlaser.com\/vi\/about-us\/\"><strong>B\u1ed9 chu\u1ea9n tr\u1ef1c quang h\u1ecdc \u0111\u1ed9 ch\u00ednh x\u00e1c cao<\/strong><\/a> \u0110\u01b0\u1ee3c thi\u1ebft k\u1ebf cho c\u00e1c \u1ee9ng d\u1ee5ng hi\u1ec7u chu\u1ea9n v\u00e0 c\u0103n ch\u1ec9nh quang h\u1ecdc \u0111\u00f2i h\u1ecfi kh\u1eaft khe. \u0110\u01b0\u1ee3c thi\u1ebft k\u1ebf theo ki\u1ec3u \u0111\u1ec3 b\u00e0n, m\u00e1y chu\u1ea9n tr\u1ef1c T550-2T c\u00f3 hai \u1ed1ng quang h\u1ecdc c\u1ed9ng th\u00eam m\u1ed9t \u1ed1ng quang h\u1ecdc h\u01b0\u1edbng l\u00ean tr\u00ean, cho ph\u00e9p k\u1ef9 thu\u1eadt vi\u00ean th\u1ef1c hi\u1ec7n c\u0103n ch\u1ec9nh \u0111a g\u00f3c, \u0111a tr\u1ee5c v\u1edbi \u0111\u1ed9 ch\u00ednh x\u00e1c v\u01b0\u1ee3t tr\u1ed9i. L\u00e0 m\u1ed9t m\u00e1y chu\u1ea9n tr\u1ef1c quang h\u1ecdc \u0111\u1ed9 ch\u00ednh x\u00e1c cao \u0111\u00e1ng tin c\u1eady, n\u00f3 \u0111\u1ea3m b\u1ea3o c\u00e1c tr\u1ee5c quang h\u1ecdc \u1ed5n \u0111\u1ecbnh, \u0111\u1ea7u ra \u00e1nh s\u00e1ng song song \u0111\u00e1ng tin c\u1eady v\u00e0 hi\u1ec7u su\u1ea5t \u0111o l\u01b0\u1eddng nh\u1ea5t qu\u00e1n c\u1ea7n thi\u1ebft cho m\u00f4i tr\u01b0\u1eddng kh\u1ea3o s\u00e1t v\u00e0 ph\u00f2ng th\u00ed nghi\u1ec7m.<\/p>\n<p><img fetchpriority=\"high\" decoding=\"async\" class=\"aligncenter wp-image-4424\" src=\"https:\/\/mountlaser.com\/wp-content\/uploads\/2025\/11\/2-2-F550-2T.webp\" alt=\"T550-2T High Precision Optical Collimator\" width=\"500\" height=\"500\" srcset=\"https:\/\/mountlaser.com\/wp-content\/uploads\/2025\/11\/2-2-F550-2T.webp 1000w, https:\/\/mountlaser.com\/wp-content\/uploads\/2025\/11\/2-2-F550-2T-300x300.webp 300w, https:\/\/mountlaser.com\/wp-content\/uploads\/2025\/11\/2-2-F550-2T-400x400.webp 400w, https:\/\/mountlaser.com\/wp-content\/uploads\/2025\/11\/2-2-F550-2T-800x800.webp 800w, https:\/\/mountlaser.com\/wp-content\/uploads\/2025\/11\/2-2-F550-2T-600x600.webp 600w, https:\/\/mountlaser.com\/wp-content\/uploads\/2025\/11\/2-2-F550-2T-150x150.webp 150w, https:\/\/mountlaser.com\/wp-content\/uploads\/2025\/11\/2-2-F550-2T-768x768.webp 768w, https:\/\/mountlaser.com\/wp-content\/uploads\/2025\/11\/2-2-F550-2T-12x12.webp 12w\" sizes=\"(max-width: 500px) 100vw, 500px\" \/><\/p>\n<p>\u0110\u01b0\u1ee3c thi\u1ebft k\u1ebf d\u00e0nh cho \u0111o l\u01b0\u1eddng ch\u00ednh x\u00e1c, c\u00e1c vi\u1ec7n nghi\u00ean c\u1ee9u v\u00e0 trung t\u00e2m d\u1ecbch v\u1ee5 thi\u1ebft b\u1ecb,<a href=\"https:\/\/mountlaser.com\/vi\/contact-us\/\"> B\u1ed9 chu\u1ea9n tr\u1ef1c T550-2T<\/a> So v\u1edbi c\u00e1c m\u1eabu ti\u00eau chu\u1ea9n, s\u1ea3n ph\u1ea9m n\u00e0y cung c\u1ea5p kh\u1ea3 n\u0103ng v\u01b0\u1ee3t tr\u1ed9i. \u1ed0ng ng\u1eafm b\u1ed5 sung cho ph\u00e9p ki\u1ec3m tra tr\u1ee5c d\u1ecdc, bi\u1ebfn n\u00f3 tr\u1edf th\u00e0nh m\u1ed9t trong nh\u1eefng gi\u1ea3i ph\u00e1p chu\u1ea9n tr\u1ef1c quang h\u1ecdc \u0111\u1ed9 ch\u00ednh x\u00e1c cao linh ho\u1ea1t v\u00e0 hi\u1ec7u qu\u1ea3 nh\u1ea5t hi\u1ec7n c\u00f3.<\/p>","protected":false},"excerpt":{"rendered":"<ul>\n<li>T\u1ea1o ra c\u00e1c ch\u00f9m tia s\u00e1ng song song ch\u00ednh x\u00e1c \u0111\u1ec3 hi\u1ec7u chu\u1ea9n v\u00e0 c\u0103n ch\u1ec9nh quang h\u1ecdc.<\/li>\n<li>Hai \u1ed1ng quang h\u1ecdc c\u1ed9ng th\u00eam m\u1ed9t \u1ed1ng chi\u1ebfu thi\u00ean \u0111\u1ec9nh h\u1ed7 tr\u1ee3 th\u1eed nghi\u1ec7m \u0111a g\u00f3c v\u00e0 tr\u1ee5c th\u1eb3ng \u0111\u1ee9ng.<\/li>\n<li>Thi\u1ebft k\u1ebf ki\u1ec3u m\u00e1y t\u00ednh \u0111\u1ec3 b\u00e0n mang l\u1ea1i s\u1ef1 \u1ed5n \u0111\u1ecbnh v\u00e0 ti\u1ebft ki\u1ec7m kh\u00f4ng gian.<\/li>\n<li>L\u00fd t\u01b0\u1edfng \u0111\u1ec3 hi\u1ec7u chu\u1ea9n m\u00e1y to\u00e0n \u0111\u1ea1c, m\u00e1y kinh v\u0129 v\u00e0 m\u00e1y th\u1ee7y b\u00ecnh quang h\u1ecdc.<\/li>\n<li>\u0110\u1ea3m b\u1ea3o \u0111\u1ed9 ch\u00ednh x\u00e1c l\u1eb7p l\u1ea1i cho vi\u1ec7c b\u1ea3o tr\u00ec v\u00e0 ki\u1ec3m tra thi\u1ebft b\u1ecb chuy\u00ean nghi\u1ec7p.<\/li>\n<\/ul>","protected":false},"featured_media":4424,"comment_status":"open","ping_status":"closed","template":"","meta":[],"product_brand":[],"product_cat":[71,125],"product_tag":[],"class_list":{"0":"post-4423","1":"product","2":"type-product","3":"status-publish","4":"has-post-thumbnail","6":"product_cat-calibration-testing-instrument","7":"product_cat-collimator-instrument","9":"first","10":"instock","11":"shipping-taxable","12":"product-type-simple"},"_links":{"self":[{"href":"https:\/\/mountlaser.com\/vi\/wp-json\/wp\/v2\/product\/4423","targetHints":{"allow":["GET"]}}],"collection":[{"href":"https:\/\/mountlaser.com\/vi\/wp-json\/wp\/v2\/product"}],"about":[{"href":"https:\/\/mountlaser.com\/vi\/wp-json\/wp\/v2\/types\/product"}],"replies":[{"embeddable":true,"href":"https:\/\/mountlaser.com\/vi\/wp-json\/wp\/v2\/comments?post=4423"}],"wp:featuredmedia":[{"embeddable":true,"href":"https:\/\/mountlaser.com\/vi\/wp-json\/wp\/v2\/media\/4424"}],"wp:attachment":[{"href":"https:\/\/mountlaser.com\/vi\/wp-json\/wp\/v2\/media?parent=4423"}],"wp:term":[{"taxonomy":"product_brand","embeddable":true,"href":"https:\/\/mountlaser.com\/vi\/wp-json\/wp\/v2\/product_brand?post=4423"},{"taxonomy":"product_cat","embeddable":true,"href":"https:\/\/mountlaser.com\/vi\/wp-json\/wp\/v2\/product_cat?post=4423"},{"taxonomy":"product_tag","embeddable":true,"href":"https:\/\/mountlaser.com\/vi\/wp-json\/wp\/v2\/product_tag?post=4423"}],"curies":[{"name":"trang web","href":"https:\/\/api.w.org\/{rel}","templated":true}]}}