{"id":4421,"date":"2025-11-14T06:17:55","date_gmt":"2025-11-14T06:17:55","guid":{"rendered":"https:\/\/mountlaser.com\/?post_type=product&#038;p=4421"},"modified":"2025-11-27T05:42:38","modified_gmt":"2025-11-27T05:42:38","slug":"f550-3-collimator","status":"publish","type":"product","link":"https:\/\/mountlaser.com\/vi\/san-pham\/f550-3-collimator\/","title":{"rendered":"B\u1ed9 chu\u1ea9n tr\u1ef1c F550-3"},"content":{"rendered":"<p>C\u00e1i <a href=\"https:\/\/mountlaser.com\/vi\/\"><strong>B\u1ed9 chu\u1ea9n tr\u1ef1c F550-3<\/strong><\/a> l\u00e0 m\u1ed9t s\u1ea3n ph\u1ea9m c\u00f3 \u0111\u1ed9 ch\u00ednh x\u00e1c cao.<a href=\"https:\/\/mountlaser.com\/vi\/about-us\/\"><strong> B\u1ed9 chu\u1ea9n tr\u1ef1c laser<\/strong><\/a> \u0110\u01b0\u1ee3c thi\u1ebft k\u1ebf cho c\u00e1c t\u00e1c v\u1ee5 c\u0103n ch\u1ec9nh v\u00e0 hi\u1ec7u chu\u1ea9n quang h\u1ecdc ti\u00ean ti\u1ebfn. V\u1edbi c\u1ea5u tr\u00fac ba \u1ed1ng quang h\u1ecdc, ki\u1ec3u \u0111\u1eb7t s\u00e0n, m\u00e1y chu\u1ea9n tr\u1ef1c laser F550-3 mang l\u1ea1i \u0111\u1ed9 \u1ed5n \u0111\u1ecbnh v\u01b0\u1ee3t tr\u1ed9i, cho ph\u00e9p k\u1ef9 thu\u1eadt vi\u00ean ki\u1ec3m tra v\u00e0 c\u0103n ch\u1ec9nh c\u00e1c d\u1ee5ng c\u1ee5 \u0111o \u0111\u1ea1c v\u1edbi \u0111\u1ed9 ch\u00ednh x\u00e1c t\u1ed1i \u0111a. L\u00e0 m\u1ed9t m\u00e1y chu\u1ea9n tr\u1ef1c laser chuy\u00ean nghi\u1ec7p, n\u00f3 cung c\u1ea5p c\u00e1c ch\u00f9m tia s\u00e1ng song song, nh\u1ea5t qu\u00e1n, l\u00fd t\u01b0\u1edfng \u0111\u1ec3 ki\u1ec3m tra tr\u1ee5c quang h\u1ecdc c\u1ee7a m\u00e1y to\u00e0n \u0111\u1ea1c, m\u00e1y kinh v\u0129 v\u00e0 m\u00e1y th\u1ee7y b\u00ecnh t\u1ef1 \u0111\u1ed9ng.<\/p>\n<p><img fetchpriority=\"high\" decoding=\"async\" class=\"aligncenter wp-image-4422\" src=\"https:\/\/mountlaser.com\/wp-content\/uploads\/2025\/11\/3-2-F55-3.webp\" alt=\"F550-3 Laser Collimator\" width=\"500\" height=\"500\" srcset=\"https:\/\/mountlaser.com\/wp-content\/uploads\/2025\/11\/3-2-F55-3.webp 1000w, https:\/\/mountlaser.com\/wp-content\/uploads\/2025\/11\/3-2-F55-3-300x300.webp 300w, https:\/\/mountlaser.com\/wp-content\/uploads\/2025\/11\/3-2-F55-3-400x400.webp 400w, https:\/\/mountlaser.com\/wp-content\/uploads\/2025\/11\/3-2-F55-3-800x800.webp 800w, https:\/\/mountlaser.com\/wp-content\/uploads\/2025\/11\/3-2-F55-3-600x600.webp 600w, https:\/\/mountlaser.com\/wp-content\/uploads\/2025\/11\/3-2-F55-3-150x150.webp 150w, https:\/\/mountlaser.com\/wp-content\/uploads\/2025\/11\/3-2-F55-3-768x768.webp 768w, https:\/\/mountlaser.com\/wp-content\/uploads\/2025\/11\/3-2-F55-3-12x12.webp 12w\" sizes=\"(max-width: 500px) 100vw, 500px\" \/><\/p>\n<p>\u0110\u01b0\u1ee3c thi\u1ebft k\u1ebf d\u00e0nh cho m\u00f4i tr\u01b0\u1eddng ph\u00f2ng th\u00ed nghi\u1ec7m v\u00e0 x\u01b0\u1edfng s\u1ea3n xu\u1ea5t \u0111\u00f2i h\u1ecfi kh\u1eaft khe, <a href=\"https:\/\/mountlaser.com\/vi\/contact-us\/\">B\u1ed9 chu\u1ea9n tr\u1ef1c F550-3<\/a> H\u1ed7 tr\u1ee3 hi\u1ec7u chu\u1ea9n \u0111a tr\u1ee5c th\u00f4ng qua c\u1ea5u h\u00ecnh ba \u1ed1ng, \u0111\u1ea3m b\u1ea3o hi\u1ec7u su\u1ea5t v\u01b0\u1ee3t tr\u1ed9i trong th\u1eddi gian s\u1eed d\u1ee5ng l\u00e2u d\u00e0i. \u0110\u1ed1i v\u1edbi c\u00e1c chuy\u00ean gia \u0111ang t\u00ecm ki\u1ebfm m\u1ed9t m\u00e1y chu\u1ea9n tr\u1ef1c laser \u0111\u00e1ng tin c\u1eady v\u00e0 b\u1ec1n b\u1ec9, m\u1eabu m\u00e1y n\u00e0y n\u1ed5i b\u1eadt v\u1ec1 \u0111\u1ed9 ch\u00ednh x\u00e1c, \u0111\u1ed9 \u1ed5n \u0111\u1ecbnh v\u00e0 hi\u1ec7u qu\u1ea3 ho\u1ea1t \u0111\u1ed9ng.<\/p>","protected":false},"excerpt":{"rendered":"<ul>\n<li>T\u1ea1o ra c\u00e1c ch\u00f9m tia laser song song, \u1ed5n \u0111\u1ecbnh \u0111\u1ec3 hi\u1ec7u chu\u1ea9n v\u1edbi \u0111\u1ed9 ch\u00ednh x\u00e1c cao.<\/li>\n<li>Ba \u1ed1ng quang h\u1ecdc cho ph\u00e9p c\u0103n ch\u1ec9nh \u0111a tr\u1ee5c ti\u00ean ti\u1ebfn.<\/li>\n<li>C\u1ea5u tr\u00fac d\u1ea1ng s\u00e0n mang l\u1ea1i \u0111\u1ed9 \u1ed5n \u0111\u1ecbnh t\u1ed1i \u0111a v\u00e0 gi\u1ea3m rung \u0111\u1ed9ng.<\/li>\n<li>Th\u00edch h\u1ee3p \u0111\u1ec3 ki\u1ec3m tra m\u00e1y to\u00e0n \u0111\u1ea1c, m\u00e1y kinh v\u0129 v\u00e0 m\u00e1y th\u1ee7y b\u00ecnh quang h\u1ecdc.<\/li>\n<li>\u0110\u01b0\u1ee3c thi\u1ebft k\u1ebf \u0111\u1ec3 \u0111\u1ea3m b\u1ea3o hi\u1ec7u su\u1ea5t \u1ed5n \u0111\u1ecbnh trong c\u00e1c ph\u00f2ng th\u00ed nghi\u1ec7m \u0111o l\u01b0\u1eddng v\u00e0 x\u01b0\u1edfng ch\u1ebf t\u1ea1o d\u1ee5ng c\u1ee5.<\/li>\n<\/ul>","protected":false},"featured_media":4422,"comment_status":"open","ping_status":"closed","template":"","meta":[],"product_brand":[],"product_cat":[71,125],"product_tag":[],"class_list":{"0":"post-4421","1":"product","2":"type-product","3":"status-publish","4":"has-post-thumbnail","6":"product_cat-calibration-testing-instrument","7":"product_cat-collimator-instrument","9":"first","10":"instock","11":"shipping-taxable","12":"product-type-simple"},"_links":{"self":[{"href":"https:\/\/mountlaser.com\/vi\/wp-json\/wp\/v2\/product\/4421","targetHints":{"allow":["GET"]}}],"collection":[{"href":"https:\/\/mountlaser.com\/vi\/wp-json\/wp\/v2\/product"}],"about":[{"href":"https:\/\/mountlaser.com\/vi\/wp-json\/wp\/v2\/types\/product"}],"replies":[{"embeddable":true,"href":"https:\/\/mountlaser.com\/vi\/wp-json\/wp\/v2\/comments?post=4421"}],"wp:featuredmedia":[{"embeddable":true,"href":"https:\/\/mountlaser.com\/vi\/wp-json\/wp\/v2\/media\/4422"}],"wp:attachment":[{"href":"https:\/\/mountlaser.com\/vi\/wp-json\/wp\/v2\/media?parent=4421"}],"wp:term":[{"taxonomy":"product_brand","embeddable":true,"href":"https:\/\/mountlaser.com\/vi\/wp-json\/wp\/v2\/product_brand?post=4421"},{"taxonomy":"product_cat","embeddable":true,"href":"https:\/\/mountlaser.com\/vi\/wp-json\/wp\/v2\/product_cat?post=4421"},{"taxonomy":"product_tag","embeddable":true,"href":"https:\/\/mountlaser.com\/vi\/wp-json\/wp\/v2\/product_tag?post=4421"}],"curies":[{"name":"trang web","href":"https:\/\/api.w.org\/{rel}","templated":true}]}}