{"id":4419,"date":"2025-11-14T05:37:35","date_gmt":"2025-11-14T05:37:35","guid":{"rendered":"https:\/\/mountlaser.com\/?post_type=product&#038;p=4419"},"modified":"2025-12-01T08:24:30","modified_gmt":"2025-12-01T08:24:30","slug":"f550-2a-collimator","status":"publish","type":"product","link":"https:\/\/mountlaser.com\/vi\/san-pham\/f550-2a-collimator\/","title":{"rendered":"B\u1ed9 chu\u1ea9n tr\u1ef1c F550-2A"},"content":{"rendered":"<p>C\u00e1i <a href=\"https:\/\/mountlaser.com\/vi\/\"><strong>B\u1ed9 chu\u1ea9n tr\u1ef1c F550-2A<\/strong><\/a> l\u00e0 m\u1ed9t s\u1ea3n ph\u1ea9m c\u00f3 \u0111\u1ed9 ch\u00ednh x\u00e1c cao. <a href=\"https:\/\/mountlaser.com\/vi\/danh-muc-san-pham\/calibration-testing-instrument\/\"><strong>B\u1ed9 chu\u1ea9n tr\u1ef1c laser<\/strong><\/a> \u0110\u01b0\u1ee3c thi\u1ebft k\u1ebf cho c\u00e1c nhi\u1ec7m v\u1ee5 c\u0103n ch\u1ec9nh v\u00e0 hi\u1ec7u chu\u1ea9n quang h\u1ecdc chuy\u00ean nghi\u1ec7p. V\u1edbi c\u1ea5u tr\u00fac hai \u1ed1ng quang h\u1ecdc b\u1ec1n ch\u1eafc, ki\u1ec3u \u0111\u1eb7t s\u00e0n, thi\u1ebft b\u1ecb chu\u1ea9n tr\u1ef1c laser n\u00e0y \u0111\u1ea3m b\u1ea3o \u0111\u1ed9 \u1ed5n \u0111\u1ecbnh v\u00e0 \u0111\u1ed9 ch\u00ednh x\u00e1c v\u01b0\u1ee3t tr\u1ed9i trong qu\u00e1 tr\u00ecnh ki\u1ec3m tra quang h\u1ecdc. \u0110\u01b0\u1ee3c thi\u1ebft k\u1ebf \u0111\u1ec3 s\u1eed d\u1ee5ng trong c\u00e1c ph\u00f2ng th\u00ed nghi\u1ec7m \u0111o l\u01b0\u1eddng, c\u01a1 s\u1edf s\u1ea3n xu\u1ea5t v\u00e0 trung t\u00e2m d\u1ecbch v\u1ee5 thi\u1ebft b\u1ecb, chu\u1ea9n tr\u1ef1c laser cung c\u1ea5p hi\u1ec7u su\u1ea5t \u0111\u00e1ng tin c\u1eady nh\u01b0 mong \u0111\u1ee3i t\u1eeb m\u1ed9t thi\u1ebft b\u1ecb chu\u1ea9n tr\u1ef1c laser chuy\u00ean nghi\u1ec7p.<\/p>\n<p>L\u00e0 m\u1ed9t thi\u1ebft b\u1ecb hi\u1ec7u chu\u1ea9n laser \u0111a n\u0103ng, F550-2A t\u1ea1o ra c\u00e1c ch\u00f9m tia song song cao, h\u1ed7 tr\u1ee3 hi\u1ec7u chu\u1ea9n ch\u00ednh x\u00e1c c\u00e1c m\u00e1y kinh v\u0129, m\u00e1y to\u00e0n \u0111\u1ea1c, m\u00e1y th\u1ee7y b\u00ecnh v\u00e0 c\u00e1c d\u1ee5ng c\u1ee5 \u0111o l\u01b0\u1eddng kh\u00e1c. Thi\u1ebft k\u1ebf \u1ed1ng quang k\u00e9p gi\u00fap t\u0103ng t\u00ednh linh ho\u1ea1t trong hi\u1ec7u chu\u1ea9n, cho ph\u00e9p k\u1ef9 thu\u1eadt vi\u00ean d\u1ec5 d\u00e0ng th\u1ef1c hi\u1ec7n c\u0103n ch\u1ec9nh \u0111a g\u00f3c ho\u1eb7c \u0111a tr\u1ee5c. C\u1ea5u h\u00ecnh \u0111\u1eb7t tr\u00ean s\u00e0n gi\u00fap gi\u1ea3m thi\u1ec3u rung \u0111\u1ed9ng v\u00e0 t\u1ed1i \u0111a h\u00f3a \u0111\u1ed9 ch\u00ednh x\u00e1c c\u1ee7a ph\u00e9p \u0111o.<\/p>\n<p><img fetchpriority=\"high\" decoding=\"async\" class=\"aligncenter wp-image-4420\" src=\"https:\/\/mountlaser.com\/wp-content\/uploads\/2025\/11\/2-3-F550-2A_\u526f\u672c.webp\" alt=\"F550-2A Collimator\" width=\"500\" height=\"500\" srcset=\"https:\/\/mountlaser.com\/wp-content\/uploads\/2025\/11\/2-3-F550-2A_\u526f\u672c.webp 1000w, https:\/\/mountlaser.com\/wp-content\/uploads\/2025\/11\/2-3-F550-2A_\u526f\u672c-300x300.webp 300w, https:\/\/mountlaser.com\/wp-content\/uploads\/2025\/11\/2-3-F550-2A_\u526f\u672c-400x400.webp 400w, https:\/\/mountlaser.com\/wp-content\/uploads\/2025\/11\/2-3-F550-2A_\u526f\u672c-800x800.webp 800w, https:\/\/mountlaser.com\/wp-content\/uploads\/2025\/11\/2-3-F550-2A_\u526f\u672c-600x600.webp 600w, https:\/\/mountlaser.com\/wp-content\/uploads\/2025\/11\/2-3-F550-2A_\u526f\u672c-150x150.webp 150w, https:\/\/mountlaser.com\/wp-content\/uploads\/2025\/11\/2-3-F550-2A_\u526f\u672c-768x768.webp 768w, https:\/\/mountlaser.com\/wp-content\/uploads\/2025\/11\/2-3-F550-2A_\u526f\u672c-12x12.webp 12w\" sizes=\"(max-width: 500px) 100vw, 500px\" \/><\/p>\n<p>V\u1edbi k\u1ebft c\u1ea5u ch\u1eafc ch\u1eafn v\u00e0 \u0111\u1ed9 \u1ed5n \u0111\u1ecbnh l\u00e2u d\u00e0i, <a href=\"https:\/\/mountlaser.com\/vi\/contact-us\/\">B\u1ed9 chu\u1ea9n tr\u1ef1c F550-2A<\/a> \u0110\u00e2y l\u00e0 gi\u1ea3i ph\u00e1p thi\u1ebft y\u1ebfu \u0111\u1ec3 duy tr\u00ec \u0111\u1ed9 ch\u00ednh x\u00e1c c\u1ee7a thi\u1ebft b\u1ecb v\u00e0 c\u1ea3i thi\u1ec7n quy tr\u00ecnh ki\u1ec3m so\u00e1t ch\u1ea5t l\u01b0\u1ee3ng. B\u1ed9 chu\u1ea9n tr\u1ef1c laser n\u00e0y l\u00fd t\u01b0\u1edfng cho c\u00e1c t\u1ed5 ch\u1ee9c y\u00eau c\u1ea7u hi\u1ec7u su\u1ea5t quang h\u1ecdc \u0111\u00e1ng tin c\u1eady v\u00e0 k\u1ebft qu\u1ea3 hi\u1ec7u chu\u1ea9n l\u1eb7p l\u1ea1i.<\/p>","protected":false},"excerpt":{"rendered":"<ul>\n<li>T\u1ea1o ra c\u00e1c ch\u00f9m tia laser song song \u0111\u1ec3 hi\u1ec7u chu\u1ea9n quang h\u1ecdc ch\u00ednh x\u00e1c.<\/li>\n<li>Thi\u1ebft k\u1ebf \u1ed1ng quang k\u00e9p h\u1ed7 tr\u1ee3 c\u0103n ch\u1ec9nh \u0111a g\u00f3c v\u00e0 \u0111a tr\u1ee5c.<\/li>\n<li>Thi\u1ebft k\u1ebf d\u1ea1ng s\u00e0n gi\u00fap t\u0103ng \u0111\u1ed9 \u1ed5n \u0111\u1ecbnh v\u00e0 gi\u1ea3m rung \u0111\u1ed9ng trong qu\u00e1 tr\u00ecnh th\u1eed nghi\u1ec7m.<\/li>\n<li>Th\u00edch h\u1ee3p \u0111\u1ec3 hi\u1ec7u chu\u1ea9n m\u00e1y to\u00e0n \u0111\u1ea1c, m\u00e1y kinh v\u0129, m\u00e1y th\u1ee7y b\u00ecnh v\u00e0 c\u00e1c d\u1ee5ng c\u1ee5 \u0111o \u0111\u1ea1c kh\u00e1c.<\/li>\n<li>N\u00e2ng cao \u0111\u1ed9 ch\u00ednh x\u00e1c, \u0111\u1ed9 tin c\u1eady v\u00e0 hi\u1ec7u qu\u1ea3 quy tr\u00ecnh l\u00e0m vi\u1ec7c trong c\u00e1c \u1ee9ng d\u1ee5ng \u0111o l\u01b0\u1eddng v\u00e0 ki\u1ec3m tra quang h\u1ecdc.<\/li>\n<\/ul>","protected":false},"featured_media":4420,"comment_status":"open","ping_status":"closed","template":"","meta":[],"product_brand":[],"product_cat":[71,125],"product_tag":[],"class_list":{"0":"post-4419","1":"product","2":"type-product","3":"status-publish","4":"has-post-thumbnail","6":"product_cat-calibration-testing-instrument","7":"product_cat-collimator-instrument","9":"first","10":"instock","11":"shipping-taxable","12":"product-type-simple"},"_links":{"self":[{"href":"https:\/\/mountlaser.com\/vi\/wp-json\/wp\/v2\/product\/4419","targetHints":{"allow":["GET"]}}],"collection":[{"href":"https:\/\/mountlaser.com\/vi\/wp-json\/wp\/v2\/product"}],"about":[{"href":"https:\/\/mountlaser.com\/vi\/wp-json\/wp\/v2\/types\/product"}],"replies":[{"embeddable":true,"href":"https:\/\/mountlaser.com\/vi\/wp-json\/wp\/v2\/comments?post=4419"}],"wp:featuredmedia":[{"embeddable":true,"href":"https:\/\/mountlaser.com\/vi\/wp-json\/wp\/v2\/media\/4420"}],"wp:attachment":[{"href":"https:\/\/mountlaser.com\/vi\/wp-json\/wp\/v2\/media?parent=4419"}],"wp:term":[{"taxonomy":"product_brand","embeddable":true,"href":"https:\/\/mountlaser.com\/vi\/wp-json\/wp\/v2\/product_brand?post=4419"},{"taxonomy":"product_cat","embeddable":true,"href":"https:\/\/mountlaser.com\/vi\/wp-json\/wp\/v2\/product_cat?post=4419"},{"taxonomy":"product_tag","embeddable":true,"href":"https:\/\/mountlaser.com\/vi\/wp-json\/wp\/v2\/product_tag?post=4419"}],"curies":[{"name":"trang web","href":"https:\/\/api.w.org\/{rel}","templated":true}]}}