{"id":4417,"date":"2025-11-14T05:24:55","date_gmt":"2025-11-14T05:24:55","guid":{"rendered":"https:\/\/mountlaser.com\/?post_type=product&#038;p=4417"},"modified":"2025-12-01T08:41:30","modified_gmt":"2025-12-01T08:41:30","slug":"f550-3e-collimator","status":"publish","type":"product","link":"https:\/\/mountlaser.com\/vi\/san-pham\/f550-3e-collimator\/","title":{"rendered":"B\u1ed9 chu\u1ea9n tr\u1ef1c F550-3E"},"content":{"rendered":"<p>C\u00e1i <a href=\"https:\/\/mountlaser.com\/vi\/danh-muc-san-pham\/calibration-testing-instrument\/\"><strong>B\u1ed9 chu\u1ea9n tr\u1ef1c F550-3E<\/strong><\/a> l\u00e0 m\u1ed9t s\u1ea3n ph\u1ea9m \u0111\u01b0\u1ee3c ch\u1ebf t\u1ea1o ch\u00ednh x\u00e1c. <a href=\"https:\/\/mountlaser.com\/vi\/about-us\/\"><strong>b\u1ed9 chu\u1ea9n tr\u1ef1c ch\u00f9m tia<\/strong><\/a> H\u1ec7 th\u1ed1ng \u0111\u01b0\u1ee3c thi\u1ebft k\u1ebf cho c\u00e1c nhi\u1ec7m v\u1ee5 hi\u1ec7u chu\u1ea9n v\u00e0 c\u0103n ch\u1ec9nh quang h\u1ecdc v\u1edbi \u0111\u1ed9 ch\u00ednh x\u00e1c cao. \u0110\u01b0\u1ee3c ch\u1ebf t\u1ea1o v\u1edbi c\u1ea5u h\u00ecnh ba \u1ed1ng quang h\u1ecdc m\u1ea1nh m\u1ebd, ki\u1ec3u \u0111\u1ec3 b\u00e0n, thi\u1ebft b\u1ecb Collimator n\u00e0y mang l\u1ea1i hi\u1ec7u su\u1ea5t quang h\u1ecdc \u1ed5n \u0111\u1ecbnh v\u00e0 nh\u1ea5t qu\u00e1n cho c\u00e1c ph\u00f2ng th\u00ed nghi\u1ec7m, c\u01a1 s\u1edf s\u1ea3n xu\u1ea5t v\u00e0 c\u00e1c \u1ee9ng d\u1ee5ng \u0111o l\u01b0\u1eddng \u0111\u00f2i h\u1ecfi \u0111\u1ed9 ch\u00ednh x\u00e1c v\u01b0\u1ee3t tr\u1ed9i.<\/p>\n<p>L\u00e0 m\u1ed9t b\u1ed9 chu\u1ea9n tr\u1ef1c ch\u00f9m tia chuy\u00ean nghi\u1ec7p, b\u1ed9 chu\u1ea9n tr\u1ef1c F550-3E cung c\u1ea5p c\u00e1c ch\u00f9m tia song song, \u0111\u1ea3m b\u1ea3o vi\u1ec7c ki\u1ec3m tra \u0111\u00e1ng tin c\u1eady c\u00e1c d\u1ee5ng c\u1ee5 quang h\u1ecdc nh\u01b0 m\u00e1y kinh v\u0129, m\u00e1y to\u00e0n \u0111\u1ea1c v\u00e0 thi\u1ebft b\u1ecb \u0111o laser. Thi\u1ebft k\u1ebf ba \u1ed1ng quang h\u1ecdc mang l\u1ea1i t\u00ednh linh ho\u1ea1t cao h\u01a1n cho vi\u1ec7c hi\u1ec7u chu\u1ea9n \u0111a g\u00f3c, bi\u1ebfn b\u1ed9 chu\u1ea9n tr\u1ef1c F550-3E tr\u1edf th\u00e0nh gi\u1ea3i ph\u00e1p \u0111\u01b0\u1ee3c \u01b0a chu\u1ed9ng trong m\u00f4i tr\u01b0\u1eddng ki\u1ec3m so\u00e1t ch\u1ea5t l\u01b0\u1ee3ng v\u00e0 ki\u1ec3m tra quang h\u1ecdc.<\/p>\n<p><img fetchpriority=\"high\" decoding=\"async\" class=\"aligncenter wp-image-4418\" src=\"https:\/\/mountlaser.com\/wp-content\/uploads\/2025\/11\/F550-3E.webp\" alt=\"F550-3E Collimator\" width=\"500\" height=\"500\" srcset=\"https:\/\/mountlaser.com\/wp-content\/uploads\/2025\/11\/F550-3E.webp 1000w, https:\/\/mountlaser.com\/wp-content\/uploads\/2025\/11\/F550-3E-300x300.webp 300w, https:\/\/mountlaser.com\/wp-content\/uploads\/2025\/11\/F550-3E-400x400.webp 400w, https:\/\/mountlaser.com\/wp-content\/uploads\/2025\/11\/F550-3E-800x800.webp 800w, https:\/\/mountlaser.com\/wp-content\/uploads\/2025\/11\/F550-3E-600x600.webp 600w, https:\/\/mountlaser.com\/wp-content\/uploads\/2025\/11\/F550-3E-150x150.webp 150w, https:\/\/mountlaser.com\/wp-content\/uploads\/2025\/11\/F550-3E-768x768.webp 768w, https:\/\/mountlaser.com\/wp-content\/uploads\/2025\/11\/F550-3E-12x12.webp 12w\" sizes=\"(max-width: 500px) 100vw, 500px\" \/><\/p>\n<p>Thi\u1ebft b\u1ecb hi\u1ec7u ch\u1ec9nh quang h\u1ecdc ti\u00ean ti\u1ebfn n\u00e0y gi\u00fap \u0111\u01a1n gi\u1ea3n h\u00f3a quy tr\u00ecnh c\u0103n ch\u1ec9nh, t\u0103ng \u0111\u1ed9 ch\u00ednh x\u00e1c \u0111o l\u01b0\u1eddng v\u00e0 h\u1ed7 tr\u1ee3 hi\u1ec7u su\u1ea5t l\u00e2u d\u00e0i v\u1edbi y\u00eau c\u1ea7u b\u1ea3o tr\u00ec t\u1ed1i thi\u1ec3u. Cho d\u00f9 \u0111\u01b0\u1ee3c s\u1eed d\u1ee5ng \u0111\u1ec3 hi\u1ec7u chu\u1ea9n quang h\u1ecdc \u0111\u1ecbnh k\u1ef3 hay ph\u00e1t tri\u1ec3n thi\u1ebft b\u1ecb cao c\u1ea5p, <a href=\"https:\/\/mountlaser.com\/vi\/contact-us\/\">b\u1ed9 chu\u1ea9n tr\u1ef1c ch\u00f9m tia<\/a> H\u1ec7 th\u1ed1ng \u0111\u1ea3m b\u1ea3o k\u1ebft qu\u1ea3 \u0111\u00e1ng tin c\u1eady v\u00e0 c\u00f3 th\u1ec3 l\u1eb7p l\u1ea1i.<\/p>","protected":false},"excerpt":{"rendered":"<ul>\n<li>T\u1ea1o ra c\u00e1c ch\u00f9m tia song song c\u00f3 \u0111\u1ed9 ch\u00ednh x\u00e1c cao \u0111\u1ec3 hi\u1ec7u chu\u1ea9n quang h\u1ecdc.<\/li>\n<li>H\u1ed7 tr\u1ee3 c\u0103n ch\u1ec9nh \u0111a g\u00f3c th\u00f4ng qua ba \u1ed1ng quang h\u1ecdc \u0111\u1ed9c l\u1eadp.<\/li>\n<li>C\u1ea5u tr\u00fac ki\u1ec3u m\u00e1y t\u00ednh \u0111\u1ec3 b\u00e0n \u0111\u1ea3m b\u1ea3o t\u00ednh \u1ed5n \u0111\u1ecbnh trong qu\u00e1 tr\u00ecnh \u0111o l\u01b0\u1eddng.<\/li>\n<li>L\u00fd t\u01b0\u1edfng \u0111\u1ec3 ki\u1ec3m tra m\u00e1y to\u00e0n \u0111\u1ea1c, m\u00e1y kinh v\u0129 v\u00e0 c\u00e1c thi\u1ebft b\u1ecb \u0111o quang h\u1ecdc.<\/li>\n<li>T\u0103ng c\u01b0\u1eddng \u0111\u1ed9 ch\u00ednh x\u00e1c v\u00e0 t\u00ednh nh\u1ea5t qu\u00e1n trong m\u00f4i tr\u01b0\u1eddng ph\u00f2ng th\u00ed nghi\u1ec7m v\u00e0 s\u1ea3n xu\u1ea5t.<\/li>\n<\/ul>","protected":false},"featured_media":4418,"comment_status":"open","ping_status":"closed","template":"","meta":[],"product_brand":[],"product_cat":[71,125],"product_tag":[],"class_list":{"0":"post-4417","1":"product","2":"type-product","3":"status-publish","4":"has-post-thumbnail","6":"product_cat-calibration-testing-instrument","7":"product_cat-collimator-instrument","9":"first","10":"instock","11":"shipping-taxable","12":"product-type-simple"},"_links":{"self":[{"href":"https:\/\/mountlaser.com\/vi\/wp-json\/wp\/v2\/product\/4417","targetHints":{"allow":["GET"]}}],"collection":[{"href":"https:\/\/mountlaser.com\/vi\/wp-json\/wp\/v2\/product"}],"about":[{"href":"https:\/\/mountlaser.com\/vi\/wp-json\/wp\/v2\/types\/product"}],"replies":[{"embeddable":true,"href":"https:\/\/mountlaser.com\/vi\/wp-json\/wp\/v2\/comments?post=4417"}],"wp:featuredmedia":[{"embeddable":true,"href":"https:\/\/mountlaser.com\/vi\/wp-json\/wp\/v2\/media\/4418"}],"wp:attachment":[{"href":"https:\/\/mountlaser.com\/vi\/wp-json\/wp\/v2\/media?parent=4417"}],"wp:term":[{"taxonomy":"product_brand","embeddable":true,"href":"https:\/\/mountlaser.com\/vi\/wp-json\/wp\/v2\/product_brand?post=4417"},{"taxonomy":"product_cat","embeddable":true,"href":"https:\/\/mountlaser.com\/vi\/wp-json\/wp\/v2\/product_cat?post=4417"},{"taxonomy":"product_tag","embeddable":true,"href":"https:\/\/mountlaser.com\/vi\/wp-json\/wp\/v2\/product_tag?post=4417"}],"curies":[{"name":"trang web","href":"https:\/\/api.w.org\/{rel}","templated":true}]}}