{"id":4414,"date":"2025-11-14T04:41:34","date_gmt":"2025-11-14T04:41:34","guid":{"rendered":"https:\/\/mountlaser.com\/?post_type=product&#038;p=4414"},"modified":"2025-12-01T08:55:39","modified_gmt":"2025-12-01T08:55:39","slug":"f550-2-collimator","status":"publish","type":"product","link":"https:\/\/mountlaser.com\/vi\/san-pham\/f550-2-collimator\/","title":{"rendered":"B\u1ed9 chu\u1ea9n tr\u1ef1c F550-2"},"content":{"rendered":"<p>C\u00e1i <a href=\"https:\/\/mountlaser.com\/vi\/\"><strong>B\u1ed9 chu\u1ea9n tr\u1ef1c F550-2<\/strong><\/a> l\u00e0 m\u1ed9t s\u1ea3n ph\u1ea9m \u0111\u01b0\u1ee3c ch\u1ebf t\u1ea1o ch\u00ednh x\u00e1c. <a href=\"https:\/\/mountlaser.com\/vi\/danh-muc-san-pham\/calibration-testing-instrument\/\"><strong>B\u1ed9 chu\u1ea9n tr\u1ef1c quang h\u1ecdc<\/strong><\/a> \u0110\u01b0\u1ee3c thi\u1ebft k\u1ebf \u0111\u1ec3 c\u0103n ch\u1ec9nh, hi\u1ec7u chu\u1ea9n v\u00e0 ki\u1ec3m tra chuy\u00ean nghi\u1ec7p c\u00e1c d\u1ee5ng c\u1ee5 \u0111o \u0111\u1ea1c v\u00e0 quang h\u1ecdc. V\u1edbi c\u1ea5u h\u00ecnh hai \u1ed1ng quang h\u1ecdc v\u00e0 thi\u1ebft k\u1ebf \u0111\u1ec3 b\u00e0n, b\u1ed9 chu\u1ea9n tr\u1ef1c F550-2 mang l\u1ea1i \u0111\u1ed9 ch\u00ednh x\u00e1c v\u01b0\u1ee3t tr\u1ed9i v\u00e0 hi\u1ec7u su\u1ea5t \u1ed5n \u0111\u1ecbnh cho m\u00f4i tr\u01b0\u1eddng ph\u00f2ng th\u00ed nghi\u1ec7m v\u00e0 b\u1ea3o d\u01b0\u1ee1ng thi\u1ebft b\u1ecb.<\/p>\n<p>L\u00e0 m\u1ed9t thi\u1ebft b\u1ecb hi\u1ec7u chu\u1ea9n quang h\u1ecdc hi\u1ec7u su\u1ea5t cao, F550-2 cung c\u1ea5p c\u00e1c ch\u00f9m tia s\u00e1ng song song \u1ed5n \u0111\u1ecbnh m\u00f4 ph\u1ecfng c\u00e1c m\u1ee5c ti\u00eau \u1edf xa, cho ph\u00e9p k\u1ef9 thu\u1eadt vi\u00ean ki\u1ec3m tra \u0111\u1ed9 ch\u00ednh x\u00e1c \u0111\u01b0\u1eddng ng\u1eafm, s\u1ef1 th\u1eb3ng h\u00e0ng c\u1ee7a t\u00e2m ng\u1eafm v\u00e0 \u0111\u1ed9 ch\u00ednh x\u00e1c l\u1ea5y n\u00e9t tr\u00ean m\u00e1y th\u1ee7y b\u00ecnh, m\u00e1y kinh v\u0129 v\u00e0 m\u00e1y to\u00e0n \u0111\u1ea1c. C\u1ea5u tr\u00fac \u1ed1ng quang h\u1ecdc k\u00e9p t\u0103ng c\u01b0\u1eddng t\u00ednh linh ho\u1ea1t trong hi\u1ec7u chu\u1ea9n v\u00e0 cho ph\u00e9p th\u1ef1c hi\u1ec7n c\u00e1c th\u1eed nghi\u1ec7m ch\u1ea9n \u0111o\u00e1n to\u00e0n di\u1ec7n h\u01a1n, bi\u1ebfn thi\u1ebft b\u1ecb hi\u1ec7u chu\u1ea9n F550-2 tr\u1edf th\u00e0nh c\u00f4ng c\u1ee5 thi\u1ebft y\u1ebfu cho vi\u1ec7c ki\u1ec3m so\u00e1t ch\u1ea5t l\u01b0\u1ee3ng v\u00e0 b\u1ea3o tr\u00ec thi\u1ebft b\u1ecb.<\/p>\n<p><img fetchpriority=\"high\" decoding=\"async\" class=\"aligncenter wp-image-4415\" src=\"https:\/\/mountlaser.com\/wp-content\/uploads\/2025\/11\/F550-2.webp\" alt=\"F550-2 Collimator\" width=\"500\" height=\"500\" srcset=\"https:\/\/mountlaser.com\/wp-content\/uploads\/2025\/11\/F550-2.webp 1000w, https:\/\/mountlaser.com\/wp-content\/uploads\/2025\/11\/F550-2-300x300.webp 300w, https:\/\/mountlaser.com\/wp-content\/uploads\/2025\/11\/F550-2-400x400.webp 400w, https:\/\/mountlaser.com\/wp-content\/uploads\/2025\/11\/F550-2-800x800.webp 800w, https:\/\/mountlaser.com\/wp-content\/uploads\/2025\/11\/F550-2-600x600.webp 600w, https:\/\/mountlaser.com\/wp-content\/uploads\/2025\/11\/F550-2-150x150.webp 150w, https:\/\/mountlaser.com\/wp-content\/uploads\/2025\/11\/F550-2-768x768.webp 768w, https:\/\/mountlaser.com\/wp-content\/uploads\/2025\/11\/F550-2-12x12.webp 12w\" sizes=\"(max-width: 500px) 100vw, 500px\" \/><\/p>\n<p>\u0110\u01b0\u1ee3c thi\u1ebft k\u1ebf \u0111\u1ec3 \u0111\u1ea3m b\u1ea3o \u0111\u1ed9 tin c\u1eady l\u00e2u d\u00e0i, s\u1ea3n ph\u1ea9m n\u00e0y <a href=\"https:\/\/mountlaser.com\/vi\/contact-us\/\">B\u1ed9 chu\u1ea9n tr\u1ef1c quang h\u1ecdc<\/a> \u0110\u1ea3m b\u1ea3o h\u00ecnh \u1ea3nh r\u00f5 n\u00e9t, \u0111\u1ed9 \u1ed5n \u0111\u1ecbnh tuy\u1ec7t v\u1eddi v\u00e0 \u0111\u1ed9 m\u00e9o h\u00ecnh t\u1ed1i thi\u1ec3u, mang l\u1ea1i k\u1ebft qu\u1ea3 ch\u00ednh x\u00e1c v\u00e0 c\u00f3 th\u1ec3 l\u1eb7p l\u1ea1i cho c\u00e1c \u1ee9ng d\u1ee5ng chuy\u00ean nghi\u1ec7p \u0111\u00f2i h\u1ecfi cao.<\/p>","protected":false},"excerpt":{"rendered":"<ul>\n<li>Hai \u1ed1ng quang h\u1ecdc cung c\u1ea5p kh\u1ea3 n\u0103ng hi\u1ec7u chu\u1ea9n v\u00e0 ki\u1ec3m tra m\u1edf r\u1ed9ng.<\/li>\n<li>M\u00f4 ph\u1ecfng c\u00e1c ch\u00f9m tia song song \u0111\u1ec3 c\u0103n ch\u1ec9nh ch\u00ednh x\u00e1c c\u00e1c d\u1ee5ng c\u1ee5 \u0111o \u0111\u1ea1c.<\/li>\n<li>Th\u00e2n m\u00e1y ki\u1ec3u \u0111\u1ec3 b\u00e0n mang l\u1ea1i s\u1ef1 \u1ed5n \u0111\u1ecbnh nh\u1ecf g\u1ecdn v\u00e0 d\u1ec5 d\u00e0ng t\u00edch h\u1ee3p v\u00e0o tr\u1ea1m l\u00e0m vi\u1ec7c.<\/li>\n<li>L\u00fd t\u01b0\u1edfng \u0111\u1ec3 ki\u1ec3m tra \u0111\u1ed9 th\u1eb3ng h\u00e0ng c\u1ee7a t\u00e2m ng\u1eafm, \u0111\u1ed9 ch\u00ednh x\u00e1c c\u1ee7a \u0111\u01b0\u1eddng ng\u1eafm v\u00e0 \u0111\u1ed9 ch\u00ednh x\u00e1c khi l\u1ea5y n\u00e9t.<\/li>\n<li>Ho\u1ea1t \u0111\u1ed9ng nh\u01b0 m\u1ed9t thi\u1ebft b\u1ecb hi\u1ec7u ch\u1ec9nh quang h\u1ecdc chuy\u00ean nghi\u1ec7p cho c\u00e1c ph\u00f2ng th\u00ed nghi\u1ec7m v\u00e0 trung t\u00e2m d\u1ecbch v\u1ee5.<\/li>\n<\/ul>","protected":false},"featured_media":4415,"comment_status":"open","ping_status":"closed","template":"","meta":[],"product_brand":[],"product_cat":[71,125],"product_tag":[],"class_list":{"0":"post-4414","1":"product","2":"type-product","3":"status-publish","4":"has-post-thumbnail","6":"product_cat-calibration-testing-instrument","7":"product_cat-collimator-instrument","9":"first","10":"instock","11":"shipping-taxable","12":"product-type-simple"},"_links":{"self":[{"href":"https:\/\/mountlaser.com\/vi\/wp-json\/wp\/v2\/product\/4414","targetHints":{"allow":["GET"]}}],"collection":[{"href":"https:\/\/mountlaser.com\/vi\/wp-json\/wp\/v2\/product"}],"about":[{"href":"https:\/\/mountlaser.com\/vi\/wp-json\/wp\/v2\/types\/product"}],"replies":[{"embeddable":true,"href":"https:\/\/mountlaser.com\/vi\/wp-json\/wp\/v2\/comments?post=4414"}],"wp:featuredmedia":[{"embeddable":true,"href":"https:\/\/mountlaser.com\/vi\/wp-json\/wp\/v2\/media\/4415"}],"wp:attachment":[{"href":"https:\/\/mountlaser.com\/vi\/wp-json\/wp\/v2\/media?parent=4414"}],"wp:term":[{"taxonomy":"product_brand","embeddable":true,"href":"https:\/\/mountlaser.com\/vi\/wp-json\/wp\/v2\/product_brand?post=4414"},{"taxonomy":"product_cat","embeddable":true,"href":"https:\/\/mountlaser.com\/vi\/wp-json\/wp\/v2\/product_cat?post=4414"},{"taxonomy":"product_tag","embeddable":true,"href":"https:\/\/mountlaser.com\/vi\/wp-json\/wp\/v2\/product_tag?post=4414"}],"curies":[{"name":"trang web","href":"https:\/\/api.w.org\/{rel}","templated":true}]}}