{"id":4407,"date":"2025-11-13T08:52:34","date_gmt":"2025-11-13T08:52:34","guid":{"rendered":"https:\/\/mountlaser.com\/?post_type=product&#038;p=4407"},"modified":"2025-11-27T05:45:06","modified_gmt":"2025-11-27T05:45:06","slug":"t65-claw-type-holder","status":"publish","type":"product","link":"https:\/\/mountlaser.com\/vi\/san-pham\/t65-claw-type-holder\/","title":{"rendered":"Gi\u00e1 \u0111\u1ee1 ki\u1ec3u m\u00f3ng vu\u1ed1t T65"},"content":{"rendered":"<p>C\u00e1i <a href=\"https:\/\/mountlaser.com\/vi\/\"><strong>Kh\u1edbp n\u1ed1i bi T65<\/strong><\/a> l\u00e0 m\u1ed9t ph\u1ee5 ki\u1ec7n k\u1ebft n\u1ed1i \u0111\u01b0\u1ee3c thi\u1ebft k\u1ebf ch\u00ednh x\u00e1c \u0111\u1ec3 t\u00edch h\u1ee3p li\u1ec1n m\u1ea1ch v\u1edbi <a href=\"https:\/\/mountlaser.com\/vi\/products\/\"><strong>K\u1eb9p v\u00e0 gi\u00e1 \u0111\u1ee1 c\u1ed9t ki\u1ec3u kh\u1edbp c\u1ea7u<\/strong><\/a> \u0110\u01b0\u1ee3c s\u1eed d\u1ee5ng trong c\u00e1c thi\u1ebft l\u1eadp kh\u1ea3o s\u00e1t chuy\u00ean nghi\u1ec7p. Th\u00e0nh ph\u1ea7n n\u00e0y cung c\u1ea5p m\u1ed9t li\u00ean k\u1ebft linh ho\u1ea1t v\u00e0 an to\u00e0n, cho ph\u00e9p \u0111i\u1ec1u ch\u1ec9nh g\u00f3c m\u01b0\u1ee3t m\u00e0 v\u00e0 \u0111\u1ecbnh v\u1ecb ch\u1eafc ch\u1eafn c\u00e1c thi\u1ebft b\u1ecb c\u1ee7a b\u1ea1n.<\/p>\n<p>\u0110\u01b0\u1ee3c thi\u1ebft k\u1ebf \u0111\u1ec3 ph\u00f9 h\u1ee3p v\u1edbi k\u1eb9p v\u00e0 gi\u00e1 \u0111\u1ee1 bi Ram 1\u2033 tr\u00ean c\u1ed9t, kh\u1edbp n\u1ed1i bi T65 \u0111\u1ea3m b\u1ea3o k\u1ebft n\u1ed1i ch\u1eafc ch\u1eafn v\u00e0 \u1ed5n \u0111\u1ecbnh gi\u1eefa c\u00e1c thi\u1ebft b\u1ecb v\u00e0 ph\u1ea7n c\u1ee9ng l\u1eafp \u0111\u1eb7t, n\u00e2ng cao c\u1ea3 kh\u1ea3 n\u0103ng s\u1eed d\u1ee5ng v\u00e0 \u0111\u1ed9 \u1ed5n \u0111\u1ecbnh trong qu\u00e1 tr\u00ecnh v\u1eadn h\u00e0nh ngo\u00e0i tr\u1eddi. C\u1ea5u tr\u00fac b\u1ec1n b\u1ec9 c\u1ee7a n\u00f3 ch\u1ed1ng m\u00e0i m\u00f2n v\u00e0 duy tr\u00ec hi\u1ec7u su\u1ea5t \u0111\u00e1ng tin c\u1eady trong \u0111i\u1ec1u ki\u1ec7n ngo\u00e0i tr\u1eddi kh\u1eafc nghi\u1ec7t.<\/p>\n<p><img fetchpriority=\"high\" decoding=\"async\" class=\"aligncenter wp-image-4410\" src=\"https:\/\/mountlaser.com\/wp-content\/uploads\/2025\/11\/T653.webp\" alt=\"T65 Ball and Socket Link\" width=\"500\" height=\"500\" srcset=\"https:\/\/mountlaser.com\/wp-content\/uploads\/2025\/11\/T653.webp 1000w, https:\/\/mountlaser.com\/wp-content\/uploads\/2025\/11\/T653-300x300.webp 300w, https:\/\/mountlaser.com\/wp-content\/uploads\/2025\/11\/T653-400x400.webp 400w, https:\/\/mountlaser.com\/wp-content\/uploads\/2025\/11\/T653-800x800.webp 800w, https:\/\/mountlaser.com\/wp-content\/uploads\/2025\/11\/T653-600x600.webp 600w, https:\/\/mountlaser.com\/wp-content\/uploads\/2025\/11\/T653-150x150.webp 150w, https:\/\/mountlaser.com\/wp-content\/uploads\/2025\/11\/T653-768x768.webp 768w, https:\/\/mountlaser.com\/wp-content\/uploads\/2025\/11\/T653-12x12.webp 12w\" sizes=\"(max-width: 500px) 100vw, 500px\" \/><\/p>\n<p>Khi s\u1eed d\u1ee5ng v\u1edbi k\u1eb9p v\u00e0 gi\u00e1 \u0111\u1ee1 c\u1ed9t ki\u1ec3u kh\u1edbp c\u1ea7u, <a href=\"https:\/\/mountlaser.com\/vi\/contact-us\/\">Kh\u1edbp n\u1ed1i bi T65<\/a> S\u1ea3n ph\u1ea9m mang l\u1ea1i kh\u1ea3 n\u0103ng \u0111i\u1ec1u khi\u1ec3n v\u00e0 t\u00ednh linh ho\u1ea1t t\u1ed1i \u01b0u, cho ph\u00e9p ng\u01b0\u1eddi d\u00f9ng \u0111i\u1ec1u ch\u1ec9nh g\u00f3c nh\u00ecn nhanh ch\u00f3ng v\u00e0 duy tr\u00ec \u0111\u1ed9 ch\u1eafc ch\u1eafn khi kh\u00f3a ngay c\u1ea3 khi c\u00f3 rung \u0111\u1ed9ng ho\u1eb7c \u0111\u1ecba h\u00ecnh kh\u00f4ng b\u1eb1ng ph\u1eb3ng.<\/p>","protected":false},"excerpt":{"rendered":"<ul>\n<li>D\u1ec5 d\u00e0ng k\u1ebft n\u1ed1i v\u1edbi \u0111\u1ea7u n\u1ed1i Ram Ball 1 inch tr\u00ean c\u00e1c k\u1eb9p v\u00e0 gi\u00e1 \u0111\u1ee1 c\u1ed9t.<\/li>\n<li>Cung c\u1ea5p kh\u1edbp n\u1ed1i c\u00f3 th\u1ec3 \u0111i\u1ec1u ch\u1ec9nh \u0111\u1ec3 \u0111\u1ecbnh v\u1ecb thi\u1ebft b\u1ecb ch\u00ednh x\u00e1c.<\/li>\n<li>\u0110\u1ea3m b\u1ea3o kh\u1ea3 n\u0103ng t\u01b0\u01a1ng th\u00edch v\u1edbi c\u00e1c lo\u1ea1i k\u1eb9p v\u00e0 gi\u00e1 \u0111\u1ee1 c\u1ed9t ki\u1ec3u kh\u1edbp c\u1ea7u.<\/li>\n<li>C\u01a1 ch\u1ebf kh\u00f3a ch\u1eafc ch\u1eafn gi\u00fap ng\u0103n ng\u1eeba tr\u01b0\u1ee3t trong qu\u00e1 tr\u00ecnh s\u1eed d\u1ee5ng ngo\u00e0i tr\u1eddi.<\/li>\n<li>\u0110\u01b0\u1ee3c l\u00e0m t\u1eeb v\u1eadt li\u1ec7u b\u1ec1n ch\u1eafc, ch\u1ed1ng \u0103n m\u00f2n, \u0111\u1ea3m b\u1ea3o \u0111\u1ed9 tin c\u1eady l\u00e2u d\u00e0i.<\/li>\n<\/ul>","protected":false},"featured_media":4409,"comment_status":"open","ping_status":"closed","template":"","meta":[],"product_brand":[],"product_cat":[84,123],"product_tag":[],"class_list":{"0":"post-4407","1":"product","2":"type-product","3":"status-publish","4":"has-post-thumbnail","6":"product_cat-gnss-accessory","7":"product_cat-claw-type-holder","9":"first","10":"instock","11":"shipping-taxable","12":"product-type-simple"},"_links":{"self":[{"href":"https:\/\/mountlaser.com\/vi\/wp-json\/wp\/v2\/product\/4407","targetHints":{"allow":["GET"]}}],"collection":[{"href":"https:\/\/mountlaser.com\/vi\/wp-json\/wp\/v2\/product"}],"about":[{"href":"https:\/\/mountlaser.com\/vi\/wp-json\/wp\/v2\/types\/product"}],"replies":[{"embeddable":true,"href":"https:\/\/mountlaser.com\/vi\/wp-json\/wp\/v2\/comments?post=4407"}],"wp:featuredmedia":[{"embeddable":true,"href":"https:\/\/mountlaser.com\/vi\/wp-json\/wp\/v2\/media\/4409"}],"wp:attachment":[{"href":"https:\/\/mountlaser.com\/vi\/wp-json\/wp\/v2\/media?parent=4407"}],"wp:term":[{"taxonomy":"product_brand","embeddable":true,"href":"https:\/\/mountlaser.com\/vi\/wp-json\/wp\/v2\/product_brand?post=4407"},{"taxonomy":"product_cat","embeddable":true,"href":"https:\/\/mountlaser.com\/vi\/wp-json\/wp\/v2\/product_cat?post=4407"},{"taxonomy":"product_tag","embeddable":true,"href":"https:\/\/mountlaser.com\/vi\/wp-json\/wp\/v2\/product_tag?post=4407"}],"curies":[{"name":"trang web","href":"https:\/\/api.w.org\/{rel}","templated":true}]}}