{"id":4379,"date":"2025-11-13T06:43:43","date_gmt":"2025-11-13T06:43:43","guid":{"rendered":"https:\/\/mountlaser.com\/?post_type=product&#038;p=4379"},"modified":"2025-11-27T07:19:41","modified_gmt":"2025-11-27T07:19:41","slug":"t80-series-claw-type-holder","status":"publish","type":"product","link":"https:\/\/mountlaser.com\/vi\/san-pham\/t80-series-claw-type-holder\/","title":{"rendered":"Gi\u00e1 \u0111\u1ee1 ki\u1ec3u m\u00f3ng vu\u1ed1t d\u00f2ng T80"},"content":{"rendered":"<p>D\u00f2ng s\u1ea3n ph\u1ea9m k\u1eb9p ki\u1ec3u m\u00f3ng vu\u1ed1t \u0111\u01b0\u1ee3c thi\u1ebft k\u1ebf \u0111\u1ec3 cung c\u1ea5p gi\u1ea3i ph\u00e1p chuy\u00ean nghi\u1ec7p v\u00e0 \u0111\u00e1ng tin c\u1eady. <a href=\"https:\/\/mountlaser.com\/vi\/\"><strong>Gi\u00e1 \u0111\u1ee1 \u0111i\u1ec7n tho\u1ea1i di \u0111\u1ed9ng<\/strong><\/a> Gi\u1ea3i ph\u00e1p l\u00fd t\u01b0\u1edfng cho c\u00e1c nh\u00e0 kh\u1ea3o s\u00e1t, k\u1ef9 s\u01b0 v\u00e0 k\u1ef9 thu\u1eadt vi\u00ean hi\u1ec7n tr\u01b0\u1eddng. \u0110\u01b0\u1ee3c ch\u1ebf t\u1ea1o t\u1eeb v\u1eadt li\u1ec7u b\u1ec1n ch\u1eafc v\u00e0 c\u00f3 tay c\u1ea7m \u0111i\u1ec1u ch\u1ec9nh an to\u00e0n, s\u1ea3n ph\u1ea9m \u0111\u1ea3m b\u1ea3o \u0111i\u1ec7n tho\u1ea1i c\u1ee7a b\u1ea1n lu\u00f4n \u1ed5n \u0111\u1ecbnh v\u00e0 d\u1ec5 d\u00e0ng truy c\u1eadp trong m\u1ecdi c\u00f4ng vi\u1ec7c.<\/p>\n<p>C\u00f3 nhi\u1ec1u phi\u00ean b\u1ea3n kh\u00e1c nhau, T80S h\u1ed7 tr\u1ee3 c\u00e1c thi\u1ebft b\u1ecb t\u1eeb 5,5\u20139,5 cm, T80L ph\u00f9 h\u1ee3p v\u1edbi \u0111i\u1ec7n tho\u1ea1i l\u1edbn h\u01a1n c\u00f3 k\u00edch th\u01b0\u1edbc t\u1eeb 11,5\u201314 cm, v\u00e0 phi\u00ean b\u1ea3n T81 l\u00e0 gi\u00e1 \u0111\u1ee1 iPhone c\u00f3 th\u1ec3 \u0111i\u1ec1u ch\u1ec9nh chuy\u00ean d\u1ee5ng cho \u0111i\u1ec7n tho\u1ea1i th\u00f4ng minh c\u00f3 chi\u1ec1u r\u1ed9ng t\u1eeb 5,8\u201310 cm. Cho d\u00f9 \u0111\u01b0\u1ee3c s\u1eed d\u1ee5ng \u0111\u1ec3 \u0111\u1ecbnh v\u1ecb, thu th\u1eadp d\u1eef li\u1ec7u hay li\u00ean l\u1ea1c ngo\u00e0i hi\u1ec7n tr\u01b0\u1eddng, gi\u00e1 \u0111\u1ee1 \u0111i\u1ec7n tho\u1ea1i di \u0111\u1ed9ng mang \u0111\u1ebfn tr\u1ea3i nghi\u1ec7m g\u1eafn k\u1ebft ch\u1eafc ch\u1eafn, linh ho\u1ea1t v\u00e0 d\u1ec5 \u0111i\u1ec1u ch\u1ec9nh.<\/p>\n<p>C\u00e1i <a href=\"https:\/\/mountlaser.com\/vi\/products\/\"><strong>Gi\u00e1 \u0111\u1ee1 iPhone c\u00f3 th\u1ec3 \u0111i\u1ec1u ch\u1ec9nh<\/strong><\/a> Phi\u00ean b\u1ea3n n\u00e0y mang l\u1ea1i s\u1ef1 linh ho\u1ea1t \u0111\u01b0\u1ee3c n\u00e2ng cao, cho ph\u00e9p ng\u01b0\u1eddi d\u00f9ng \u0111\u1eb7t thi\u1ebft b\u1ecb c\u1ee7a h\u1ecd m\u1ed9t c\u00e1ch ch\u1eafc ch\u1eafn tr\u00ean gi\u00e1 ba ch\u00e2n, c\u1ed9t ho\u1eb7c xe c\u1ed9 m\u00e0 kh\u00f4ng c\u1ea7n lo l\u1eafng v\u1ec1 rung l\u1eafc ho\u1eb7c tr\u01b0\u1ee3t. V\u1edbi kh\u1ea3 n\u0103ng t\u01b0\u01a1ng th\u00edch ph\u1ed5 qu\u00e1t, gi\u00e1 \u0111\u1ee1 \u0111i\u1ec7n tho\u1ea1i di \u0111\u1ed9ng ph\u00f9 h\u1ee3p v\u1edbi h\u1ea7u h\u1ebft c\u00e1c \u0111i\u1ec7n tho\u1ea1i th\u00f4ng minh, tr\u1edf th\u00e0nh m\u1ed9t ph\u1ee5 ki\u1ec7n thi\u1ebft y\u1ebfu cho c\u00e1c ho\u1ea1t \u0111\u1ed9ng ngo\u00e0i tr\u1eddi hi\u1ec7n \u0111\u1ea1i.<\/p>\n<p><strong>Th\u00f4ng s\u1ed1 k\u1ef9 thu\u1eadt c\u1ee7a \u0111\u1ea7u k\u1eb9p ki\u1ec3u m\u00f3ng vu\u1ed1t d\u00f2ng T80<\/strong><\/p>\n<div>\n<table style=\"border-collapse: collapse; width: 440.27pt;\" border=\"0\" width=\"587\" cellspacing=\"0\" cellpadding=\"0\">\n<tbody>\n<tr style=\"height: 14.25pt;\">\n<td class=\"et3\" style=\"height: 14.25pt; width: 54.00pt;\" width=\"72\" height=\"19\">Ng\u01b0\u1eddi m\u1eabu<\/td>\n<td class=\"et3\" style=\"width: 190.50pt;\" width=\"254\">H\u00ecnh \u1ea3nh<\/td>\n<td class=\"et4\" style=\"width: 195.75pt;\" width=\"261\">Th\u00f4ng s\u1ed1<\/td>\n<\/tr>\n<tr style=\"height: 108.00pt;\">\n<td class=\"et5\" style=\"height: 108.00pt;\" height=\"144\">T80S<\/td>\n<td class=\"et3\"><img fetchpriority=\"high\" decoding=\"async\" class=\"alignnone wp-image-4389 size-medium\" src=\"https:\/\/mountlaser.com\/wp-content\/uploads\/2025\/11\/T80S1-300x300.webp\" alt=\"T80S Cell Phone Stand Holder\" width=\"300\" height=\"300\" srcset=\"https:\/\/mountlaser.com\/wp-content\/uploads\/2025\/11\/T80S1-300x300.webp 300w, https:\/\/mountlaser.com\/wp-content\/uploads\/2025\/11\/T80S1-400x400.webp 400w, https:\/\/mountlaser.com\/wp-content\/uploads\/2025\/11\/T80S1-800x800.webp 800w, https:\/\/mountlaser.com\/wp-content\/uploads\/2025\/11\/T80S1-600x600.webp 600w, https:\/\/mountlaser.com\/wp-content\/uploads\/2025\/11\/T80S1-150x150.webp 150w, https:\/\/mountlaser.com\/wp-content\/uploads\/2025\/11\/T80S1-768x768.webp 768w, https:\/\/mountlaser.com\/wp-content\/uploads\/2025\/11\/T80S1-12x12.webp 12w, https:\/\/mountlaser.com\/wp-content\/uploads\/2025\/11\/T80S1.webp 1000w\" sizes=\"(max-width: 300px) 100vw, 300px\" \/><\/td>\n<td class=\"et6\" style=\"width: 195.75pt;\" width=\"261\">5,5-9,5cm<\/td>\n<\/tr>\n<tr style=\"height: 129.00pt;\">\n<td class=\"et5\" style=\"height: 129.00pt;\" height=\"172\">T80L<\/td>\n<td class=\"et7\"><img decoding=\"async\" class=\"alignnone wp-image-4383 size-medium\" src=\"https:\/\/mountlaser.com\/wp-content\/uploads\/2025\/11\/T80L4-300x300.webp\" alt=\"T80L Cell Phone Stand Holder\" width=\"300\" height=\"300\" srcset=\"https:\/\/mountlaser.com\/wp-content\/uploads\/2025\/11\/T80L4-300x300.webp 300w, https:\/\/mountlaser.com\/wp-content\/uploads\/2025\/11\/T80L4-400x400.webp 400w, https:\/\/mountlaser.com\/wp-content\/uploads\/2025\/11\/T80L4-800x800.webp 800w, https:\/\/mountlaser.com\/wp-content\/uploads\/2025\/11\/T80L4-600x600.webp 600w, https:\/\/mountlaser.com\/wp-content\/uploads\/2025\/11\/T80L4-150x150.webp 150w, https:\/\/mountlaser.com\/wp-content\/uploads\/2025\/11\/T80L4-768x768.webp 768w, https:\/\/mountlaser.com\/wp-content\/uploads\/2025\/11\/T80L4-12x12.webp 12w, https:\/\/mountlaser.com\/wp-content\/uploads\/2025\/11\/T80L4.webp 1000w\" sizes=\"(max-width: 300px) 100vw, 300px\" \/><\/td>\n<td class=\"et6\" style=\"width: 195.75pt;\" width=\"261\">11,5-14cm<\/td>\n<\/tr>\n<tr style=\"height: 162.00pt;\">\n<td class=\"et5\" style=\"height: 162.00pt;\" height=\"216\">T81<\/td>\n<td class=\"et7\"><img decoding=\"async\" class=\"alignnone wp-image-4401 size-medium\" src=\"https:\/\/mountlaser.com\/wp-content\/uploads\/2025\/11\/T814-300x300.webp\" alt=\"T81 Cell Phone Stand Holder\" width=\"300\" height=\"300\" srcset=\"https:\/\/mountlaser.com\/wp-content\/uploads\/2025\/11\/T814-300x300.webp 300w, https:\/\/mountlaser.com\/wp-content\/uploads\/2025\/11\/T814-400x400.webp 400w, https:\/\/mountlaser.com\/wp-content\/uploads\/2025\/11\/T814-800x800.webp 800w, https:\/\/mountlaser.com\/wp-content\/uploads\/2025\/11\/T814-600x600.webp 600w, https:\/\/mountlaser.com\/wp-content\/uploads\/2025\/11\/T814-150x150.webp 150w, https:\/\/mountlaser.com\/wp-content\/uploads\/2025\/11\/T814-768x768.webp 768w, https:\/\/mountlaser.com\/wp-content\/uploads\/2025\/11\/T814-12x12.webp 12w, https:\/\/mountlaser.com\/wp-content\/uploads\/2025\/11\/T814.webp 1000w\" sizes=\"(max-width: 300px) 100vw, 300px\" \/><\/td>\n<td class=\"et6\" style=\"width: 195.75pt;\" width=\"261\">D\u00e0nh cho \u0111i\u1ec7n tho\u1ea1i th\u00f4ng minh c\u00f3 k\u00edch th\u01b0\u1edbc 5.8-10cm<\/td>\n<\/tr>\n<\/tbody>\n<\/table>\n<\/div>\n<p>&nbsp;<\/p>","protected":false},"excerpt":{"rendered":"<ul>\n<li>Thi\u1ebft k\u1ebf c\u00f3 th\u1ec3 \u0111i\u1ec1u ch\u1ec9nh ph\u00f9 h\u1ee3p v\u1edbi \u0111i\u1ec7n tho\u1ea1i c\u00f3 chi\u1ec1u r\u1ed9ng t\u1eeb 5,5 cm \u0111\u1ebfn 14 cm.<\/li>\n<li>C\u00e1c m\u1eabu: T80S (5,5\u20139,5 cm), T80L (11,5\u201314 cm), T81 (5,8\u201310 cm).<\/li>\n<li>Cung c\u1ea5p \u0111\u1ed9 b\u00e1m ch\u1eafc ch\u1eafn \u0111\u1ec3 ng\u0103n thi\u1ebft b\u1ecb b\u1ecb tr\u01b0\u1ee3t ho\u1eb7c h\u01b0 h\u1ecfng.<\/li>\n<li>B\u1ec1n, nh\u1eb9 v\u00e0 d\u1ec5 d\u00e0ng l\u1eafp \u0111\u1eb7t tr\u00ean c\u1ed9t, gi\u00e1 \u0111\u1ee1 ho\u1eb7c ch\u00e2n \u0111\u1ebf.<\/li>\n<\/ul>","protected":false},"featured_media":4384,"comment_status":"open","ping_status":"closed","template":"","meta":[],"product_brand":[],"product_cat":[84,123],"product_tag":[],"class_list":{"0":"post-4379","1":"product","2":"type-product","3":"status-publish","4":"has-post-thumbnail","6":"product_cat-gnss-accessory","7":"product_cat-claw-type-holder","9":"first","10":"instock","11":"shipping-taxable","12":"product-type-simple"},"_links":{"self":[{"href":"https:\/\/mountlaser.com\/vi\/wp-json\/wp\/v2\/product\/4379","targetHints":{"allow":["GET"]}}],"collection":[{"href":"https:\/\/mountlaser.com\/vi\/wp-json\/wp\/v2\/product"}],"about":[{"href":"https:\/\/mountlaser.com\/vi\/wp-json\/wp\/v2\/types\/product"}],"replies":[{"embeddable":true,"href":"https:\/\/mountlaser.com\/vi\/wp-json\/wp\/v2\/comments?post=4379"}],"wp:featuredmedia":[{"embeddable":true,"href":"https:\/\/mountlaser.com\/vi\/wp-json\/wp\/v2\/media\/4384"}],"wp:attachment":[{"href":"https:\/\/mountlaser.com\/vi\/wp-json\/wp\/v2\/media?parent=4379"}],"wp:term":[{"taxonomy":"product_brand","embeddable":true,"href":"https:\/\/mountlaser.com\/vi\/wp-json\/wp\/v2\/product_brand?post=4379"},{"taxonomy":"product_cat","embeddable":true,"href":"https:\/\/mountlaser.com\/vi\/wp-json\/wp\/v2\/product_cat?post=4379"},{"taxonomy":"product_tag","embeddable":true,"href":"https:\/\/mountlaser.com\/vi\/wp-json\/wp\/v2\/product_tag?post=4379"}],"curies":[{"name":"trang web","href":"https:\/\/api.w.org\/{rel}","templated":true}]}}