{"id":434,"date":"2024-03-21T13:07:26","date_gmt":"2024-03-21T13:07:26","guid":{"rendered":"https:\/\/startersites.io\/blocksy\/pottery\/?post_type=product&#038;p=434"},"modified":"2025-12-01T05:03:16","modified_gmt":"2025-12-01T05:03:16","slug":"fg01x-fixed-tribrach-adapter-5-8-11-thread","status":"publish","type":"product","link":"https:\/\/mountlaser.com\/vi\/san-pham\/fg01x-fixed-tribrach-adapter-5-8-11-thread\/","title":{"rendered":"FG01X B\u1ed9 chuy\u1ec3n \u0111\u1ed5i Tribrach c\u1ed1 \u0111\u1ecbnh 5\/8&quot;-11 Thread"},"content":{"rendered":"<p>C\u00e1i <a href=\"https:\/\/mountlaser.com\/vi\/\"><strong>B\u1ed9 chuy\u1ec3n \u0111\u1ed5i ch\u00e2n \u0111\u1ebf c\u1ed1 \u0111\u1ecbnh FG01X<\/strong><\/a> M\u00e1y \u0111o laser Mount l\u00e0 m\u1ed9t linh ki\u1ec7n ch\u00ednh x\u00e1c thi\u1ebft y\u1ebfu d\u00e0nh cho c\u00e1c chuy\u00ean gia kh\u1ea3o s\u00e1t.<\/p>\n<p>\u0110\u01b0\u1ee3c ch\u1ebf t\u00e1c t\u1eeb <a href=\"https:\/\/mountlaser.com\/vi\/about-us\/\">nh\u00f4m ch\u1ea5t l\u01b0\u1ee3ng cao<\/a>, B\u1ed9 chuy\u1ec3n \u0111\u1ed5i ch\u00e2n \u0111\u1ebf ba ch\u00e2n ch\u1eafc ch\u1eafn n\u00e0y c\u00f3 ren ti\u00eau chu\u1ea9n 5\/8\u2033-11, \u0111\u1ea3m b\u1ea3o kh\u1ea3 n\u0103ng t\u01b0\u01a1ng th\u00edch ph\u1ed5 bi\u1ebfn v\u1edbi nhi\u1ec1u lo\u1ea1i ch\u00e2n m\u00e1y v\u00e0 thi\u1ebft b\u1ecb kh\u1ea3o s\u00e1t. V\u1edbi \u0111\u01b0\u1eddng k\u00ednh \u0111\u1ebf OD80mm, n\u00f3 cung c\u1ea5p m\u1ed9t n\u1ec1n t\u1ea3ng \u1ed5n \u0111\u1ecbnh v\u00e0 an to\u00e0n \u0111\u1ec3 g\u1eafn h\u1ec7 th\u1ed1ng GPS v\u00e0 c\u00e1c thi\u1ebft b\u1ecb kh\u00e1c.<\/p>\n<p><img fetchpriority=\"high\" decoding=\"async\" class=\"aligncenter wp-image-2057\" src=\"https:\/\/mountlaser.com\/wp-content\/uploads\/2024\/03\/FG01X-5.webp\" alt=\"Fixed Tribrach Adapter\" width=\"500\" height=\"500\" srcset=\"https:\/\/mountlaser.com\/wp-content\/uploads\/2024\/03\/FG01X-5.webp 1000w, https:\/\/mountlaser.com\/wp-content\/uploads\/2024\/03\/FG01X-5-300x300.webp 300w, https:\/\/mountlaser.com\/wp-content\/uploads\/2024\/03\/FG01X-5-400x400.webp 400w, https:\/\/mountlaser.com\/wp-content\/uploads\/2024\/03\/FG01X-5-800x800.webp 800w, https:\/\/mountlaser.com\/wp-content\/uploads\/2024\/03\/FG01X-5-600x600.webp 600w, https:\/\/mountlaser.com\/wp-content\/uploads\/2024\/03\/FG01X-5-150x150.webp 150w, https:\/\/mountlaser.com\/wp-content\/uploads\/2024\/03\/FG01X-5-768x768.webp 768w, https:\/\/mountlaser.com\/wp-content\/uploads\/2024\/03\/FG01X-5-12x12.webp 12w\" sizes=\"(max-width: 500px) 100vw, 500px\" \/><\/p>\n<p>C\u00e1i <a href=\"https:\/\/mountlaser.com\/vi\/products\/\"><strong>B\u1ed9 chuy\u1ec3n \u0111\u1ed5i ch\u00e2n \u0111\u1ebf c\u1ed1 \u0111\u1ecbnh<\/strong><\/a> \u0110\u01b0\u1ee3c thi\u1ebft k\u1ebf \u0111\u1ec3 c\u00f3 \u0111\u1ed9 b\u1ec1n v\u00e0 \u0111\u1ed9 tin c\u1eady cao trong th\u1ef1c \u0111\u1ecba, \u0111\u1ea3m b\u1ea3o \u0111\u1ecbnh v\u1ecb ch\u00ednh x\u00e1c v\u00e0 gi\u1ea3m th\u1eddi gian thi\u1ebft l\u1eadp. B\u1ed9 chuy\u1ec3n \u0111\u1ed5i ch\u00e2n \u0111\u1ebf ba ch\u00e2n b\u1eb1ng nh\u00f4m n\u00e0y l\u00e0 gi\u1ea3i ph\u00e1p l\u00fd t\u01b0\u1edfng cho c\u00e1c k\u1ef9 s\u01b0 tr\u1eafc \u0111\u1ecba c\u1ea7n k\u1ebft n\u1ed1i c\u1ed1 \u0111\u1ecbnh v\u00e0 \u0111\u00e1ng tin c\u1eady cho c\u00e1c ph\u00e9p \u0111o quan tr\u1ecdng c\u1ee7a h\u1ecd.<\/p>","protected":false},"excerpt":{"rendered":"<ul>\n<li>S\u1ea3n ph\u1ea9m c\u00f3 ren 5\/8\u2033-11 \u0111\u01b0\u1ee3c gia c\u00f4ng ch\u00ednh x\u00e1c, \u0111\u1ea3m b\u1ea3o kh\u1ea3 n\u0103ng t\u01b0\u01a1ng th\u00edch ph\u1ed5 bi\u1ebfn v\u1edbi h\u1ea7u h\u1ebft c\u00e1c ch\u00e2n \u0111\u1ebf v\u00e0 c\u1ed9t \u0111o \u0111\u1ea1c.<\/li>\n<li>V\u1edbi \u0111\u1ebf \u0111\u01b0\u1eddng k\u00ednh ngo\u00e0i 80mm, n\u00f3 mang l\u1ea1i s\u1ef1 \u1ed5n \u0111\u1ecbnh cao h\u01a1n cho c\u00e1c thi\u1ebft b\u1ecb \u0111\u01b0\u1ee3c g\u1eafn, gi\u1ea3m thi\u1ec3u rung \u0111\u1ed9ng.<\/li>\n<li>\u0110\u1ea3m b\u1ea3o \u0111\u1ecbnh v\u1ecb ch\u00ednh x\u00e1c v\u00e0 \u0111\u00e1ng tin c\u1eady cho \u0103ng-ten GPS v\u00e0 c\u00e1c thi\u1ebft b\u1ecb \u0111o \u0111\u1ea1c kh\u00e1c.<\/li>\n<\/ul>","protected":false},"featured_media":2055,"comment_status":"open","ping_status":"closed","template":"","meta":[],"product_brand":[],"product_cat":[79,96],"product_tag":[],"class_list":{"0":"post-434","1":"product","2":"type-product","3":"status-publish","4":"has-post-thumbnail","6":"product_cat-surveying-accessory","7":"product_cat-fixed-tribrach-adapter-5-8-11-thread","9":"first","10":"instock","11":"shipping-taxable","12":"product-type-simple"},"_links":{"self":[{"href":"https:\/\/mountlaser.com\/vi\/wp-json\/wp\/v2\/product\/434","targetHints":{"allow":["GET"]}}],"collection":[{"href":"https:\/\/mountlaser.com\/vi\/wp-json\/wp\/v2\/product"}],"about":[{"href":"https:\/\/mountlaser.com\/vi\/wp-json\/wp\/v2\/types\/product"}],"replies":[{"embeddable":true,"href":"https:\/\/mountlaser.com\/vi\/wp-json\/wp\/v2\/comments?post=434"}],"wp:featuredmedia":[{"embeddable":true,"href":"https:\/\/mountlaser.com\/vi\/wp-json\/wp\/v2\/media\/2055"}],"wp:attachment":[{"href":"https:\/\/mountlaser.com\/vi\/wp-json\/wp\/v2\/media?parent=434"}],"wp:term":[{"taxonomy":"product_brand","embeddable":true,"href":"https:\/\/mountlaser.com\/vi\/wp-json\/wp\/v2\/product_brand?post=434"},{"taxonomy":"product_cat","embeddable":true,"href":"https:\/\/mountlaser.com\/vi\/wp-json\/wp\/v2\/product_cat?post=434"},{"taxonomy":"product_tag","embeddable":true,"href":"https:\/\/mountlaser.com\/vi\/wp-json\/wp\/v2\/product_tag?post=434"}],"curies":[{"name":"trang web","href":"https:\/\/api.w.org\/{rel}","templated":true}]}}