{"id":432,"date":"2024-03-21T13:06:07","date_gmt":"2024-03-21T13:06:07","guid":{"rendered":"https:\/\/startersites.io\/blocksy\/pottery\/?post_type=product&#038;p=432"},"modified":"2025-12-01T05:36:06","modified_gmt":"2025-12-01T05:36:06","slug":"fg01l-fixed-tribrach-adapter-5-8-11-thread","status":"publish","type":"product","link":"https:\/\/mountlaser.com\/vi\/san-pham\/fg01l-fixed-tribrach-adapter-5-8-11-thread\/","title":{"rendered":"FG01L B\u1ed9 chuy\u1ec3n \u0111\u1ed5i Tribrach c\u1ed1 \u0111\u1ecbnh 5\/8&quot;-11 Thread"},"content":{"rendered":"<p>C\u00e1i <a href=\"https:\/\/mountlaser.com\/vi\/\"><strong>B\u1ed9 chuy\u1ec3n \u0111\u1ed5i ch\u00e2n \u0111\u1ebf ba ch\u00e2n lo\u1ea1i c\u1ed1 \u0111\u1ecbnh FG01L<\/strong><\/a> T\u1eeb Mount Laser, \u0111\u00e2y l\u00e0 m\u1ed9t d\u1ee5ng c\u1ee5 thi\u1ebft y\u1ebfu \u0111\u01b0\u1ee3c ch\u1ebf t\u1ea1o ch\u00ednh x\u00e1c d\u00e0nh cho c\u00e1c nh\u00e0 kh\u1ea3o s\u00e1t. B\u1ed9 chuy\u1ec3n \u0111\u1ed5i ren 5\/8-11 ch\u1eafc ch\u1eafn n\u00e0y \u0111\u01b0\u1ee3c s\u1ea3n xu\u1ea5t t\u1eeb nh\u00f4m ch\u1ea5t l\u01b0\u1ee3ng cao, mang \u0111\u1ebfn s\u1ef1 k\u1ebft h\u1ee3p t\u1ed1i \u01b0u gi\u1eefa \u0111\u1ed9 b\u1ec1n v\u00e0 tr\u1ecdng l\u01b0\u1ee3ng nh\u1eb9. \u0110\u01b0\u1ee3c thi\u1ebft k\u1ebf v\u1edbi ren 5\/8\u2033-11 ph\u1ed5 th\u00f4ng, s\u1ea3n ph\u1ea9m n\u00e0y... <a href=\"https:\/\/mountlaser.com\/vi\/danh-muc-san-pham\/surveying-accessory\/\"><strong>B\u1ed9 chuy\u1ec3n \u0111\u1ed5i ch\u00e2n \u0111\u1ebf ba ch\u00e2n lo\u1ea1i c\u1ed1 \u0111\u1ecbnh<\/strong><\/a> \u0110\u1ea3m b\u1ea3o kh\u1ea3 n\u0103ng t\u01b0\u01a1ng th\u00edch li\u1ec1n m\u1ea1ch v\u1edbi nhi\u1ec1u lo\u1ea1i ch\u00e2n m\u00e1y v\u00e0 c\u1ed9t \u0111o \u0111\u1ea1c, cung c\u1ea5p k\u1ebft n\u1ed1i \u1ed5n \u0111\u1ecbnh cho thi\u1ebft b\u1ecb GPS.<\/p>\n<p><img fetchpriority=\"high\" decoding=\"async\" class=\"aligncenter wp-image-2065\" src=\"https:\/\/mountlaser.com\/wp-content\/uploads\/2024\/03\/FG01L-7.webp\" alt=\"Fixed Type Tribrach Adaptor\" width=\"500\" height=\"500\" srcset=\"https:\/\/mountlaser.com\/wp-content\/uploads\/2024\/03\/FG01L-7.webp 1000w, https:\/\/mountlaser.com\/wp-content\/uploads\/2024\/03\/FG01L-7-300x300.webp 300w, https:\/\/mountlaser.com\/wp-content\/uploads\/2024\/03\/FG01L-7-400x400.webp 400w, https:\/\/mountlaser.com\/wp-content\/uploads\/2024\/03\/FG01L-7-800x800.webp 800w, https:\/\/mountlaser.com\/wp-content\/uploads\/2024\/03\/FG01L-7-600x600.webp 600w\" sizes=\"(max-width: 500px) 100vw, 500px\" \/><\/p>\n<p><a href=\"https:\/\/mountlaser.com\/vi\/about-us\/\">B\u1ed9 chuy\u1ec3n \u0111\u1ed5i ch\u00e2n \u0111\u1ebf c\u1ed1 \u0111\u1ecbnh FG01L<\/a> B\u1ed9 chuy\u1ec3n \u0111\u1ed5i ren 5\/8\u2033-11 c\u00f3 \u0111\u1ebf ch\u1eafc ch\u1eafn \u0111\u01b0\u1eddng k\u00ednh ngo\u00e0i 80mm \u0111\u1ea3m b\u1ea3o \u0111\u1ed9 \u1ed5n \u0111\u1ecbnh t\u1ed1i \u0111a cho d\u1ee5ng c\u1ee5 c\u1ee7a b\u1ea1n. L\u00e0 m\u1ed9t b\u1ed9 chuy\u1ec3n \u0111\u1ed5i ren 5\/8-11 \u0111\u00e1ng tin c\u1eady v\u00e0 ti\u1ebft ki\u1ec7m chi ph\u00ed, FG01L \u0111\u01b0\u1ee3c ch\u1ebf t\u1ea1o \u0111\u1ec3 mang l\u1ea1i kh\u1ea3 n\u0103ng \u0111\u1ecbnh v\u1ecb ch\u00ednh x\u00e1c v\u00e0 hi\u1ec7u su\u1ea5t b\u1ec1n b\u1ec9 trong \u0111i\u1ec1u ki\u1ec7n l\u00e0m vi\u1ec7c kh\u1eafc nghi\u1ec7t, tr\u1edf th\u00e0nh c\u00f4ng c\u1ee5 kh\u00f4ng th\u1ec3 thi\u1ebfu cho c\u00e1c ph\u00e9p \u0111o ch\u00ednh x\u00e1c.<\/p>","protected":false},"excerpt":{"rendered":"<ul>\n<li>\u0110\u01b0\u1ee3c l\u00e0m t\u1eeb nh\u00f4m ch\u1ea5t l\u01b0\u1ee3ng cao, \u0111\u1ea1t t\u1ef7 l\u1ec7 \u0111\u1ed9 b\u1ec1n tr\u00ean tr\u1ecdng l\u01b0\u1ee3ng ho\u00e0n h\u1ea3o, l\u00fd t\u01b0\u1edfng cho vi\u1ec7c s\u1eed d\u1ee5ng ngo\u00e0i tr\u1eddi.<\/li>\n<li>S\u1ea3n ph\u1ea9m c\u00f3 ren 5\/8\u2033-11 ti\u00eau chu\u1ea9n (FG01L) \u0111\u1ea3m b\u1ea3o t\u01b0\u01a1ng th\u00edch v\u1edbi h\u1ea7u h\u1ebft c\u00e1c ch\u00e2n m\u00e1y.<\/li>\n<li>Th\u00e2n m\u00e1y b\u1eb1ng nh\u00f4m c\u00f3 kh\u1ea3 n\u0103ng ch\u1ed1ng g\u1ec9 v\u00e0 ch\u1ecbu \u0111\u01b0\u1ee3c t\u00e1c \u0111\u1ed9ng c\u1ee7a m\u00f4i tr\u01b0\u1eddng r\u1ea5t t\u1ed1t.<\/li>\n<\/ul>","protected":false},"featured_media":2062,"comment_status":"open","ping_status":"closed","template":"","meta":[],"product_brand":[],"product_cat":[96,79],"product_tag":[],"class_list":{"0":"post-432","1":"product","2":"type-product","3":"status-publish","4":"has-post-thumbnail","6":"product_cat-fixed-tribrach-adapter-5-8-11-thread","7":"product_cat-surveying-accessory","9":"first","10":"instock","11":"shipping-taxable","12":"product-type-simple"},"_links":{"self":[{"href":"https:\/\/mountlaser.com\/vi\/wp-json\/wp\/v2\/product\/432","targetHints":{"allow":["GET"]}}],"collection":[{"href":"https:\/\/mountlaser.com\/vi\/wp-json\/wp\/v2\/product"}],"about":[{"href":"https:\/\/mountlaser.com\/vi\/wp-json\/wp\/v2\/types\/product"}],"replies":[{"embeddable":true,"href":"https:\/\/mountlaser.com\/vi\/wp-json\/wp\/v2\/comments?post=432"}],"wp:featuredmedia":[{"embeddable":true,"href":"https:\/\/mountlaser.com\/vi\/wp-json\/wp\/v2\/media\/2062"}],"wp:attachment":[{"href":"https:\/\/mountlaser.com\/vi\/wp-json\/wp\/v2\/media?parent=432"}],"wp:term":[{"taxonomy":"product_brand","embeddable":true,"href":"https:\/\/mountlaser.com\/vi\/wp-json\/wp\/v2\/product_brand?post=432"},{"taxonomy":"product_cat","embeddable":true,"href":"https:\/\/mountlaser.com\/vi\/wp-json\/wp\/v2\/product_cat?post=432"},{"taxonomy":"product_tag","embeddable":true,"href":"https:\/\/mountlaser.com\/vi\/wp-json\/wp\/v2\/product_tag?post=432"}],"curies":[{"name":"trang web","href":"https:\/\/api.w.org\/{rel}","templated":true}]}}