{"id":430,"date":"2024-03-21T13:04:00","date_gmt":"2024-03-21T13:04:00","guid":{"rendered":"https:\/\/startersites.io\/blocksy\/pottery\/?post_type=product&#038;p=430"},"modified":"2025-12-01T05:55:46","modified_gmt":"2025-12-01T05:55:46","slug":"fg01n-fixed-tribrach-adapter-5-8-11-thread","status":"publish","type":"product","link":"https:\/\/mountlaser.com\/vi\/san-pham\/fg01n-fixed-tribrach-adapter-5-8-11-thread\/","title":{"rendered":"FG01N B\u1ed9 chuy\u1ec3n \u0111\u1ed5i Tribrach c\u1ed1 \u0111\u1ecbnh 5\/8&quot;-11 Thread"},"content":{"rendered":"<p>FG01N c\u1ee7a Mount Laser l\u00e0 m\u1ed9t s\u1ea3n ph\u1ea9m cao c\u1ea5p.<a href=\"https:\/\/mountlaser.com\/vi\/\"><strong> B\u1ed9 chuy\u1ec3n \u0111\u1ed5i Tribrach 5\/8\u00d711<\/strong><\/a> \u0110\u01b0\u1ee3c ch\u1ebf t\u1ea1o d\u00e0nh cho c\u00e1c chuy\u00ean gia kh\u1ea3o s\u00e1t y\u00eau c\u1ea7u \u0111\u1ed9 b\u1ec1n t\u1ed1i \u0111a.<\/p>\n<p>Kh\u00e1c v\u1edbi c\u00e1c m\u1eabu nh\u00f4m ti\u00eau chu\u1ea9n, b\u1ed9 chuy\u1ec3n \u0111\u1ed5i ch\u1eafc ch\u1eafn n\u00e0y \u0111\u01b0\u1ee3c ch\u1ebf t\u1ea1o t\u1eeb... <a href=\"https:\/\/mountlaser.com\/vi\/about-us\/\">th\u00e9p kh\u00f4ng g\u1ec9<\/a>, Nh\u1edd \u0111\u00f3, s\u1ea3n ph\u1ea9m c\u00f3 \u0111\u1ed9 b\u1ec1n v\u01b0\u1ee3t tr\u1ed9i v\u00e0 kh\u1ea3 n\u0103ng ch\u1ed1ng \u0103n m\u00f2n cao, ph\u00f9 h\u1ee3p v\u1edbi nh\u1eefng c\u00f4ng tr\u01b0\u1eddng kh\u1eafc nghi\u1ec7t nh\u1ea5t. B\u1ed9 chuy\u1ec3n \u0111\u1ed5i ch\u00e2n \u0111\u1ebf ba ch\u00e2n n\u00e0y s\u1eed d\u1ee5ng ren 5\/8\u2033-11 ti\u00eau chu\u1ea9n, \u0111\u1ea3m b\u1ea3o k\u1ebft n\u1ed1i ho\u00e0n h\u1ea3o v\u00e0 \u0111\u00e1ng tin c\u1eady v\u1edbi t\u1ea5t c\u1ea3 c\u00e1c lo\u1ea1i ch\u00e2n \u0111\u1ebf ba ch\u00e2n kh\u1ea3o s\u00e1t ti\u00eau chu\u1ea9n.<\/p>\n<p><img fetchpriority=\"high\" decoding=\"async\" class=\"aligncenter wp-image-2072\" src=\"https:\/\/mountlaser.com\/wp-content\/uploads\/2024\/03\/12.webp\" alt=\"5\/8x11 Tribrach Adapter\" width=\"500\" height=\"500\" srcset=\"https:\/\/mountlaser.com\/wp-content\/uploads\/2024\/03\/12.webp 1000w, https:\/\/mountlaser.com\/wp-content\/uploads\/2024\/03\/12-300x300.webp 300w, https:\/\/mountlaser.com\/wp-content\/uploads\/2024\/03\/12-400x400.webp 400w, https:\/\/mountlaser.com\/wp-content\/uploads\/2024\/03\/12-800x800.webp 800w, https:\/\/mountlaser.com\/wp-content\/uploads\/2024\/03\/12-600x600.webp 600w, https:\/\/mountlaser.com\/wp-content\/uploads\/2024\/03\/12-150x150.webp 150w, https:\/\/mountlaser.com\/wp-content\/uploads\/2024\/03\/12-768x768.webp 768w, https:\/\/mountlaser.com\/wp-content\/uploads\/2024\/03\/12-12x12.webp 12w\" sizes=\"(max-width: 500px) 100vw, 500px\" \/><\/p>\n<p>\u0110\u1ebf ch\u1eafc ch\u1eafn OD80mm mang l\u1ea1i s\u1ef1 \u1ed5n \u0111\u1ecbnh v\u1eefng ch\u1eafc cho GPS v\u00e0 c\u00e1c thi\u1ebft b\u1ecb \u0111o ch\u00ednh x\u00e1c kh\u00e1c c\u1ee7a b\u1ea1n. \u0110\u1ed1i v\u1edbi b\u1ed9 chuy\u1ec3n \u0111\u1ed5i ch\u00e2n \u0111\u1ebf ba ch\u00e2n 5\/8\u00d711 ch\u1ecbu l\u1ef1c cao, c\u00f3 th\u1ec3 ch\u1ecbu \u0111\u01b0\u1ee3c c\u00e1c \u0111i\u1ec1u ki\u1ec7n m\u00f4i tr\u01b0\u1eddng kh\u1eafc nghi\u1ec7t, th\u00ec... <a href=\"https:\/\/mountlaser.com\/vi\/danh-muc-san-pham\/surveying-accessory\/\"><strong>FG01N B\u1ed9 chuy\u1ec3n \u0111\u1ed5i Tribrach c\u1ed1 \u0111\u1ecbnh 5\/8&quot;-11 Thread<\/strong><\/a> \u0110\u00e2y l\u00e0 s\u1ef1 l\u1ef1a ch\u1ecdn v\u01b0\u1ee3t tr\u1ed9i, b\u1ec1n l\u00e2u.<\/p>","protected":false},"excerpt":{"rendered":"<ul>\n<li>B\u1ed9 chuy\u1ec3n \u0111\u1ed5i ch\u00e2n m\u00e1y laser FG01N n\u1ed5i b\u1eadt v\u1edbi k\u00edch th\u01b0\u1edbc 5\/8\u00d711, \u0111\u01b0\u1ee3c ch\u1ebf t\u1ea1o t\u1eeb th\u00e9p kh\u00f4ng g\u1ec9 b\u1ec1n ch\u1eafc.<\/li>\n<li>S\u1ea3n ph\u1ea9m mang l\u1ea1i \u0111\u1ed9 b\u1ec1n v\u01b0\u1ee3t tr\u1ed9i v\u00e0 \u0111\u1ed9 tin c\u1eady l\u00e2u d\u00e0i.<\/li>\n<li>\u0110i\u1ec1u n\u00e0y bi\u1ebfn n\u00f3 tr\u1edf th\u00e0nh b\u1ed9 chuy\u1ec3n \u0111\u1ed5i ngu\u1ed3n c\u1ed1 \u0111\u1ecbnh l\u00fd t\u01b0\u1edfng cho c\u00e1c chuy\u00ean gia l\u00e0m vi\u1ec7c trong \u0111i\u1ec1u ki\u1ec7n kh\u1eafc nghi\u1ec7t, n\u01a1i tu\u1ed5i th\u1ecd thi\u1ebft b\u1ecb l\u00e0 y\u1ebfu t\u1ed1 t\u1ed1i quan tr\u1ecdng.<\/li>\n<\/ul>","protected":false},"featured_media":2069,"comment_status":"open","ping_status":"closed","template":"","meta":[],"product_brand":[],"product_cat":[79,96],"product_tag":[],"class_list":{"0":"post-430","1":"product","2":"type-product","3":"status-publish","4":"has-post-thumbnail","6":"product_cat-surveying-accessory","7":"product_cat-fixed-tribrach-adapter-5-8-11-thread","9":"first","10":"instock","11":"shipping-taxable","12":"product-type-simple"},"_links":{"self":[{"href":"https:\/\/mountlaser.com\/vi\/wp-json\/wp\/v2\/product\/430","targetHints":{"allow":["GET"]}}],"collection":[{"href":"https:\/\/mountlaser.com\/vi\/wp-json\/wp\/v2\/product"}],"about":[{"href":"https:\/\/mountlaser.com\/vi\/wp-json\/wp\/v2\/types\/product"}],"replies":[{"embeddable":true,"href":"https:\/\/mountlaser.com\/vi\/wp-json\/wp\/v2\/comments?post=430"}],"wp:featuredmedia":[{"embeddable":true,"href":"https:\/\/mountlaser.com\/vi\/wp-json\/wp\/v2\/media\/2069"}],"wp:attachment":[{"href":"https:\/\/mountlaser.com\/vi\/wp-json\/wp\/v2\/media?parent=430"}],"wp:term":[{"taxonomy":"product_brand","embeddable":true,"href":"https:\/\/mountlaser.com\/vi\/wp-json\/wp\/v2\/product_brand?post=430"},{"taxonomy":"product_cat","embeddable":true,"href":"https:\/\/mountlaser.com\/vi\/wp-json\/wp\/v2\/product_cat?post=430"},{"taxonomy":"product_tag","embeddable":true,"href":"https:\/\/mountlaser.com\/vi\/wp-json\/wp\/v2\/product_tag?post=430"}],"curies":[{"name":"trang web","href":"https:\/\/api.w.org\/{rel}","templated":true}]}}