{"id":428,"date":"2024-03-21T13:01:54","date_gmt":"2024-03-21T13:01:54","guid":{"rendered":"https:\/\/startersites.io\/blocksy\/pottery\/?post_type=product&#038;p=428"},"modified":"2025-12-01T06:15:40","modified_gmt":"2025-12-01T06:15:40","slug":"fg01s-rotation-tribrach-adapter","status":"publish","type":"product","link":"https:\/\/mountlaser.com\/vi\/san-pham\/fg01s-rotation-tribrach-adapter\/","title":{"rendered":"B\u1ed9 chuy\u1ec3n \u0111\u1ed5i Tribrach xoay FG01S"},"content":{"rendered":"<p>C\u00e1i <a href=\"https:\/\/mountlaser.com\/vi\/\"><strong>B\u1ed9 chuy\u1ec3n \u0111\u1ed5i Tribrach xoay FG01S<\/strong><\/a> T\u1eeb Mount Laser, \u0111\u00e2y l\u00e0 b\u1ed9 chuy\u1ec3n \u0111\u1ed5i ch\u00e2n \u0111\u1ebf ba ch\u00e2n ch\u00ednh x\u00e1c d\u00e0nh cho kh\u1ea3o s\u00e1t, \u0111\u01b0\u1ee3c thi\u1ebft k\u1ebf \u0111\u1ec3 n\u00e2ng cao hi\u1ec7u qu\u1ea3 l\u00e0m vi\u1ec7c t\u1ea1i hi\u1ec7n tr\u01b0\u1eddng. B\u1ed9 chuy\u1ec3n \u0111\u1ed5i \u0111a n\u0103ng n\u00e0y c\u00f3 ren \u0111\u1ed3ng b\u1ec1n ch\u1eafc 5\/8\u2033-11, \u0111\u1ea3m b\u1ea3o k\u1ebft n\u1ed1i tr\u01a1n tru v\u00e0 l\u00e2u d\u00e0i.<\/p>\n<p>\u0110\u00fang v\u1eady<a href=\"https:\/\/mountlaser.com\/vi\/about-us\/\"> Gi\u00e1 \u0111\u1ee1 ba ch\u00e2n xoay 5\/8\u2033-11<\/a>, N\u00f3 cung c\u1ea5p kh\u1ea3 n\u0103ng xoay ngang 360 \u0111\u1ed9, cho ph\u00e9p \u0111i\u1ec1u ch\u1ec9nh nhanh ch\u00f3ng v\u00e0 ch\u00ednh x\u00e1c thi\u1ebft b\u1ecb GPS ho\u1eb7c m\u00e1y to\u00e0n \u0111\u1ea1c m\u00e0 kh\u00f4ng c\u1ea7n di chuy\u1ec3n ch\u00e2n m\u00e1y. \u0110\u1ebf ch\u1eafc ch\u1eafn \u0111\u01b0\u1eddng k\u00ednh ngo\u00e0i 80mm \u0111\u1ea3m b\u1ea3o \u0111\u1ed9 \u1ed5n \u0111\u1ecbnh v\u01b0\u1ee3t tr\u1ed9i trong qu\u00e1 tr\u00ecnh ho\u1ea1t \u0111\u1ed9ng.<\/p>\n<p><img fetchpriority=\"high\" decoding=\"async\" class=\"aligncenter wp-image-2084\" src=\"https:\/\/mountlaser.com\/wp-content\/uploads\/2025\/09\/FG01S-7.webp\" alt=\"Surveying Tribrach Adapter\" width=\"500\" height=\"500\" srcset=\"https:\/\/mountlaser.com\/wp-content\/uploads\/2025\/09\/FG01S-7.webp 1000w, https:\/\/mountlaser.com\/wp-content\/uploads\/2025\/09\/FG01S-7-300x300.webp 300w, https:\/\/mountlaser.com\/wp-content\/uploads\/2025\/09\/FG01S-7-400x400.webp 400w, https:\/\/mountlaser.com\/wp-content\/uploads\/2025\/09\/FG01S-7-800x800.webp 800w, https:\/\/mountlaser.com\/wp-content\/uploads\/2025\/09\/FG01S-7-600x600.webp 600w, https:\/\/mountlaser.com\/wp-content\/uploads\/2025\/09\/FG01S-7-150x150.webp 150w, https:\/\/mountlaser.com\/wp-content\/uploads\/2025\/09\/FG01S-7-768x768.webp 768w, https:\/\/mountlaser.com\/wp-content\/uploads\/2025\/09\/FG01S-7-12x12.webp 12w\" sizes=\"(max-width: 500px) 100vw, 500px\" \/><\/p>\n<p>Hi\u1ec7u su\u1ea5t cao n\u00e0y <a href=\"https:\/\/mountlaser.com\/vi\/danh-muc-san-pham\/surveying-accessory\/\"><strong>B\u1ed9 chuy\u1ec3n \u0111\u1ed5i ch\u00e2n \u0111\u1ebf ba ch\u00e2n d\u00f9ng trong kh\u1ea3o s\u00e1t<\/strong><\/a> \u0110\u00e2y l\u00e0 c\u00f4ng c\u1ee5 l\u00fd t\u01b0\u1edfng cho c\u00e1c chuy\u00ean gia c\u1ea7n t\u0103ng n\u0103ng su\u1ea5t t\u1ea1i b\u1ea5t k\u1ef3 c\u00f4ng tr\u01b0\u1eddng kh\u1ea3o s\u00e1t \u0111\u1ecba h\u00ecnh ho\u1eb7c x\u00e2y d\u1ef1ng n\u00e0o, bi\u1ebfn n\u00f3 th\u00e0nh m\u1ed9t ch\u00e2n \u0111\u1ebf xoay 5\/8\u2033-11 kh\u00f4ng th\u1ec3 thi\u1ebfu cho c\u00e1c nhi\u1ec7m v\u1ee5 kh\u1ea3o s\u00e1t hi\u1ec7n \u0111\u1ea1i.<\/p>\n<p>&nbsp;<\/p>\n<p><img decoding=\"async\" class=\"aligncenter wp-image-2082\" src=\"https:\/\/mountlaser.com\/wp-content\/uploads\/2025\/09\/FG01S-3.webp\" alt=\"Surveying Tribrach Adapter\" width=\"500\" height=\"500\" srcset=\"https:\/\/mountlaser.com\/wp-content\/uploads\/2025\/09\/FG01S-3.webp 1000w, https:\/\/mountlaser.com\/wp-content\/uploads\/2025\/09\/FG01S-3-300x300.webp 300w, https:\/\/mountlaser.com\/wp-content\/uploads\/2025\/09\/FG01S-3-400x400.webp 400w, https:\/\/mountlaser.com\/wp-content\/uploads\/2025\/09\/FG01S-3-800x800.webp 800w, https:\/\/mountlaser.com\/wp-content\/uploads\/2025\/09\/FG01S-3-600x600.webp 600w, https:\/\/mountlaser.com\/wp-content\/uploads\/2025\/09\/FG01S-3-150x150.webp 150w, https:\/\/mountlaser.com\/wp-content\/uploads\/2025\/09\/FG01S-3-768x768.webp 768w, https:\/\/mountlaser.com\/wp-content\/uploads\/2025\/09\/FG01S-3-12x12.webp 12w\" sizes=\"(max-width: 500px) 100vw, 500px\" \/><\/p>","protected":false},"excerpt":{"rendered":"<ul>\n<li>Cho ph\u00e9p xoay ngang 360 \u0111\u1ed9 \u0111\u1ec3 \u0111\u1ecbnh v\u1ecb v\u00e0 c\u0103n ch\u1ec9nh d\u1ee5ng c\u1ee5 nhanh ch\u00f3ng.<\/li>\n<li>S\u1ea3n ph\u1ea9m c\u00f3 ren \u0111\u1ed3ng 5\/8\u2033-11 (FG01S) cho kh\u1ea3 n\u0103ng ch\u1ed1ng m\u00e0i m\u00f2n v\u01b0\u1ee3t tr\u1ed9i, gi\u1ea3m hi\u1ec7n t\u01b0\u1ee3ng k\u1eb9t ren v\u00e0 \u0111\u1ea3m b\u1ea3o k\u1ebft n\u1ed1i \u0111\u00e1ng tin c\u1eady.<\/li>\n<\/ul>","protected":false},"featured_media":2081,"comment_status":"open","ping_status":"closed","template":"","meta":[],"product_brand":[],"product_cat":[97,79],"product_tag":[],"class_list":{"0":"post-428","1":"product","2":"type-product","3":"status-publish","4":"has-post-thumbnail","6":"product_cat-rotation-tribrach-adapter","7":"product_cat-surveying-accessory","9":"first","10":"instock","11":"shipping-taxable","12":"product-type-simple"},"_links":{"self":[{"href":"https:\/\/mountlaser.com\/vi\/wp-json\/wp\/v2\/product\/428","targetHints":{"allow":["GET"]}}],"collection":[{"href":"https:\/\/mountlaser.com\/vi\/wp-json\/wp\/v2\/product"}],"about":[{"href":"https:\/\/mountlaser.com\/vi\/wp-json\/wp\/v2\/types\/product"}],"replies":[{"embeddable":true,"href":"https:\/\/mountlaser.com\/vi\/wp-json\/wp\/v2\/comments?post=428"}],"wp:featuredmedia":[{"embeddable":true,"href":"https:\/\/mountlaser.com\/vi\/wp-json\/wp\/v2\/media\/2081"}],"wp:attachment":[{"href":"https:\/\/mountlaser.com\/vi\/wp-json\/wp\/v2\/media?parent=428"}],"wp:term":[{"taxonomy":"product_brand","embeddable":true,"href":"https:\/\/mountlaser.com\/vi\/wp-json\/wp\/v2\/product_brand?post=428"},{"taxonomy":"product_cat","embeddable":true,"href":"https:\/\/mountlaser.com\/vi\/wp-json\/wp\/v2\/product_cat?post=428"},{"taxonomy":"product_tag","embeddable":true,"href":"https:\/\/mountlaser.com\/vi\/wp-json\/wp\/v2\/product_tag?post=428"}],"curies":[{"name":"trang web","href":"https:\/\/api.w.org\/{rel}","templated":true}]}}