{"id":425,"date":"2024-03-21T12:59:27","date_gmt":"2024-03-21T12:59:27","guid":{"rendered":"https:\/\/startersites.io\/blocksy\/pottery\/?post_type=product&#038;p=425"},"modified":"2025-12-01T06:19:22","modified_gmt":"2025-12-01T06:19:22","slug":"fg01tp-rotation-tribrach-adapter","status":"publish","type":"product","link":"https:\/\/mountlaser.com\/vi\/san-pham\/fg01tp-rotation-tribrach-adapter\/","title":{"rendered":"B\u1ed9 chuy\u1ec3n \u0111\u1ed5i Tribrach xoay FG01TP"},"content":{"rendered":"<p>C\u00e1i<a href=\"https:\/\/mountlaser.com\/vi\/\"><strong> B\u1ed9 chuy\u1ec3n \u0111\u1ed5i Tribrach xoay FG01TP<\/strong><\/a> T\u1eeb Mount Laser, \u0111\u00e2y l\u00e0 b\u1ed9 chuy\u1ec3n \u0111\u1ed5i ch\u00e2n \u0111\u1ebf xoay cao c\u1ea5p \u0111\u01b0\u1ee3c thi\u1ebft k\u1ebf \u0111\u1ec3 mang l\u1ea1i hi\u1ec7u su\u1ea5t v\u00e0 \u0111\u1ed9 b\u1ec1n v\u01b0\u1ee3t tr\u1ed9i trong c\u00e1c \u1ee9ng d\u1ee5ng kh\u1ea3o s\u00e1t \u0111\u00f2i h\u1ecfi kh\u1eaft khe.<\/p>\n<p>D\u1ee5ng c\u1ee5 ch\u00ednh x\u00e1c n\u00e0y c\u00f3 ren \u0111\u1ed3ng ch\u1ea5t l\u01b0\u1ee3ng cao 5\/8\u2033-11, mang l\u1ea1i kh\u1ea3 n\u0103ng ch\u1ed1ng m\u00e0i m\u00f2n v\u01b0\u1ee3t tr\u1ed9i v\u00e0 \u0111\u1ea3m b\u1ea3o k\u1ebft n\u1ed1i tr\u01a1n tru, \u0111\u00e1ng tin c\u1eady theo th\u1eddi gian. L\u00e0 m\u1ed9t b\u1ed9 chuy\u1ec3n \u0111\u1ed5i xoay ren 5\/8\u00d711 \u0111a n\u0103ng, n\u00f3 cho ph\u00e9p xoay ngang 360 \u0111\u1ed9 \u0111\u1ec3 \u0111\u1ecbnh v\u1ecb nhanh ch\u00f3ng v\u00e0 ch\u00ednh x\u00e1c thi\u1ebft b\u1ecb GPS v\u00e0 m\u00e1y to\u00e0n \u0111\u1ea1c, gi\u00fap n\u00e2ng cao \u0111\u00e1ng k\u1ec3 hi\u1ec7u qu\u1ea3 c\u00f4ng vi\u1ec7c t\u1ea1i hi\u1ec7n tr\u01b0\u1eddng.<\/p>\n<p><img fetchpriority=\"high\" decoding=\"async\" class=\"wp-image-2092 aligncenter\" src=\"https:\/\/mountlaser.com\/wp-content\/uploads\/2024\/03\/3FG01TP-3.webp\" alt=\"Rotating Tribrach Adapter\" width=\"500\" height=\"500\" srcset=\"https:\/\/mountlaser.com\/wp-content\/uploads\/2024\/03\/3FG01TP-3.webp 1000w, https:\/\/mountlaser.com\/wp-content\/uploads\/2024\/03\/3FG01TP-3-300x300.webp 300w, https:\/\/mountlaser.com\/wp-content\/uploads\/2024\/03\/3FG01TP-3-400x400.webp 400w, https:\/\/mountlaser.com\/wp-content\/uploads\/2024\/03\/3FG01TP-3-800x800.webp 800w, https:\/\/mountlaser.com\/wp-content\/uploads\/2024\/03\/3FG01TP-3-600x600.webp 600w, https:\/\/mountlaser.com\/wp-content\/uploads\/2024\/03\/3FG01TP-3-150x150.webp 150w, https:\/\/mountlaser.com\/wp-content\/uploads\/2024\/03\/3FG01TP-3-768x768.webp 768w, https:\/\/mountlaser.com\/wp-content\/uploads\/2024\/03\/3FG01TP-3-12x12.webp 12w\" sizes=\"(max-width: 500px) 100vw, 500px\" \/><\/p>\n<p>\u0110\u1ebf ch\u1eafc ch\u1eafn \u0111\u01b0\u1eddng k\u00ednh ngo\u00e0i 80mm \u0111\u1ea3m b\u1ea3o \u0111\u1ed9 \u1ed5n \u0111\u1ecbnh t\u1ed1i \u0111a trong qu\u00e1 tr\u00ecnh ho\u1ea1t \u0111\u1ed9ng. \u0110\u00e2y l\u00e0 s\u1ea3n ph\u1ea9m ch\u1ecbu t\u1ea3i n\u1eb7ng. <a href=\"https:\/\/mountlaser.com\/vi\/products\/\"><strong>B\u1ed9 chuy\u1ec3n \u0111\u1ed5i ch\u00e2n \u0111\u1ebf xoay<\/strong><\/a> \u0110\u00e2y l\u00e0 s\u1ef1 l\u1ef1a ch\u1ecdn l\u00fd t\u01b0\u1edfng cho c\u00e1c chuy\u00ean gia \u0111ang t\u00ecm ki\u1ebfm m\u1ed9t b\u1ed9 chuy\u1ec3n \u0111\u1ed5i ren xoay 5\/8\u00d711 \u0111\u00e1ng tin c\u1eady, k\u1ebft h\u1ee3p gi\u1eefa c\u01a1 kh\u00ed ch\u00ednh x\u00e1c v\u00e0 c\u1ea5u tr\u00fac b\u1ec1n b\u1ec9, \u0111\u00e1p \u1ee9ng m\u1ecdi y\u00eau c\u1ea7u v\u1ec1 \u0111\u1ecba h\u00ecnh v\u00e0 c\u00f4ng tr\u01b0\u1eddng x\u00e2y d\u1ef1ng.<\/p>","protected":false},"excerpt":{"rendered":"<ul>\n<li>Xoay 360 \u0111\u1ed9: Cho ph\u00e9p \u0111i\u1ec1u ch\u1ec9nh ngang m\u01b0\u1ee3t m\u00e0 \u0111\u1ec3 \u0111\u1ecbnh v\u1ecb d\u1ee5ng c\u1ee5 nhanh ch\u00f3ng v\u00e0 c\u0103n ch\u1ec9nh ch\u00ednh x\u00e1c.<\/li>\n<li>Kh\u1ea3 n\u0103ng t\u01b0\u01a1ng th\u00edch ph\u1ed5 qu\u00e1t: Ren ti\u00eau chu\u1ea9n 5\/8\u2033-11 \u0111\u1ea3m b\u1ea3o kh\u1ea3 n\u0103ng t\u01b0\u01a1ng th\u00edch ho\u00e0n h\u1ea3o v\u1edbi h\u1ea7u h\u1ebft c\u00e1c ch\u00e2n m\u00e1y v\u00e0 c\u1ed9t \u0111o \u0111\u1ea1c.<\/li>\n<\/ul>","protected":false},"featured_media":2095,"comment_status":"open","ping_status":"closed","template":"","meta":[],"product_brand":[],"product_cat":[97,79],"product_tag":[],"class_list":{"0":"post-425","1":"product","2":"type-product","3":"status-publish","4":"has-post-thumbnail","6":"product_cat-rotation-tribrach-adapter","7":"product_cat-surveying-accessory","9":"first","10":"instock","11":"shipping-taxable","12":"product-type-simple"},"_links":{"self":[{"href":"https:\/\/mountlaser.com\/vi\/wp-json\/wp\/v2\/product\/425","targetHints":{"allow":["GET"]}}],"collection":[{"href":"https:\/\/mountlaser.com\/vi\/wp-json\/wp\/v2\/product"}],"about":[{"href":"https:\/\/mountlaser.com\/vi\/wp-json\/wp\/v2\/types\/product"}],"replies":[{"embeddable":true,"href":"https:\/\/mountlaser.com\/vi\/wp-json\/wp\/v2\/comments?post=425"}],"wp:featuredmedia":[{"embeddable":true,"href":"https:\/\/mountlaser.com\/vi\/wp-json\/wp\/v2\/media\/2095"}],"wp:attachment":[{"href":"https:\/\/mountlaser.com\/vi\/wp-json\/wp\/v2\/media?parent=425"}],"wp:term":[{"taxonomy":"product_brand","embeddable":true,"href":"https:\/\/mountlaser.com\/vi\/wp-json\/wp\/v2\/product_brand?post=425"},{"taxonomy":"product_cat","embeddable":true,"href":"https:\/\/mountlaser.com\/vi\/wp-json\/wp\/v2\/product_cat?post=425"},{"taxonomy":"product_tag","embeddable":true,"href":"https:\/\/mountlaser.com\/vi\/wp-json\/wp\/v2\/product_tag?post=425"}],"curies":[{"name":"trang web","href":"https:\/\/api.w.org\/{rel}","templated":true}]}}