{"id":423,"date":"2024-03-21T12:29:11","date_gmt":"2024-03-21T12:29:11","guid":{"rendered":"https:\/\/startersites.io\/blocksy\/pottery\/?post_type=product&#038;p=423"},"modified":"2025-12-01T06:21:12","modified_gmt":"2025-12-01T06:21:12","slug":"fg01t-rotation-tribrach-adapter","status":"publish","type":"product","link":"https:\/\/mountlaser.com\/vi\/san-pham\/fg01t-rotation-tribrach-adapter\/","title":{"rendered":"B\u1ed9 chuy\u1ec3n \u0111\u1ed5i Tribrach xoay FG01T"},"content":{"rendered":"<p>C\u00e1i <a href=\"https:\/\/mountlaser.com\/vi\/\"><strong>B\u1ed9 chuy\u1ec3n \u0111\u1ed5i Tribrach xoay FG01T<\/strong><\/a> T\u1eeb Mount Laser, \u0111\u00e2y l\u00e0 b\u1ed9 chuy\u1ec3n \u0111\u1ed5i ch\u00e2n \u0111\u1ebf ba ch\u00e2n \u0111i\u1ec1u ch\u1ec9nh ch\u00ednh x\u00e1c \u0111\u01b0\u1ee3c thi\u1ebft k\u1ebf \u0111\u1ec3 n\u00e2ng cao \u0111\u00e1ng k\u1ec3 hi\u1ec7u qu\u1ea3 quy tr\u00ecnh l\u00e0m vi\u1ec7c cho c\u00e1c chuy\u00ean gia kh\u1ea3o s\u00e1t.<\/p>\n<p>C\u00f4ng c\u1ee5 c\u1ea3i ti\u1ebfn n\u00e0y l\u00e0 m\u1ed9t ch\u00e2n \u0111\u1ebf ba ch\u00e2n xoay 360 \u0111\u1ed9 th\u1ef1c s\u1ef1, cho ph\u00e9p xoay ngang to\u00e0n v\u00f2ng m\u1ed9t c\u00e1ch m\u01b0\u1ee3t m\u00e0. T\u00ednh n\u0103ng n\u00e0y cho ph\u00e9p c\u0103n ch\u1ec9nh nhanh ch\u00f3ng v\u00e0 ch\u00ednh x\u00e1c thi\u1ebft b\u1ecb GPS ho\u1eb7c m\u00e1y to\u00e0n \u0111\u1ea1c m\u00e0 kh\u00f4ng c\u1ea7n ph\u1ea3i di chuy\u1ec3n ch\u00e2n m\u00e1y. \u0110\u01b0\u1ee3c ch\u1ebf t\u1ea1o v\u1edbi ren \u0111\u1ed3ng 5\/8\u2033-11 b\u1ec1n ch\u1eafc v\u00e0 \u0111\u1ebf OD80mm \u1ed5n \u0111\u1ecbnh, b\u1ed9 chuy\u1ec3n \u0111\u1ed5i ch\u00e2n \u0111\u1ebf ba ch\u00e2n \u0111i\u1ec1u ch\u1ec9nh \u0111\u01b0\u1ee3c m\u1ea1nh m\u1ebd n\u00e0y \u0111\u1ea3m b\u1ea3o hi\u1ec7u su\u1ea5t l\u00e2u d\u00e0i v\u00e0 \u0111\u1ed9 \u1ed5n \u0111\u1ecbnh \u0111\u00e1ng tin c\u1eady.<\/p>\n<p>&nbsp;<\/p>\n<p><img fetchpriority=\"high\" decoding=\"async\" class=\"wp-image-2098 aligncenter\" src=\"https:\/\/mountlaser.com\/wp-content\/uploads\/2024\/03\/1FG01T-3.webp\" alt=\"Adjustable Tribrach Adapter\" width=\"500\" height=\"500\" srcset=\"https:\/\/mountlaser.com\/wp-content\/uploads\/2024\/03\/1FG01T-3.webp 1000w, https:\/\/mountlaser.com\/wp-content\/uploads\/2024\/03\/1FG01T-3-300x300.webp 300w, https:\/\/mountlaser.com\/wp-content\/uploads\/2024\/03\/1FG01T-3-400x400.webp 400w, https:\/\/mountlaser.com\/wp-content\/uploads\/2024\/03\/1FG01T-3-800x800.webp 800w, https:\/\/mountlaser.com\/wp-content\/uploads\/2024\/03\/1FG01T-3-600x600.webp 600w, https:\/\/mountlaser.com\/wp-content\/uploads\/2024\/03\/1FG01T-3-150x150.webp 150w, https:\/\/mountlaser.com\/wp-content\/uploads\/2024\/03\/1FG01T-3-768x768.webp 768w, https:\/\/mountlaser.com\/wp-content\/uploads\/2024\/03\/1FG01T-3-12x12.webp 12w\" sizes=\"(max-width: 500px) 100vw, 500px\" \/><\/p>\n<p>FG01T l\u00e0 ch\u00e2n \u0111\u1ebf ba ch\u00e2n xoay 360 \u0111\u1ed9 l\u00fd t\u01b0\u1edfng cho c\u00e1c t\u00e1c v\u1ee5 y\u00eau c\u1ea7u nhi\u1ec1u ph\u00e9p \u0111o t\u1eeb m\u1ed9t thi\u1ebft l\u1eadp duy nh\u1ea5t, l\u00e0m cho n\u00f3 tr\u1edf n\u00ean \u0111a n\u0103ng. <a href=\"https:\/\/mountlaser.com\/vi\/danh-muc-san-pham\/surveying-accessory\/\"><strong>B\u1ed9 chuy\u1ec3n \u0111\u1ed5i ch\u00e2n \u0111\u1ebf c\u00f3 th\u1ec3 \u0111i\u1ec1u ch\u1ec9nh<\/strong><\/a> M\u1ed9t t\u00e0i s\u1ea3n kh\u00f4ng th\u1ec3 thi\u1ebfu cho b\u1ea5t k\u1ef3 d\u1ef1 \u00e1n x\u00e2y d\u1ef1ng ho\u1eb7c kh\u1ea3o s\u00e1t \u0111\u1ecba h\u00ecnh n\u00e0o.<\/p>","protected":false},"excerpt":{"rendered":"<ul>\n<li>Ho\u1ea1t \u0111\u1ed9ng nh\u01b0 m\u1ed9t gi\u00e1 \u0111\u1ee1 ba ch\u00e2n xoay 360 \u0111\u1ed9, cho ph\u00e9p xoay ngang m\u01b0\u1ee3t m\u00e0 v\u00e0 kh\u00f4ng b\u1ecb h\u1ea1n ch\u1ebf \u0111\u1ec3 \u0111\u1ecbnh v\u1ecb d\u1ee5ng c\u1ee5 t\u1ed1i \u01b0u.<\/li>\n<li>\u0110\u1ed9 \u1ed5n \u0111\u1ecbnh \u0111\u01b0\u1ee3c n\u00e2ng cao: \u0110\u1ebf ch\u1eafc ch\u1eafn \u0111\u01b0\u1eddng k\u00ednh ngo\u00e0i 80mm t\u1ea1o n\u1ec1n t\u1ea3ng v\u1eefng ch\u1eafc, gi\u1ea3m thi\u1ec3u rung \u0111\u1ed9ng v\u00e0 \u0111\u1ea3m b\u1ea3o \u0111\u1ed9 ch\u00ednh x\u00e1c khi \u0111o.<\/li>\n<li>K\u1ef9 thu\u1eadt ch\u00ednh x\u00e1c: \u0110\u01b0\u1ee3c s\u1ea3n xu\u1ea5t theo ti\u00eau chu\u1ea9n kh\u1eaft khe \u0111\u1ec3 \u0111\u1ea3m b\u1ea3o hi\u1ec7u su\u1ea5t \u1ed5n \u0111\u1ecbnh v\u00e0 \u0111\u00e1ng tin c\u1eady trong m\u1ecdi \u0111i\u1ec1u ki\u1ec7n ho\u1ea1t \u0111\u1ed9ng.<\/li>\n<\/ul>","protected":false},"featured_media":2098,"comment_status":"open","ping_status":"closed","template":"","meta":[],"product_brand":[],"product_cat":[97,79],"product_tag":[],"class_list":{"0":"post-423","1":"product","2":"type-product","3":"status-publish","4":"has-post-thumbnail","6":"product_cat-rotation-tribrach-adapter","7":"product_cat-surveying-accessory","9":"first","10":"instock","11":"shipping-taxable","12":"product-type-simple"},"_links":{"self":[{"href":"https:\/\/mountlaser.com\/vi\/wp-json\/wp\/v2\/product\/423","targetHints":{"allow":["GET"]}}],"collection":[{"href":"https:\/\/mountlaser.com\/vi\/wp-json\/wp\/v2\/product"}],"about":[{"href":"https:\/\/mountlaser.com\/vi\/wp-json\/wp\/v2\/types\/product"}],"replies":[{"embeddable":true,"href":"https:\/\/mountlaser.com\/vi\/wp-json\/wp\/v2\/comments?post=423"}],"wp:featuredmedia":[{"embeddable":true,"href":"https:\/\/mountlaser.com\/vi\/wp-json\/wp\/v2\/media\/2098"}],"wp:attachment":[{"href":"https:\/\/mountlaser.com\/vi\/wp-json\/wp\/v2\/media?parent=423"}],"wp:term":[{"taxonomy":"product_brand","embeddable":true,"href":"https:\/\/mountlaser.com\/vi\/wp-json\/wp\/v2\/product_brand?post=423"},{"taxonomy":"product_cat","embeddable":true,"href":"https:\/\/mountlaser.com\/vi\/wp-json\/wp\/v2\/product_cat?post=423"},{"taxonomy":"product_tag","embeddable":true,"href":"https:\/\/mountlaser.com\/vi\/wp-json\/wp\/v2\/product_tag?post=423"}],"curies":[{"name":"trang web","href":"https:\/\/api.w.org\/{rel}","templated":true}]}}