{"id":421,"date":"2024-03-21T12:26:17","date_gmt":"2024-03-21T12:26:17","guid":{"rendered":"https:\/\/startersites.io\/blocksy\/pottery\/?post_type=product&#038;p=421"},"modified":"2025-12-01T06:24:52","modified_gmt":"2025-12-01T06:24:52","slug":"fg01ha-rotation-tribrach-adapter","status":"publish","type":"product","link":"https:\/\/mountlaser.com\/vi\/san-pham\/fg01ha-rotation-tribrach-adapter\/","title":{"rendered":"B\u1ed9 chuy\u1ec3n \u0111\u1ed5i Tribrach xoay FG01HA"},"content":{"rendered":"<p>Khi b\u1ea1n c\u1ea7n mua b\u1ed9 chuy\u1ec3n \u0111\u1ed5i ch\u00e2n \u0111\u1ebf xoay c\u00f3 \u0111\u1ed9 ch\u00ednh x\u00e1c cao cho thi\u1ebft b\u1ecb c\u1ee5 th\u1ec3, th\u00ec... <a href=\"https:\/\/mountlaser.com\/vi\/danh-muc-san-pham\/surveying-accessory\/\">G\u1eafn laser <strong>FG01HA<\/strong><\/a> \u0110\u00e2y l\u00e0 m\u1ed9t l\u1ef1a ch\u1ecdn \u0111\u1eb7c bi\u1ec7t. \u0110\u01b0\u1ee3c ch\u1ebf t\u1ea1o v\u1edbi ren \u0111\u1ed3ng 3\/8\u2033-16 \u0111\u1ed9c \u0111\u00e1o, m\u1eabu n\u00e0y \u0111\u01b0\u1ee3c thi\u1ebft k\u1ebf t\u1ec9 m\u1ec9 \u0111\u1ec3 t\u01b0\u01a1ng th\u00edch v\u1edbi nhi\u1ec1u lo\u1ea1i d\u1ee5ng c\u1ee5 chuy\u00ean d\u1ee5ng.<\/p>\n<p><img fetchpriority=\"high\" decoding=\"async\" class=\"wp-image-2096 aligncenter\" src=\"https:\/\/mountlaser.com\/wp-content\/uploads\/2024\/03\/1FG01T-1.webp\" alt=\"Best rotating tribrach for surveying\" width=\"500\" height=\"500\" srcset=\"https:\/\/mountlaser.com\/wp-content\/uploads\/2024\/03\/1FG01T-1.webp 1000w, https:\/\/mountlaser.com\/wp-content\/uploads\/2024\/03\/1FG01T-1-300x300.webp 300w, https:\/\/mountlaser.com\/wp-content\/uploads\/2024\/03\/1FG01T-1-400x400.webp 400w, https:\/\/mountlaser.com\/wp-content\/uploads\/2024\/03\/1FG01T-1-800x800.webp 800w, https:\/\/mountlaser.com\/wp-content\/uploads\/2024\/03\/1FG01T-1-600x600.webp 600w, https:\/\/mountlaser.com\/wp-content\/uploads\/2024\/03\/1FG01T-1-150x150.webp 150w, https:\/\/mountlaser.com\/wp-content\/uploads\/2024\/03\/1FG01T-1-768x768.webp 768w, https:\/\/mountlaser.com\/wp-content\/uploads\/2024\/03\/1FG01T-1-12x12.webp 12w\" sizes=\"(max-width: 500px) 100vw, 500px\" \/><br \/>\nNhi\u1ec1u chuy\u00ean gia coi \u0111\u00f3 l\u00e0 <a href=\"https:\/\/mountlaser.com\/vi\/contact-us\/\"><strong>Ch\u00e2n \u0111\u1ebf xoay t\u1ed1t nh\u1ea5t cho c\u00f4ng t\u00e1c kh\u1ea3o s\u00e1t<\/strong><\/a> C\u00e1c \u1ee9ng d\u1ee5ng y\u00eau c\u1ea7u ti\u00eau chu\u1ea9n ren n\u00e0y, nh\u1edd kh\u1ea3 n\u0103ng xoay 360 \u0111\u1ed9 m\u01b0\u1ee3t m\u00e0 v\u00e0 \u0111\u1ebf OD80mm ch\u1eafc ch\u1eafn.<br \/>\nC\u1ea5u tr\u00fac b\u1ec1n ch\u1eafc \u0111\u1ea3m b\u1ea3o \u0111\u1ed9 tin c\u1eady l\u00e2u d\u00e0i, khi\u1ebfn n\u00f3 tr\u1edf th\u00e0nh l\u1ef1a ch\u1ecdn th\u00f4ng minh khi b\u1ea1n mua b\u1ed9 chuy\u1ec3n \u0111\u1ed5i ch\u00e2n \u0111\u1ebf xoay \u0111\u1ec3 s\u1eed d\u1ee5ng th\u01b0\u1eddng xuy\u00ean ngo\u00e0i hi\u1ec7n tr\u01b0\u1eddng. N\u1ebfu \u01b0u ti\u00ean c\u1ee7a b\u1ea1n l\u00e0 \u0111\u1ed9 ch\u00ednh x\u00e1c tuy\u1ec7t \u0111\u1ed1i v\u1edbi thi\u1ebft b\u1ecb 3\/8\u2033-16, FG01HA kh\u1eb3ng \u0111\u1ecbnh danh ti\u1ebfng c\u1ee7a m\u00ecnh l\u00e0 ch\u00e2n \u0111\u1ebf xoay t\u1ed1t nh\u1ea5t d\u00e0nh cho kh\u1ea3o s\u00e1t trong c\u00f9ng ph\u00e2n kh\u00fac.<\/p>","protected":false},"excerpt":{"rendered":"<ul>\n<li>Kh\u1ea3 n\u0103ng t\u01b0\u01a1ng th\u00edch ren c\u1ee5 th\u1ec3: \u0110\u01b0\u1ee3c trang b\u1ecb ren \u0111\u1ed3ng b\u1ec1n ch\u1eafc 3\/8\u2033-16 (FG01HA)<\/li>\n<li>\u0110\u01b0\u1ee3c thi\u1ebft k\u1ebf cho c\u00e1c thi\u1ebft b\u1ecb y\u00eau c\u1ea7u k\u1ebft n\u1ed1i \u0111\u1eb7c bi\u1ec7t n\u00e0y.<\/li>\n<li>Ch\u00e2n \u0111\u1ebf \u1ed5n \u0111\u1ecbnh \u0111\u01b0\u1eddng k\u00ednh ngo\u00e0i 80mm: Cung c\u1ea5p n\u1ec1n t\u1ea3ng v\u1eefng ch\u1eafc v\u00e0 ch\u1ed1ng rung cho c\u00e1c ph\u00e9p \u0111o ch\u00ednh x\u00e1c.<\/li>\n<\/ul>","protected":false},"featured_media":2097,"comment_status":"open","ping_status":"closed","template":"","meta":[],"product_brand":[],"product_cat":[97,79],"product_tag":[],"class_list":{"0":"post-421","1":"product","2":"type-product","3":"status-publish","4":"has-post-thumbnail","6":"product_cat-rotation-tribrach-adapter","7":"product_cat-surveying-accessory","9":"first","10":"instock","11":"shipping-taxable","12":"product-type-simple"},"_links":{"self":[{"href":"https:\/\/mountlaser.com\/vi\/wp-json\/wp\/v2\/product\/421","targetHints":{"allow":["GET"]}}],"collection":[{"href":"https:\/\/mountlaser.com\/vi\/wp-json\/wp\/v2\/product"}],"about":[{"href":"https:\/\/mountlaser.com\/vi\/wp-json\/wp\/v2\/types\/product"}],"replies":[{"embeddable":true,"href":"https:\/\/mountlaser.com\/vi\/wp-json\/wp\/v2\/comments?post=421"}],"wp:featuredmedia":[{"embeddable":true,"href":"https:\/\/mountlaser.com\/vi\/wp-json\/wp\/v2\/media\/2097"}],"wp:attachment":[{"href":"https:\/\/mountlaser.com\/vi\/wp-json\/wp\/v2\/media?parent=421"}],"wp:term":[{"taxonomy":"product_brand","embeddable":true,"href":"https:\/\/mountlaser.com\/vi\/wp-json\/wp\/v2\/product_brand?post=421"},{"taxonomy":"product_cat","embeddable":true,"href":"https:\/\/mountlaser.com\/vi\/wp-json\/wp\/v2\/product_cat?post=421"},{"taxonomy":"product_tag","embeddable":true,"href":"https:\/\/mountlaser.com\/vi\/wp-json\/wp\/v2\/product_tag?post=421"}],"curies":[{"name":"trang web","href":"https:\/\/api.w.org\/{rel}","templated":true}]}}