{"id":419,"date":"2024-03-21T12:25:10","date_gmt":"2024-03-21T12:25:10","guid":{"rendered":"https:\/\/startersites.io\/blocksy\/pottery\/?post_type=product&#038;p=419"},"modified":"2025-12-01T06:35:15","modified_gmt":"2025-12-01T06:35:15","slug":"fdc01-japanese-style-tribrach-carrier","status":"publish","type":"product","link":"https:\/\/mountlaser.com\/vi\/san-pham\/fdc01-japanese-style-tribrach-carrier\/","title":{"rendered":"Gi\u00e1 \u0111\u1ee1 ba ch\u00e2n ki\u1ec3u Nh\u1eadt FDC01"},"content":{"rendered":"<p>C\u00e1i <a href=\"https:\/\/mountlaser.com\/vi\/\"><strong>Gi\u00e1 \u0111\u1ee1 ba ch\u00e2n ki\u1ec3u Nh\u1eadt FDC01<\/strong> <\/a>M\u00e1y qu\u00e9t laser t\u1eeb Mount Laser \u0111\u01b0\u1ee3c thi\u1ebft k\u1ebf d\u00e0nh cho c\u00e1c nh\u00e0 kh\u1ea3o s\u00e1t \u01b0u ti\u00ean hi\u1ec7u qu\u1ea3 v\u00e0 t\u00ednh di \u0111\u1ed9ng.<\/p>\n<p>Gi\u00e1 \u0111\u1ee1 ba ch\u00e2n tr\u1ecdng l\u01b0\u1ee3ng nh\u1eb9 c\u1ea3i ti\u1ebfn n\u00e0y \u0111\u01b0\u1ee3c thi\u1ebft k\u1ebf \u0111\u1ec3 tri\u1ec3n khai nhanh ch\u00f3ng, gi\u1ea3m \u0111\u00e1ng k\u1ec3 th\u1eddi gian thi\u1ebft l\u1eadp t\u1ea1i c\u00f4ng tr\u01b0\u1eddng. L\u00e0 m\u1ed9t s\u1ea3n ph\u1ea9m ti\u00eau bi\u1ec3u <a href=\"https:\/\/mountlaser.com\/vi\/danh-muc-san-pham\/surveying-accessory\/\">Gi\u00e1 \u0111\u1ee1 ba ch\u00e2n ki\u1ec3u Nh\u1eadt B\u1ea3n<\/a>, S\u1ea3n ph\u1ea9m n\u00e0y c\u00f3 thi\u1ebft k\u1ebf t\u1ed1i gi\u1ea3n, kh\u00f4ng c\u00f3 th\u01b0\u1edbc \u0111o \u0111\u1ed9 nghi\u00eang quang h\u1ecdc, t\u1eadp trung v\u00e0o vi\u1ec7c l\u1eafp \u0111\u1eb7t nhanh ch\u00f3ng c\u00e1c thi\u1ebft b\u1ecb GPS nh\u1edd ren 5\/8\u2033-11 t\u00edch h\u1ee3p.<\/p>\n<p>&nbsp;<\/p>\n<p><img fetchpriority=\"high\" decoding=\"async\" class=\"wp-image-2106 aligncenter\" src=\"https:\/\/mountlaser.com\/wp-content\/uploads\/2025\/09\/10.webp\" alt=\"Lightweight Tribrach Carrier\" width=\"500\" height=\"500\" srcset=\"https:\/\/mountlaser.com\/wp-content\/uploads\/2025\/09\/10.webp 1000w, https:\/\/mountlaser.com\/wp-content\/uploads\/2025\/09\/10-300x300.webp 300w, https:\/\/mountlaser.com\/wp-content\/uploads\/2025\/09\/10-400x400.webp 400w, https:\/\/mountlaser.com\/wp-content\/uploads\/2025\/09\/10-800x800.webp 800w, https:\/\/mountlaser.com\/wp-content\/uploads\/2025\/09\/10-600x600.webp 600w, https:\/\/mountlaser.com\/wp-content\/uploads\/2025\/09\/10-150x150.webp 150w, https:\/\/mountlaser.com\/wp-content\/uploads\/2025\/09\/10-768x768.webp 768w, https:\/\/mountlaser.com\/wp-content\/uploads\/2025\/09\/10-12x12.webp 12w\" sizes=\"(max-width: 500px) 100vw, 500px\" \/><\/p>\n<p>C\u00f3 s\u1eb5n m\u00e0u v\u00e0ng, x\u00e1m ho\u1eb7c \u0111en, s\u1ea3n ph\u1ea9m n\u00e0y c\u00f3 \u0111\u1ed9 hi\u1ec3n th\u1ecb cao v\u00e0 \u0111\u1ed9 b\u1ec1n t\u1ed1t. <a href=\"https:\/\/mountlaser.com\/vi\/contact-us\/\"><strong>Gi\u00e1 \u0111\u1ee1 ba ch\u00e2n nh\u1eb9<\/strong><\/a> \u0110\u00e2y l\u00e0 s\u1ef1 l\u1ef1a ch\u1ecdn l\u00fd t\u01b0\u1edfng cho c\u00e1c nhi\u1ec7m v\u1ee5 kh\u1ea3o s\u00e1t khu v\u1ef1c ngo\u00e0i tr\u1eddi. Gi\u00e1 \u0111\u1ee1 ba ch\u00e2n ki\u1ec3u Nh\u1eadt B\u1ea3n ti\u1ec7n d\u1ee5ng mang l\u1ea1i s\u1ef1 c\u00e2n b\u1eb1ng ho\u00e0n h\u1ea3o gi\u1eefa ch\u1ee9c n\u0103ng v\u00e0 t\u1ed1c \u0111\u1ed9, tr\u1edf th\u00e0nh c\u00f4ng c\u1ee5 thi\u1ebft y\u1ebfu cho c\u00e1c \u0111\u1ed9i kh\u1ea3o s\u00e1t hi\u1ec7n \u0111\u1ea1i.<\/p>","protected":false},"excerpt":{"rendered":"<ul>\n<li>Nh\u1eb9 v\u00e0 d\u1ec5 mang theo: \u0110\u01b0\u1ee3c thi\u1ebft k\u1ebf \u0111\u1ec3 d\u1ec5 d\u00e0ng v\u1eadn chuy\u1ec3n v\u00e0 s\u1eed d\u1ee5ng, gi\u1ea3m m\u1ec7t m\u1ecfi cho ng\u01b0\u1eddi d\u00f9ng trong nh\u1eefng ng\u00e0y l\u00e0m vi\u1ec7c d\u00e0i.<\/li>\n<li>Tri\u1ec3n khai nhanh ch\u00f3ng: Thi\u1ebft k\u1ebf ki\u1ec3u Nh\u1eadt B\u1ea3n cho ph\u00e9p g\u1eafn v\u00e0 th\u00e1o nhanh ch\u00f3ng kh\u1ecfi ch\u00e2n m\u00e1y, n\u00e2ng cao hi\u1ec7u qu\u1ea3 quy tr\u00ecnh l\u00e0m vi\u1ec7c.<\/li>\n<\/ul>","protected":false},"featured_media":2103,"comment_status":"open","ping_status":"closed","template":"","meta":[],"product_brand":[],"product_cat":[79,98],"product_tag":[],"class_list":{"0":"post-419","1":"product","2":"type-product","3":"status-publish","4":"has-post-thumbnail","6":"product_cat-surveying-accessory","7":"product_cat-japanese-style-tribrach-carrier","9":"first","10":"instock","11":"shipping-taxable","12":"product-type-simple"},"_links":{"self":[{"href":"https:\/\/mountlaser.com\/vi\/wp-json\/wp\/v2\/product\/419","targetHints":{"allow":["GET"]}}],"collection":[{"href":"https:\/\/mountlaser.com\/vi\/wp-json\/wp\/v2\/product"}],"about":[{"href":"https:\/\/mountlaser.com\/vi\/wp-json\/wp\/v2\/types\/product"}],"replies":[{"embeddable":true,"href":"https:\/\/mountlaser.com\/vi\/wp-json\/wp\/v2\/comments?post=419"}],"wp:featuredmedia":[{"embeddable":true,"href":"https:\/\/mountlaser.com\/vi\/wp-json\/wp\/v2\/media\/2103"}],"wp:attachment":[{"href":"https:\/\/mountlaser.com\/vi\/wp-json\/wp\/v2\/media?parent=419"}],"wp:term":[{"taxonomy":"product_brand","embeddable":true,"href":"https:\/\/mountlaser.com\/vi\/wp-json\/wp\/v2\/product_brand?post=419"},{"taxonomy":"product_cat","embeddable":true,"href":"https:\/\/mountlaser.com\/vi\/wp-json\/wp\/v2\/product_cat?post=419"},{"taxonomy":"product_tag","embeddable":true,"href":"https:\/\/mountlaser.com\/vi\/wp-json\/wp\/v2\/product_tag?post=419"}],"curies":[{"name":"trang web","href":"https:\/\/api.w.org\/{rel}","templated":true}]}}