{"id":4186,"date":"2025-11-13T02:14:48","date_gmt":"2025-11-13T02:14:48","guid":{"rendered":"https:\/\/mountlaser.com\/?post_type=product&#038;p=4186"},"modified":"2025-11-27T07:24:06","modified_gmt":"2025-11-27T07:24:06","slug":"tc-6-claw-type-holder","status":"publish","type":"product","link":"https:\/\/mountlaser.com\/vi\/san-pham\/tc-6-claw-type-holder\/","title":{"rendered":"Gi\u00e1 \u0111\u1ee1 ki\u1ec3u m\u00f3ng vu\u1ed1t TC-6"},"content":{"rendered":"<p>D\u00f2ng s\u1ea3n ph\u1ea9m k\u1eb9p ki\u1ec3u m\u00f3ng vu\u1ed1t mang \u0111\u1ebfn s\u1ef1 chuy\u00ean nghi\u1ec7p v\u00e0 \u0111\u1ed9 b\u1ec1n cao. <a href=\"https:\/\/mountlaser.com\/vi\/\"><strong>Gi\u00e1 \u0111\u1ee1 \u0111i\u1ec7n tho\u1ea1i c\u00f3 th\u1ec3 \u0111i\u1ec1u ch\u1ec9nh<\/strong><\/a> Gi\u1ea3i ph\u00e1p \u0111\u01b0\u1ee3c thi\u1ebft k\u1ebf cho \u0111o l\u01b0\u1eddng ch\u00ednh x\u00e1c v\u00e0 c\u00f4ng t\u00e1c hi\u1ec7n tr\u01b0\u1eddng. \u0110\u01b0\u1ee3c ch\u1ebf t\u1ea1o \u0111\u1ec3 t\u01b0\u01a1ng th\u00edch v\u1edbi nhi\u1ec1u lo\u1ea1i thi\u1ebft b\u1ecb thu th\u1eadp d\u1eef li\u1ec7u v\u00e0 thi\u1ebft b\u1ecb di \u0111\u1ed9ng, c\u00e1c gi\u00e1 \u0111\u1ee1 n\u00e0y \u0111\u1ea3m b\u1ea3o thi\u1ebft b\u1ecb c\u1ee7a b\u1ea1n lu\u00f4n \u1ed5n \u0111\u1ecbnh, d\u1ec5 ti\u1ebfp c\u1eadn v\u00e0 an to\u00e0n trong su\u1ed1t m\u1ecdi ho\u1ea1t \u0111\u1ed9ng kh\u1ea3o s\u00e1t.<\/p>\n<p>C\u00e1i<a href=\"https:\/\/mountlaser.com\/vi\/products\/\"><strong> Gi\u00e1 \u0111\u1ee1 \u0111i\u1ec1u ch\u1ec9nh TC-6<\/strong><\/a> \u0110\u01b0\u1ee3c thi\u1ebft k\u1ebf cho c\u00e1c thi\u1ebft b\u1ecb nh\u01b0 Recon, Archer v\u00e0 Getac535, v\u1edbi ph\u1ea1m vi chi\u1ec1u r\u1ed9ng c\u00f3 th\u1ec3 \u0111i\u1ec1u ch\u1ec9nh t\u1eeb 92\u201372mm v\u00e0 chi\u1ec1u cao 30mm, bi\u1ebfn n\u00f3 th\u00e0nh m\u1ed9t gi\u00e1 \u0111\u1ee1 \u0111i\u1ec7n tho\u1ea1i \u0111i\u1ec1u ch\u1ec9nh \u0111a n\u0103ng d\u00e0nh cho c\u00e1c b\u1ed9 \u0111i\u1ec1u khi\u1ec3n d\u00e3 chi\u1ebfn nh\u1ecf g\u1ecdn.<br \/>\nGi\u00e1 \u0111\u1ee1 \u0111i\u1ec1u ch\u1ec9nh TC-7 ph\u00f9 h\u1ee3p v\u1edbi c\u00e1c m\u1eabu CEO, CE, XT, XM v\u00e0 TSCE, cung c\u1ea5p ph\u1ea1m vi chi\u1ec1u r\u1ed9ng t\u1eeb 95\u201375mm v\u00e0 chi\u1ec1u cao 47mm.<br \/>\n\u0110\u1ed1i v\u1edbi c\u00e1c thi\u1ebft b\u1ecb l\u1edbn h\u01a1n, gi\u00e1 \u0111\u1ee1 \u0111i\u1ec1u ch\u1ec9nh TC-10 h\u1ed7 tr\u1ee3 c\u00e1c m\u1eabu Geo 6000 v\u1edbi chi\u1ec1u r\u1ed9ng t\u1eeb 110\u201395mm v\u00e0 chi\u1ec1u cao 47mm, cung c\u1ea5p kh\u1ea3 n\u0103ng g\u1eafn k\u1ebft ch\u1eafc ch\u1eafn nh\u1ea5t cho vi\u1ec7c s\u1eed d\u1ee5ng c\u01b0\u1eddng \u0111\u1ed9 cao.<\/p>\n<p>M\u1ed7i gi\u00e1 \u0111\u1ee1 \u0111i\u1ec1u ch\u1ec9nh TC-6 v\u00e0 c\u00e1c s\u1ea3n ph\u1ea9m t\u01b0\u01a1ng t\u1ef1 \u0111\u1ec1u \u0111\u01b0\u1ee3c thi\u1ebft k\u1ebf ch\u00ednh x\u00e1c \u0111\u1ec3 mang l\u1ea1i hi\u1ec7u su\u1ea5t \u0111\u00e1ng tin c\u1eady v\u00e0 kh\u1ea3 n\u0103ng th\u00edch \u1ee9ng v\u1edbi nhi\u1ec1u lo\u1ea1i thi\u1ebft b\u1ecb kh\u00e1c nhau, bi\u1ebfn ch\u00fang tr\u1edf th\u00e0nh gi\u1ea3i ph\u00e1p gi\u00e1 \u0111\u1ee1 \u0111i\u1ec7n tho\u1ea1i \u0111i\u1ec1u ch\u1ec9nh \u0111\u01b0\u1ee3c h\u00e0ng \u0111\u1ea7u d\u00e0nh cho c\u00e1c chuy\u00ean gia kh\u1ea3o s\u00e1t hi\u1ec7n \u0111\u1ea1i.<\/p>\n<p><strong><a href=\"https:\/\/mountlaser.com\/vi\/contact-us\/\">Gi\u00e1 \u0111\u1ee1 ki\u1ec3u m\u00f3ng vu\u1ed1t TC-6<\/a> Th\u00f4ng s\u1ed1 k\u1ef9 thu\u1eadt<\/strong><\/p>\n<table width=\"587\">\n<tbody>\n<tr>\n<td width=\"72\">Ng\u01b0\u1eddi m\u1eabu<\/td>\n<td width=\"254\">H\u00ecnh \u1ea3nh<\/td>\n<td width=\"261\">Th\u00f4ng s\u1ed1<\/td>\n<\/tr>\n<tr>\n<td>TC-6<\/td>\n<td><img fetchpriority=\"high\" decoding=\"async\" class=\"alignnone wp-image-4188 size-medium\" src=\"https:\/\/mountlaser.com\/wp-content\/uploads\/2025\/11\/TC-62-300x300.webp\" alt=\"TC-6 adjustable phone holder\" width=\"300\" height=\"300\" srcset=\"https:\/\/mountlaser.com\/wp-content\/uploads\/2025\/11\/TC-62-300x300.webp 300w, https:\/\/mountlaser.com\/wp-content\/uploads\/2025\/11\/TC-62-400x400.webp 400w, https:\/\/mountlaser.com\/wp-content\/uploads\/2025\/11\/TC-62-800x800.webp 800w, https:\/\/mountlaser.com\/wp-content\/uploads\/2025\/11\/TC-62-600x600.webp 600w, https:\/\/mountlaser.com\/wp-content\/uploads\/2025\/11\/TC-62-150x150.webp 150w, https:\/\/mountlaser.com\/wp-content\/uploads\/2025\/11\/TC-62-768x768.webp 768w, https:\/\/mountlaser.com\/wp-content\/uploads\/2025\/11\/TC-62-12x12.webp 12w, https:\/\/mountlaser.com\/wp-content\/uploads\/2025\/11\/TC-62.webp 1000w\" sizes=\"(max-width: 300px) 100vw, 300px\" \/><\/td>\n<td width=\"261\">Recon, Archer, Getac535<br \/>\nChi\u1ec1u r\u1ed9ng: 92-72mm Chi\u1ec1u cao: 30mm<\/td>\n<\/tr>\n<tr>\n<td>TC-7<\/td>\n<td><img decoding=\"async\" class=\"alignnone wp-image-4199 size-medium\" src=\"https:\/\/mountlaser.com\/wp-content\/uploads\/2025\/11\/TC-74-300x300.webp\" alt=\"TC-7 adjustable phone holder\" width=\"300\" height=\"300\" srcset=\"https:\/\/mountlaser.com\/wp-content\/uploads\/2025\/11\/TC-74-300x300.webp 300w, https:\/\/mountlaser.com\/wp-content\/uploads\/2025\/11\/TC-74-400x400.webp 400w, https:\/\/mountlaser.com\/wp-content\/uploads\/2025\/11\/TC-74-800x800.webp 800w, https:\/\/mountlaser.com\/wp-content\/uploads\/2025\/11\/TC-74-600x600.webp 600w, https:\/\/mountlaser.com\/wp-content\/uploads\/2025\/11\/TC-74-150x150.webp 150w, https:\/\/mountlaser.com\/wp-content\/uploads\/2025\/11\/TC-74-768x768.webp 768w, https:\/\/mountlaser.com\/wp-content\/uploads\/2025\/11\/TC-74-12x12.webp 12w, https:\/\/mountlaser.com\/wp-content\/uploads\/2025\/11\/TC-74.webp 1000w\" sizes=\"(max-width: 300px) 100vw, 300px\" \/><\/td>\n<td width=\"261\">CEO, CE, XT, XM, TSCE<br \/>\nChi\u1ec1u r\u1ed9ng: 95\u201375mm Chi\u1ec1u cao: 47mm<\/td>\n<\/tr>\n<tr>\n<td>TC-10<\/td>\n<td><img decoding=\"async\" class=\"alignnone wp-image-4208 size-medium\" src=\"https:\/\/mountlaser.com\/wp-content\/uploads\/2025\/11\/TC-105-300x300.webp\" alt=\"TC-10 adjustable phone holder\" width=\"300\" height=\"300\" srcset=\"https:\/\/mountlaser.com\/wp-content\/uploads\/2025\/11\/TC-105-300x300.webp 300w, https:\/\/mountlaser.com\/wp-content\/uploads\/2025\/11\/TC-105-400x400.webp 400w, https:\/\/mountlaser.com\/wp-content\/uploads\/2025\/11\/TC-105-800x800.webp 800w, https:\/\/mountlaser.com\/wp-content\/uploads\/2025\/11\/TC-105-600x600.webp 600w, https:\/\/mountlaser.com\/wp-content\/uploads\/2025\/11\/TC-105-150x150.webp 150w, https:\/\/mountlaser.com\/wp-content\/uploads\/2025\/11\/TC-105-768x768.webp 768w, https:\/\/mountlaser.com\/wp-content\/uploads\/2025\/11\/TC-105-12x12.webp 12w, https:\/\/mountlaser.com\/wp-content\/uploads\/2025\/11\/TC-105.webp 1000w\" sizes=\"(max-width: 300px) 100vw, 300px\" \/><\/td>\n<td width=\"261\">Geo 6000 Chi\u1ec1u r\u1ed9ng: 110\u201395mm<br \/>\nChi\u1ec1u cao: 47mm<\/td>\n<\/tr>\n<\/tbody>\n<\/table>","protected":false},"excerpt":{"rendered":"<ul>\n<li>Thi\u1ebft k\u1ebf c\u00f3 th\u1ec3 \u0111i\u1ec1u ch\u1ec9nh ph\u00f9 h\u1ee3p v\u1edbi nhi\u1ec1u thi\u1ebft b\u1ecb thu th\u1eadp d\u1eef li\u1ec7u v\u00e0 thi\u1ebft b\u1ecb di \u0111\u1ed9ng kh\u00e1c nhau.<\/li>\n<li>Gi\u00e1 \u0111\u1ee1 \u0111i\u1ec1u ch\u1ec9nh TC-6 h\u1ed7 tr\u1ee3 c\u00e1c lo\u1ea1i \u1ed1ng nh\u00f2m Recon, Archer, Getac535 (Chi\u1ec1u r\u1ed9ng 92\u201372mm, Chi\u1ec1u cao 30mm).<\/li>\n<li>Gi\u00e1 \u0111\u1ee1 \u0111i\u1ec1u ch\u1ec9nh TC-7 ph\u00f9 h\u1ee3p v\u1edbi c\u00e1c d\u00f2ng m\u00e1y CEO, CE, XT, XM, TSCE (Chi\u1ec1u r\u1ed9ng 95\u201375mm, Chi\u1ec1u cao 47mm).<\/li>\n<li>Gi\u00e1 \u0111\u1ee1 \u0111i\u1ec1u ch\u1ec9nh TC-10 h\u1ed7 tr\u1ee3 Geo 6000 (Chi\u1ec1u r\u1ed9ng 110\u201395mm, Chi\u1ec1u cao 47mm).<\/li>\n<li>K\u1ebft c\u1ea5u b\u1ec1n ch\u1eafc \u0111\u1ea3m b\u1ea3o \u0111\u1ed9 tin c\u1eady trong \u0111i\u1ec1u ki\u1ec7n th\u1ef1c t\u1ebf v\u00e0 tu\u1ed5i th\u1ecd s\u1eed d\u1ee5ng l\u00e2u d\u00e0i.<\/li>\n<li>D\u1ec5 d\u00e0ng l\u1eafp \u0111\u1eb7t, nhanh ch\u00f3ng g\u1eafn l\u00ean gi\u00e1 ba ch\u00e2n, c\u1ed9t ho\u1eb7c gi\u00e1 \u0111\u1ee1.<\/li>\n<\/ul>","protected":false},"featured_media":4187,"comment_status":"open","ping_status":"closed","template":"","meta":[],"product_brand":[],"product_cat":[84,123],"product_tag":[],"class_list":{"0":"post-4186","1":"product","2":"type-product","3":"status-publish","4":"has-post-thumbnail","6":"product_cat-gnss-accessory","7":"product_cat-claw-type-holder","9":"first","10":"instock","11":"shipping-taxable","12":"product-type-simple"},"_links":{"self":[{"href":"https:\/\/mountlaser.com\/vi\/wp-json\/wp\/v2\/product\/4186","targetHints":{"allow":["GET"]}}],"collection":[{"href":"https:\/\/mountlaser.com\/vi\/wp-json\/wp\/v2\/product"}],"about":[{"href":"https:\/\/mountlaser.com\/vi\/wp-json\/wp\/v2\/types\/product"}],"replies":[{"embeddable":true,"href":"https:\/\/mountlaser.com\/vi\/wp-json\/wp\/v2\/comments?post=4186"}],"wp:featuredmedia":[{"embeddable":true,"href":"https:\/\/mountlaser.com\/vi\/wp-json\/wp\/v2\/media\/4187"}],"wp:attachment":[{"href":"https:\/\/mountlaser.com\/vi\/wp-json\/wp\/v2\/media?parent=4186"}],"wp:term":[{"taxonomy":"product_brand","embeddable":true,"href":"https:\/\/mountlaser.com\/vi\/wp-json\/wp\/v2\/product_brand?post=4186"},{"taxonomy":"product_cat","embeddable":true,"href":"https:\/\/mountlaser.com\/vi\/wp-json\/wp\/v2\/product_cat?post=4186"},{"taxonomy":"product_tag","embeddable":true,"href":"https:\/\/mountlaser.com\/vi\/wp-json\/wp\/v2\/product_tag?post=4186"}],"curies":[{"name":"trang web","href":"https:\/\/api.w.org\/{rel}","templated":true}]}}