{"id":4171,"date":"2025-11-13T01:25:07","date_gmt":"2025-11-13T01:25:07","guid":{"rendered":"https:\/\/mountlaser.com\/?post_type=product&#038;p=4171"},"modified":"2025-11-27T05:46:26","modified_gmt":"2025-11-27T05:46:26","slug":"tc-5-claw-type-holder","status":"publish","type":"product","link":"https:\/\/mountlaser.com\/vi\/san-pham\/tc-5-claw-type-holder\/","title":{"rendered":"Gi\u00e1 \u0111\u1ee1 ki\u1ec3u m\u00f3ng vu\u1ed1t TC-5"},"content":{"rendered":"<p data-start=\"106\" data-end=\"379\">Gi\u00e1 \u0111\u1ee1 ki\u1ec3u m\u00f3ng vu\u1ed1t l\u00e0 m\u1ed9t ph\u1ee5 ki\u1ec7n g\u1eafn k\u1ebft \u0111\u00e1ng tin c\u1eady v\u00e0 b\u1ec1n b\u1ec9, \u0111\u01b0\u1ee3c thi\u1ebft k\u1ebf cho c\u00e1c \u1ee9ng d\u1ee5ng kh\u1ea3o s\u00e1t v\u00e0 \u0111o l\u01b0\u1eddng chuy\u00ean nghi\u1ec7p. <a href=\"https:\/\/mountlaser.com\/vi\/products\/\"><strong>K\u1eb9p c\u1ed9t m\u00f3ng vu\u1ed1t tr\u01a1n<\/strong><\/a> S\u1ea3n ph\u1ea9m c\u00f3 hai m\u1eabu \u2013 TC-5 v\u00e0 TC-5Q \u2013 c\u1ea3 hai \u0111\u1ec1u \u0111\u01b0\u1ee3c thi\u1ebft k\u1ebf \u0111\u1ec3 l\u1eafp v\u1eeba v\u1eb7n v\u1edbi c\u1ed9t c\u00f3 \u0111\u01b0\u1eddng k\u00ednh 32mm ho\u1eb7c 1\u00bc inch m\u1ed9t c\u00e1ch ch\u00ednh x\u00e1c v\u00e0 \u1ed5n \u0111\u1ecbnh.<\/p>\n<p data-start=\"381\" data-end=\"719\">K\u1eb9p c\u1ea7n Plain Claw \u0111\u1ea3m b\u1ea3o k\u1ebft n\u1ed1i ch\u1eafc ch\u1eafn v\u00e0 kh\u00f4ng tr\u01b0\u1ee3t gi\u1eefa c\u1ea7n v\u00e0 thi\u1ebft b\u1ecb c\u1ee7a b\u1ea1n, mang l\u1ea1i hi\u1ec7u su\u1ea5t \u0111\u00e1ng tin c\u1eady trong m\u1ecdi \u0111i\u1ec1u ki\u1ec7n ngo\u00e0i tr\u1eddi. <a href=\"https:\/\/mountlaser.com\/vi\/about-us\/\"><strong data-start=\"548\" data-end=\"576\">K\u1eb9p c\u1ed9t th\u00e1o nhanh<\/strong> <\/a>Phi\u00ean b\u1ea3n (TC-5Q) n\u00e2ng cao hi\u1ec7u qu\u1ea3 h\u01a1n n\u1eefa b\u1eb1ng c\u00e1ch t\u00edch h\u1ee3p kh\u1edbp c\u1ea7u Ram Ball 1\u2033 gi\u00fap \u0111i\u1ec1u ch\u1ec9nh d\u1ec5 d\u00e0ng v\u00e0 nhanh ch\u00f3ng h\u01a1n trong qu\u00e1 tr\u00ecnh thi\u1ebft l\u1eadp ho\u1eb7c di d\u1eddi.<\/p>\n<p data-start=\"721\" data-end=\"1045\">\u0110\u01b0\u1ee3c ch\u1ebf t\u1ea1o t\u1eeb v\u1eadt li\u1ec7u ch\u1ea5t l\u01b0\u1ee3ng cao, c\u1ea3 hai phi\u00ean b\u1ea3n \u0111\u1ec1u mang l\u1ea1i \u0111\u1ed9 b\u00e1m ch\u1eafc ch\u1eafn m\u00e0 kh\u00f4ng l\u00e0m h\u1ecfng b\u1ec1 m\u1eb7t c\u1ed9t. K\u1eb9p c\u1ed9t Plain Claw l\u00fd t\u01b0\u1edfng cho nh\u1eefng ng\u01b0\u1eddi chuy\u00ean nghi\u1ec7p coi tr\u1ecdng s\u1ef1 \u0111\u01a1n gi\u1ea3n v\u00e0 \u0111\u1ed9 b\u1ec1n ch\u1eafc, trong khi phi\u00ean b\u1ea3n c\u00f2n l\u1ea1i th\u00ec kh\u00e1c. <a href=\"https:\/\/mountlaser.com\/vi\/contact-us\/\">K\u1eb9p c\u1ed9t th\u00e1o nhanh<\/a> Cung c\u1ea5p t\u00ednh linh ho\u1ea1t v\u00e0 ti\u1ec7n l\u1ee3i cao h\u01a1n cho vi\u1ec7c thay \u0111\u1ed5i thi\u1ebft b\u1ecb th\u01b0\u1eddng xuy\u00ean.<\/p>\n<p data-start=\"721\" data-end=\"1045\"><strong>Th\u00f4ng s\u1ed1 k\u1ef9 thu\u1eadt c\u1ee7a gi\u00e1 \u0111\u1ee1 ki\u1ec3u c\u00e0ng TC-5<\/strong><\/p>\n<table width=\"587\">\n<tbody>\n<tr>\n<td width=\"72\">Ng\u01b0\u1eddi m\u1eabu<\/td>\n<td width=\"254\">H\u00ecnh \u1ea3nh<\/td>\n<td width=\"261\">Th\u00f4ng s\u1ed1<\/td>\n<\/tr>\n<tr>\n<td>TC-5<\/td>\n<td><img fetchpriority=\"high\" decoding=\"async\" class=\"alignnone wp-image-4173 size-medium\" src=\"https:\/\/mountlaser.com\/wp-content\/uploads\/2025\/11\/TC-52-300x300.webp\" alt=\"tc-5 Plain Claw Pole Clamp\" width=\"300\" height=\"300\" srcset=\"https:\/\/mountlaser.com\/wp-content\/uploads\/2025\/11\/TC-52-300x300.webp 300w, https:\/\/mountlaser.com\/wp-content\/uploads\/2025\/11\/TC-52-400x400.webp 400w, https:\/\/mountlaser.com\/wp-content\/uploads\/2025\/11\/TC-52-800x800.webp 800w, https:\/\/mountlaser.com\/wp-content\/uploads\/2025\/11\/TC-52-600x600.webp 600w, https:\/\/mountlaser.com\/wp-content\/uploads\/2025\/11\/TC-52-150x150.webp 150w, https:\/\/mountlaser.com\/wp-content\/uploads\/2025\/11\/TC-52-768x768.webp 768w, https:\/\/mountlaser.com\/wp-content\/uploads\/2025\/11\/TC-52-12x12.webp 12w, https:\/\/mountlaser.com\/wp-content\/uploads\/2025\/11\/TC-52.webp 1000w\" sizes=\"(max-width: 300px) 100vw, 300px\" \/><\/td>\n<td width=\"261\">\u0110\u01b0\u1eddng k\u00ednh 32mm ho\u1eb7c 1\u00bc inch<br \/>\nC\u1ed9t<\/td>\n<\/tr>\n<tr>\n<td>TC-5Q<\/td>\n<td><img decoding=\"async\" class=\"alignnone wp-image-4181 size-medium\" src=\"https:\/\/mountlaser.com\/wp-content\/uploads\/2025\/11\/TC-5-Q2-300x300.webp\" alt=\"tc-5q Plain Claw Pole Clamp\" width=\"300\" height=\"300\" srcset=\"https:\/\/mountlaser.com\/wp-content\/uploads\/2025\/11\/TC-5-Q2-300x300.webp 300w, https:\/\/mountlaser.com\/wp-content\/uploads\/2025\/11\/TC-5-Q2-400x400.webp 400w, https:\/\/mountlaser.com\/wp-content\/uploads\/2025\/11\/TC-5-Q2-800x800.webp 800w, https:\/\/mountlaser.com\/wp-content\/uploads\/2025\/11\/TC-5-Q2-600x600.webp 600w, https:\/\/mountlaser.com\/wp-content\/uploads\/2025\/11\/TC-5-Q2-150x150.webp 150w, https:\/\/mountlaser.com\/wp-content\/uploads\/2025\/11\/TC-5-Q2-768x768.webp 768w, https:\/\/mountlaser.com\/wp-content\/uploads\/2025\/11\/TC-5-Q2-12x12.webp 12w, https:\/\/mountlaser.com\/wp-content\/uploads\/2025\/11\/TC-5-Q2.webp 1000w\" sizes=\"(max-width: 300px) 100vw, 300px\" \/><\/td>\n<td width=\"261\">\u0110\u01b0\u1eddng k\u00ednh 32mm ho\u1eb7c 1\u00bc inch<br \/>\nC\u1ed9t<\/td>\n<\/tr>\n<\/tbody>\n<\/table>\n<p data-start=\"721\" data-end=\"1045\">","protected":false},"excerpt":{"rendered":"<ul>\n<li data-start=\"1067\" data-end=\"1110\">T\u01b0\u01a1ng th\u00edch v\u1edbi c\u1ed9t c\u00f3 \u0111\u01b0\u1eddng k\u00ednh 32mm ho\u1eb7c 1\u00bc inch.<\/li>\n<li data-start=\"1067\" data-end=\"1110\">Thi\u1ebft k\u1ebf m\u00f3ng vu\u1ed1t ch\u1eafc ch\u1eafn \u0111\u1ea3m b\u1ea3o \u0111\u1ed9 b\u00e1m v\u1eefng ch\u1eafc, kh\u00f4ng tr\u01a1n tr\u01b0\u1ee3t.<\/li>\n<li data-start=\"1166\" data-end=\"1240\">K\u1eb9p c\u1ed9t ki\u1ec3u m\u00f3ng vu\u1ed1t tr\u01a1n mang l\u1ea1i hi\u1ec7u su\u1ea5t kh\u00f3a \u1ed5n \u0111\u1ecbnh, truy\u1ec1n th\u1ed1ng.<\/li>\n<li data-start=\"1243\" data-end=\"1322\">K\u1eb9p c\u1ed9t th\u00e1o nhanh bao g\u1ed3m kh\u1edbp c\u1ea7u Ram Ball 1 inch \u0111\u1ec3 \u0111\u1ecbnh v\u1ecb nhanh ch\u00f3ng.<\/li>\n<li data-start=\"1325\" data-end=\"1389\">D\u1ec5 d\u00e0ng l\u1eafp \u0111\u1eb7t v\u00e0 th\u00e1o g\u1ee1, ph\u00f9 h\u1ee3p v\u1edbi nhi\u1ec1u \u1ee9ng d\u1ee5ng th\u1ef1c \u0111\u1ecba.<\/li>\n<\/ul>","protected":false},"featured_media":4173,"comment_status":"open","ping_status":"closed","template":"","meta":[],"product_brand":[],"product_cat":[84,123],"product_tag":[],"class_list":{"0":"post-4171","1":"product","2":"type-product","3":"status-publish","4":"has-post-thumbnail","6":"product_cat-gnss-accessory","7":"product_cat-claw-type-holder","9":"first","10":"instock","11":"shipping-taxable","12":"product-type-simple"},"_links":{"self":[{"href":"https:\/\/mountlaser.com\/vi\/wp-json\/wp\/v2\/product\/4171","targetHints":{"allow":["GET"]}}],"collection":[{"href":"https:\/\/mountlaser.com\/vi\/wp-json\/wp\/v2\/product"}],"about":[{"href":"https:\/\/mountlaser.com\/vi\/wp-json\/wp\/v2\/types\/product"}],"replies":[{"embeddable":true,"href":"https:\/\/mountlaser.com\/vi\/wp-json\/wp\/v2\/comments?post=4171"}],"wp:featuredmedia":[{"embeddable":true,"href":"https:\/\/mountlaser.com\/vi\/wp-json\/wp\/v2\/media\/4173"}],"wp:attachment":[{"href":"https:\/\/mountlaser.com\/vi\/wp-json\/wp\/v2\/media?parent=4171"}],"wp:term":[{"taxonomy":"product_brand","embeddable":true,"href":"https:\/\/mountlaser.com\/vi\/wp-json\/wp\/v2\/product_brand?post=4171"},{"taxonomy":"product_cat","embeddable":true,"href":"https:\/\/mountlaser.com\/vi\/wp-json\/wp\/v2\/product_cat?post=4171"},{"taxonomy":"product_tag","embeddable":true,"href":"https:\/\/mountlaser.com\/vi\/wp-json\/wp\/v2\/product_tag?post=4171"}],"curies":[{"name":"trang web","href":"https:\/\/api.w.org\/{rel}","templated":true}]}}