{"id":417,"date":"2024-03-21T12:24:00","date_gmt":"2024-03-21T12:24:00","guid":{"rendered":"https:\/\/startersites.io\/blocksy\/pottery\/?post_type=product&#038;p=417"},"modified":"2025-12-01T06:50:02","modified_gmt":"2025-12-01T06:50:02","slug":"fdc01g-japanese-style-tribrach-carrier","status":"publish","type":"product","link":"https:\/\/mountlaser.com\/vi\/san-pham\/fdc01g-japanese-style-tribrach-carrier\/","title":{"rendered":"Gi\u00e1 \u0111\u1ee1 ba ch\u00e2n ki\u1ec3u Nh\u1eadt FDC01G"},"content":{"rendered":"<p>C\u00e1i <a href=\"https:\/\/mountlaser.com\/vi\/danh-muc-san-pham\/surveying-accessory\/\"><strong>Gi\u00e1 \u0111\u1ee1 ba ch\u00e2n ki\u1ec3u Nh\u1eadt FDC01G<\/strong><\/a> Gi\u00e1 \u0111\u1ee1 ba ch\u00e2n c\u1ee7a Mount Laser \u0111\u01b0\u1ee3c ch\u1ebf t\u1ea1o \u0111\u1ec3 ch\u1ecbu \u0111\u01b0\u1ee3c s\u1ef1 kh\u1eafc nghi\u1ec7t c\u1ee7a vi\u1ec7c s\u1eed d\u1ee5ng h\u00e0ng ng\u00e0y ngo\u00e0i hi\u1ec7n tr\u01b0\u1eddng, kh\u1eb3ng \u0111\u1ecbnh v\u1ecb th\u1ebf l\u00e0 m\u1ed9t gi\u00e1 \u0111\u1ee1 ba ch\u00e2n b\u1ec1n b\u1ec9 th\u1ef1c s\u1ef1. C\u1ea5u tr\u00fac ch\u1eafc ch\u1eafn c\u1ee7a n\u00f3 \u0111\u1ea3m b\u1ea3o \u0111\u1ed9 tin c\u1eady l\u00e2u d\u00e0i, khi\u1ebfn n\u00f3 tr\u1edf th\u00e0nh l\u1ef1a ch\u1ecdn l\u00fd t\u01b0\u1edfng cho c\u00e1c m\u00f4i tr\u01b0\u1eddng kh\u1ea3o s\u00e1t \u0111\u00f2i h\u1ecfi cao. M\u00f4 h\u00ecnh n\u00e0y \u0111\u01b0\u1ee3c thi\u1ebft k\u1ebf \u0111\u1eb7c bi\u1ec7t nh\u01b0 m\u1ed9t gi\u00e1 \u0111\u1ee1 ba ch\u00e2n kh\u00f4ng c\u00f3 th\u01b0\u1edbc ng\u1eafm quang h\u1ecdc, gi\u00fap \u0111\u01a1n gi\u1ea3n h\u00f3a qu\u00e1 tr\u00ecnh thi\u1ebft l\u1eadp cho c\u00e1c \u1ee9ng d\u1ee5ng kh\u00f4ng c\u1ea7n \u0111\u1ebfn k\u00ednh ng\u1eafm quang h\u1ecdc.<\/p>\n<p><img fetchpriority=\"high\" decoding=\"async\" class=\"wp-image-2110 aligncenter\" src=\"https:\/\/mountlaser.com\/wp-content\/uploads\/2024\/03\/3.webp\" alt=\"Durable Tribrach Carrier\" width=\"500\" height=\"500\" srcset=\"https:\/\/mountlaser.com\/wp-content\/uploads\/2024\/03\/3.webp 1000w, https:\/\/mountlaser.com\/wp-content\/uploads\/2024\/03\/3-300x300.webp 300w, https:\/\/mountlaser.com\/wp-content\/uploads\/2024\/03\/3-400x400.webp 400w, https:\/\/mountlaser.com\/wp-content\/uploads\/2024\/03\/3-800x800.webp 800w, https:\/\/mountlaser.com\/wp-content\/uploads\/2024\/03\/3-600x600.webp 600w, https:\/\/mountlaser.com\/wp-content\/uploads\/2024\/03\/3-150x150.webp 150w, https:\/\/mountlaser.com\/wp-content\/uploads\/2024\/03\/3-768x768.webp 768w, https:\/\/mountlaser.com\/wp-content\/uploads\/2024\/03\/3-12x12.webp 12w\" sizes=\"(max-width: 500px) 100vw, 500px\" \/><br \/>\nS\u1ee9c m\u1ea1nh c\u1ee7a \u0111i\u1ec1u n\u00e0y <a href=\"https:\/\/mountlaser.com\/vi\/about-us\/\"><strong>Gi\u00e1 \u0111\u1ee1 ba ch\u00e2n b\u1ec1n ch\u1eafc<\/strong><\/a> S\u1ea3n ph\u1ea9m n\u00e0y \u0111\u01b0\u1ee3c b\u1ed5 sung b\u1edfi thi\u1ebft k\u1ebf th\u1ef1c d\u1ee5ng, bao g\u1ed3m ren ti\u00eau chu\u1ea9n 5\/8\u2033-11 d\u00e0nh cho thi\u1ebft b\u1ecb GPS v\u00e0 c\u00f3 c\u00e1c m\u00e0u V\u00e0ng, X\u00e1m ho\u1eb7c \u0110en d\u1ec5 nh\u1eadn bi\u1ebft. <a href=\"https:\/\/mountlaser.com\/vi\/contact-us\/\"><strong>Gi\u00e1 \u0111\u1ee1 ba ch\u00e2n hi\u1ec7u qu\u1ea3<\/strong><\/a> Kh\u00f4ng c\u00f3 c\u00e1c t\u00ednh n\u0103ng quang h\u1ecdc, FDC01G mang \u0111\u1ebfn s\u1ef1 k\u1ebft h\u1ee3p ho\u00e0n h\u1ea3o gi\u1eefa \u0111\u1ed9 b\u1ec1n v\u00e0 t\u1ed1c \u0111\u1ed9 cho c\u00e1c \u0111\u1ed9i kh\u1ea3o s\u00e1t hi\u1ec7n \u0111\u1ea1i.<\/p>","protected":false},"excerpt":{"rendered":"<ul>\n<li>Thi\u1ebft k\u1ebf \u0111\u01a1n gi\u1ea3n: Ho\u1ea1t \u0111\u1ed9ng nh\u01b0 m\u1ed9t gi\u00e1 \u0111\u1ee1 ba ch\u00e2n ti\u1ec7n d\u1ee5ng m\u00e0 kh\u00f4ng c\u1ea7n th\u01b0\u1edbc ng\u1eafm quang h\u1ecdc, gi\u00fap thi\u1ebft l\u1eadp nhanh h\u01a1n \u0111\u1ec3 g\u1eafn GPS tr\u1ef1c ti\u1ebfp.<\/li>\n<li>K\u1ebft n\u1ed1i GPS ti\u00eau chu\u1ea9n: C\u00f3 ren 5\/8\u2033-11 (FDC01G) \u0111\u1ec3 g\u1eafn ch\u1eafc ch\u1eafn c\u00e1c thi\u1ebft b\u1ecb thu v\u00e0 \u0103ng-ten GPS.<\/li>\n<\/ul>","protected":false},"featured_media":2108,"comment_status":"open","ping_status":"closed","template":"","meta":[],"product_brand":[],"product_cat":[79,98],"product_tag":[],"class_list":{"0":"post-417","1":"product","2":"type-product","3":"status-publish","4":"has-post-thumbnail","6":"product_cat-surveying-accessory","7":"product_cat-japanese-style-tribrach-carrier","9":"first","10":"instock","11":"shipping-taxable","12":"product-type-simple"},"_links":{"self":[{"href":"https:\/\/mountlaser.com\/vi\/wp-json\/wp\/v2\/product\/417","targetHints":{"allow":["GET"]}}],"collection":[{"href":"https:\/\/mountlaser.com\/vi\/wp-json\/wp\/v2\/product"}],"about":[{"href":"https:\/\/mountlaser.com\/vi\/wp-json\/wp\/v2\/types\/product"}],"replies":[{"embeddable":true,"href":"https:\/\/mountlaser.com\/vi\/wp-json\/wp\/v2\/comments?post=417"}],"wp:featuredmedia":[{"embeddable":true,"href":"https:\/\/mountlaser.com\/vi\/wp-json\/wp\/v2\/media\/2108"}],"wp:attachment":[{"href":"https:\/\/mountlaser.com\/vi\/wp-json\/wp\/v2\/media?parent=417"}],"wp:term":[{"taxonomy":"product_brand","embeddable":true,"href":"https:\/\/mountlaser.com\/vi\/wp-json\/wp\/v2\/product_brand?post=417"},{"taxonomy":"product_cat","embeddable":true,"href":"https:\/\/mountlaser.com\/vi\/wp-json\/wp\/v2\/product_cat?post=417"},{"taxonomy":"product_tag","embeddable":true,"href":"https:\/\/mountlaser.com\/vi\/wp-json\/wp\/v2\/product_tag?post=417"}],"curies":[{"name":"trang web","href":"https:\/\/api.w.org\/{rel}","templated":true}]}}