{"id":4161,"date":"2025-11-12T09:23:20","date_gmt":"2025-11-12T09:23:20","guid":{"rendered":"https:\/\/mountlaser.com\/?post_type=product&#038;p=4161"},"modified":"2025-11-27T05:48:16","modified_gmt":"2025-11-27T05:48:16","slug":"dz215sl-aluminum-prism-pole","status":"publish","type":"product","link":"https:\/\/mountlaser.com\/vi\/san-pham\/dz215sl-aluminum-prism-pole\/","title":{"rendered":"C\u1ed9t l\u0103ng k\u00ednh nh\u00f4m DZ215SL"},"content":{"rendered":"<p><a href=\"https:\/\/mountlaser.com\/vi\/\">C\u1ed9t l\u0103ng k\u00ednh nh\u00f4m DZ215SL<\/a>K\u1ef9 thu\u1eadt ch\u00ednh x\u00e1c d\u00e0nh cho nh\u00e0 kh\u1ea3o s\u00e1t tinh t\u1ebf<\/p>\n<p>T\u1ea1i Mount Laser, \u0111\u1ed9 ch\u00ednh x\u00e1c l\u00e0 y\u1ebfu t\u1ed1 t\u1ed1i quan tr\u1ecdng, v\u00e0 \u0111i\u1ec1u \u0111\u00f3 b\u1eaft \u0111\u1ea7u t\u1eeb n\u1ec1n t\u1ea3ng c\u1ee7a c\u00e1c ph\u00e9p \u0111o. Ch\u00fang t\u00f4i t\u1ef1 h\u00e0o gi\u1edbi thi\u1ec7u C\u1ed9t l\u0103ng k\u00ednh nh\u00f4m DZ215SL, m\u1ed9t c\u00f4ng c\u1ee5 \u0111\u01b0\u1ee3c thi\u1ebft k\u1ebf d\u00e0nh cho c\u00e1c chuy\u00ean gia \u0111\u00f2i h\u1ecfi \u0111\u1ed9 ch\u00ednh x\u00e1c tuy\u1ec7t \u0111\u1ed1i v\u00e0 hi\u1ec7u su\u1ea5t m\u1ea1nh m\u1ebd. C\u1ed9t nh\u00f4m c\u01b0\u1eddng \u0111\u1ed9 cao n\u00e0y l\u00e0 n\u1ec1n t\u1ea3ng \u0111\u00e1ng tin c\u1eady cho l\u0103ng k\u00ednh c\u1ee7a b\u1ea1n, \u0111\u1ea3m b\u1ea3o s\u1ef1 \u1ed5n \u0111\u1ecbnh v\u00e0 \u0111\u1ed9 b\u1ec1n tr\u00ean m\u1ecdi c\u00f4ng tr\u01b0\u1eddng.<\/p>\n<p>C\u00e1i <a href=\"https:\/\/mountlaser.com\/vi\/products\/\"><strong>C\u1ed9t l\u0103ng k\u00ednh nh\u00f4m DZ215SL<\/strong> <\/a>S\u1ea3n ph\u1ea9m c\u00f3 hai c\u1ea5u h\u00ecnh chuy\u00ean d\u1ee5ng \u0111\u1ec3 ph\u00f9 h\u1ee3p v\u1edbi nhu c\u1ea7u l\u1eafp \u0111\u1eb7t c\u1ee5 th\u1ec3 c\u1ee7a b\u1ea1n: C\u1ed9t l\u0103ng k\u00ednh nh\u00f4m DZ215SL-RW v\u00e0 C\u1ed9t l\u0103ng k\u00ednh nh\u00f4m DZ215SL-SR. C\u1ea3 hai m\u1eabu \u0111\u1ec1u c\u00f3 c\u00f9ng cam k\u1ebft c\u1ed1t l\u00f5i v\u1ec1 ch\u1ea5t l\u01b0\u1ee3ng nh\u01b0ng \u0111\u01b0\u1ee3c ph\u00e2n bi\u1ec7t b\u1edfi h\u1ec7 th\u1ed1ng b\u1ed9 chuy\u1ec3n \u0111\u1ed5i s\u1ea3n xu\u1ea5t t\u1ea1i Th\u1ee5y S\u0129, mang \u0111\u1ebfn cho b\u1ea1n s\u1ef1 l\u1ef1a ch\u1ecdn v\u1ec1 kh\u1ea3 n\u0103ng t\u01b0\u01a1ng th\u00edch t\u1ed1i \u01b0u v\u1edbi thi\u1ebft b\u1ecb c\u1ee7a m\u00ecnh.<\/p>\n<p><img fetchpriority=\"high\" decoding=\"async\" class=\"aligncenter wp-image-4163\" src=\"https:\/\/mountlaser.com\/wp-content\/uploads\/2025\/11\/DZ215SL-RW-1.webp\" alt=\"DZ215SL Aluminum Prism Pole\" width=\"500\" height=\"500\" srcset=\"https:\/\/mountlaser.com\/wp-content\/uploads\/2025\/11\/DZ215SL-RW-1.webp 1000w, https:\/\/mountlaser.com\/wp-content\/uploads\/2025\/11\/DZ215SL-RW-1-300x300.webp 300w, https:\/\/mountlaser.com\/wp-content\/uploads\/2025\/11\/DZ215SL-RW-1-400x400.webp 400w, https:\/\/mountlaser.com\/wp-content\/uploads\/2025\/11\/DZ215SL-RW-1-800x800.webp 800w, https:\/\/mountlaser.com\/wp-content\/uploads\/2025\/11\/DZ215SL-RW-1-600x600.webp 600w, https:\/\/mountlaser.com\/wp-content\/uploads\/2025\/11\/DZ215SL-RW-1-150x150.webp 150w, https:\/\/mountlaser.com\/wp-content\/uploads\/2025\/11\/DZ215SL-RW-1-768x768.webp 768w, https:\/\/mountlaser.com\/wp-content\/uploads\/2025\/11\/DZ215SL-RW-1-12x12.webp 12w\" sizes=\"(max-width: 500px) 100vw, 500px\" \/><\/p>\n<p>C\u00e1i <a href=\"https:\/\/mountlaser.com\/vi\/about-us\/\">C\u1ed9t l\u0103ng k\u00ednh nh\u00f4m DZ215SL<\/a> S\u1ea3n ph\u1ea9m c\u00f3 hai phi\u00ean b\u1ea3n, ch\u1ec9 kh\u00e1c nhau v\u1ec1 m\u00e0u s\u1eafc: C\u1ed9t l\u0103ng k\u00ednh nh\u00f4m DZ215SL-RW c\u00f3 ph\u1ed1i m\u00e0u \u0111\u1ecf v\u00e0 tr\u1eafng, c\u00f2n c\u1ed9t l\u0103ng k\u00ednh nh\u00f4m DZ215SL-SR c\u00f3 ph\u1ed1i m\u00e0u b\u1ea1c.<\/p>\n<p><strong>Th\u00f4ng s\u1ed1 k\u1ef9 thu\u1eadt c\u1ed9t l\u0103ng k\u00ednh nh\u00f4m DZ215SL<\/strong><\/p>\n<table style=\"border-collapse: collapse; width: 741.77pt;\" border=\"0\" width=\"989\" cellspacing=\"0\" cellpadding=\"0\">\n<tbody>\n<tr style=\"height: 14.25pt;\">\n<td class=\"et2\" style=\"height: 14.25pt; width: 142.50pt;\" width=\"190\" height=\"19\">CON S\u1ed0<\/td>\n<td class=\"et2\" style=\"width: 127.50pt;\" width=\"170\">CHI\u1ec0U D\u00c0I<\/td>\n<td class=\"et2\" style=\"width: 126.00pt;\" width=\"168\">V\u1eacT LI\u1ec6U<\/td>\n<td class=\"et2\" style=\"width: 135.00pt;\" width=\"180\">SINH VI\u00caN T\u1ed0T NGHI\u1ec6P<\/td>\n<td class=\"et2\" style=\"width: 124.50pt;\" width=\"166\">B\u1ed8 CHUY\u1ec2N \u0110\u1ed4I<\/td>\n<td class=\"et2\" style=\"width: 86.25pt;\" width=\"115\">\u0110\u01af\u1edcNG K\u00cdNH<\/td>\n<\/tr>\n<tr style=\"height: 14.25pt;\">\n<td class=\"et2\" style=\"height: 14.25pt;\" height=\"19\">DZ215SL<\/td>\n<td class=\"et2\">2,15m<\/td>\n<td class=\"et2\">Nh\u00f4m<\/td>\n<td class=\"et3\">cm<\/td>\n<td class=\"et3\">Th\u1ee5y S\u0129 ho\u1eb7c 5\/8\u2033-11<\/td>\n<td class=\"et3\">18\/25mm<\/td>\n<\/tr>\n<\/tbody>\n<\/table>","protected":false},"excerpt":{"rendered":"<ul>\n<li>\u0110\u1ea3m b\u1ea3o s\u1ef1 v\u1eeba kh\u00edt ho\u00e0n h\u1ea3o v\u00e0 ch\u1eafc ch\u1eafn cho l\u0103ng k\u00ednh c\u1ee7a b\u1ea1n, \u0111\u1ea3m b\u1ea3o t\u00ednh to\u00e0n v\u1eb9n d\u1eef li\u1ec7u v\u00e0 lo\u1ea1i b\u1ecf c\u00e1c l\u1ed7i \u0111o l\u01b0\u1eddng.<\/li>\n<li>\u1ed0ng th\u1ee7y chu\u1ea9n tr\u00f2n 30 inch t\u00edch h\u1ee3p: Cho ph\u00e9p c\u00e2n b\u1eb1ng nhanh ch\u00f3ng v\u00e0 ch\u00ednh x\u00e1c, m\u1ed9t b\u01b0\u1edbc quan tr\u1ecdng \u0111\u1ec3 c\u00f3 \u0111\u01b0\u1ee3c c\u00e1c ph\u00e9p \u0111o chi\u1ec1u d\u1ecdc \u0111\u00e1ng tin c\u1eady.<\/li>\n<li>Hai t\u00f9y ch\u1ecdn \u0111\u01b0\u1eddng k\u00ednh (18mm\/25mm): Mang l\u1ea1i s\u1ef1 linh ho\u1ea1t \u0111\u1ec3 ph\u00f9 h\u1ee3p v\u1edbi s\u1edf th\u00edch c\u1ee7a b\u1ea1n v\u1ec1 \u0111\u1ed9 c\u1ee9ng v\u00e0 kh\u1ea3 n\u0103ng c\u1ea7m n\u1eafm c\u1ee7a c\u1ea7n c\u00e2u.<\/li>\n<\/ul>","protected":false},"featured_media":4167,"comment_status":"open","ping_status":"closed","template":"","meta":[],"product_brand":[],"product_cat":[89,124],"product_tag":[],"class_list":{"0":"post-4161","1":"product","2":"type-product","3":"status-publish","4":"has-post-thumbnail","6":"product_cat-surveying-pole-rod","7":"product_cat-aluminum-fiberglass-prism-pole","9":"first","10":"instock","11":"shipping-taxable","12":"product-type-simple"},"_links":{"self":[{"href":"https:\/\/mountlaser.com\/vi\/wp-json\/wp\/v2\/product\/4161","targetHints":{"allow":["GET"]}}],"collection":[{"href":"https:\/\/mountlaser.com\/vi\/wp-json\/wp\/v2\/product"}],"about":[{"href":"https:\/\/mountlaser.com\/vi\/wp-json\/wp\/v2\/types\/product"}],"replies":[{"embeddable":true,"href":"https:\/\/mountlaser.com\/vi\/wp-json\/wp\/v2\/comments?post=4161"}],"wp:featuredmedia":[{"embeddable":true,"href":"https:\/\/mountlaser.com\/vi\/wp-json\/wp\/v2\/media\/4167"}],"wp:attachment":[{"href":"https:\/\/mountlaser.com\/vi\/wp-json\/wp\/v2\/media?parent=4161"}],"wp:term":[{"taxonomy":"product_brand","embeddable":true,"href":"https:\/\/mountlaser.com\/vi\/wp-json\/wp\/v2\/product_brand?post=4161"},{"taxonomy":"product_cat","embeddable":true,"href":"https:\/\/mountlaser.com\/vi\/wp-json\/wp\/v2\/product_cat?post=4161"},{"taxonomy":"product_tag","embeddable":true,"href":"https:\/\/mountlaser.com\/vi\/wp-json\/wp\/v2\/product_tag?post=4161"}],"curies":[{"name":"trang web","href":"https:\/\/api.w.org\/{rel}","templated":true}]}}