{"id":4153,"date":"2025-11-12T09:09:06","date_gmt":"2025-11-12T09:09:06","guid":{"rendered":"https:\/\/mountlaser.com\/?post_type=product&#038;p=4153"},"modified":"2025-11-27T05:56:05","modified_gmt":"2025-11-27T05:56:05","slug":"dz520-aluminum-prism-pole","status":"publish","type":"product","link":"https:\/\/mountlaser.com\/vi\/san-pham\/dz520-aluminum-prism-pole\/","title":{"rendered":"C\u1ed9t l\u0103ng k\u00ednh nh\u00f4m DZ520"},"content":{"rendered":"<p>T\u1ea1i Mount Laser, ch\u00fang t\u00f4i hi\u1ec3u r\u1eb1ng \u0111\u1ed9 ch\u00ednh x\u00e1c c\u1ee7a c\u00e1c ph\u00e9p \u0111o b\u1eb1ng m\u00e1y to\u00e0n \u0111\u1ea1c ph\u1ee5 thu\u1ed9c v\u00e0o \u0111\u1ed9 tin c\u1eady c\u1ee7a t\u1eebng th\u00e0nh ph\u1ea7n trong b\u1ed9 d\u1ee5ng c\u1ee5 c\u1ee7a b\u1ea1n. \u0110\u00f3 l\u00e0 l\u00fd do t\u1ea1i sao ch\u00fang t\u00f4i \u0111\u00e3 thi\u1ebft k\u1ebf... <a href=\"https:\/\/mountlaser.com\/vi\/\"><strong>C\u1ed9t l\u0103ng k\u00ednh nh\u00f4m DZ520<\/strong><\/a>, m\u1ed9t lo\u1ea1i c\u1ed9t l\u0103ng k\u00ednh chuy\u00ean nghi\u1ec7p d\u00e0nh cho m\u00e1y to\u00e0n \u0111\u1ea1c, k\u1ebft h\u1ee3p \u0111\u1ed9 b\u1ec1n nh\u1eb9 v\u1edbi ch\u1ee9c n\u0103ng v\u01b0\u1ee3t tr\u1ed9i.<\/p>\n<p>\u0110\u01b0\u1ee3c ch\u1ebf t\u1ea1o ho\u00e0n to\u00e0n t\u1eeb nh\u00f4m c\u01b0\u1eddng \u0111\u1ed9 cao, c\u1ed9t l\u0103ng tr\u1ee5 nh\u00f4m DZ520 \u0111\u01b0\u1ee3c thi\u1ebft k\u1ebf \u0111\u1ec3 ch\u1ecbu \u0111\u01b0\u1ee3c s\u1ef1 kh\u1eafc nghi\u1ec7t c\u1ee7a vi\u1ec7c s\u1eed d\u1ee5ng h\u00e0ng ng\u00e0y t\u1ea1i b\u1ea5t k\u1ef3 c\u00f4ng tr\u01b0\u1eddng n\u00e0o m\u00e0 kh\u00f4ng g\u00e2y n\u1eb7ng n\u1ec1. Thi\u1ebft k\u1ebf 4 \u0111o\u1ea1n ch\u1eafc ch\u1eafn c\u1ee7a n\u00f3 c\u00f3 th\u1ec3 k\u00e9o d\u00e0i \u0111\u1ebfn chi\u1ec1u cao t\u1ed1i \u0111a 5,2m., <a href=\"https:\/\/mountlaser.com\/vi\/products\/\"><strong>C\u1ed9t l\u0103ng k\u00ednh cho m\u00e1y to\u00e0n \u0111\u1ea1c<\/strong><\/a> Cung c\u1ea5p cho b\u1ea1n ph\u1ea1m vi ti\u1ebfp c\u1eadn c\u1ea7n thi\u1ebft cho nhi\u1ec1u \u1ee9ng d\u1ee5ng kh\u1ea3o s\u00e1t kh\u00e1c nhau.<\/p>\n<p><img fetchpriority=\"high\" decoding=\"async\" class=\"aligncenter wp-image-4156\" src=\"https:\/\/mountlaser.com\/wp-content\/uploads\/2025\/11\/DZ520QL2.webp\" alt=\"Prism pole for total station\" width=\"500\" height=\"500\" srcset=\"https:\/\/mountlaser.com\/wp-content\/uploads\/2025\/11\/DZ520QL2.webp 1000w, https:\/\/mountlaser.com\/wp-content\/uploads\/2025\/11\/DZ520QL2-300x300.webp 300w, https:\/\/mountlaser.com\/wp-content\/uploads\/2025\/11\/DZ520QL2-400x400.webp 400w, https:\/\/mountlaser.com\/wp-content\/uploads\/2025\/11\/DZ520QL2-800x800.webp 800w, https:\/\/mountlaser.com\/wp-content\/uploads\/2025\/11\/DZ520QL2-600x600.webp 600w, https:\/\/mountlaser.com\/wp-content\/uploads\/2025\/11\/DZ520QL2-150x150.webp 150w, https:\/\/mountlaser.com\/wp-content\/uploads\/2025\/11\/DZ520QL2-768x768.webp 768w, https:\/\/mountlaser.com\/wp-content\/uploads\/2025\/11\/DZ520QL2-12x12.webp 12w\" sizes=\"(max-width: 500px) 100vw, 500px\" \/><\/p>\n<p><a href=\"https:\/\/mountlaser.com\/vi\/contact-us\/\">C\u1ed9t l\u0103ng k\u00ednh nh\u00f4m DZ520<\/a> T\u00d9Y CH\u1eccN KH\u00d3A: C\u00f3 b\u1ed1n lo\u1ea1i:<br \/>\nC\u1ed9t l\u0103ng tr\u1ee5 b\u1eb1ng nh\u00f4m kh\u00f3a xoay<br \/>\nC\u1ed9t l\u0103ng tr\u1ee5 b\u1eb1ng nh\u00f4m c\u00f3 kh\u00f3a th\u00e1o nhanh<br \/>\nKh\u00f3a ki\u1ec3u GPS b\u1eb1ng nh\u00f4m d\u1ea1ng tr\u1ee5 h\u00ecnh l\u0103ng tr\u1ee5<\/p>\n<p><strong>Th\u00f4ng s\u1ed1 k\u1ef9 thu\u1eadt c\u1ed9t l\u0103ng k\u00ednh nh\u00f4m DZ520<\/strong><\/p>\n<table style=\"border-collapse: collapse; width: 741.77pt;\" border=\"0\" width=\"989\" cellspacing=\"0\" cellpadding=\"0\">\n<tbody>\n<tr style=\"height: 14.25pt;\">\n<td class=\"et2\" style=\"height: 14.25pt; width: 142.50pt;\" width=\"190\" height=\"19\">CON S\u1ed0<\/td>\n<td class=\"et2\" style=\"width: 127.50pt;\" width=\"170\">CHI\u1ec0U D\u00c0I<\/td>\n<td class=\"et2\" style=\"width: 126.00pt;\" width=\"168\">V\u1eacT LI\u1ec6U<\/td>\n<td class=\"et2\" style=\"width: 135.00pt;\" width=\"180\">SINH VI\u00caN T\u1ed0T NGHI\u1ec6P<\/td>\n<td class=\"et2\" style=\"width: 124.50pt;\" width=\"166\">T\u00d9Y CH\u1eccN KH\u00d3A<\/td>\n<td class=\"et2\" style=\"width: 86.25pt;\" width=\"115\">\u0110\u01af\u1edcNG K\u00cdNH<\/td>\n<\/tr>\n<tr style=\"height: 14.25pt;\">\n<td class=\"et3\" style=\"height: 14.25pt;\" height=\"19\">DZ520<\/td>\n<td class=\"et4\">520cm<\/td>\n<td class=\"et3\">Nh\u00f4m<\/td>\n<td class=\"et3\">M\u00e9t<\/td>\n<td class=\"et3\">TL\/ QL\/ GP<\/td>\n<td class=\"et3\">18\/25\/30\/36mm<\/td>\n<\/tr>\n<\/tbody>\n<\/table>","protected":false},"excerpt":{"rendered":"<ul>\n<li>\u1ed0ng th\u1ee7y chu\u1ea9n tr\u00f2n 30 inch t\u00edch h\u1ee3p: Cho ph\u00e9p c\u00e2n b\u1eb1ng nhanh ch\u00f3ng v\u00e0 d\u1ec5 d\u00e0ng, \u0111i\u1ec1u n\u00e0y r\u1ea5t quan tr\u1ecdng \u0111\u1ec3 c\u00f3 \u0111\u01b0\u1ee3c c\u00e1c ph\u00e9p \u0111o chi\u1ec1u d\u1ecdc ch\u00ednh x\u00e1c v\u1edbi c\u1ed9t l\u0103ng k\u00ednh c\u1ee7a m\u00e1y to\u00e0n \u0111\u1ea1c.<\/li>\n<li>Thang \u0111o chi\u1ec1u cao trong su\u1ed1t d\u1ea1ng \u1ed1ng: Gi\u00fap b\u1ea1n nhanh ch\u00f3ng x\u00e1c nh\u1eadn chi\u1ec1u cao \u0111\u00e3 c\u00e0i \u0111\u1eb7t, t\u1ed1i \u01b0u h\u00f3a quy tr\u00ecnh l\u00e0m vi\u1ec7c v\u00e0 gi\u1ea3m thi\u1ec3u sai s\u00f3t.<\/li>\n<li>Kh\u1ea3 n\u0103ng g\u1eafn l\u0103ng k\u00ednh \u0111a d\u1ea1ng: T\u01b0\u01a1ng th\u00edch v\u1edbi nhi\u1ec1u t\u00f9y ch\u1ecdn b\u1ed9 chuy\u1ec3n \u0111\u1ed5i, gi\u00fap b\u1ea1n d\u1ec5 d\u00e0ng k\u1ebft n\u1ed1i v\u1edbi m\u1eabu l\u0103ng k\u00ednh c\u1ee5 th\u1ec3 c\u1ee7a m\u00ecnh.<\/li>\n<\/ul>","protected":false},"featured_media":4154,"comment_status":"open","ping_status":"closed","template":"","meta":[],"product_brand":[],"product_cat":[89,117],"product_tag":[],"class_list":{"0":"post-4153","1":"product","2":"type-product","3":"status-publish","4":"has-post-thumbnail","6":"product_cat-surveying-pole-rod","7":"product_cat-aluminum-prism-pole","9":"first","10":"instock","11":"shipping-taxable","12":"product-type-simple"},"_links":{"self":[{"href":"https:\/\/mountlaser.com\/vi\/wp-json\/wp\/v2\/product\/4153","targetHints":{"allow":["GET"]}}],"collection":[{"href":"https:\/\/mountlaser.com\/vi\/wp-json\/wp\/v2\/product"}],"about":[{"href":"https:\/\/mountlaser.com\/vi\/wp-json\/wp\/v2\/types\/product"}],"replies":[{"embeddable":true,"href":"https:\/\/mountlaser.com\/vi\/wp-json\/wp\/v2\/comments?post=4153"}],"wp:featuredmedia":[{"embeddable":true,"href":"https:\/\/mountlaser.com\/vi\/wp-json\/wp\/v2\/media\/4154"}],"wp:attachment":[{"href":"https:\/\/mountlaser.com\/vi\/wp-json\/wp\/v2\/media?parent=4153"}],"wp:term":[{"taxonomy":"product_brand","embeddable":true,"href":"https:\/\/mountlaser.com\/vi\/wp-json\/wp\/v2\/product_brand?post=4153"},{"taxonomy":"product_cat","embeddable":true,"href":"https:\/\/mountlaser.com\/vi\/wp-json\/wp\/v2\/product_cat?post=4153"},{"taxonomy":"product_tag","embeddable":true,"href":"https:\/\/mountlaser.com\/vi\/wp-json\/wp\/v2\/product_tag?post=4153"}],"curies":[{"name":"trang web","href":"https:\/\/api.w.org\/{rel}","templated":true}]}}