{"id":414,"date":"2024-03-21T12:23:02","date_gmt":"2024-03-21T12:23:02","guid":{"rendered":"https:\/\/startersites.io\/blocksy\/pottery\/?post_type=product&#038;p=414"},"modified":"2025-12-01T06:51:56","modified_gmt":"2025-12-01T06:51:56","slug":"fdc01d-japanese-style-tribrach-carrier","status":"publish","type":"product","link":"https:\/\/mountlaser.com\/vi\/san-pham\/fdc01d-japanese-style-tribrach-carrier\/","title":{"rendered":"Gi\u00e1 \u0111\u1ee1 ba ch\u00e2n ki\u1ec3u Nh\u1eadt FDC01D"},"content":{"rendered":"<p>C\u00e1i <a href=\"https:\/\/mountlaser.com\/vi\/\"><strong>Gi\u00e1 \u0111\u1ee1 ba ch\u00e2n ki\u1ec3u Nh\u1eadt FDC01D<\/strong><\/a> S\u1ea3n ph\u1ea9m c\u1ee7a Mount Laser k\u1ebft h\u1ee3p \u0111\u1ed9 ch\u00ednh x\u00e1c v\u1edbi hi\u1ec7u qu\u1ea3, mang \u0111\u1ebfn gi\u1ea3i ph\u00e1p gi\u00e1 \u0111\u1ee1 ba ch\u00e2n th\u00e1o l\u1eafp nhanh v\u01b0\u1ee3t tr\u1ed9i d\u00e0nh cho c\u00e1c chuy\u00ean gia kh\u1ea3o s\u00e1t. M\u00f4 h\u00ecnh n\u00e0y \u0111\u01b0\u1ee3c thi\u1ebft k\u1ebf nh\u01b0 m\u1ed9t gi\u00e1 \u0111\u1ee1 ba ch\u00e2n v\u1edbi d\u00e2y d\u1ecdi quang h\u1ecdc, cung c\u1ea5p kh\u1ea3 n\u0103ng \u0111\u1ecbnh t\u00e2m v\u00e0 c\u0103n ch\u1ec9nh ch\u00ednh x\u00e1c cho c\u00e1c \u1ee9ng d\u1ee5ng \u0111\u00f2i h\u1ecfi cao.<\/p>\n<p>C\u01a1 ch\u1ebf th\u00e1o l\u1eafp nhanh c\u1ea3i ti\u1ebfn n\u00e0y l\u00e0m cho n\u00f3 tr\u1edf n\u00ean <a href=\"https:\/\/mountlaser.com\/vi\/danh-muc-san-pham\/surveying-accessory\/\"><strong>Gi\u00e1 \u0111\u1ee1 Tribrach th\u00e1o nhanh<\/strong> <\/a>L\u00fd t\u01b0\u1edfng cho c\u00e1c c\u00f4ng tr\u01b0\u1eddng c\u00f3 nh\u1ecbp \u0111\u1ed9 nhanh, n\u01a1i th\u1eddi gian l\u00e0 y\u1ebfu t\u1ed1 then ch\u1ed1t. \u0110\u01b0\u1ee3c ch\u1ebf t\u1ea1o v\u1edbi \u0111\u1ed9 b\u1ec1n cao, gi\u00e1 \u0111\u1ee1 ba ch\u00e2n t\u00edch h\u1ee3p quang h\u1ecdc \u0111\u00e1ng tin c\u1eady n\u00e0y \u0111\u1ea3m b\u1ea3o \u0111\u1ecbnh v\u1ecb ch\u00ednh x\u00e1c trong khi v\u1eabn duy tr\u00ec \u0111\u01b0\u1ee3c \u01b0u \u0111i\u1ec3m tr\u1ecdng l\u01b0\u1ee3ng nh\u1eb9 c\u1ee7a thi\u1ebft k\u1ebf ki\u1ec3u Nh\u1eadt B\u1ea3n.<\/p>\n<p><img fetchpriority=\"high\" decoding=\"async\" class=\"wp-image-2118 aligncenter\" src=\"https:\/\/mountlaser.com\/wp-content\/uploads\/2024\/03\/14.webp\" alt=\"Quick-Release Tribrach Carrier\" width=\"500\" height=\"500\" srcset=\"https:\/\/mountlaser.com\/wp-content\/uploads\/2024\/03\/14.webp 1000w, https:\/\/mountlaser.com\/wp-content\/uploads\/2024\/03\/14-300x300.webp 300w, https:\/\/mountlaser.com\/wp-content\/uploads\/2024\/03\/14-400x400.webp 400w, https:\/\/mountlaser.com\/wp-content\/uploads\/2024\/03\/14-800x800.webp 800w, https:\/\/mountlaser.com\/wp-content\/uploads\/2024\/03\/14-600x600.webp 600w, https:\/\/mountlaser.com\/wp-content\/uploads\/2024\/03\/14-150x150.webp 150w, https:\/\/mountlaser.com\/wp-content\/uploads\/2024\/03\/14-768x768.webp 768w, https:\/\/mountlaser.com\/wp-content\/uploads\/2024\/03\/14-12x12.webp 12w\" sizes=\"(max-width: 500px) 100vw, 500px\" \/><\/p>\n<p>C\u00f3 s\u1eb5n c\u00e1c m\u00e0u V\u00e0ng, X\u00e1m ho\u1eb7c \u0110en, FDC01D c\u00f3 ren ti\u00eau chu\u1ea9n 5\/8\u2033-11 d\u00e0nh cho thi\u1ebft b\u1ecb GPS, khi\u1ebfn n\u00f3 tr\u1edf n\u00ean \u0111a d\u1ee5ng. <a href=\"https:\/\/mountlaser.com\/vi\/contact-us\/\">Gi\u00e1 \u0111\u1ee1 Tribrach th\u00e1o nhanh<\/a> s\u1ef1 l\u1ef1a ch\u1ecdn cho nhi\u1ec1u nhi\u1ec7m v\u1ee5 kh\u1ea3o s\u00e1t kh\u00e1c nhau.<\/p>","protected":false},"excerpt":{"rendered":"<ul>\n<li>H\u1ec7 th\u1ed1ng d\u00e2y d\u1ecdi quang h\u1ecdc: Ho\u1ea1t \u0111\u1ed9ng nh\u01b0 m\u1ed9t gi\u00e1 \u0111\u1ee1 ba ch\u00e2n ch\u00ednh x\u00e1c v\u1edbi h\u1ec7 th\u1ed1ng c\u0103n ch\u1ec9nh quang h\u1ecdc \u0111\u1ec3 \u0111\u1ecbnh t\u00e2m d\u1ee5ng c\u1ee5 ch\u00ednh x\u00e1c.<\/li>\n<li>C\u01a1 ch\u1ebf th\u00e1o l\u1eafp nhanh: \u0110\u01b0\u1ee3c thi\u1ebft k\u1ebf nh\u01b0 m\u1ed9t gi\u00e1 \u0111\u1ee1 ba ch\u00e2n th\u00e1o l\u1eafp nhanh \u0111\u1ec3 tri\u1ec3n khai nhanh ch\u00f3ng v\u00e0 quy tr\u00ecnh l\u00e0m vi\u1ec7c hi\u1ec7u qu\u1ea3.<\/li>\n<li>Ren t\u01b0\u01a1ng th\u00edch GPS: C\u00f3 ren ti\u00eau chu\u1ea9n 5\/8\u2033-11 (FDC01D) \u0111\u1ec3 g\u1eafn thi\u1ebft b\u1ecb GPS m\u1ed9t c\u00e1ch ch\u1eafc ch\u1eafn.<\/li>\n<\/ul>","protected":false},"featured_media":2114,"comment_status":"open","ping_status":"closed","template":"","meta":[],"product_brand":[],"product_cat":[98,79],"product_tag":[],"class_list":{"0":"post-414","1":"product","2":"type-product","3":"status-publish","4":"has-post-thumbnail","6":"product_cat-japanese-style-tribrach-carrier","7":"product_cat-surveying-accessory","9":"first","10":"instock","11":"shipping-taxable","12":"product-type-simple"},"_links":{"self":[{"href":"https:\/\/mountlaser.com\/vi\/wp-json\/wp\/v2\/product\/414","targetHints":{"allow":["GET"]}}],"collection":[{"href":"https:\/\/mountlaser.com\/vi\/wp-json\/wp\/v2\/product"}],"about":[{"href":"https:\/\/mountlaser.com\/vi\/wp-json\/wp\/v2\/types\/product"}],"replies":[{"embeddable":true,"href":"https:\/\/mountlaser.com\/vi\/wp-json\/wp\/v2\/comments?post=414"}],"wp:featuredmedia":[{"embeddable":true,"href":"https:\/\/mountlaser.com\/vi\/wp-json\/wp\/v2\/media\/2114"}],"wp:attachment":[{"href":"https:\/\/mountlaser.com\/vi\/wp-json\/wp\/v2\/media?parent=414"}],"wp:term":[{"taxonomy":"product_brand","embeddable":true,"href":"https:\/\/mountlaser.com\/vi\/wp-json\/wp\/v2\/product_brand?post=414"},{"taxonomy":"product_cat","embeddable":true,"href":"https:\/\/mountlaser.com\/vi\/wp-json\/wp\/v2\/product_cat?post=414"},{"taxonomy":"product_tag","embeddable":true,"href":"https:\/\/mountlaser.com\/vi\/wp-json\/wp\/v2\/product_tag?post=414"}],"curies":[{"name":"trang web","href":"https:\/\/api.w.org\/{rel}","templated":true}]}}