{"id":4126,"date":"2025-11-12T09:08:56","date_gmt":"2025-11-12T09:08:56","guid":{"rendered":"https:\/\/mountlaser.com\/?post_type=product&#038;p=4126"},"modified":"2025-11-27T06:00:35","modified_gmt":"2025-11-27T06:00:35","slug":"tc-4-claw-type-holder","status":"publish","type":"product","link":"https:\/\/mountlaser.com\/vi\/san-pham\/tc-4-claw-type-holder\/","title":{"rendered":"Gi\u00e1 \u0111\u1ee1 ki\u1ec3u m\u00f3ng vu\u1ed1t TC-4"},"content":{"rendered":"<p>C\u00e1i <a href=\"https:\/\/mountlaser.com\/vi\/\"><strong>K\u1eb9p c\u1ecdc c\u00f3 la b\u00e0n<\/strong><\/a> \u0110\u00e2y l\u00e0 ph\u1ee5 ki\u1ec7n g\u1eafn k\u1ebft \u0111\u1ed9 ch\u00ednh x\u00e1c cao \u0111\u01b0\u1ee3c thi\u1ebft k\u1ebf cho c\u00e1c \u1ee9ng d\u1ee5ng kh\u1ea3o s\u00e1t chuy\u00ean nghi\u1ec7p. \u0110\u01b0\u1ee3c thi\u1ebft k\u1ebf \u0111\u1ec3 ph\u00f9 h\u1ee3p v\u1edbi c\u1ed9t c\u00f3 \u0111\u01b0\u1eddng k\u00ednh 32mm ho\u1eb7c 1\u00bc inch, k\u1eb9p c\u1ed9t ki\u1ec3u c\u00e0ng cua t\u00edch h\u1ee3p la b\u00e0n n\u00e0y k\u1ebft h\u1ee3p \u0111\u1ed9 b\u1ec1n v\u00e0 ch\u1ee9c n\u0103ng, \u0111\u1ea3m b\u1ea3o thi\u1ebft l\u1eadp \u1ed5n \u0111\u1ecbnh v\u00e0 ch\u00ednh x\u00e1c trong m\u1ecdi m\u00f4i tr\u01b0\u1eddng hi\u1ec7n tr\u01b0\u1eddng.<\/p>\n<p>C\u1ee7a n\u00f3 <a href=\"https:\/\/mountlaser.com\/vi\/products\/\"><strong>K\u1eb9p th\u00e1o nhanh<\/strong><\/a> C\u01a1 ch\u1ebf n\u00e0y cho ph\u00e9p g\u1eafn v\u00e0 th\u00e1o nhanh ch\u00f3ng, n\u00e2ng cao hi\u1ec7u qu\u1ea3 quy tr\u00ecnh l\u00e0m vi\u1ec7c. <a href=\"https:\/\/mountlaser.com\/vi\/contact-us\/\">Ho\u1ea1t \u0111\u1ed9ng c\u1ee7a h\u1ec7 th\u1ed1ng \u0111\u1ecbnh v\u1ecb v\u1ec7 tinh (GNSS) ho\u1eb7c m\u00e1y to\u00e0n \u0111\u1ea1c.<\/a>. La b\u00e0n t\u00edch h\u1ee3p cung c\u1ea5p h\u01b0\u1edbng d\u1eabn \u0111\u1ecbnh h\u01b0\u1edbng \u0111\u00e1ng tin c\u1eady, trong khi thi\u1ebft k\u1ebf ki\u1ec3u m\u00f3ng vu\u1ed1t mang l\u1ea1i \u0111\u1ed9 b\u00e1m ch\u1eafc ch\u1eafn m\u00e0 kh\u00f4ng l\u00e0m h\u1ecfng b\u1ec1 m\u1eb7t c\u1ed9t. Cho d\u00f9 \u0111\u01b0\u1ee3c s\u1eed d\u1ee5ng cho GPS, GNSS hay m\u00e1y to\u00e0n \u0111\u1ea1c robot, K\u1eb9p C\u1ed9t M\u00f3ng Vu\u1ed1t t\u00edch h\u1ee3p La B\u00e0n \u0111\u1ea3m b\u1ea3o \u0111\u1ed9 ch\u00ednh x\u00e1c nh\u1ea5t qu\u00e1n v\u00e0 hi\u1ec7u su\u1ea5t \u0111\u00e1ng tin c\u1eady.<\/p>\n<p><strong>Th\u00f4ng s\u1ed1 k\u1ef9 thu\u1eadt c\u1ee7a gi\u00e1 \u0111\u1ee1 ki\u1ec3u c\u00e0ng TC-4<\/strong><\/p>\n<table width=\"587\">\n<tbody>\n<tr>\n<td width=\"72\">Ng\u01b0\u1eddi m\u1eabu<\/td>\n<td width=\"254\">H\u00ecnh \u1ea3nh<\/td>\n<td width=\"261\">Th\u00f4ng s\u1ed1<\/td>\n<\/tr>\n<tr>\n<td>TC-4<\/td>\n<td><img fetchpriority=\"high\" decoding=\"async\" class=\"alignnone wp-image-4149 size-medium\" src=\"https:\/\/mountlaser.com\/wp-content\/uploads\/2025\/11\/TC-42-300x300.webp\" alt=\"TC-4 Claw Pole Clamp with Compass\" width=\"300\" height=\"300\" srcset=\"https:\/\/mountlaser.com\/wp-content\/uploads\/2025\/11\/TC-42-300x300.webp 300w, https:\/\/mountlaser.com\/wp-content\/uploads\/2025\/11\/TC-42-400x400.webp 400w, https:\/\/mountlaser.com\/wp-content\/uploads\/2025\/11\/TC-42-800x800.webp 800w, https:\/\/mountlaser.com\/wp-content\/uploads\/2025\/11\/TC-42-600x600.webp 600w, https:\/\/mountlaser.com\/wp-content\/uploads\/2025\/11\/TC-42-150x150.webp 150w, https:\/\/mountlaser.com\/wp-content\/uploads\/2025\/11\/TC-42-768x768.webp 768w, https:\/\/mountlaser.com\/wp-content\/uploads\/2025\/11\/TC-42-12x12.webp 12w, https:\/\/mountlaser.com\/wp-content\/uploads\/2025\/11\/TC-42.webp 1000w\" sizes=\"(max-width: 300px) 100vw, 300px\" \/><\/td>\n<td width=\"261\">\u0110\u01b0\u1eddng k\u00ednh 32mm ho\u1eb7c 1\u00bc inch<\/p>\n<p>G\u1eady c\u00f3 la b\u00e0n<\/td>\n<\/tr>\n<tr>\n<td>TC-4Q<\/td>\n<td><img decoding=\"async\" class=\"alignnone wp-image-4141 size-medium\" src=\"https:\/\/mountlaser.com\/wp-content\/uploads\/2025\/11\/TC-4-Q1-300x300.webp\" alt=\"TC-4Q Claw Pole Clamp with Compass\" width=\"300\" height=\"300\" srcset=\"https:\/\/mountlaser.com\/wp-content\/uploads\/2025\/11\/TC-4-Q1-300x300.webp 300w, https:\/\/mountlaser.com\/wp-content\/uploads\/2025\/11\/TC-4-Q1-400x400.webp 400w, https:\/\/mountlaser.com\/wp-content\/uploads\/2025\/11\/TC-4-Q1-800x800.webp 800w, https:\/\/mountlaser.com\/wp-content\/uploads\/2025\/11\/TC-4-Q1-600x600.webp 600w, https:\/\/mountlaser.com\/wp-content\/uploads\/2025\/11\/TC-4-Q1-150x150.webp 150w, https:\/\/mountlaser.com\/wp-content\/uploads\/2025\/11\/TC-4-Q1-768x768.webp 768w, https:\/\/mountlaser.com\/wp-content\/uploads\/2025\/11\/TC-4-Q1-12x12.webp 12w, https:\/\/mountlaser.com\/wp-content\/uploads\/2025\/11\/TC-4-Q1.webp 1000w\" sizes=\"(max-width: 300px) 100vw, 300px\" \/><\/td>\n<td width=\"261\">\u0110\u01b0\u1eddng k\u00ednh 32mm ho\u1eb7c 1\u00bc inch<br \/>\nG\u1eady c\u00f3 la b\u00e0n<\/td>\n<\/tr>\n<tr>\n<td>TC-4-2<\/td>\n<td><img decoding=\"async\" class=\"alignnone wp-image-4135 size-medium\" src=\"https:\/\/mountlaser.com\/wp-content\/uploads\/2025\/11\/TC-4-23-300x300.webp\" alt=\"TC-4-2 Claw Pole Clamp with Compass\" width=\"300\" height=\"300\" srcset=\"https:\/\/mountlaser.com\/wp-content\/uploads\/2025\/11\/TC-4-23-300x300.webp 300w, https:\/\/mountlaser.com\/wp-content\/uploads\/2025\/11\/TC-4-23-400x400.webp 400w, https:\/\/mountlaser.com\/wp-content\/uploads\/2025\/11\/TC-4-23-800x800.webp 800w, https:\/\/mountlaser.com\/wp-content\/uploads\/2025\/11\/TC-4-23-600x600.webp 600w, https:\/\/mountlaser.com\/wp-content\/uploads\/2025\/11\/TC-4-23-150x150.webp 150w, https:\/\/mountlaser.com\/wp-content\/uploads\/2025\/11\/TC-4-23-768x768.webp 768w, https:\/\/mountlaser.com\/wp-content\/uploads\/2025\/11\/TC-4-23-12x12.webp 12w, https:\/\/mountlaser.com\/wp-content\/uploads\/2025\/11\/TC-4-23.webp 1000w\" sizes=\"(max-width: 300px) 100vw, 300px\" \/><\/td>\n<td width=\"261\">C\u1ed9t c\u00f3 \u0111\u01b0\u1eddng k\u00ednh 32mm ho\u1eb7c 1\u00bc inch k\u00e8m theo bong b\u00f3ng.<\/td>\n<\/tr>\n<tr>\n<td>TC-4-2Q<\/td>\n<td><img loading=\"lazy\" decoding=\"async\" class=\"alignnone wp-image-4127 size-medium\" src=\"https:\/\/mountlaser.com\/wp-content\/uploads\/2025\/11\/TC-4-2Q1-300x300.webp\" alt=\"TC-4-2Q Claw Pole Clamp with Compass\" width=\"300\" height=\"300\" srcset=\"https:\/\/mountlaser.com\/wp-content\/uploads\/2025\/11\/TC-4-2Q1-300x300.webp 300w, https:\/\/mountlaser.com\/wp-content\/uploads\/2025\/11\/TC-4-2Q1-400x400.webp 400w, https:\/\/mountlaser.com\/wp-content\/uploads\/2025\/11\/TC-4-2Q1-800x800.webp 800w, https:\/\/mountlaser.com\/wp-content\/uploads\/2025\/11\/TC-4-2Q1-600x600.webp 600w, https:\/\/mountlaser.com\/wp-content\/uploads\/2025\/11\/TC-4-2Q1-150x150.webp 150w, https:\/\/mountlaser.com\/wp-content\/uploads\/2025\/11\/TC-4-2Q1-768x768.webp 768w, https:\/\/mountlaser.com\/wp-content\/uploads\/2025\/11\/TC-4-2Q1-12x12.webp 12w, https:\/\/mountlaser.com\/wp-content\/uploads\/2025\/11\/TC-4-2Q1.webp 1000w\" sizes=\"(max-width: 300px) 100vw, 300px\" \/><\/td>\n<td width=\"261\">C\u1ed9t c\u00f3 \u0111\u01b0\u1eddng k\u00ednh 32mm ho\u1eb7c 1\u00bc inch k\u00e8m theo bong b\u00f3ng.<\/td>\n<\/tr>\n<\/tbody>\n<\/table>","protected":false},"excerpt":{"rendered":"<ul>\n<li>T\u01b0\u01a1ng th\u00edch v\u1edbi c\u1ed9t c\u00f3 \u0111\u01b0\u1eddng k\u00ednh 32mm ho\u1eb7c 1\u00bc\u201d<\/li>\n<li>T\u00edch h\u1ee3p la b\u00e0n \u0111\u1ec3 \u0111\u1ecbnh h\u01b0\u1edbng ch\u00ednh x\u00e1c.<\/li>\n<li>Thi\u1ebft k\u1ebf k\u1eb9p th\u00e1o nhanh gi\u00fap d\u1ec5 d\u00e0ng l\u1eafp \u0111\u1eb7t v\u00e0 th\u00e1o g\u1ee1.<\/li>\n<li>C\u1ea5u tr\u00fac b\u1ec1n ch\u1eafc, tr\u1ecdng l\u01b0\u1ee3ng nh\u1eb9 \u0111\u1ea3m b\u1ea3o s\u1eed d\u1ee5ng l\u00e2u d\u00e0i ngo\u00e0i th\u1ef1c \u0111\u1ecba.<\/li>\n<li>Tay c\u1ea7m ki\u1ec3u m\u00f3ng vu\u1ed1t ch\u1eafc ch\u1eafn gi\u00fap b\u1ea3o v\u1ec7 \u0111\u1ed9 b\u1ec1n c\u1ee7a c\u1ed9t.<\/li>\n<\/ul>","protected":false},"featured_media":4134,"comment_status":"open","ping_status":"closed","template":"","meta":[],"product_brand":[],"product_cat":[84,123],"product_tag":[],"class_list":{"0":"post-4126","1":"product","2":"type-product","3":"status-publish","4":"has-post-thumbnail","6":"product_cat-gnss-accessory","7":"product_cat-claw-type-holder","9":"first","10":"instock","11":"shipping-taxable","12":"product-type-simple"},"_links":{"self":[{"href":"https:\/\/mountlaser.com\/vi\/wp-json\/wp\/v2\/product\/4126","targetHints":{"allow":["GET"]}}],"collection":[{"href":"https:\/\/mountlaser.com\/vi\/wp-json\/wp\/v2\/product"}],"about":[{"href":"https:\/\/mountlaser.com\/vi\/wp-json\/wp\/v2\/types\/product"}],"replies":[{"embeddable":true,"href":"https:\/\/mountlaser.com\/vi\/wp-json\/wp\/v2\/comments?post=4126"}],"wp:featuredmedia":[{"embeddable":true,"href":"https:\/\/mountlaser.com\/vi\/wp-json\/wp\/v2\/media\/4134"}],"wp:attachment":[{"href":"https:\/\/mountlaser.com\/vi\/wp-json\/wp\/v2\/media?parent=4126"}],"wp:term":[{"taxonomy":"product_brand","embeddable":true,"href":"https:\/\/mountlaser.com\/vi\/wp-json\/wp\/v2\/product_brand?post=4126"},{"taxonomy":"product_cat","embeddable":true,"href":"https:\/\/mountlaser.com\/vi\/wp-json\/wp\/v2\/product_cat?post=4126"},{"taxonomy":"product_tag","embeddable":true,"href":"https:\/\/mountlaser.com\/vi\/wp-json\/wp\/v2\/product_tag?post=4126"}],"curies":[{"name":"trang web","href":"https:\/\/api.w.org\/{rel}","templated":true}]}}