{"id":4125,"date":"2025-11-12T07:55:00","date_gmt":"2025-11-12T07:55:00","guid":{"rendered":"https:\/\/mountlaser.com\/?post_type=product&#038;p=4125"},"modified":"2025-11-27T06:02:54","modified_gmt":"2025-11-27T06:02:54","slug":"tc-3q-claw-type-holder","status":"publish","type":"product","link":"https:\/\/mountlaser.com\/vi\/san-pham\/tc-3q-claw-type-holder\/","title":{"rendered":"Gi\u00e1 \u0111\u1ee1 ki\u1ec3u m\u00f3ng vu\u1ed1t TC-3Q"},"content":{"rendered":"<p>C\u00e1i <a href=\"https:\/\/mountlaser.com\/vi\/\"><strong>K\u1eb9p c\u1ed9t kh\u1edbp c\u1ea7u<\/strong><\/a> \u0110\u00e2y l\u00e0 gi\u1ea3i ph\u00e1p gi\u00e1 \u0111\u1ee1 chuy\u00ean nghi\u1ec7p \u0111\u01b0\u1ee3c thi\u1ebft k\u1ebf d\u00e0nh cho c\u00e1c k\u1ef9 s\u01b0 tr\u1eafc \u0111\u1ecba y\u00eau c\u1ea7u \u0111\u1ed9 ch\u00ednh x\u00e1c, t\u00ednh linh ho\u1ea1t v\u00e0 \u0111\u1ed9 \u1ed5n \u0111\u1ecbnh trong m\u1ecdi thi\u1ebft l\u1eadp. \u0110\u01b0\u1ee3c ch\u1ebf t\u1ea1o \u0111\u1ec3 ph\u00f9 h\u1ee3p v\u1edbi c\u1ed9t c\u00f3 \u0111\u01b0\u1eddng k\u00ednh 32mm ho\u1eb7c 1\u00bc inch, k\u1eb9p c\u1ed9t kh\u1edbp c\u1ea7u n\u00e0y t\u00edch h\u1ee3p th\u01b0\u1edbc th\u1ee7y v\u00e0 la b\u00e0n \u0111\u1ec3 \u0111\u1ea3m b\u1ea3o \u0111\u1ecbnh h\u01b0\u1edbng v\u00e0 c\u00e2n b\u1eb1ng ho\u00e0n h\u1ea3o trong qu\u00e1 tr\u00ecnh \u0111o \u0111\u1ea1c b\u1eb1ng GNSS ho\u1eb7c m\u00e1y to\u00e0n \u0111\u1ea1c.<\/p>\n<p><img fetchpriority=\"high\" decoding=\"async\" class=\"aligncenter wp-image-4119\" src=\"https:\/\/mountlaser.com\/wp-content\/uploads\/2025\/11\/TC-3-Q1.webp\" alt=\"TC-3Q Ball-and-Socket Pole Clamp\" width=\"500\" height=\"500\" srcset=\"https:\/\/mountlaser.com\/wp-content\/uploads\/2025\/11\/TC-3-Q1.webp 1000w, https:\/\/mountlaser.com\/wp-content\/uploads\/2025\/11\/TC-3-Q1-300x300.webp 300w, https:\/\/mountlaser.com\/wp-content\/uploads\/2025\/11\/TC-3-Q1-400x400.webp 400w, https:\/\/mountlaser.com\/wp-content\/uploads\/2025\/11\/TC-3-Q1-800x800.webp 800w, https:\/\/mountlaser.com\/wp-content\/uploads\/2025\/11\/TC-3-Q1-600x600.webp 600w, https:\/\/mountlaser.com\/wp-content\/uploads\/2025\/11\/TC-3-Q1-150x150.webp 150w, https:\/\/mountlaser.com\/wp-content\/uploads\/2025\/11\/TC-3-Q1-768x768.webp 768w, https:\/\/mountlaser.com\/wp-content\/uploads\/2025\/11\/TC-3-Q1-12x12.webp 12w\" sizes=\"(max-width: 500px) 100vw, 500px\" \/><\/p>\n<p>C\u00e1i <a href=\"https:\/\/mountlaser.com\/vi\/about-us\/\"><strong>K\u1eb9p c\u00e0ng cua c\u00f3 kh\u1edbp c\u1ea7u<\/strong><\/a> Thi\u1ebft k\u1ebf cho ph\u00e9p \u0111i\u1ec1u ch\u1ec9nh m\u01b0\u1ee3t m\u00e0, \u0111a h\u01b0\u1edbng, gi\u00fap ng\u01b0\u1eddi d\u00f9ng \u0111\u1ecbnh v\u1ecb thi\u1ebft b\u1ecb c\u1ee7a h\u1ecd \u1edf g\u00f3c nh\u00ecn ho\u1eb7c g\u00f3c thao t\u00e1c l\u00fd t\u01b0\u1edfng. \u0110\u01b0\u1ee3c ch\u1ebf t\u1ea1o t\u1eeb v\u1eadt li\u1ec7u b\u1ec1n ch\u1eafc, k\u1eb9p c\u1ed9t kh\u1edbp c\u1ea7u n\u00e0y \u0111\u1ea3m b\u1ea3o gi\u1eef ch\u1eafc ch\u1eafn m\u00e0 kh\u00f4ng l\u00e0m h\u1ecfng b\u1ec1 m\u1eb7t c\u1ed9t, \u0111\u1ea3m b\u1ea3o \u0111o l\u01b0\u1eddng ch\u00ednh x\u00e1c trong m\u1ecdi \u0111i\u1ec1u ki\u1ec7n ngo\u00e0i tr\u1eddi.<\/p>","protected":false},"excerpt":{"rendered":"<ul>\n<li>T\u01b0\u01a1ng th\u00edch v\u1edbi c\u1ed9t c\u00f3 \u0111\u01b0\u1eddng k\u00ednh 32mm ho\u1eb7c 1\u00bc\u201d<\/li>\n<li>T\u00edch h\u1ee3p th\u01b0\u1edbc th\u1ee7y v\u00e0 la b\u00e0n gi\u00fap t\u0103ng c\u01b0\u1eddng \u0111\u1ed9 ch\u00ednh x\u00e1c khi c\u0103n ch\u1ec9nh.<\/li>\n<li>K\u1eb9p c\u00e0ng cua c\u00f3 kh\u1edbp c\u1ea7u cho ph\u00e9p \u0111\u1ecbnh v\u1ecb linh ho\u1ea1t 360\u00b0<\/li>\n<li>C\u1ea5u tr\u00fac ch\u1eafc ch\u1eafn, tr\u1ecdng l\u01b0\u1ee3ng nh\u1eb9 \u0111\u1ea3m b\u1ea3o \u0111\u1ed9 \u1ed5n \u0111\u1ecbnh v\u00e0 \u0111\u1ed9 tin c\u1eady l\u00e2u d\u00e0i.<\/li>\n<\/ul>","protected":false},"featured_media":4119,"comment_status":"open","ping_status":"closed","template":"","meta":[],"product_brand":[],"product_cat":[84,123],"product_tag":[],"class_list":{"0":"post-4125","1":"product","2":"type-product","3":"status-publish","4":"has-post-thumbnail","6":"product_cat-gnss-accessory","7":"product_cat-claw-type-holder","9":"first","10":"instock","11":"shipping-taxable","12":"product-type-simple"},"_links":{"self":[{"href":"https:\/\/mountlaser.com\/vi\/wp-json\/wp\/v2\/product\/4125","targetHints":{"allow":["GET"]}}],"collection":[{"href":"https:\/\/mountlaser.com\/vi\/wp-json\/wp\/v2\/product"}],"about":[{"href":"https:\/\/mountlaser.com\/vi\/wp-json\/wp\/v2\/types\/product"}],"replies":[{"embeddable":true,"href":"https:\/\/mountlaser.com\/vi\/wp-json\/wp\/v2\/comments?post=4125"}],"wp:featuredmedia":[{"embeddable":true,"href":"https:\/\/mountlaser.com\/vi\/wp-json\/wp\/v2\/media\/4119"}],"wp:attachment":[{"href":"https:\/\/mountlaser.com\/vi\/wp-json\/wp\/v2\/media?parent=4125"}],"wp:term":[{"taxonomy":"product_brand","embeddable":true,"href":"https:\/\/mountlaser.com\/vi\/wp-json\/wp\/v2\/product_brand?post=4125"},{"taxonomy":"product_cat","embeddable":true,"href":"https:\/\/mountlaser.com\/vi\/wp-json\/wp\/v2\/product_cat?post=4125"},{"taxonomy":"product_tag","embeddable":true,"href":"https:\/\/mountlaser.com\/vi\/wp-json\/wp\/v2\/product_tag?post=4125"}],"curies":[{"name":"trang web","href":"https:\/\/api.w.org\/{rel}","templated":true}]}}