{"id":412,"date":"2024-03-20T16:41:19","date_gmt":"2024-03-20T16:41:19","guid":{"rendered":"https:\/\/startersites.io\/blocksy\/pottery\/?post_type=product&#038;p=412"},"modified":"2025-12-01T06:54:21","modified_gmt":"2025-12-01T06:54:21","slug":"fdc01dg-japanese-style-tribrach-carrier","status":"publish","type":"product","link":"https:\/\/mountlaser.com\/vi\/san-pham\/fdc01dg-japanese-style-tribrach-carrier\/","title":{"rendered":"Gi\u00e1 \u0111\u1ee1 ba ch\u00e2n ki\u1ec3u Nh\u1eadt FDC01DG"},"content":{"rendered":"<p>C\u00e1i <a href=\"https:\/\/mountlaser.com\/vi\/\"><strong>Gi\u00e1 \u0111\u1ee1 ba ch\u00e2n ki\u1ec3u Nh\u1eadt FDC01DG<\/strong><\/a> S\u1ea3n ph\u1ea9m c\u1ee7a Mount Laser \u0111\u01b0\u1ee3c thi\u1ebft k\u1ebf \u0111\u1ec3 \u0111\u00e1p \u1ee9ng nh\u1eefng y\u00eau c\u1ea7u kh\u1eaft khe c\u1ee7a c\u00e1c chuy\u00ean gia kh\u1ea3o s\u00e1t hi\u1ec7n \u0111\u1ea1i, kh\u1eb3ng \u0111\u1ecbnh v\u1ecb th\u1ebf l\u00e0 m\u1ed9t gi\u00e1 \u0111\u1ee1 ba ch\u00e2n thi\u1ebft y\u1ebfu cho ng\u00e0nh kh\u1ea3o s\u00e1t.<br \/>\nD\u1ee5ng c\u1ee5 \u0111o ch\u00ednh x\u00e1c n\u00e0y t\u00edch h\u1ee3p h\u1ec7 th\u1ed1ng d\u1ecdi quang h\u1ecdc, \u0111\u1ea3m b\u1ea3o \u0111\u1ecbnh t\u00e2m v\u00e0 c\u0103n ch\u1ec9nh ch\u00ednh x\u00e1c cho c\u00e1c nhi\u1ec7m v\u1ee5 \u0111o l\u01b0\u1eddng quan tr\u1ecdng. \u0110\u01b0\u1ee3c thi\u1ebft k\u1ebf v\u1edbi ren ti\u00eau chu\u1ea9n 5\/8\u2033-11, n\u00f3 n\u1ed5i b\u1eadt nh\u01b0 m\u1ed9t gi\u00e1 \u0111\u1ee1 ba ch\u00e2n t\u1ed1t nh\u1ea5t \u0111\u1ec3 g\u1eafn thi\u1ebft b\u1ecb GPS, mang l\u1ea1i kh\u1ea3 n\u0103ng t\u01b0\u01a1ng th\u00edch li\u1ec1n m\u1ea1ch v\u00e0 hi\u1ec7u su\u1ea5t \u0111\u00e1ng tin c\u1eady. C\u01a1 ch\u1ebf th\u00e1o l\u1eafp nhanh gi\u00fap t\u0103ng c\u01b0\u1eddng hi\u1ec7u qu\u1ea3 ho\u1ea1t \u0111\u1ed9ng, l\u00e0m cho d\u1ee5ng c\u1ee5 n\u00e0y tr\u1edf n\u00ean d\u1ec5 s\u1eed d\u1ee5ng. <a href=\"https:\/\/mountlaser.com\/vi\/danh-muc-san-pham\/surveying-accessory\/\"><strong>Gi\u00e1 \u0111\u1ee1 ba ch\u00e2n d\u00f9ng cho kh\u1ea3o s\u00e1t<\/strong><\/a> L\u00fd t\u01b0\u1edfng cho c\u00e1c c\u00f4ng tr\u01b0\u1eddng c\u00f3 nh\u1ecbp \u0111\u1ed9 l\u00e0m vi\u1ec7c nhanh.<\/p>\n<p><img fetchpriority=\"high\" decoding=\"async\" class=\"wp-image-2127 aligncenter\" src=\"https:\/\/mountlaser.com\/wp-content\/uploads\/2024\/03\/13.webp\" alt=\"Tribrach Carrier for Surveying\" width=\"500\" height=\"500\" srcset=\"https:\/\/mountlaser.com\/wp-content\/uploads\/2024\/03\/13.webp 1000w, https:\/\/mountlaser.com\/wp-content\/uploads\/2024\/03\/13-300x300.webp 300w, https:\/\/mountlaser.com\/wp-content\/uploads\/2024\/03\/13-400x400.webp 400w, https:\/\/mountlaser.com\/wp-content\/uploads\/2024\/03\/13-800x800.webp 800w, https:\/\/mountlaser.com\/wp-content\/uploads\/2024\/03\/13-600x600.webp 600w, https:\/\/mountlaser.com\/wp-content\/uploads\/2024\/03\/13-150x150.webp 150w, https:\/\/mountlaser.com\/wp-content\/uploads\/2024\/03\/13-768x768.webp 768w, https:\/\/mountlaser.com\/wp-content\/uploads\/2024\/03\/13-12x12.webp 12w\" sizes=\"(max-width: 500px) 100vw, 500px\" \/><br \/>\nC\u00f3 s\u1eb5n c\u00e1c m\u00e0u V\u00e0ng, X\u00e1m ho\u1eb7c \u0110en, c\u00f4ng c\u1ee5 \u0111a n\u0103ng n\u00e0y k\u1ebft h\u1ee3p \u0111\u1ed9 b\u1ec1n v\u1edbi ch\u1ee9c n\u0103ng, th\u1ef1c s\u1ef1 x\u1ee9ng \u0111\u00e1ng l\u00e0 Gi\u00e1 \u0111\u1ee1 ch\u00e2n \u0111\u1ebf t\u1ed1t nh\u1ea5t cho c\u00e1c \u1ee9ng d\u1ee5ng GPS, n\u01a1i \u0111\u1ed9 ch\u00ednh x\u00e1c v\u00e0 t\u1ed1c \u0111\u1ed9 l\u00e0 t\u1ed1i quan tr\u1ecdng. C\u00e1c nh\u00e0 kh\u1ea3o s\u00e1t s\u1ebd \u0111\u00e1nh gi\u00e1 cao s\u1ef1 ch\u1eafc ch\u1eafn c\u1ee7a c\u00f4ng c\u1ee5 n\u00e0y. <a href=\"https:\/\/mountlaser.com\/vi\/contact-us\/\">Gi\u00e1 \u0111\u1ee1 ba ch\u00e2n d\u00f9ng cho kh\u1ea3o s\u00e1t<\/a> Gi\u00fap t\u1ed1i \u01b0u h\u00f3a quy tr\u00ecnh l\u00e0m vi\u1ec7c \u0111\u1ed3ng th\u1eddi duy tr\u00ec c\u00e1c ti\u00eau chu\u1ea9n \u0111\u1ed9 ch\u00ednh x\u00e1c cao c\u1ea7n thi\u1ebft trong c\u00f4ng t\u00e1c th\u1ef1c \u0111\u1ecba chuy\u00ean nghi\u1ec7p.<\/p>","protected":false},"excerpt":{"rendered":"<ul>\n<li>K\u1ebft n\u1ed1i t\u01b0\u01a1ng th\u00edch GPS: C\u00f3 ren ti\u00eau chu\u1ea9n 5\/8\u2033-11 (FDC01DG) \u0111\u01b0\u1ee3c thi\u1ebft k\u1ebf \u0111\u1eb7c bi\u1ec7t \u0111\u1ec3 g\u1eafn thi\u1ebft b\u1ecb GPS.<\/li>\n<li>C\u1ea5u tr\u00fac b\u1ec1n b\u1ec9: K\u1ebft h\u1ee3p thi\u1ebft k\u1ebf nh\u1eb9 ki\u1ec3u Nh\u1eadt B\u1ea3n v\u1edbi kh\u1ea3 n\u0103ng ho\u1ea1t \u0111\u1ed9ng m\u1ea1nh m\u1ebd.<\/li>\n<li>C\u00e1c t\u00f9y ch\u1ecdn m\u00e0u s\u1eafc n\u1ed5i b\u1eadt: C\u00f3 s\u1eb5n m\u00e0u v\u00e0ng, x\u00e1m ho\u1eb7c \u0111en \u0111\u1ec3 t\u0103ng kh\u1ea3 n\u0103ng nh\u1eadn di\u1ec7n v\u00e0 \u0111\u00e1p \u1ee9ng s\u1edf th\u00edch c\u1ee7a ng\u01b0\u1eddi d\u00f9ng.<\/li>\n<\/ul>","protected":false},"featured_media":2122,"comment_status":"open","ping_status":"closed","template":"","meta":[],"product_brand":[],"product_cat":[79,98],"product_tag":[],"class_list":{"0":"post-412","1":"product","2":"type-product","3":"status-publish","4":"has-post-thumbnail","6":"product_cat-surveying-accessory","7":"product_cat-japanese-style-tribrach-carrier","9":"first","10":"instock","11":"shipping-taxable","12":"product-type-simple"},"_links":{"self":[{"href":"https:\/\/mountlaser.com\/vi\/wp-json\/wp\/v2\/product\/412","targetHints":{"allow":["GET"]}}],"collection":[{"href":"https:\/\/mountlaser.com\/vi\/wp-json\/wp\/v2\/product"}],"about":[{"href":"https:\/\/mountlaser.com\/vi\/wp-json\/wp\/v2\/types\/product"}],"replies":[{"embeddable":true,"href":"https:\/\/mountlaser.com\/vi\/wp-json\/wp\/v2\/comments?post=412"}],"wp:featuredmedia":[{"embeddable":true,"href":"https:\/\/mountlaser.com\/vi\/wp-json\/wp\/v2\/media\/2122"}],"wp:attachment":[{"href":"https:\/\/mountlaser.com\/vi\/wp-json\/wp\/v2\/media?parent=412"}],"wp:term":[{"taxonomy":"product_brand","embeddable":true,"href":"https:\/\/mountlaser.com\/vi\/wp-json\/wp\/v2\/product_brand?post=412"},{"taxonomy":"product_cat","embeddable":true,"href":"https:\/\/mountlaser.com\/vi\/wp-json\/wp\/v2\/product_cat?post=412"},{"taxonomy":"product_tag","embeddable":true,"href":"https:\/\/mountlaser.com\/vi\/wp-json\/wp\/v2\/product_tag?post=412"}],"curies":[{"name":"trang web","href":"https:\/\/api.w.org\/{rel}","templated":true}]}}