{"id":4109,"date":"2025-11-12T06:54:44","date_gmt":"2025-11-12T06:54:44","guid":{"rendered":"https:\/\/mountlaser.com\/?post_type=product&#038;p=4109"},"modified":"2025-11-27T06:05:35","modified_gmt":"2025-11-27T06:05:35","slug":"tc-3-claw-type-holder","status":"publish","type":"product","link":"https:\/\/mountlaser.com\/vi\/san-pham\/tc-3-claw-type-holder\/","title":{"rendered":"Gi\u00e1 \u0111\u1ee1 ki\u1ec3u m\u00f3ng vu\u1ed1t TC-3"},"content":{"rendered":"<p>C\u00e1i <a href=\"https:\/\/mountlaser.com\/vi\/\"><strong>K\u1eb9p c\u1ed9t m\u00f3ng vu\u1ed1t<\/strong><\/a> \u0110\u00e2y l\u00e0 gi\u1ea3i ph\u00e1p gi\u00e1 \u0111\u1ee1 \u0111\u01b0\u1ee3c thi\u1ebft k\u1ebf ch\u00ednh x\u00e1c d\u00e0nh cho c\u00e1c nh\u00e0 kh\u1ea3o s\u00e1t chuy\u00ean nghi\u1ec7p c\u1ea7n s\u1ef1 \u1ed5n \u0111\u1ecbnh, \u0111\u1ed9 ch\u00ednh x\u00e1c v\u00e0 d\u1ec5 s\u1eed d\u1ee5ng t\u1ea1i hi\u1ec7n tr\u01b0\u1eddng. <a href=\"https:\/\/mountlaser.com\/vi\/products\/\"><strong>Gi\u00e1 \u0111\u1ee1 ki\u1ec3u m\u00f3ng vu\u1ed1t TC-3<\/strong><\/a> \u0110\u01b0\u1ee3c thi\u1ebft k\u1ebf \u0111\u1ec3 ph\u00f9 h\u1ee3p v\u1edbi c\u1ed9t c\u00f3 \u0111\u01b0\u1eddng k\u00ednh 32mm ho\u1eb7c 1\u00bc inch, k\u1eb9p c\u1ed9t ki\u1ec3u c\u00e0ng cua n\u00e0y t\u00edch h\u1ee3p th\u01b0\u1edbc th\u1ee7y v\u00e0 la b\u00e0n \u0111\u1ec3 \u0111\u1ea3m b\u1ea3o c\u0103n ch\u1ec9nh v\u00e0 \u0111\u1ecbnh h\u01b0\u1edbng ho\u00e0n h\u1ea3o trong qu\u00e1 tr\u00ecnh v\u1eadn h\u00e0nh GNSS ho\u1eb7c m\u00e1y to\u00e0n \u0111\u1ea1c.<\/p>\n<p><img fetchpriority=\"high\" decoding=\"async\" class=\"aligncenter wp-image-4111\" src=\"https:\/\/mountlaser.com\/wp-content\/uploads\/2025\/11\/TC-32.webp\" alt=\"TC-3 Claw Pole Clamp\" width=\"500\" height=\"500\" srcset=\"https:\/\/mountlaser.com\/wp-content\/uploads\/2025\/11\/TC-32.webp 1000w, https:\/\/mountlaser.com\/wp-content\/uploads\/2025\/11\/TC-32-300x300.webp 300w, https:\/\/mountlaser.com\/wp-content\/uploads\/2025\/11\/TC-32-400x400.webp 400w, https:\/\/mountlaser.com\/wp-content\/uploads\/2025\/11\/TC-32-800x800.webp 800w, https:\/\/mountlaser.com\/wp-content\/uploads\/2025\/11\/TC-32-600x600.webp 600w, https:\/\/mountlaser.com\/wp-content\/uploads\/2025\/11\/TC-32-150x150.webp 150w, https:\/\/mountlaser.com\/wp-content\/uploads\/2025\/11\/TC-32-768x768.webp 768w, https:\/\/mountlaser.com\/wp-content\/uploads\/2025\/11\/TC-32-12x12.webp 12w\" sizes=\"(max-width: 500px) 100vw, 500px\" \/><\/p>\n<p>\u0110\u01b0\u1ee3c thi\u1ebft k\u1ebf v\u1edbi<a href=\"https:\/\/mountlaser.com\/vi\/contact-us\/\"> v\u1eadt li\u1ec7u ch\u1ea5t l\u01b0\u1ee3ng cao<\/a>, Gi\u00e1 \u0111\u1ee1 k\u1eb9p c\u1ed9t gi\u1eef ch\u1eafc ch\u1eafn thi\u1ebft b\u1ecb c\u1ee7a b\u1ea1n m\u00e0 kh\u00f4ng g\u00e2y tr\u01b0\u1ee3t ho\u1eb7c l\u00e0m h\u1ecfng b\u1ec1 m\u1eb7t c\u1ed9t. Thi\u1ebft k\u1ebf ki\u1ec3u m\u00f3ng vu\u1ed1t ti\u1ec7n d\u1ee5ng c\u1ee7a k\u1eb9p c\u1ed9t cho ph\u00e9p thi\u1ebft l\u1eadp v\u00e0 th\u00e1o g\u1ee1 nhanh ch\u00f3ng, khi\u1ebfn n\u00f3 tr\u1edf th\u00e0nh l\u1ef1a ch\u1ecdn \u0111\u00e1ng tin c\u1eady cho c\u00f4ng vi\u1ec7c ngo\u00e0i hi\u1ec7n tr\u01b0\u1eddng hi\u1ec7u qu\u1ea3 v\u00e0 ch\u00ednh x\u00e1c.<\/p>","protected":false},"excerpt":{"rendered":"<ul>\n<li>T\u01b0\u01a1ng th\u00edch v\u1edbi c\u1ed9t c\u00f3 \u0111\u01b0\u1eddng k\u00ednh 32mm ho\u1eb7c 1\u00bc\u201d<\/li>\n<li>T\u00edch h\u1ee3p th\u01b0\u1edbc th\u1ee7y v\u00e0 la b\u00e0n \u0111\u1ec3 \u0111\u1ecbnh v\u1ecb ch\u00ednh x\u00e1c.<\/li>\n<li>G\u1eafn nhanh v\u00e0 ch\u1eafc ch\u1eafn \u0111\u1ec3 \u0111\u1ea3m b\u1ea3o \u0111\u1ed9 \u1ed5n \u0111\u1ecbnh \u0111\u00e1ng tin c\u1eady.<\/li>\n<li>Thi\u1ebft k\u1ebf gi\u00e1 \u0111\u1ee1 k\u1eb9p c\u1ed9t b\u1ec1n ch\u1eafc \u0111\u1ea3m b\u1ea3o tu\u1ed5i th\u1ecd s\u1eed d\u1ee5ng l\u00e2u d\u00e0i.<\/li>\n<\/ul>","protected":false},"featured_media":4110,"comment_status":"open","ping_status":"closed","template":"","meta":[],"product_brand":[],"product_cat":[84,123],"product_tag":[],"class_list":{"0":"post-4109","1":"product","2":"type-product","3":"status-publish","4":"has-post-thumbnail","6":"product_cat-gnss-accessory","7":"product_cat-claw-type-holder","9":"first","10":"instock","11":"shipping-taxable","12":"product-type-simple"},"_links":{"self":[{"href":"https:\/\/mountlaser.com\/vi\/wp-json\/wp\/v2\/product\/4109","targetHints":{"allow":["GET"]}}],"collection":[{"href":"https:\/\/mountlaser.com\/vi\/wp-json\/wp\/v2\/product"}],"about":[{"href":"https:\/\/mountlaser.com\/vi\/wp-json\/wp\/v2\/types\/product"}],"replies":[{"embeddable":true,"href":"https:\/\/mountlaser.com\/vi\/wp-json\/wp\/v2\/comments?post=4109"}],"wp:featuredmedia":[{"embeddable":true,"href":"https:\/\/mountlaser.com\/vi\/wp-json\/wp\/v2\/media\/4110"}],"wp:attachment":[{"href":"https:\/\/mountlaser.com\/vi\/wp-json\/wp\/v2\/media?parent=4109"}],"wp:term":[{"taxonomy":"product_brand","embeddable":true,"href":"https:\/\/mountlaser.com\/vi\/wp-json\/wp\/v2\/product_brand?post=4109"},{"taxonomy":"product_cat","embeddable":true,"href":"https:\/\/mountlaser.com\/vi\/wp-json\/wp\/v2\/product_cat?post=4109"},{"taxonomy":"product_tag","embeddable":true,"href":"https:\/\/mountlaser.com\/vi\/wp-json\/wp\/v2\/product_tag?post=4109"}],"curies":[{"name":"trang web","href":"https:\/\/api.w.org\/{rel}","templated":true}]}}