{"id":4099,"date":"2025-11-12T06:08:37","date_gmt":"2025-11-12T06:08:37","guid":{"rendered":"https:\/\/mountlaser.com\/?post_type=product&#038;p=4099"},"modified":"2025-11-27T06:07:49","modified_gmt":"2025-11-27T06:07:49","slug":"tc-2-claw-type-holder","status":"publish","type":"product","link":"https:\/\/mountlaser.com\/vi\/san-pham\/tc-2-claw-type-holder\/","title":{"rendered":"Gi\u00e1 \u0111\u1ee1 ki\u1ec3u m\u00f3ng vu\u1ed1t TC-2"},"content":{"rendered":"<p>C\u00e1i <a href=\"https:\/\/mountlaser.com\/vi\/\"><strong>Gi\u00e1 \u0111\u1ee1 c\u1ed9t d\u1ea1ng k\u1eb9p h\u1edf<\/strong><\/a> \u0110\u00e2y l\u00e0 m\u1ed9t ph\u1ee5 ki\u1ec7n l\u1eafp \u0111\u1eb7t \u0111\u01b0\u1ee3c thi\u1ebft k\u1ebf ch\u00ednh x\u00e1c d\u00e0nh cho c\u00e1c \u1ee9ng d\u1ee5ng kh\u1ea3o s\u00e1t chuy\u00ean nghi\u1ec7p. V\u1edbi thi\u1ebft k\u1ebf k\u1eb9p m\u1edf ch\u1eafc ch\u1eafn, ph\u1ee5 ki\u1ec7n n\u00e0y... <a href=\"https:\/\/mountlaser.com\/vi\/products\/\"><strong>Gi\u00e1 \u0111\u1ee1 c\u1ed9t l\u0103ng k\u00ednh k\u1eb9p h\u1edf<\/strong><\/a> Cho ph\u00e9p g\u1eafn nhanh ch\u00f3ng v\u00e0 ch\u1eafc ch\u1eafn c\u00e1c c\u1ed9t c\u00f3 \u0111\u01b0\u1eddng k\u00ednh t\u1eeb 20\u201338mm. \u0110\u01b0\u1ee3c t\u00edch h\u1ee3p la b\u00e0n, gi\u00e1 \u0111\u1ee1 c\u1ed9t k\u1eb9p m\u1edf gi\u00fap \u0111\u1ea3m b\u1ea3o \u0111\u1ecbnh h\u01b0\u1edbng ch\u00ednh x\u00e1c trong qu\u00e1 tr\u00ecnh \u0111o \u0111\u1ea1c th\u1ef1c \u0111\u1ecba, c\u1ea3i thi\u1ec7n hi\u1ec7u qu\u1ea3 c\u00f4ng vi\u1ec7c v\u00e0 \u0111\u1ed9 ch\u00ednh x\u00e1c khi thi\u1ebft l\u1eadp.<\/p>\n<p><img fetchpriority=\"high\" decoding=\"async\" class=\"aligncenter wp-image-4100\" src=\"https:\/\/mountlaser.com\/wp-content\/uploads\/2025\/11\/TC-21.webp\" alt=\"Open Clamp Pole Bracket\" width=\"500\" height=\"500\" srcset=\"https:\/\/mountlaser.com\/wp-content\/uploads\/2025\/11\/TC-21.webp 1000w, https:\/\/mountlaser.com\/wp-content\/uploads\/2025\/11\/TC-21-300x300.webp 300w, https:\/\/mountlaser.com\/wp-content\/uploads\/2025\/11\/TC-21-400x400.webp 400w, https:\/\/mountlaser.com\/wp-content\/uploads\/2025\/11\/TC-21-800x800.webp 800w, https:\/\/mountlaser.com\/wp-content\/uploads\/2025\/11\/TC-21-600x600.webp 600w, https:\/\/mountlaser.com\/wp-content\/uploads\/2025\/11\/TC-21-150x150.webp 150w, https:\/\/mountlaser.com\/wp-content\/uploads\/2025\/11\/TC-21-768x768.webp 768w, https:\/\/mountlaser.com\/wp-content\/uploads\/2025\/11\/TC-21-12x12.webp 12w\" sizes=\"(max-width: 500px) 100vw, 500px\" \/><\/p>\n<p>\u0110\u01b0\u1ee3c ch\u1ebf t\u1ea1o t\u1eeb v\u1eadt li\u1ec7u b\u1ec1n ch\u1eafc, <a href=\"https:\/\/mountlaser.com\/vi\/contact-us\/\">Gi\u00e1 \u0111\u1ee1 c\u1ed9t d\u1ea1ng k\u1eb9p h\u1edf<\/a> S\u1ea3n ph\u1ea9m mang l\u1ea1i \u0111\u1ed9 \u1ed5n \u0111\u1ecbnh tuy\u1ec7t v\u1eddi v\u00e0 \u0111\u1ed9 tin c\u1eady l\u00e2u d\u00e0i ngay c\u1ea3 trong m\u00f4i tr\u01b0\u1eddng kh\u1eafc nghi\u1ec7t. K\u1eb9p ki\u1ec3u m\u00f3ng vu\u1ed1t gi\u00fap ng\u0103n ng\u1eeba tr\u01b0\u1ee3t \u0111\u1ed3ng th\u1eddi b\u1ea3o v\u1ec7 b\u1ec1 m\u1eb7t c\u1ed9t kh\u1ecfi h\u01b0 h\u1ea1i, l\u00fd t\u01b0\u1edfng cho c\u00e1c thi\u1ebft b\u1ecb GNSS, c\u1ed9t l\u0103ng k\u00ednh v\u00e0 c\u00e1c thi\u1ebft b\u1ecb \u0111o l\u01b0\u1eddng kh\u00e1c.<\/p>","protected":false},"excerpt":{"rendered":"<ul>\n<li>Gi\u00fap c\u1ed1 \u0111\u1ecbnh ch\u1eafc ch\u1eafn c\u00e1c thanh c\u00f3 \u0111\u01b0\u1eddng k\u00ednh 20\u201338mm \u0111\u1ec3 thi\u1ebft l\u1eadp \u1ed5n \u0111\u1ecbnh v\u00e0 ch\u00ednh x\u00e1c.<\/li>\n<li>T\u00edch h\u1ee3p la b\u00e0n gi\u00fap c\u1ea3i thi\u1ec7n \u0111\u1ed9 ch\u00ednh x\u00e1c v\u1ec1 ph\u01b0\u01a1ng h\u01b0\u1edbng.<\/li>\n<li>Thi\u1ebft k\u1ebf g\u1eafn v\u00e0 th\u00e1o nhanh gi\u00fap v\u1eadn h\u00e0nh hi\u1ec7u qu\u1ea3 ngo\u00e0i hi\u1ec7n tr\u01b0\u1eddng.<\/li>\n<li>T\u01b0\u01a1ng th\u00edch v\u1edbi c\u1ed9t l\u0103ng k\u00ednh v\u00e0 h\u1ec7 th\u1ed1ng GNSS.<\/li>\n<\/ul>","protected":false},"featured_media":4103,"comment_status":"open","ping_status":"closed","template":"","meta":[],"product_brand":[],"product_cat":[84,123],"product_tag":[],"class_list":{"0":"post-4099","1":"product","2":"type-product","3":"status-publish","4":"has-post-thumbnail","6":"product_cat-gnss-accessory","7":"product_cat-claw-type-holder","9":"first","10":"instock","11":"shipping-taxable","12":"product-type-simple"},"_links":{"self":[{"href":"https:\/\/mountlaser.com\/vi\/wp-json\/wp\/v2\/product\/4099","targetHints":{"allow":["GET"]}}],"collection":[{"href":"https:\/\/mountlaser.com\/vi\/wp-json\/wp\/v2\/product"}],"about":[{"href":"https:\/\/mountlaser.com\/vi\/wp-json\/wp\/v2\/types\/product"}],"replies":[{"embeddable":true,"href":"https:\/\/mountlaser.com\/vi\/wp-json\/wp\/v2\/comments?post=4099"}],"wp:featuredmedia":[{"embeddable":true,"href":"https:\/\/mountlaser.com\/vi\/wp-json\/wp\/v2\/media\/4103"}],"wp:attachment":[{"href":"https:\/\/mountlaser.com\/vi\/wp-json\/wp\/v2\/media?parent=4099"}],"wp:term":[{"taxonomy":"product_brand","embeddable":true,"href":"https:\/\/mountlaser.com\/vi\/wp-json\/wp\/v2\/product_brand?post=4099"},{"taxonomy":"product_cat","embeddable":true,"href":"https:\/\/mountlaser.com\/vi\/wp-json\/wp\/v2\/product_cat?post=4099"},{"taxonomy":"product_tag","embeddable":true,"href":"https:\/\/mountlaser.com\/vi\/wp-json\/wp\/v2\/product_tag?post=4099"}],"curies":[{"name":"trang web","href":"https:\/\/api.w.org\/{rel}","templated":true}]}}