{"id":4082,"date":"2025-11-12T05:26:45","date_gmt":"2025-11-12T05:26:45","guid":{"rendered":"https:\/\/mountlaser.com\/?post_type=product&#038;p=4082"},"modified":"2025-11-27T06:10:45","modified_gmt":"2025-11-27T06:10:45","slug":"tc-1-claw-type-holder","status":"publish","type":"product","link":"https:\/\/mountlaser.com\/vi\/san-pham\/tc-1-claw-type-holder\/","title":{"rendered":"Gi\u00e1 \u0111\u1ee1 ki\u1ec3u m\u00f3ng vu\u1ed1t TC-1"},"content":{"rendered":"<p>C\u00e1i <a href=\"https:\/\/mountlaser.com\/vi\/\"><strong>Gi\u00e1 \u0111\u1ee1 k\u1eb9p h\u1edf<\/strong><\/a> \u0110\u00e2y l\u00e0 m\u1ed9t ph\u1ee5 ki\u1ec7n g\u1eafn k\u1ebft \u0111a n\u0103ng \u0111\u01b0\u1ee3c thi\u1ebft k\u1ebf d\u00e0nh cho c\u00e1c nh\u00e0 kh\u1ea3o s\u00e1t chuy\u00ean nghi\u1ec7p c\u1ea7n s\u1ef1 \u1ed5n \u0111\u1ecbnh, \u0111\u1ed9 ch\u00ednh x\u00e1c v\u00e0 t\u00ednh linh ho\u1ea1t trong c\u00f4ng vi\u1ec7c th\u1ef1c \u0111\u1ecba.<a href=\"https:\/\/mountlaser.com\/vi\/products\/\"> <strong>Gi\u00e1 \u0111\u1ee1 ki\u1ec3u m\u00f3ng vu\u1ed1t TC-1<\/strong><\/a> B\u1ed9 s\u1ea3n ph\u1ea9m n\u00e0y bao g\u1ed3m hai m\u1eabu \u2014 TC-1 v\u00e0 TC-1-1, cung c\u1ea5p kh\u1ea3 n\u0103ng g\u1eafn ch\u1eafc ch\u1eafn cho c\u00e1c c\u1ed9t c\u00f3 \u0111\u01b0\u1eddng k\u00ednh l\u1ea7n l\u01b0\u1ee3t l\u00e0 20\u201338mm v\u00e0 20\u201340mm.<\/p>\n<p><img fetchpriority=\"high\" decoding=\"async\" class=\"aligncenter wp-image-4093\" src=\"https:\/\/mountlaser.com\/wp-content\/uploads\/2025\/11\/TC-1-13.webp\" alt=\"TC-1 open Clamp Bracket\" width=\"500\" height=\"500\" srcset=\"https:\/\/mountlaser.com\/wp-content\/uploads\/2025\/11\/TC-1-13.webp 1000w, https:\/\/mountlaser.com\/wp-content\/uploads\/2025\/11\/TC-1-13-300x300.webp 300w, https:\/\/mountlaser.com\/wp-content\/uploads\/2025\/11\/TC-1-13-400x400.webp 400w, https:\/\/mountlaser.com\/wp-content\/uploads\/2025\/11\/TC-1-13-800x800.webp 800w, https:\/\/mountlaser.com\/wp-content\/uploads\/2025\/11\/TC-1-13-600x600.webp 600w, https:\/\/mountlaser.com\/wp-content\/uploads\/2025\/11\/TC-1-13-150x150.webp 150w, https:\/\/mountlaser.com\/wp-content\/uploads\/2025\/11\/TC-1-13-768x768.webp 768w, https:\/\/mountlaser.com\/wp-content\/uploads\/2025\/11\/TC-1-13-12x12.webp 12w\" sizes=\"(max-width: 500px) 100vw, 500px\" \/><\/p>\n<p>\u0110\u01b0\u1ee3c thi\u1ebft k\u1ebf v\u1edbi k\u1eb9p m\u1edf ki\u1ec3u m\u00f3ng vu\u1ed1t b\u1ec1n ch\u1eafc, Gi\u00e1 \u0111\u1ee1 k\u1eb9p m\u1edf \u0111\u1ea3m b\u1ea3o k\u1eb9p ch\u1eb7t m\u00e0 kh\u00f4ng l\u00e0m tr\u1ea7y x\u01b0\u1edbc ho\u1eb7c h\u01b0 h\u1ea1i l\u0103ng k\u00ednh ho\u1eb7c c\u1ed9t GNSS c\u1ee7a b\u1ea1n. Gi\u00e1 \u0111\u1ee1 ki\u1ec3u m\u00f3ng vu\u1ed1t TC-1 cho ph\u00e9p l\u1eafp \u0111\u1eb7t v\u00e0 th\u00e1o g\u1ee1 nhanh ch\u00f3ng, l\u00fd t\u01b0\u1edfng \u0111\u1ec3 s\u1eed d\u1ee5ng v\u1edbi b\u1ed9 thu GNSS, c\u1ed9t l\u0103ng k\u00ednh v\u00e0 ph\u1ee5 ki\u1ec7n laser. C\u1ea5u tr\u00fac ch\u1eafc ch\u1eafn c\u1ee7a n\u00f3 \u0111\u1ea3m b\u1ea3o hi\u1ec7u su\u1ea5t \u0111\u00e1ng tin c\u1eady trong m\u00f4i tr\u01b0\u1eddng ngo\u00e0i tr\u1eddi kh\u1eafc nghi\u1ec7t.<\/p>","protected":false},"excerpt":{"rendered":"<ul>\n<li>T\u01b0\u01a1ng th\u00edch v\u1edbi c\u00e1c lo\u1ea1i c\u1ed9t c\u00f3 \u0111\u01b0\u1eddng k\u00ednh t\u1eeb 20\u201338mm (TC-1) v\u00e0 20\u201340mm (TC-1-1).<\/li>\n<li>Thi\u1ebft k\u1ebf k\u1eb9p m\u1edf cho ph\u00e9p g\u1eafn v\u00e0 th\u00e1o nhanh ch\u00f3ng.<\/li>\n<li>Kh\u1ea3 n\u0103ng k\u1eb9p ch\u1eafc ch\u1eafn gi\u00fap ng\u0103n ng\u1eeba tr\u01b0\u1ee3t v\u00e0 xoay.<\/li>\n<li>Th\u00e2n m\u00e1y b\u1eb1ng nh\u00f4m nh\u1eb9 v\u00e0 b\u1ec1n, th\u00edch h\u1ee3p s\u1eed d\u1ee5ng l\u00e2u d\u00e0i ngo\u00e0i tr\u1eddi.<\/li>\n<li>Th\u00edch h\u1ee3p cho m\u00e1y thu GNSS, l\u0103ng k\u00ednh v\u00e0 ph\u1ee5 ki\u1ec7n laser.<\/li>\n<\/ul>","protected":false},"featured_media":4092,"comment_status":"open","ping_status":"closed","template":"","meta":[],"product_brand":[],"product_cat":[84,123],"product_tag":[],"class_list":{"0":"post-4082","1":"product","2":"type-product","3":"status-publish","4":"has-post-thumbnail","6":"product_cat-gnss-accessory","7":"product_cat-claw-type-holder","9":"first","10":"instock","11":"shipping-taxable","12":"product-type-simple"},"_links":{"self":[{"href":"https:\/\/mountlaser.com\/vi\/wp-json\/wp\/v2\/product\/4082","targetHints":{"allow":["GET"]}}],"collection":[{"href":"https:\/\/mountlaser.com\/vi\/wp-json\/wp\/v2\/product"}],"about":[{"href":"https:\/\/mountlaser.com\/vi\/wp-json\/wp\/v2\/types\/product"}],"replies":[{"embeddable":true,"href":"https:\/\/mountlaser.com\/vi\/wp-json\/wp\/v2\/comments?post=4082"}],"wp:featuredmedia":[{"embeddable":true,"href":"https:\/\/mountlaser.com\/vi\/wp-json\/wp\/v2\/media\/4092"}],"wp:attachment":[{"href":"https:\/\/mountlaser.com\/vi\/wp-json\/wp\/v2\/media?parent=4082"}],"wp:term":[{"taxonomy":"product_brand","embeddable":true,"href":"https:\/\/mountlaser.com\/vi\/wp-json\/wp\/v2\/product_brand?post=4082"},{"taxonomy":"product_cat","embeddable":true,"href":"https:\/\/mountlaser.com\/vi\/wp-json\/wp\/v2\/product_cat?post=4082"},{"taxonomy":"product_tag","embeddable":true,"href":"https:\/\/mountlaser.com\/vi\/wp-json\/wp\/v2\/product_tag?post=4082"}],"curies":[{"name":"trang web","href":"https:\/\/api.w.org\/{rel}","templated":true}]}}