{"id":4054,"date":"2025-11-12T01:34:55","date_gmt":"2025-11-12T01:34:55","guid":{"rendered":"https:\/\/mountlaser.com\/?post_type=product&#038;p=4054"},"modified":"2025-12-19T02:02:49","modified_gmt":"2025-12-19T02:02:49","slug":"bt152-medium-duty-elevator-tripod","status":"publish","type":"product","link":"https:\/\/mountlaser.com\/vi\/san-pham\/bt152-medium-duty-elevator-tripod\/","title":{"rendered":"Ch\u00e2n \u0111\u1ebf n\u00e2ng BT152 t\u1ea3i tr\u1ecdng trung b\u00ecnh"},"content":{"rendered":"<p>C\u00e1i <a href=\"https:\/\/mountlaser.com\/vi\/\"><strong>Ch\u00e2n \u0111\u1ebf thang m\u00e1y b\u1eb1ng nh\u00f4m ch\u1ecbu t\u1ea3i trung b\u00ecnh<\/strong><\/a> \u0110\u00e2y l\u00e0 m\u1ed9t ph\u1ee5 ki\u1ec7n l\u1eafp \u0111\u1eb7t thi\u1ebft y\u1ebfu \u0111\u01b0\u1ee3c thi\u1ebft k\u1ebf \u0111\u1ec3 \u0111\u1ea3m b\u1ea3o \u0111\u1ed9 ch\u00ednh x\u00e1c v\u00e0 \u1ed5n \u0111\u1ecbnh trong c\u00e1c \u1ee9ng d\u1ee5ng \u0111o l\u01b0\u1eddng v\u00e0 x\u00e2y d\u1ef1ng chuy\u00ean nghi\u1ec7p. \u0110\u01b0\u1ee3c ch\u1ebf t\u1ea1o t\u1eeb nh\u00f4m oxy h\u00f3a ch\u1ea5t l\u01b0\u1ee3ng cao, ph\u1ee5 ki\u1ec7n n\u00e0y... <a href=\"https:\/\/mountlaser.com\/vi\/products\/\"><strong>Ch\u00e2n \u0111\u1ebf chuy\u00ean nghi\u1ec7p BT152 d\u00e0nh cho x\u00e2y d\u1ef1ng<\/strong><\/a> S\u1ea3n ph\u1ea9m n\u00e0y c\u00f3 \u0111\u1ed9 b\u1ec1n cao v\u00e0 tr\u1ecdng l\u01b0\u1ee3ng nh\u1eb9, l\u00fd t\u01b0\u1edfng cho c\u1ea3 h\u1ec7 th\u1ed1ng laser chi\u1ebfu tia v\u00e0 laser xoay.<\/p>\n<p>Ch\u00e2n \u0111\u1ebf n\u00e2ng b\u1eb1ng nh\u00f4m ch\u1ecbu t\u1ea3i trung b\u00ecnh c\u00f3 ch\u00e2n \u0111\u1ebf \u0111i\u1ec1u ch\u1ec9nh \u0111\u01b0\u1ee3c \u0111\u1ec3 ti\u1ebfp x\u00fac m\u1eb7t \u0111\u1ea5t t\u1ed1t h\u01a1n v\u00e0 c\u00e2n b\u1eb1ng \u1ed5n \u0111\u1ecbnh, ngay c\u1ea3 tr\u00ean \u0111\u1ecba h\u00ecnh kh\u00f4ng b\u1eb1ng ph\u1eb3ng. V\u1edbi hai t\u00f9y ch\u1ecdn linh ho\u1ea1t \u2014 m\u1eabu BT152 v\u1edbi \u0111\u1ea7u ph\u1eb3ng v\u00e0 ren 5\/8\u2033-11, v\u00e0 m\u1eabu BT250 \u0111\u01b0\u1ee3c trang b\u1ecb ren 1\/4\u2033-20 \u2014 ch\u00e2n \u0111\u1ebf x\u00e2y d\u1ef1ng chuy\u00ean nghi\u1ec7p BT152 t\u01b0\u01a1ng th\u00edch v\u1edbi nhi\u1ec1u lo\u1ea1i m\u00e1y c\u00e2n b\u1eb1ng laser v\u00e0 thi\u1ebft b\u1ecb GNSS.<\/p>\n<p>\u0110\u01b0\u1ee3c ch\u1ebf t\u1ea1o \u0111\u1ec3 mang l\u1ea1i hi\u1ec7u su\u1ea5t \u0111\u00e1ng tin c\u1eady, <a href=\"https:\/\/mountlaser.com\/vi\/contact-us\/\">Ch\u00e2n \u0111\u1ebf thang m\u00e1y b\u1eb1ng nh\u00f4m ch\u1ecbu t\u1ea3i trung b\u00ecnh<\/a> \u0110\u1ea3m b\u1ea3o kh\u1ea3 n\u0103ng \u0111i\u1ec1u ch\u1ec9nh \u0111\u1ed9 cao m\u01b0\u1ee3t m\u00e0, l\u1eafp \u0111\u1eb7t thi\u1ebft b\u1ecb ch\u1eafc ch\u1eafn v\u00e0 \u0111\u1ed9 b\u1ec1n l\u00e2u d\u00e0i ngo\u00e0i hi\u1ec7n tr\u01b0\u1eddng. C\u1ea5u tr\u00fac chuy\u00ean nghi\u1ec7p c\u1ee7a n\u00f3 cung c\u1ea5p s\u1ef1 h\u1ed7 tr\u1ee3 v\u01b0\u1ee3t tr\u1ed9i cho c\u00e1c nhi\u1ec7m v\u1ee5 x\u00e2y d\u1ef1ng v\u00e0 kh\u1ea3o s\u00e1t \u0111\u00f2i h\u1ecfi kh\u1eaft khe.<\/p>\n<p><strong>Th\u00f4ng s\u1ed1 k\u1ef9 thu\u1eadt ch\u00e2n \u0111\u1ebf thang m\u00e1y t\u1ea3i tr\u1ecdng trung b\u00ecnh<\/strong><\/p>\n<div>\n<table style=\"border-collapse: collapse; width: 1339px; height: 469px;\" border=\"0\" width=\"991\" cellspacing=\"0\" cellpadding=\"0\">\n<tbody>\n<tr style=\"height: 14.25pt;\">\n<td class=\"et2\" style=\"height: 14.25pt; width: 127.50pt;\" width=\"170\" height=\"19\">CON S\u1ed0<\/td>\n<td class=\"et3\" style=\"width: 92.25pt;\" width=\"123\">M\u00c0U S\u1eaeC<\/td>\n<td class=\"et3\" style=\"width: 77.25pt;\" width=\"103\">V\u1eacT LI\u1ec6U<\/td>\n<td class=\"et3\" style=\"width: 96.75pt;\" width=\"129\">CHI\u1ec0U CAO CH\u00c2N M\u00c1Y<\/td>\n<td class=\"et4\" style=\"width: 141.00pt;\" width=\"188\">CHI\u1ec0U CAO L\u00c0M VI\u1ec6C<\/td>\n<td class=\"et3\" style=\"width: 96.00pt;\" width=\"128\">T\u00e2y B\u1eafc<\/td>\n<td class=\"et5\" style=\"width: 112.50pt;\" width=\"150\">H\u00ccNH \u1ea2NH<\/td>\n<\/tr>\n<tr style=\"height: 18.75pt;\">\n<td class=\"et6\" style=\"height: 18.75pt;\" height=\"25\">BT152<\/td>\n<td class=\"et6\">\u0110en v\u00e0 xanh<\/td>\n<td class=\"et7\">Nh\u00f4m<\/td>\n<td class=\"et6\">74-153cm<\/td>\n<td class=\"et6\">70-143cm<\/td>\n<td class=\"et6\">2,1 kg<\/td>\n<td class=\"et8\"><img fetchpriority=\"high\" decoding=\"async\" class=\"alignnone wp-image-4066\" src=\"https:\/\/mountlaser.com\/wp-content\/uploads\/2025\/11\/BT1523.webp\" alt=\"Medium Duty Aluminum Elevator Tripod\" width=\"500\" height=\"500\" srcset=\"https:\/\/mountlaser.com\/wp-content\/uploads\/2025\/11\/BT1523.webp 1000w, https:\/\/mountlaser.com\/wp-content\/uploads\/2025\/11\/BT1523-300x300.webp 300w, https:\/\/mountlaser.com\/wp-content\/uploads\/2025\/11\/BT1523-400x400.webp 400w, https:\/\/mountlaser.com\/wp-content\/uploads\/2025\/11\/BT1523-800x800.webp 800w, https:\/\/mountlaser.com\/wp-content\/uploads\/2025\/11\/BT1523-600x600.webp 600w, https:\/\/mountlaser.com\/wp-content\/uploads\/2025\/11\/BT1523-150x150.webp 150w, https:\/\/mountlaser.com\/wp-content\/uploads\/2025\/11\/BT1523-768x768.webp 768w, https:\/\/mountlaser.com\/wp-content\/uploads\/2025\/11\/BT1523-12x12.webp 12w\" sizes=\"(max-width: 500px) 100vw, 500px\" \/><\/td>\n<\/tr>\n<tr style=\"height: 17.25pt;\">\n<td class=\"et6\" style=\"height: 17.25pt;\" height=\"23\">BT250<\/td>\n<td class=\"et6\">\u0110en v\u00e0 xanh<\/td>\n<td class=\"et7\">Nh\u00f4m<\/td>\n<td class=\"et6\">217cm<\/td>\n<td class=\"et6\">200m<\/td>\n<td class=\"et6\">2,85kg<\/td>\n<td class=\"et8\"><img decoding=\"async\" class=\"alignnone wp-image-4074\" src=\"https:\/\/mountlaser.com\/wp-content\/uploads\/2025\/11\/BT2503.webp\" alt=\"Medium Duty Aluminum Elevator Tripod\" width=\"500\" height=\"500\" srcset=\"https:\/\/mountlaser.com\/wp-content\/uploads\/2025\/11\/BT2503.webp 1000w, https:\/\/mountlaser.com\/wp-content\/uploads\/2025\/11\/BT2503-300x300.webp 300w, https:\/\/mountlaser.com\/wp-content\/uploads\/2025\/11\/BT2503-400x400.webp 400w, https:\/\/mountlaser.com\/wp-content\/uploads\/2025\/11\/BT2503-800x800.webp 800w, https:\/\/mountlaser.com\/wp-content\/uploads\/2025\/11\/BT2503-600x600.webp 600w, https:\/\/mountlaser.com\/wp-content\/uploads\/2025\/11\/BT2503-150x150.webp 150w, https:\/\/mountlaser.com\/wp-content\/uploads\/2025\/11\/BT2503-768x768.webp 768w, https:\/\/mountlaser.com\/wp-content\/uploads\/2025\/11\/BT2503-12x12.webp 12w\" sizes=\"(max-width: 500px) 100vw, 500px\" \/><\/td>\n<\/tr>\n<\/tbody>\n<\/table>\n<\/div>","protected":false},"excerpt":{"rendered":"<ul>\n<li>\u0110\u01b0\u1ee3c l\u00e0m t\u1eeb nh\u00f4m oxit c\u00f3 \u0111\u1ed9 b\u1ec1n cao nh\u01b0ng tr\u1ecdng l\u01b0\u1ee3ng nh\u1eb9.<\/li>\n<li>Ph\u1ea7n m\u0169i gi\u00e0y c\u00f3 th\u1ec3 \u0111i\u1ec1u ch\u1ec9nh gi\u00fap t\u0103ng c\u01b0\u1eddng \u0111\u1ed9 \u1ed5n \u0111\u1ecbnh tr\u00ean c\u00e1c b\u1ec1 m\u1eb7t kh\u00f4ng b\u1eb1ng ph\u1eb3ng.<\/li>\n<li>C\u00f3 hai l\u1ef1a ch\u1ecdn ren: 5\/8\u2033-11 v\u00e0 1\/4\u2033-20.<\/li>\n<li>Th\u00edch h\u1ee3p cho c\u00e1c d\u1ee5ng c\u1ee5 laser d\u1ea1ng \u0111\u01b0\u1eddng th\u1eb3ng v\u00e0 d\u1ea1ng xoay.<\/li>\n<li>Nh\u1ecf g\u1ecdn, d\u1ec5 v\u1eadn chuy\u1ec3n v\u00e0 l\u1eafp \u0111\u1eb7t nhanh ch\u00f3ng.<\/li>\n<\/ul>","protected":false},"featured_media":4056,"comment_status":"open","ping_status":"closed","template":"","meta":[],"product_brand":[],"product_cat":[122,94],"product_tag":[],"class_list":{"0":"post-4054","1":"product","2":"type-product","3":"status-publish","4":"has-post-thumbnail","6":"product_cat-laser-level-tripod","7":"product_cat-laser-level-accessory","9":"first","10":"instock","11":"shipping-taxable","12":"product-type-simple"},"_links":{"self":[{"href":"https:\/\/mountlaser.com\/vi\/wp-json\/wp\/v2\/product\/4054","targetHints":{"allow":["GET"]}}],"collection":[{"href":"https:\/\/mountlaser.com\/vi\/wp-json\/wp\/v2\/product"}],"about":[{"href":"https:\/\/mountlaser.com\/vi\/wp-json\/wp\/v2\/types\/product"}],"replies":[{"embeddable":true,"href":"https:\/\/mountlaser.com\/vi\/wp-json\/wp\/v2\/comments?post=4054"}],"wp:featuredmedia":[{"embeddable":true,"href":"https:\/\/mountlaser.com\/vi\/wp-json\/wp\/v2\/media\/4056"}],"wp:attachment":[{"href":"https:\/\/mountlaser.com\/vi\/wp-json\/wp\/v2\/media?parent=4054"}],"wp:term":[{"taxonomy":"product_brand","embeddable":true,"href":"https:\/\/mountlaser.com\/vi\/wp-json\/wp\/v2\/product_brand?post=4054"},{"taxonomy":"product_cat","embeddable":true,"href":"https:\/\/mountlaser.com\/vi\/wp-json\/wp\/v2\/product_cat?post=4054"},{"taxonomy":"product_tag","embeddable":true,"href":"https:\/\/mountlaser.com\/vi\/wp-json\/wp\/v2\/product_tag?post=4054"}],"curies":[{"name":"trang web","href":"https:\/\/api.w.org\/{rel}","templated":true}]}}