{"id":4039,"date":"2025-11-12T01:10:24","date_gmt":"2025-11-12T01:10:24","guid":{"rendered":"https:\/\/mountlaser.com\/?post_type=product&#038;p=4039"},"modified":"2025-12-19T00:52:23","modified_gmt":"2025-12-19T00:52:23","slug":"ett20a-230bs3-medium-duty-elevator-tripod","status":"publish","type":"product","link":"https:\/\/mountlaser.com\/vi\/san-pham\/ett20a-230bs3-medium-duty-elevator-tripod\/","title":{"rendered":"Ch\u00e2n \u0111\u1ebf thang m\u00e1y h\u1ea1ng trung ETT20A-230BS3"},"content":{"rendered":"<p>C\u00e1i <a href=\"https:\/\/mountlaser.com\/vi\/\"><strong>Ch\u00e2n \u0111\u1ebf ba ch\u00e2n n\u00e2ng h\u1ea1 t\u1ea3i tr\u1ecdng trung b\u00ecnh<\/strong><\/a> \u0110\u00e2y l\u00e0 m\u1ed9t gi\u1ea3i ph\u00e1p m\u1ea1nh m\u1ebd v\u00e0 \u0111a n\u0103ng \u0111\u01b0\u1ee3c thi\u1ebft k\u1ebf cho c\u00e1c \u1ee9ng d\u1ee5ng laser \u0111\u01b0\u1eddng th\u1eb3ng v\u00e0 laser xoay trong c\u1ea3 m\u00f4i tr\u01b0\u1eddng x\u00e2y d\u1ef1ng v\u00e0 kh\u1ea3o s\u00e1t. \u0110\u01b0\u1ee3c ch\u1ebf t\u1ea1o t\u1eeb nh\u00f4m oxit ch\u1ea5t l\u01b0\u1ee3ng cao, thi\u1ebft b\u1ecb n\u00e0y... <a href=\"https:\/\/mountlaser.com\/vi\/about-us\/\"><strong>Ch\u00e2n \u0111\u1ebf chuy\u00ean nghi\u1ec7p cho c\u00f4ng tr\u00ecnh x\u00e2y d\u1ef1ng<\/strong><\/a> S\u1ea3n ph\u1ea9m n\u00e0y mang l\u1ea1i s\u1ef1 c\u00e2n b\u1eb1ng ho\u00e0n h\u1ea3o gi\u1eefa \u0111\u1ed9 b\u1ec1n, \u0111\u1ed9 ch\u1eafc ch\u1eafn v\u00e0 t\u00ednh di \u0111\u1ed9ng.<\/p>\n<p>C\u00f3 nhi\u1ec1u c\u1ea5u h\u00ecnh kh\u00e1c nhau \u2014 bao g\u1ed3m thi\u1ebft k\u1ebf 3 \u0111o\u1ea1n (S3) v\u00e0 4 \u0111o\u1ea1n (S4) \u2014 Ch\u00e2n \u0111\u1ebf n\u00e2ng h\u1ea1 t\u1ea3i tr\u1ecdng trung b\u00ecnh \u0111\u1ea3m b\u1ea3o kh\u1ea3 n\u0103ng \u0111i\u1ec1u ch\u1ec9nh chi\u1ec1u cao t\u1ed1i \u01b0u v\u00e0 \u0111\u1ed9 \u1ed5n \u0111\u1ecbnh t\u1ea1i nhi\u1ec1u c\u00f4ng tr\u01b0\u1eddng kh\u00e1c nhau. Ch\u00e2n \u0111\u1ebf h\u00ecnh m\u00f3ng ng\u1ef1a gi\u00fap t\u0103ng c\u01b0\u1eddng \u0111\u1ed9 b\u00e1m v\u00e0 c\u00e2n b\u1eb1ng tr\u00ean c\u00e1c b\u1ec1 m\u1eb7t kh\u00f4ng b\u1eb1ng ph\u1eb3ng, trong khi c\u1ea5u tr\u00fac nh\u1eb9 gi\u00fap d\u1ec5 d\u00e0ng v\u1eadn chuy\u1ec3n v\u00e0 l\u1eafp \u0111\u1eb7t.<\/p>\n<p>\u0110\u01b0\u1ee3c thi\u1ebft k\u1ebf \u0111\u1ec3 s\u1eed d\u1ee5ng l\u00e2u d\u00e0i trong m\u00f4i tr\u01b0\u1eddng chuy\u00ean nghi\u1ec7p, ch\u00e2n \u0111\u1ebf n\u00e2ng h\u1ea1 t\u1ea3i tr\u1ecdng trung b\u00ecnh mang l\u1ea1i kh\u1ea3 n\u0103ng c\u00e2n b\u1eb1ng ch\u00ednh x\u00e1c v\u00e0 h\u1ed7 tr\u1ee3 \u0111\u00e1ng tin c\u1eady cho c\u00e1c thi\u1ebft b\u1ecb laser. Cho d\u00f9 l\u00e0 c\u00e1c c\u00f4ng vi\u1ec7c c\u0103n ch\u1ec9nh trong nh\u00e0 hay \u0111o \u0111\u1ea1c ngo\u00e0i tr\u1eddi, n\u00f3 \u0111\u1ec1u \u0111\u1ea3m b\u1ea3o \u0111\u1ed9 ch\u00ednh x\u00e1c nh\u1ea5t qu\u00e1n v\u00e0 d\u1ec5 s\u1eed d\u1ee5ng.<\/p>\n<p><img fetchpriority=\"high\" decoding=\"async\" class=\"aligncenter wp-image-4048\" src=\"https:\/\/mountlaser.com\/wp-content\/uploads\/2025\/11\/ETT20-3003.webp\" alt=\"Medium-Duty Elevating Tripod\" width=\"500\" height=\"500\" srcset=\"https:\/\/mountlaser.com\/wp-content\/uploads\/2025\/11\/ETT20-3003.webp 1000w, https:\/\/mountlaser.com\/wp-content\/uploads\/2025\/11\/ETT20-3003-300x300.webp 300w, https:\/\/mountlaser.com\/wp-content\/uploads\/2025\/11\/ETT20-3003-400x400.webp 400w, https:\/\/mountlaser.com\/wp-content\/uploads\/2025\/11\/ETT20-3003-800x800.webp 800w, https:\/\/mountlaser.com\/wp-content\/uploads\/2025\/11\/ETT20-3003-600x600.webp 600w, https:\/\/mountlaser.com\/wp-content\/uploads\/2025\/11\/ETT20-3003-150x150.webp 150w, https:\/\/mountlaser.com\/wp-content\/uploads\/2025\/11\/ETT20-3003-768x768.webp 768w, https:\/\/mountlaser.com\/wp-content\/uploads\/2025\/11\/ETT20-3003-12x12.webp 12w\" sizes=\"(max-width: 500px) 100vw, 500px\" \/><\/p>\n<p><strong><a href=\"https:\/\/mountlaser.com\/vi\/contact-us\/\">Ch\u00e2n \u0111\u1ebf thang m\u00e1y t\u1ea3i tr\u1ecdng trung b\u00ecnh<\/a> Th\u00f4ng s\u1ed1 k\u1ef9 thu\u1eadt<\/strong><\/p>\n<div>\n<table style=\"border-collapse: collapse; width: 1142.28pt;\" border=\"0\" width=\"1523\" cellspacing=\"0\" cellpadding=\"0\">\n<tbody>\n<tr style=\"height: 17.25pt;\">\n<td class=\"et2\" style=\"height: 17.25pt; width: 322.50pt;\" width=\"430\" height=\"23\">CON S\u1ed0<\/td>\n<td class=\"et3\" style=\"width: 309.00pt;\" width=\"412\">M\u00c0U S\u1eaeC<\/td>\n<td class=\"et4\" style=\"width: 88.50pt;\" width=\"118\">V\u1eacT LI\u1ec6U<\/td>\n<td class=\"et5\" style=\"width: 138.00pt;\" width=\"184\">CHI\u1ec0U CAO CH\u00c2N M\u00c1Y<\/td>\n<td class=\"et5\" style=\"width: 176.25pt;\" width=\"235\">CHI\u1ec0U CAO L\u00c0M VI\u1ec6C<\/td>\n<td class=\"et2\" style=\"width: 54.00pt;\" width=\"72\">T\u00e2y B\u1eafc.<\/td>\n<td class=\"et2\" style=\"width: 54.00pt;\" width=\"72\">C\u00c1C PH\u1ea6N<\/td>\n<\/tr>\n<tr style=\"height: 17.25pt;\">\n<td style=\"height: 17.25pt;\" height=\"23\">ETT20A-120BS3<\/td>\n<td class=\"et6\">\u0110en<\/td>\n<td class=\"et4\">Nh\u00f4m<\/td>\n<td class=\"et7\">49-127cm<\/td>\n<td>45-120cm<\/td>\n<td>1,35kg<\/td>\n<td align=\"right\">3<\/td>\n<\/tr>\n<tr style=\"height: 17.25pt;\">\n<td style=\"height: 17.25pt;\" height=\"23\">ETT20A-160BS3<\/td>\n<td class=\"et6\">\u0110en<\/td>\n<td class=\"et4\">Nh\u00f4m<\/td>\n<td>600-169cm<\/td>\n<td>550-160cm<\/td>\n<td>1,55kg<\/td>\n<td align=\"right\">3<\/td>\n<\/tr>\n<tr style=\"height: 17.25pt;\">\n<td style=\"height: 17.25pt;\" height=\"23\">ETT20A-180BS3<\/td>\n<td class=\"et6\">\u0110en<\/td>\n<td class=\"et4\">Nh\u00f4m<\/td>\n<td>660-189cm<\/td>\n<td>620-180cm<\/td>\n<td>1,70kg<\/td>\n<td align=\"right\">3<\/td>\n<\/tr>\n<tr style=\"height: 17.25pt;\">\n<td style=\"height: 17.25pt;\" height=\"23\">ETT20A-230BS3<\/td>\n<td class=\"et6\">\u0110en<\/td>\n<td class=\"et4\">Nh\u00f4m<\/td>\n<td>830-240cm<\/td>\n<td>780-230cm<\/td>\n<td>2,05kg<\/td>\n<td align=\"right\">3<\/td>\n<\/tr>\n<tr style=\"height: 17.25pt;\">\n<td style=\"height: 17.25pt;\" height=\"23\">ETT20A-300BS4<\/td>\n<td class=\"et6\">\u0110en<\/td>\n<td class=\"et4\">Nh\u00f4m<\/td>\n<td>900-312cm<\/td>\n<td>850-300cm<\/td>\n<td>2,45kg<\/td>\n<td align=\"right\">4<\/td>\n<\/tr>\n<\/tbody>\n<\/table>\n<\/div>\n<p>&nbsp;<\/p>","protected":false},"excerpt":{"rendered":"<ul>\n<li>Th\u00edch h\u1ee3p cho c\u1ea3 \u1ee9ng d\u1ee5ng c\u1eaft tia laser theo \u0111\u01b0\u1eddng th\u1eb3ng v\u00e0 c\u1eaft tia laser xoay.<\/li>\n<li>\u0110\u01b0\u1ee3c ch\u1ebf t\u1ea1o t\u1eeb nh\u00f4m oxy h\u00f3a b\u1ec1n ch\u1eafc.<\/li>\n<li>Ch\u00e2n h\u00ecnh m\u00f3ng ng\u1ef1a gi\u00fap \u0111\u1ecbnh v\u1ecb \u1ed5n \u0111\u1ecbnh.<\/li>\n<li>C\u00f3 s\u1eb5n phi\u00ean b\u1ea3n 3 \u0111o\u1ea1n v\u00e0 4 \u0111o\u1ea1n \u0111\u1ec3 \u0111i\u1ec1u ch\u1ec9nh chi\u1ec1u cao linh ho\u1ea1t.<\/li>\n<li>Thi\u1ebft k\u1ebf nh\u1ecf g\u1ecdn, d\u1ec5 d\u00e0ng mang theo v\u00e0 l\u1eafp \u0111\u1eb7t.<\/li>\n<\/ul>","protected":false},"featured_media":4042,"comment_status":"open","ping_status":"closed","template":"","meta":[],"product_brand":[],"product_cat":[94,122],"product_tag":[],"class_list":{"0":"post-4039","1":"product","2":"type-product","3":"status-publish","4":"has-post-thumbnail","6":"product_cat-laser-level-accessory","7":"product_cat-laser-level-tripod","9":"first","10":"instock","11":"shipping-taxable","12":"product-type-simple"},"_links":{"self":[{"href":"https:\/\/mountlaser.com\/vi\/wp-json\/wp\/v2\/product\/4039","targetHints":{"allow":["GET"]}}],"collection":[{"href":"https:\/\/mountlaser.com\/vi\/wp-json\/wp\/v2\/product"}],"about":[{"href":"https:\/\/mountlaser.com\/vi\/wp-json\/wp\/v2\/types\/product"}],"replies":[{"embeddable":true,"href":"https:\/\/mountlaser.com\/vi\/wp-json\/wp\/v2\/comments?post=4039"}],"wp:featuredmedia":[{"embeddable":true,"href":"https:\/\/mountlaser.com\/vi\/wp-json\/wp\/v2\/media\/4042"}],"wp:attachment":[{"href":"https:\/\/mountlaser.com\/vi\/wp-json\/wp\/v2\/media?parent=4039"}],"wp:term":[{"taxonomy":"product_brand","embeddable":true,"href":"https:\/\/mountlaser.com\/vi\/wp-json\/wp\/v2\/product_brand?post=4039"},{"taxonomy":"product_cat","embeddable":true,"href":"https:\/\/mountlaser.com\/vi\/wp-json\/wp\/v2\/product_cat?post=4039"},{"taxonomy":"product_tag","embeddable":true,"href":"https:\/\/mountlaser.com\/vi\/wp-json\/wp\/v2\/product_tag?post=4039"}],"curies":[{"name":"trang web","href":"https:\/\/api.w.org\/{rel}","templated":true}]}}