{"id":403,"date":"2024-03-20T16:30:44","date_gmt":"2024-03-20T16:30:44","guid":{"rendered":"https:\/\/startersites.io\/blocksy\/pottery\/?post_type=product&#038;p=403"},"modified":"2025-12-01T07:44:14","modified_gmt":"2025-12-01T07:44:14","slug":"tr-8-japanese-style-tribrach","status":"publish","type":"product","link":"https:\/\/mountlaser.com\/vi\/san-pham\/tr-8-japanese-style-tribrach\/","title":{"rendered":"Ch\u00e2n \u0111\u1ebf ba ch\u00e2n ki\u1ec3u Nh\u1eadt TR-8"},"content":{"rendered":"<p>N\u00e2ng cao \u0111\u1ed9 ch\u00ednh x\u00e1c kh\u1ea3o s\u00e1t c\u1ee7a b\u1ea1n v\u1edbi... <a href=\"https:\/\/mountlaser.com\/vi\/\"><strong>Gi\u00e1 \u0111\u1ee1 laser TR-8<\/strong><\/a>, M\u1ed9t <a href=\"https:\/\/mountlaser.com\/vi\/danh-muc-san-pham\/surveying-accessory\/\"><strong>Ch\u00e2n \u0111\u1ebf ba ch\u00e2n ki\u1ec3u Nh\u1eadt B\u1ea3n ch\u00ednh x\u00e1c<\/strong><\/a> \u0110\u01b0\u1ee3c thi\u1ebft k\u1ebf d\u00e0nh cho c\u00e1c chuy\u00ean gia \u0111\u00f2i h\u1ecfi \u0111\u1ed9 tin c\u1eady tuy\u1ec7t \u0111\u1ed1i. M\u1eabu m\u00e1y n\u00e0y tu\u00e2n th\u1ee7 c\u00e1c ti\u00eau chu\u1ea9n s\u1ea3n xu\u1ea5t cao nh\u1ea5t theo phong c\u00e1ch TOP c\u1ee7a Nh\u1eadt B\u1ea3n, mang l\u1ea1i s\u1ef1 \u1ed5n \u0111\u1ecbnh v\u01b0\u1ee3t tr\u1ed9i cho m\u00e1y to\u00e0n \u0111\u1ea1c c\u1ee7a b\u1ea1n m\u00e0 kh\u00f4ng c\u1ea7n \u0111\u1ebfn th\u01b0\u1edbc \u0111o g\u00f3c quang h\u1ecdc.<\/p>\n<p><img fetchpriority=\"high\" decoding=\"async\" class=\"aligncenter wp-image-2133\" src=\"https:\/\/mountlaser.com\/wp-content\/uploads\/2025\/09\/10-1.webp\" alt=\"Precision Japanese-Style Tribrach \" width=\"500\" height=\"500\" srcset=\"https:\/\/mountlaser.com\/wp-content\/uploads\/2025\/09\/10-1.webp 1000w, https:\/\/mountlaser.com\/wp-content\/uploads\/2025\/09\/10-1-300x300.webp 300w, https:\/\/mountlaser.com\/wp-content\/uploads\/2025\/09\/10-1-400x400.webp 400w, https:\/\/mountlaser.com\/wp-content\/uploads\/2025\/09\/10-1-800x800.webp 800w, https:\/\/mountlaser.com\/wp-content\/uploads\/2025\/09\/10-1-600x600.webp 600w, https:\/\/mountlaser.com\/wp-content\/uploads\/2025\/09\/10-1-150x150.webp 150w, https:\/\/mountlaser.com\/wp-content\/uploads\/2025\/09\/10-1-768x768.webp 768w, https:\/\/mountlaser.com\/wp-content\/uploads\/2025\/09\/10-1-12x12.webp 12w\" sizes=\"(max-width: 500px) 100vw, 500px\" \/><br \/>\nC\u00e1i <a href=\"https:\/\/mountlaser.com\/vi\/contact-us\/\">Ch\u00e2n \u0111\u1ebf ba ch\u00e2n ki\u1ec3u Nh\u1eadt TR-8 ch\u00ednh x\u00e1c<\/a> \u0110\u01b0\u1ee3c ch\u1ebf t\u1ea1o \u0111\u1ec3 ch\u1ecbu \u0111\u01b0\u1ee3c vi\u1ec7c s\u1eed d\u1ee5ng h\u00e0ng ng\u00e0y kh\u1eafc nghi\u1ec7t, \u0111\u1ea3m b\u1ea3o hi\u1ec7u su\u1ea5t \u1ed5n \u0111\u1ecbnh t\u1ea1i m\u1ecdi c\u00f4ng tr\u01b0\u1eddng. C\u00f3 s\u1eb5n m\u00e0u V\u00e0ng, X\u00e1m ho\u1eb7c \u0110en \u0111\u1ec3 d\u1ec5 d\u00e0ng nh\u1eadn bi\u1ebft thi\u1ebft b\u1ecb. Khi c\u00f4ng vi\u1ec7c c\u1ee7a b\u1ea1n \u0111\u00f2i h\u1ecfi n\u1ec1n t\u1ea3ng t\u1ed1t nh\u1ea5t, h\u00e3y ch\u1ecdn Ch\u00e2n \u0111\u1ebf ba ch\u00e2n ki\u1ec3u Nh\u1eadt TR-8 Precision t\u1eeb Mount Laser.<\/p>","protected":false},"excerpt":{"rendered":"<ul>\n<li>H\u1ec7 th\u1ed1ng \u0111o \u0111\u1ed9 cao quang h\u1ecdc kh\u00f4ng c\u1ea7n d\u00e2y d\u1ecdi (TR-8): Cung c\u1ea5p gi\u1ea3i ph\u00e1p thi\u1ebft l\u1eadp \u0111\u01a1n gi\u1ea3n, ti\u1ebft ki\u1ec7m chi ph\u00ed v\u00e0 m\u1ea1nh m\u1ebd.<\/li>\n<li>Ti\u00eau chu\u1ea9n ch\u1ea5t l\u01b0\u1ee3ng h\u00e0ng \u0111\u1ea7u c\u1ee7a Nh\u1eadt B\u1ea3n: \u0110\u1eb7c tr\u01b0ng b\u1edfi tay ngh\u1ec1 v\u01b0\u1ee3t tr\u1ed9i v\u00e0 v\u1eadt li\u1ec7u b\u1ec1n b\u1ec9.<\/li>\n<li>\u0110\u1ea3m b\u1ea3o hi\u1ec7u su\u1ea5t b\u1ec1n b\u1ec9 trong \u0111i\u1ec1u ki\u1ec7n kh\u1eafc nghi\u1ec7t.<\/li>\n<\/ul>","protected":false},"featured_media":2129,"comment_status":"open","ping_status":"closed","template":"","meta":[],"product_brand":[],"product_cat":[79,99],"product_tag":[],"class_list":{"0":"post-403","1":"product","2":"type-product","3":"status-publish","4":"has-post-thumbnail","6":"product_cat-surveying-accessory","7":"product_cat-japanese-style-tribrach","9":"first","10":"instock","11":"shipping-taxable","12":"product-type-simple"},"_links":{"self":[{"href":"https:\/\/mountlaser.com\/vi\/wp-json\/wp\/v2\/product\/403","targetHints":{"allow":["GET"]}}],"collection":[{"href":"https:\/\/mountlaser.com\/vi\/wp-json\/wp\/v2\/product"}],"about":[{"href":"https:\/\/mountlaser.com\/vi\/wp-json\/wp\/v2\/types\/product"}],"replies":[{"embeddable":true,"href":"https:\/\/mountlaser.com\/vi\/wp-json\/wp\/v2\/comments?post=403"}],"wp:featuredmedia":[{"embeddable":true,"href":"https:\/\/mountlaser.com\/vi\/wp-json\/wp\/v2\/media\/2129"}],"wp:attachment":[{"href":"https:\/\/mountlaser.com\/vi\/wp-json\/wp\/v2\/media?parent=403"}],"wp:term":[{"taxonomy":"product_brand","embeddable":true,"href":"https:\/\/mountlaser.com\/vi\/wp-json\/wp\/v2\/product_brand?post=403"},{"taxonomy":"product_cat","embeddable":true,"href":"https:\/\/mountlaser.com\/vi\/wp-json\/wp\/v2\/product_cat?post=403"},{"taxonomy":"product_tag","embeddable":true,"href":"https:\/\/mountlaser.com\/vi\/wp-json\/wp\/v2\/product_tag?post=403"}],"curies":[{"name":"trang web","href":"https:\/\/api.w.org\/{rel}","templated":true}]}}