{"id":4027,"date":"2025-11-11T09:10:43","date_gmt":"2025-11-11T09:10:43","guid":{"rendered":"https:\/\/mountlaser.com\/?post_type=product&#038;p=4027"},"modified":"2025-12-18T08:44:02","modified_gmt":"2025-12-18T08:44:02","slug":"ba3-160hp-black-elevator-tripod","status":"publish","type":"product","link":"https:\/\/mountlaser.com\/vi\/san-pham\/ba3-160hp-black-elevator-tripod\/","title":{"rendered":"Ch\u00e2n \u0111\u1ebf thang m\u00e1y BA3-160HP m\u00e0u \u0111en"},"content":{"rendered":"<p>C\u00e1i <a href=\"https:\/\/mountlaser.com\/vi\/\"><strong>Ch\u00e2n \u0111\u1ebf thang m\u00e1y BA3-160HP m\u00e0u \u0111en<\/strong> <\/a>l\u00e0 m\u1ed9t <a href=\"https:\/\/mountlaser.com\/vi\/products\/\"><strong>Ch\u00e2n \u0111\u1ebf m\u00e1y c\u00e2n b\u1eb1ng laser ch\u1ea5t l\u01b0\u1ee3ng cao<\/strong> <\/a>\u0110\u01b0\u1ee3c thi\u1ebft k\u1ebf d\u00e0nh cho c\u00e1c chuy\u00ean gia y\u00eau c\u1ea7u \u0111\u1ed9 \u1ed5n \u0111\u1ecbnh, \u0111\u1ed9 ch\u00ednh x\u00e1c v\u00e0 t\u00ednh linh ho\u1ea1t t\u1ed1i \u0111a trong c\u00f4ng vi\u1ec7c \u0111o l\u01b0\u1eddng. \u0110\u01b0\u1ee3c ch\u1ebf t\u1ea1o t\u1eeb nh\u00f4m oxit, ch\u00e2n m\u00e1y ch\u1eafc ch\u1eafn n\u00e0y cung c\u1ea5p \u0111\u1ed9 b\u1ec1n v\u01b0\u1ee3t tr\u1ed9i trong khi v\u1eabn duy tr\u00ec c\u1ea5u tr\u00fac nh\u1eb9 \u0111\u1ec3 d\u1ec5 d\u00e0ng di chuy\u1ec3n.<\/p>\n<p>\u0110\u01b0\u1ee3c ho\u00e0n thi\u1ec7n v\u1edbi m\u00e0u \u0111en trang nh\u00e3, ch\u00e2n \u0111\u1ebf ba ch\u00e2n BA3-160HP Black Elevator Tripod c\u00f3 thi\u1ebft k\u1ebf ch\u00e2n h\u00ecnh m\u00f3ng ng\u1ef1a gi\u00fap h\u1ed7 tr\u1ee3 ch\u1eafc ch\u1eafn tr\u00ean m\u1eb7t \u0111\u1ea5t, ngay c\u1ea3 tr\u00ean b\u1ec1 m\u1eb7t kh\u00f4ng b\u1eb1ng ph\u1eb3ng. V\u1edbi m\u00f3c trung t\u00e2m t\u00f9y ch\u1ecdn v\u00e0 l\u1edbp ph\u1ee7 cao su ch\u1ed1ng tr\u01b0\u1ee3t, n\u00f3 \u0111\u1ea3m b\u1ea3o \u0111\u1ed9 b\u00e1m ch\u1eafc ch\u1eafn v\u00e0 gi\u1ea3m rung \u0111\u1ed9ng trong qu\u00e1 tr\u00ecnh s\u1eed d\u1ee5ng. Ch\u00e2n \u0111\u1ebf m\u00e1y c\u00e2n b\u1eb1ng laser ch\u1ea5t l\u01b0\u1ee3ng cao n\u00e0y c\u0169ng bao g\u1ed3m m\u1ed9t \u0111\u1ea7u nghi\u00eang c\u00f3 th\u1ec3 th\u00e1o r\u1eddi v\u1edbi ren 1\/4\u2033-20, t\u01b0\u01a1ng th\u00edch v\u1edbi nhi\u1ec1u lo\u1ea1i m\u00e1y c\u00e2n b\u1eb1ng laser v\u00e0 thi\u1ebft b\u1ecb kh\u00e1c nhau.<\/p>\n<p>C\u00f3 s\u1eb5n trong <a href=\"https:\/\/mountlaser.com\/vi\/contact-us\/\">nhi\u1ec1u t\u00f9y ch\u1ecdn chi\u1ec1u cao<\/a>\u2014V\u1edbi chi\u1ec1u cao n\u00e2ng t\u1eeb 45 cm \u0111\u1ebfn 300 cm\u2014ch\u00e2n \u0111\u1ebf ba ch\u00e2n BA3-160HP m\u00e0u \u0111en \u0111\u00e1p \u1ee9ng nhu c\u1ea7u c\u1ee7a nhi\u1ec1u \u1ee9ng d\u1ee5ng x\u00e2y d\u1ef1ng, kh\u1ea3o s\u00e1t v\u00e0 c\u0103n ch\u1ec9nh. \u0110\u01b0\u1ee3c thi\u1ebft k\u1ebf \u0111\u1ec3 mang l\u1ea1i hi\u1ec7u su\u1ea5t c\u00e2n b\u1eb1ng ch\u00ednh x\u00e1c, \u0111\u00e2y l\u00e0 l\u1ef1a ch\u1ecdn \u01b0u ti\u00ean c\u1ee7a c\u00e1c chuy\u00ean gia coi tr\u1ecdng c\u1ea3 \u0111\u1ed9 b\u1ec1n v\u00e0 \u0111\u1ed9 ch\u00ednh x\u00e1c.<\/p>\n<p><img fetchpriority=\"high\" decoding=\"async\" class=\"aligncenter wp-image-4031\" src=\"https:\/\/mountlaser.com\/wp-content\/uploads\/2025\/11\/B3160HP4.webp\" alt=\"BA3-160HP Black Elevator Tripod\" width=\"500\" height=\"500\" srcset=\"https:\/\/mountlaser.com\/wp-content\/uploads\/2025\/11\/B3160HP4.webp 1000w, https:\/\/mountlaser.com\/wp-content\/uploads\/2025\/11\/B3160HP4-300x300.webp 300w, https:\/\/mountlaser.com\/wp-content\/uploads\/2025\/11\/B3160HP4-400x400.webp 400w, https:\/\/mountlaser.com\/wp-content\/uploads\/2025\/11\/B3160HP4-800x800.webp 800w, https:\/\/mountlaser.com\/wp-content\/uploads\/2025\/11\/B3160HP4-600x600.webp 600w, https:\/\/mountlaser.com\/wp-content\/uploads\/2025\/11\/B3160HP4-150x150.webp 150w, https:\/\/mountlaser.com\/wp-content\/uploads\/2025\/11\/B3160HP4-768x768.webp 768w, https:\/\/mountlaser.com\/wp-content\/uploads\/2025\/11\/B3160HP4-12x12.webp 12w\" sizes=\"(max-width: 500px) 100vw, 500px\" \/><\/p>\n<p><strong>Th\u00f4ng s\u1ed1 k\u1ef9 thu\u1eadt ch\u00e2n \u0111\u1ebf thang m\u00e1y BA3-160HP m\u00e0u \u0111en<\/strong><\/p>\n<div>\n<table style=\"border-collapse: collapse; width: 564.02pt;\" border=\"0\" width=\"752\" cellspacing=\"0\" cellpadding=\"0\">\n<tbody>\n<tr style=\"height: 14.25pt;\">\n<td class=\"et2\" style=\"height: 14.25pt; width: 127.50pt;\" width=\"170\" height=\"19\">CON S\u1ed0<\/td>\n<td class=\"et3\" style=\"width: 92.25pt;\" width=\"123\">M\u00c0U S\u1eaeC<\/td>\n<td class=\"et3\" style=\"width: 77.25pt;\" width=\"103\">V\u1eacT LI\u1ec6U<\/td>\n<td class=\"et3\" style=\"width: 96.75pt;\" width=\"129\">CHI\u1ec0U CAO<\/td>\n<td class=\"et3\" style=\"width: 170.25pt;\" width=\"227\">CH\u1ee6 \u0110\u1ec0<\/td>\n<\/tr>\n<tr style=\"height: 14.25pt;\">\n<td class=\"et4\" style=\"height: 14.25pt;\" height=\"19\">EBA3-120\/150\/180HP<\/td>\n<td class=\"et4\">\u0110en<\/td>\n<td class=\"et4\">Nh\u00f4m<\/td>\n<td class=\"et4\">120\/150\/180cm<\/td>\n<td class=\"et4\">\u0110\u1ea7u nh\u1ef1a 5\/8\u2033-11<\/td>\n<\/tr>\n<tr style=\"height: 14.25pt;\">\n<td class=\"et4\" style=\"height: 14.25pt;\" height=\"19\">BA3\/120\/160HP<\/td>\n<td class=\"et4\">\u0110en<\/td>\n<td class=\"et4\">Nh\u00f4m<\/td>\n<td class=\"et4\">120\/160cm<\/td>\n<td class=\"et4\">\u0110\u1ea7u nh\u1ef1a 5\/8\u2033-11<\/td>\n<\/tr>\n<tr style=\"height: 14.25pt;\">\n<td class=\"et4\" style=\"height: 14.25pt;\" height=\"19\">BA3-180\/200HB<\/td>\n<td class=\"et4\">\u0110en<\/td>\n<td class=\"et4\">Nh\u00f4m<\/td>\n<td class=\"et4\">180\/200cm<\/td>\n<td class=\"et4\">\u0110\u1ea7u tr\u00f2n l\u1edbn 5\/8\u2033-11<\/td>\n<\/tr>\n<tr style=\"height: 14.25pt;\">\n<td class=\"et4\" style=\"height: 14.25pt;\" height=\"19\">BA3-300HA<\/td>\n<td class=\"et4\">\u0110en<\/td>\n<td class=\"et4\">Nh\u00f4m<\/td>\n<td class=\"et4\">300cm<\/td>\n<td class=\"et4\">\u0110\u1ea7u nh\u00f4m 5\/8\u2033-11<\/td>\n<\/tr>\n<\/tbody>\n<\/table>\n<\/div>","protected":false},"excerpt":{"rendered":"<ul>\n<li>V\u1eadt li\u1ec7u: Nh\u00f4m oxit, tr\u1ecdng l\u01b0\u1ee3ng nh\u1eb9 v\u00e0 \u0111\u1ed9 b\u1ec1n cao.<\/li>\n<li>M\u00e0u s\u1eafc: L\u1edbp ho\u00e0n thi\u1ec7n m\u00e0u \u0111en m\u1edd chuy\u00ean nghi\u1ec7p<\/li>\n<li>Ki\u1ec3u ch\u00e2n \u0111\u1ebf: \u0110\u1ebf h\u00ecnh m\u00f3ng ng\u1ef1a v\u1edbi l\u1edbp ph\u1ee7 cao su ch\u1ed1ng tr\u01b0\u1ee3t t\u00f9y ch\u1ecdn.<\/li>\n<li>Chi\u1ec1u cao t\u1ed1i \u0111a: 0,45 m \u2013 3,0 m<\/li>\n<li>T\u00f9y ch\u1ecdn b\u1ed5 sung: M\u00f3c \u1edf gi\u1eefa \u0111\u1ec3 t\u0103ng c\u01b0\u1eddng \u0111\u1ed9 \u1ed5n \u0111\u1ecbnh<\/li>\n<\/ul>","protected":false},"featured_media":4028,"comment_status":"open","ping_status":"closed","template":"","meta":[],"product_brand":[],"product_cat":[122,94],"product_tag":[],"class_list":{"0":"post-4027","1":"product","2":"type-product","3":"status-publish","4":"has-post-thumbnail","6":"product_cat-laser-level-tripod","7":"product_cat-laser-level-accessory","9":"first","10":"instock","11":"shipping-taxable","12":"product-type-simple"},"_links":{"self":[{"href":"https:\/\/mountlaser.com\/vi\/wp-json\/wp\/v2\/product\/4027","targetHints":{"allow":["GET"]}}],"collection":[{"href":"https:\/\/mountlaser.com\/vi\/wp-json\/wp\/v2\/product"}],"about":[{"href":"https:\/\/mountlaser.com\/vi\/wp-json\/wp\/v2\/types\/product"}],"replies":[{"embeddable":true,"href":"https:\/\/mountlaser.com\/vi\/wp-json\/wp\/v2\/comments?post=4027"}],"wp:featuredmedia":[{"embeddable":true,"href":"https:\/\/mountlaser.com\/vi\/wp-json\/wp\/v2\/media\/4028"}],"wp:attachment":[{"href":"https:\/\/mountlaser.com\/vi\/wp-json\/wp\/v2\/media?parent=4027"}],"wp:term":[{"taxonomy":"product_brand","embeddable":true,"href":"https:\/\/mountlaser.com\/vi\/wp-json\/wp\/v2\/product_brand?post=4027"},{"taxonomy":"product_cat","embeddable":true,"href":"https:\/\/mountlaser.com\/vi\/wp-json\/wp\/v2\/product_cat?post=4027"},{"taxonomy":"product_tag","embeddable":true,"href":"https:\/\/mountlaser.com\/vi\/wp-json\/wp\/v2\/product_tag?post=4027"}],"curies":[{"name":"trang web","href":"https:\/\/api.w.org\/{rel}","templated":true}]}}