{"id":3985,"date":"2025-11-11T07:06:43","date_gmt":"2025-11-11T07:06:43","guid":{"rendered":"https:\/\/mountlaser.com\/?post_type=product&#038;p=3985"},"modified":"2025-12-18T09:20:57","modified_gmt":"2025-12-18T09:20:57","slug":"sa2-150hp-silver-elevator-tripod","status":"publish","type":"product","link":"https:\/\/mountlaser.com\/vi\/san-pham\/sa2-150hp-silver-elevator-tripod\/","title":{"rendered":"Ch\u00e2n \u0111\u1ebf thang m\u00e1y SA2-150HP m\u00e0u b\u1ea1c"},"content":{"rendered":"<p data-start=\"281\" data-end=\"787\">C\u00e1i <a href=\"https:\/\/mountlaser.com\/vi\/products\/\"><strong data-start=\"285\" data-end=\"321\">Ch\u00e2n \u0111\u1ebf thang m\u00e1y SA2-120HP m\u00e0u b\u1ea1c<\/strong><\/a> \u0110\u00e2y l\u00e0 gi\u1ea3i ph\u00e1p h\u1ed7 tr\u1ee3 \u0111a n\u0103ng v\u00e0 b\u1ec1n b\u1ec9 \u0111\u01b0\u1ee3c thi\u1ebft k\u1ebf cho c\u00e1c c\u00f4ng vi\u1ec7c \u0111o \u0111\u1ea1c v\u00e0 san l\u1ea5p m\u1eb7t b\u1eb1ng b\u1eb1ng laser chuy\u00ean nghi\u1ec7p. \u0110\u01b0\u1ee3c ch\u1ebf t\u1ea1o t\u1eeb nh\u00f4m oxit ch\u1ea5t l\u01b0\u1ee3ng cao, s\u1ea3n ph\u1ea9m mang l\u1ea1i \u0111\u1ed9 b\u1ec1n tuy\u1ec7t v\u1eddi trong khi v\u1eabn nh\u1eb9 v\u00e0 ch\u1ed1ng \u0103n m\u00f2n. L\u00e0 m\u1ed9t l\u1ef1a ch\u1ecdn cao c\u1ea5p trong s\u1ed1 c\u00e1c s\u1ea3n ph\u1ea9m c\u00f9ng lo\u1ea1i... <a href=\"https:\/\/mountlaser.com\/vi\/\"><strong data-start=\"588\" data-end=\"622\">Ch\u00e2n \u0111\u1ebf thang m\u00e1y b\u1eb1ng nh\u00f4m \u0111en<\/strong><\/a> Trong c\u00f9ng ph\u00e2n kh\u00fac, ch\u00e2n \u0111\u1ebf n\u00e2ng SA2-120HP Silver mang \u0111\u1ebfn s\u1ef1 \u1ed5n \u0111\u1ecbnh chuy\u00ean nghi\u1ec7p t\u01b0\u01a1ng t\u1ef1 v\u1edbi l\u1edbp ho\u00e0n thi\u1ec7n m\u00e0u b\u1ea1c n\u1ed5i b\u1eadt v\u00e0 c\u00e1c t\u00f9y ch\u1ecdn c\u1ea5u h\u00ecnh \u0111\u01b0\u1ee3c n\u00e2ng cao.<\/p>\n<p data-start=\"789\" data-end=\"1342\">\u0110\u01b0\u1ee3c thi\u1ebft k\u1ebf v\u1edbi ch\u00e2n \u0111\u1ebf h\u00ecnh m\u00f3ng ng\u1ef1a, ch\u00e2n \u0111\u1ebf n\u00e2ng SA2-120HP m\u00e0u b\u1ea1c cung c\u1ea5p \u0111\u1ed9 b\u00e1m ch\u1eafc ch\u1eafn v\u00e0 kh\u1ea3 n\u0103ng c\u00e2n b\u1eb1ng \u0111\u00e1ng tin c\u1eady tr\u00ean \u0111\u1ecba h\u00ecnh kh\u00f4ng b\u1eb1ng ph\u1eb3ng. Thi\u1ebft k\u1ebf n\u00e0y \u0111\u1ea3m b\u1ea3o \u0111\u1ecbnh v\u1ecb laser \u1ed5n \u0111\u1ecbnh, t\u01b0\u01a1ng t\u1ef1 nh\u01b0 ch\u00e2n \u0111\u1ebf n\u00e2ng b\u1eb1ng nh\u00f4m m\u00e0u \u0111en, l\u00fd t\u01b0\u1edfng cho vi\u1ec7c b\u1ed1 tr\u00ed c\u00f4ng tr\u00ecnh, l\u1eafp \u0111\u1eb7t n\u1ed9i th\u1ea5t v\u00e0 c\u00e1c c\u00f4ng vi\u1ec7c san l\u1ea5p m\u1eb7t b\u1eb1ng n\u00f3i chung. V\u1edbi c\u00e1c t\u00f9y ch\u1ecdn chi\u1ec1u cao 1,20 m, 1,50 m v\u00e0 1,80 m, ch\u00e2n \u0111\u1ebf n\u00e2ng SA2-120HP m\u00e0u b\u1ea1c d\u1ec5 d\u00e0ng th\u00edch \u1ee9ng v\u1edbi nhi\u1ec1u \u0111i\u1ec1u ki\u1ec7n l\u00e0m vi\u1ec7c kh\u00e1c nhau trong khi v\u1eabn duy tr\u00ec \u0111\u1ed9 ch\u1eafc ch\u1eafn nh\u01b0 mong \u0111\u1ee3i t\u1eeb m\u1ed9t ch\u00e2n \u0111\u1ebf n\u00e2ng b\u1eb1ng nh\u00f4m m\u00e0u \u0111en.<\/p>\n<p data-start=\"1344\" data-end=\"1905\">Ch\u00e2n \u0111\u1ebf n\u00e2ng SA2-120HP m\u00e0u b\u1ea1c \u0111\u01b0\u1ee3c trang b\u1ecb ti\u00eau chu\u1ea9n \u0111\u1ea7u b\u1eb1ng nh\u1ef1a c\u00f3 ren 5\/8\u2033-11, t\u01b0\u01a1ng th\u00edch v\u1edbi h\u1ea7u h\u1ebft c\u00e1c m\u00e1y c\u00e2n b\u1eb1ng laser v\u00e0 d\u1ee5ng c\u1ee5 \u0111o \u0111\u1ea1c. \u0110\u1ec3 t\u0103ng t\u00ednh linh ho\u1ea1t, ng\u01b0\u1eddi d\u00f9ng c\u00f3 th\u1ec3 l\u1ef1a ch\u1ecdn c\u00e1c \u0111\u1ea7u t\u00f9y ch\u1ecdn bao g\u1ed3m \u0111\u1ea7u b\u1eb1ng nh\u00f4m, \u0111\u1ea7u tr\u00f2n l\u1edbn m\u1ea1 k\u1ebdm ho\u1eb7c \u0111\u1ea7u nghi\u00eang c\u00f3 th\u1ec3 th\u00e1o r\u1eddi v\u1edbi ren 1\/4\u2033-20. C\u00e1c ph\u1ee5 ki\u1ec7n t\u00f9y ch\u1ecdn nh\u01b0 tay c\u1ea7m v\u00e0 m\u00f3c trung t\u00e2m gi\u00fap t\u0103ng c\u01b0\u1eddng kh\u1ea3 n\u0103ng s\u1eed d\u1ee5ng, \u0111\u1ecbnh v\u1ecb ch\u00e2n \u0111\u1ebf. <a href=\"https:\/\/mountlaser.com\/vi\/contact-us\/\">Ch\u00e2n \u0111\u1ebf thang m\u00e1y SA2-120HP m\u00e0u b\u1ea1c<\/a> L\u00e0 m\u1ed9t gi\u1ea3i ph\u00e1p thay th\u1ebf linh ho\u1ea1t, c\u00f3 gi\u00e1 tr\u1ecb cao cho ch\u00e2n \u0111\u1ebf n\u00e2ng b\u1eb1ng nh\u00f4m \u0111en truy\u1ec1n th\u1ed1ng.<\/p>\n<p><img fetchpriority=\"high\" decoding=\"async\" class=\"aligncenter wp-image-3990\" src=\"https:\/\/mountlaser.com\/wp-content\/uploads\/2025\/11\/S2150HP5.webp\" alt=\"SA2-120HP Silver Elevator Tripod\" width=\"500\" height=\"500\" srcset=\"https:\/\/mountlaser.com\/wp-content\/uploads\/2025\/11\/S2150HP5.webp 1000w, https:\/\/mountlaser.com\/wp-content\/uploads\/2025\/11\/S2150HP5-300x300.webp 300w, https:\/\/mountlaser.com\/wp-content\/uploads\/2025\/11\/S2150HP5-400x400.webp 400w, https:\/\/mountlaser.com\/wp-content\/uploads\/2025\/11\/S2150HP5-800x800.webp 800w, https:\/\/mountlaser.com\/wp-content\/uploads\/2025\/11\/S2150HP5-600x600.webp 600w, https:\/\/mountlaser.com\/wp-content\/uploads\/2025\/11\/S2150HP5-150x150.webp 150w, https:\/\/mountlaser.com\/wp-content\/uploads\/2025\/11\/S2150HP5-768x768.webp 768w, https:\/\/mountlaser.com\/wp-content\/uploads\/2025\/11\/S2150HP5-12x12.webp 12w\" sizes=\"(max-width: 500px) 100vw, 500px\" \/><\/p>\n<table width=\"818\">\n<tbody>\n<tr>\n<td width=\"170\">CON S\u1ed0<\/td>\n<td width=\"123\">M\u00c0U S\u1eaeC<\/td>\n<td width=\"103\">V\u1eacT LI\u1ec6U<\/td>\n<td width=\"129\">CHI\u1ec0U CAO<\/td>\n<td width=\"293\">CH\u1ee6 \u0110\u1ec0<\/td>\n<\/tr>\n<tr>\n<td>SA2-120\/150\/180HP<\/td>\n<td>\u00a0B\u1ea1c<\/td>\n<td>Nh\u00f4m<\/td>\n<td>120\/150\/180cm<\/td>\n<td>\u0110\u1ea7u nh\u1ef1a 5\/8\u2033-11<\/td>\n<\/tr>\n<tr>\n<td>SA2-120\/150\/180HA<\/td>\n<td>\u00a0B\u1ea1c<\/td>\n<td>Nh\u00f4m<\/td>\n<td>120\/150\/180cm<\/td>\n<td>\u0110\u1ea7u nh\u00f4m 5\/8\u2033-11<\/td>\n<\/tr>\n<tr>\n<td>SA2-120\/150\/180HB<\/td>\n<td>\u00a0B\u1ea1c<\/td>\n<td>Nh\u00f4m<\/td>\n<td>120\/150\/180cm<\/td>\n<td>\u0110\u1ea7u tr\u00f2n l\u1edbn 5\/8\u2033-11<\/td>\n<\/tr>\n<tr>\n<td>SA2-120\/150\/180HPR<\/td>\n<td>\u00a0B\u1ea1c<\/td>\n<td>Nh\u00f4m<\/td>\n<td>120\/150\/180cm<\/td>\n<td>\u0110\u1ea7u nh\u1ef1a 5\/8\u2033-11 + \u0110\u1ea7u nghi\u00eang c\u00f3 th\u1ec3 th\u00e1o r\u1eddi 1\/4\u2033-20<\/td>\n<\/tr>\n<\/tbody>\n<\/table>","protected":false},"excerpt":{"rendered":"<ul>\n<li>Cung c\u1ea5p kh\u1ea3 n\u0103ng h\u1ed7 tr\u1ee3 \u1ed5n \u0111\u1ecbnh v\u00e0 ch\u00ednh x\u00e1c cho m\u00e1y c\u00e2n b\u1eb1ng laser v\u00e0 c\u00e1c thi\u1ebft b\u1ecb \u0111o \u0111\u1ea1c.<\/li>\n<li>C\u01a1 ch\u1ebf \u0111i\u1ec1u ch\u1ec9nh \u0111\u1ed9 cao ki\u1ec3u thang m\u00e1y cho ph\u00e9p \u0111\u1ecbnh v\u1ecb ch\u00ednh x\u00e1c \u1edf nhi\u1ec1u \u0111\u1ed9 cao l\u00e0m vi\u1ec7c kh\u00e1c nhau.<\/li>\n<li>Ch\u00e2n \u0111\u1ebf h\u00ecnh m\u00f3ng ng\u1ef1a gi\u00fap t\u0103ng \u0111\u1ed9 \u1ed5n \u0111\u1ecbnh tr\u00ean c\u00e1c b\u1ec1 m\u1eb7t kh\u00f4ng b\u1eb1ng ph\u1eb3ng ho\u1eb7c m\u1ec1m.<\/li>\n<li>Nhi\u1ec1u t\u00f9y ch\u1ecdn \u0111\u1ea7u c\u1eafm \u0111\u1ea3m b\u1ea3o kh\u1ea3 n\u0103ng t\u01b0\u01a1ng th\u00edch v\u1edbi c\u00e1c thi\u1ebft b\u1ecb v\u00e0 \u1ee9ng d\u1ee5ng kh\u00e1c nhau.<\/li>\n<li>Tay c\u1ea7m v\u00e0 m\u00f3c trung t\u00e2m t\u00f9y ch\u1ecdn gi\u00fap t\u0103ng t\u00ednh di \u0111\u1ed9ng v\u00e0 s\u1ef1 ti\u1ec7n l\u1ee3i khi s\u1eed d\u1ee5ng t\u1ea1i c\u00f4ng tr\u01b0\u1eddng.<\/li>\n<\/ul>","protected":false},"featured_media":3989,"comment_status":"open","ping_status":"closed","template":"","meta":[],"product_brand":[],"product_cat":[94,122],"product_tag":[],"class_list":{"0":"post-3985","1":"product","2":"type-product","3":"status-publish","4":"has-post-thumbnail","6":"product_cat-laser-level-accessory","7":"product_cat-laser-level-tripod","9":"first","10":"instock","11":"shipping-taxable","12":"product-type-simple"},"_links":{"self":[{"href":"https:\/\/mountlaser.com\/vi\/wp-json\/wp\/v2\/product\/3985","targetHints":{"allow":["GET"]}}],"collection":[{"href":"https:\/\/mountlaser.com\/vi\/wp-json\/wp\/v2\/product"}],"about":[{"href":"https:\/\/mountlaser.com\/vi\/wp-json\/wp\/v2\/types\/product"}],"replies":[{"embeddable":true,"href":"https:\/\/mountlaser.com\/vi\/wp-json\/wp\/v2\/comments?post=3985"}],"wp:featuredmedia":[{"embeddable":true,"href":"https:\/\/mountlaser.com\/vi\/wp-json\/wp\/v2\/media\/3989"}],"wp:attachment":[{"href":"https:\/\/mountlaser.com\/vi\/wp-json\/wp\/v2\/media?parent=3985"}],"wp:term":[{"taxonomy":"product_brand","embeddable":true,"href":"https:\/\/mountlaser.com\/vi\/wp-json\/wp\/v2\/product_brand?post=3985"},{"taxonomy":"product_cat","embeddable":true,"href":"https:\/\/mountlaser.com\/vi\/wp-json\/wp\/v2\/product_cat?post=3985"},{"taxonomy":"product_tag","embeddable":true,"href":"https:\/\/mountlaser.com\/vi\/wp-json\/wp\/v2\/product_tag?post=3985"}],"curies":[{"name":"trang web","href":"https:\/\/api.w.org\/{rel}","templated":true}]}}