{"id":3974,"date":"2025-11-11T06:03:38","date_gmt":"2025-11-11T06:03:38","guid":{"rendered":"https:\/\/mountlaser.com\/?post_type=product&#038;p=3974"},"modified":"2025-12-18T07:00:10","modified_gmt":"2025-12-18T07:00:10","slug":"sa11-050f-silver-mini-elevator-tripod","status":"publish","type":"product","link":"https:\/\/mountlaser.com\/vi\/san-pham\/sa11-050f-silver-mini-elevator-tripod\/","title":{"rendered":"Ch\u00e2n m\u00e1y n\u00e2ng mini SA11-050F m\u00e0u b\u1ea1c"},"content":{"rendered":"<p>C\u00e1i <a href=\"https:\/\/mountlaser.com\/vi\/\"><strong>Ch\u00e2n \u0111\u1ebf thang m\u00e1y mini m\u00e0u b\u1ea1c<\/strong><\/a> l\u00e0 m\u1ed9t s\u1ea3n ph\u1ea9m nh\u1ecf g\u1ecdn v\u00e0 b\u1ec1n b\u1ec9. <a href=\"https:\/\/mountlaser.com\/vi\/products\/\"><strong>Ch\u00e2n \u0111\u1ebf c\u00f3 th\u1ec3 \u0111i\u1ec1u ch\u1ec9nh g\u00f3c nghi\u00eang c\u1ee7a m\u00e1y c\u00e2n b\u1eb1ng laser SA11-050F<\/strong><\/a> \u0110\u01b0\u1ee3c thi\u1ebft k\u1ebf d\u00e0nh cho c\u00e1c chuy\u00ean gia c\u1ea7n \u0111\u1ed9 ch\u00ednh x\u00e1c cao trong m\u1ed9t thi\u1ebft k\u1ebf nh\u1ecf g\u1ecdn. \u0110\u01b0\u1ee3c l\u00e0m t\u1eeb nh\u00f4m oxit, ch\u00e2n m\u00e1y n\u00e0y k\u1ebft h\u1ee3p \u0111\u1ed9 b\u1ec1n ch\u1eafc v\u1edbi t\u00ednh di \u0111\u1ed9ng, l\u00fd t\u01b0\u1edfng cho vi\u1ec7c c\u00e2n b\u1eb1ng b\u1eb1ng laser, l\u1eafp \u0111\u1eb7t n\u1ed9i th\u1ea5t v\u00e0 c\u00e1c \u1ee9ng d\u1ee5ng \u0111o l\u01b0\u1eddng ch\u00ednh x\u00e1c.<\/p>\n<p>\u0110\u01b0\u1ee3c thi\u1ebft k\u1ebf v\u1edbi l\u1edbp ho\u00e0n thi\u1ec7n m\u00e0u b\u1ea1c trang nh\u00e3, Ch\u00e2n \u0111\u1ebf ba ch\u00e2n mini Silver c\u00f3 \u0111\u1ea7u nghi\u00eang c\u1ed1 \u0111\u1ecbnh v\u1edbi ren 1\/4\u2033-20 c\u00f3 th\u1ec3 th\u00e1o r\u1eddi, cho ph\u00e9p ng\u01b0\u1eddi d\u00f9ng d\u1ec5 d\u00e0ng \u0111i\u1ec1u ch\u1ec9nh g\u00f3c laser v\u00e0 g\u1eafn c\u00e1c d\u1ee5ng c\u1ee5 c\u00e2n b\u1eb1ng kh\u00e1c nhau. C\u00f3 s\u1eb5n c\u00e1c t\u00f9y ch\u1ecdn chi\u1ec1u cao 50cm v\u00e0 100cm, Ch\u00e2n \u0111\u1ebf ba ch\u00e2n laser \u0111\u1ea7u nghi\u00eang SA11-050F mang l\u1ea1i s\u1ef1 linh ho\u1ea1t cho c\u1ea3 c\u00e1c ph\u00e9p \u0111o tr\u00ean m\u1eb7t b\u00e0n v\u00e0 \u1edf \u0111\u1ed9 cao th\u1ea5p, \u0111\u1ea3m b\u1ea3o \u0111\u1ed9 ch\u00ednh x\u00e1c t\u1ed1i \u01b0u trong kh\u00f4ng gian l\u00e0m vi\u1ec7c ch\u1eadt h\u1eb9p ho\u1eb7c chi ti\u1ebft.<\/p>\n<p>C\u00e1i <a href=\"https:\/\/mountlaser.com\/vi\/contact-us\/\">Ch\u00e2n \u0111\u1ebf thang m\u00e1y mini m\u00e0u b\u1ea1c<\/a>\u2019Khung nh\u00f4m ch\u1eafc ch\u1eafn v\u00e0 kh\u1ea3 n\u0103ng \u0111i\u1ec1u ch\u1ec9nh \u0111\u1ed9 nghi\u00eang ch\u00ednh x\u00e1c khi\u1ebfn n\u00f3 tr\u1edf th\u00e0nh l\u1ef1a ch\u1ecdn tuy\u1ec7t v\u1eddi cho c\u00e1c nh\u00e0 th\u1ea7u, k\u1ef9 s\u01b0 v\u00e0 ng\u01b0\u1eddi kh\u1ea3o s\u00e1t, nh\u1eefng ng\u01b0\u1eddi coi tr\u1ecdng s\u1ef1 \u1ed5n \u0111\u1ecbnh v\u00e0 kh\u1ea3 n\u0103ng ki\u1ec3m so\u00e1t trong m\u00f4i tr\u01b0\u1eddng nh\u1ecf g\u1ecdn.<\/p>\n<p><img fetchpriority=\"high\" decoding=\"async\" class=\"aligncenter wp-image-3976\" src=\"https:\/\/mountlaser.com\/wp-content\/uploads\/2025\/11\/S110502.webp\" alt=\"SA11-050F Silver Mini Elevator Tripod\" width=\"500\" height=\"500\" srcset=\"https:\/\/mountlaser.com\/wp-content\/uploads\/2025\/11\/S110502.webp 1000w, https:\/\/mountlaser.com\/wp-content\/uploads\/2025\/11\/S110502-300x300.webp 300w, https:\/\/mountlaser.com\/wp-content\/uploads\/2025\/11\/S110502-400x400.webp 400w, https:\/\/mountlaser.com\/wp-content\/uploads\/2025\/11\/S110502-800x800.webp 800w, https:\/\/mountlaser.com\/wp-content\/uploads\/2025\/11\/S110502-600x600.webp 600w, https:\/\/mountlaser.com\/wp-content\/uploads\/2025\/11\/S110502-150x150.webp 150w, https:\/\/mountlaser.com\/wp-content\/uploads\/2025\/11\/S110502-768x768.webp 768w, https:\/\/mountlaser.com\/wp-content\/uploads\/2025\/11\/S110502-12x12.webp 12w\" sizes=\"(max-width: 500px) 100vw, 500px\" \/><\/p>\n<div>\n<table style=\"border-collapse: collapse; width: 1034.28pt;\" border=\"0\" width=\"1379\" cellspacing=\"0\" cellpadding=\"0\">\n<tbody>\n<tr style=\"height: 17.25pt;\">\n<td class=\"et2\" style=\"height: 17.25pt; width: 322.50pt;\" width=\"430\" height=\"23\">CON S\u1ed0<\/td>\n<td class=\"et3\" style=\"width: 309.00pt;\" width=\"412\">M\u00c0U S\u1eaeC<\/td>\n<td class=\"et4\" style=\"width: 88.50pt;\" width=\"118\">V\u1eacT LI\u1ec6U<\/td>\n<td class=\"et4\" style=\"width: 138.00pt;\" width=\"184\">CHI\u1ec0U CAO<\/td>\n<td class=\"et4\" style=\"width: 176.25pt;\" width=\"235\">CH\u1ee6 \u0110\u1ec0<\/td>\n<\/tr>\n<tr style=\"height: 17.25pt;\">\n<td class=\"et5\" style=\"height: 17.25pt;\" height=\"23\">SA11-050F<\/td>\n<td class=\"et5\">B\u1ea1c<\/td>\n<td class=\"et4\">Nh\u00f4m<\/td>\n<td class=\"et5\">50cm<\/td>\n<td class=\"et5\">\u0110\u1ea7u nghi\u00eang c\u1ed1 \u0111\u1ecbnh, ren 1\/4\u2033-20<\/td>\n<\/tr>\n<tr style=\"height: 17.25pt;\">\n<td class=\"et5\" style=\"height: 17.25pt;\" height=\"23\">SA11-100F<\/td>\n<td class=\"et5\">B\u1ea1c<\/td>\n<td class=\"et4\">Nh\u00f4m<\/td>\n<td class=\"et5\">100cm<\/td>\n<td class=\"et5\">\u0110\u1ea7u nghi\u00eang c\u1ed1 \u0111\u1ecbnh, ren 1\/4\u2033-20<\/td>\n<\/tr>\n<\/tbody>\n<\/table>\n<\/div>","protected":false},"excerpt":{"rendered":"<ul>\n<li>V\u1eadt li\u1ec7u: Nh\u00f4m oxit, b\u1ec1n v\u00e0 nh\u1eb9.<\/li>\n<li>M\u00e0u s\u1eafc: L\u1edbp ph\u1ee7 b\u1ea1c chuy\u00ean nghi\u1ec7p<\/li>\n<li>Lo\u1ea1i \u0111\u1ea7u: \u0110\u1ea7u c\u1ed1 \u0111\u1ecbnh c\u00f3 th\u1ec3 nghi\u00eang, ren 1\/4\u2033-20 c\u00f3 th\u1ec3 th\u00e1o r\u1eddi.<\/li>\n<li>C\u00e1c t\u00f9y ch\u1ecdn chi\u1ec1u cao: 50cm \/ 100cm (c\u00f3 th\u1ec3 t\u00f9y ch\u1ec9nh)<\/li>\n<li>Thi\u1ebft k\u1ebf: Nh\u1ecf g\u1ecdn v\u00e0 \u1ed5n \u0111\u1ecbnh, th\u00edch h\u1ee3p s\u1eed d\u1ee5ng \u1edf \u0111\u1ed9 cao th\u1ea5p ho\u1eb7c tr\u00ean m\u1eb7t b\u00e0n.<\/li>\n<\/ul>","protected":false},"featured_media":3976,"comment_status":"open","ping_status":"closed","template":"","meta":[],"product_brand":[],"product_cat":[94,122],"product_tag":[],"class_list":{"0":"post-3974","1":"product","2":"type-product","3":"status-publish","4":"has-post-thumbnail","6":"product_cat-laser-level-accessory","7":"product_cat-laser-level-tripod","9":"first","10":"instock","11":"shipping-taxable","12":"product-type-simple"},"_links":{"self":[{"href":"https:\/\/mountlaser.com\/vi\/wp-json\/wp\/v2\/product\/3974","targetHints":{"allow":["GET"]}}],"collection":[{"href":"https:\/\/mountlaser.com\/vi\/wp-json\/wp\/v2\/product"}],"about":[{"href":"https:\/\/mountlaser.com\/vi\/wp-json\/wp\/v2\/types\/product"}],"replies":[{"embeddable":true,"href":"https:\/\/mountlaser.com\/vi\/wp-json\/wp\/v2\/comments?post=3974"}],"wp:featuredmedia":[{"embeddable":true,"href":"https:\/\/mountlaser.com\/vi\/wp-json\/wp\/v2\/media\/3976"}],"wp:attachment":[{"href":"https:\/\/mountlaser.com\/vi\/wp-json\/wp\/v2\/media?parent=3974"}],"wp:term":[{"taxonomy":"product_brand","embeddable":true,"href":"https:\/\/mountlaser.com\/vi\/wp-json\/wp\/v2\/product_brand?post=3974"},{"taxonomy":"product_cat","embeddable":true,"href":"https:\/\/mountlaser.com\/vi\/wp-json\/wp\/v2\/product_cat?post=3974"},{"taxonomy":"product_tag","embeddable":true,"href":"https:\/\/mountlaser.com\/vi\/wp-json\/wp\/v2\/product_tag?post=3974"}],"curies":[{"name":"trang web","href":"https:\/\/api.w.org\/{rel}","templated":true}]}}