{"id":3955,"date":"2025-11-11T05:43:10","date_gmt":"2025-11-11T05:43:10","guid":{"rendered":"https:\/\/mountlaser.com\/?post_type=product&#038;p=3955"},"modified":"2025-12-18T08:11:52","modified_gmt":"2025-12-18T08:11:52","slug":"ba5-120-150hf-black-elevator-tripod","status":"publish","type":"product","link":"https:\/\/mountlaser.com\/vi\/san-pham\/ba5-120-150hf-black-elevator-tripod\/","title":{"rendered":"Ch\u00e2n \u0111\u1ebf n\u00e2ng BA5-120\/150HF m\u00e0u \u0111en"},"content":{"rendered":"<p>C\u00e1i <a href=\"https:\/\/mountlaser.com\/vi\/\"><strong>Ch\u00e2n \u0111\u1ebf thang m\u00e1y m\u00e0u \u0111en<\/strong><\/a> l\u00e0 s\u1ea3n ph\u1ea9m b\u1ec1n b\u1ec9 v\u00e0 \u0111\u1ea1t ti\u00eau chu\u1ea9n chuy\u00ean nghi\u1ec7p. <a href=\"https:\/\/mountlaser.com\/vi\/products\/\"><strong>Ch\u00e2n \u0111\u1ebf m\u00e1y c\u00e2n b\u1eb1ng laser c\u00f3 \u0111\u1ea7u nghi\u00eang<\/strong> <\/a>\u0110\u01b0\u1ee3c thi\u1ebft k\u1ebf \u0111\u1ec3 mang l\u1ea1i s\u1ef1 \u1ed5n \u0111\u1ecbnh, \u0111\u1ed9 ch\u00ednh x\u00e1c v\u00e0 t\u00ednh linh ho\u1ea1t tuy\u1ec7t v\u1eddi trong c\u00e1c nhi\u1ec7m v\u1ee5 c\u00e2n b\u1eb1ng v\u00e0 kh\u1ea3o s\u00e1t b\u1eb1ng laser. \u0110\u01b0\u1ee3c ch\u1ebf t\u1ea1o t\u1eeb nh\u00f4m oxit ch\u1ea5t l\u01b0\u1ee3ng cao, ch\u00e2n \u0111\u1ebf n\u00e2ng m\u00e0u \u0111en n\u00e0y \u0111\u1ea3m b\u1ea3o \u0111\u1ed9 b\u1ec1n l\u00e2u d\u00e0i trong khi v\u1eabn duy tr\u00ec c\u1ea5u tr\u00fac nh\u1eb9 \u0111\u1ec3 d\u1ec5 d\u00e0ng di chuy\u1ec3n.<\/p>\n<p>Ch\u00e2n \u0111\u1ebf ba ch\u00e2n thang m\u00e1y m\u00e0u \u0111en c\u00f3 \u0111\u1ea7u nghi\u00eang c\u1ed1 \u0111\u1ecbnh v\u1edbi ren 1\/4\u2033-20 c\u00f3 th\u1ec3 th\u00e1o r\u1eddi, cho ph\u00e9p ng\u01b0\u1eddi d\u00f9ng d\u1ec5 d\u00e0ng \u0111i\u1ec1u ch\u1ec9nh g\u00f3c \u0111\u1ed9 c\u1ee7a thi\u1ebft b\u1ecb v\u00e0 g\u1eafn ch\u1eafc ch\u1eafn c\u00e1c lo\u1ea1i m\u00e1y c\u00e2n b\u1eb1ng laser v\u00e0 thi\u1ebft b\u1ecb \u0111o kh\u00e1c nhau. Thi\u1ebft k\u1ebf ch\u00e2n \u0111\u1ebf h\u00ecnh m\u00f3ng ng\u1ef1a gi\u00fap b\u00e1m ch\u1eafc tr\u00ean c\u00e1c b\u1ec1 m\u1eb7t kh\u00f4ng b\u1eb1ng ph\u1eb3ng ho\u1eb7c g\u1ed3 gh\u1ec1, \u0111\u1ea3m b\u1ea3o s\u1ef1 \u1ed5n \u0111\u1ecbnh trong m\u1ecdi m\u00f4i tr\u01b0\u1eddng l\u00e0m vi\u1ec7c.<\/p>\n<p><img fetchpriority=\"high\" decoding=\"async\" class=\"aligncenter wp-image-3959\" src=\"https:\/\/mountlaser.com\/wp-content\/uploads\/2025\/11\/B5120HF4.webp\" alt=\"BA5-120HF BLACK ELEVATOR TRIPOD\" width=\"500\" height=\"500\" srcset=\"https:\/\/mountlaser.com\/wp-content\/uploads\/2025\/11\/B5120HF4.webp 1000w, https:\/\/mountlaser.com\/wp-content\/uploads\/2025\/11\/B5120HF4-300x300.webp 300w, https:\/\/mountlaser.com\/wp-content\/uploads\/2025\/11\/B5120HF4-400x400.webp 400w, https:\/\/mountlaser.com\/wp-content\/uploads\/2025\/11\/B5120HF4-800x800.webp 800w, https:\/\/mountlaser.com\/wp-content\/uploads\/2025\/11\/B5120HF4-600x600.webp 600w, https:\/\/mountlaser.com\/wp-content\/uploads\/2025\/11\/B5120HF4-150x150.webp 150w, https:\/\/mountlaser.com\/wp-content\/uploads\/2025\/11\/B5120HF4-768x768.webp 768w, https:\/\/mountlaser.com\/wp-content\/uploads\/2025\/11\/B5120HF4-12x12.webp 12w\" sizes=\"(max-width: 500px) 100vw, 500px\" \/><\/p>\n<p>C\u00f3 s\u1eb5n c\u00e1c k\u00edch th\u01b0\u1edbc 120 cm v\u00e0 150 cm. <a href=\"https:\/\/mountlaser.com\/vi\/contact-us\/\">t\u00f9y ch\u1ecdn chi\u1ec1u cao<\/a>, Ngo\u00e0i ra, ch\u00e2n \u0111\u1ebf m\u00e1y c\u00e2n b\u1eb1ng laser c\u00f3 \u0111\u1ea7u nghi\u00eang c\u0169ng c\u00f3 th\u1ec3 \u0111\u01b0\u1ee3c t\u00f9y ch\u1ec9nh \u0111\u1ec3 ph\u00f9 h\u1ee3p v\u1edbi nhu c\u1ea7u \u0111o l\u01b0\u1eddng c\u1ee5 th\u1ec3. L\u1edbp ph\u1ee7 oxit \u0111en trang nh\u00e3 kh\u00f4ng ch\u1ec9 l\u00e0m t\u0103ng v\u1ebb ngo\u00e0i chuy\u00ean nghi\u1ec7p m\u00e0 c\u00f2n ch\u1ed1ng \u0103n m\u00f2n v\u00e0 m\u00e0i m\u00f2n \u2014 bi\u1ebfn n\u00f3 th\u00e0nh ng\u01b0\u1eddi b\u1ea1n \u0111\u1ed3ng h\u00e0nh \u0111\u00e1ng tin c\u1eady cho c\u1ea3 c\u00e1c d\u1ef1 \u00e1n \u0111o l\u01b0\u1eddng trong nh\u00e0 v\u00e0 ngo\u00e0i tr\u1eddi.<\/p>\n<table style=\"height: 241px;\" width=\"862\">\n<tbody>\n<tr>\n<td width=\"170\">CON S\u1ed0<\/td>\n<td width=\"123\">M\u00c0U S\u1eaeC<\/td>\n<td width=\"103\">V\u1eacT LI\u1ec6U<\/td>\n<td width=\"96\">CHI\u1ec0U CAO<\/td>\n<td width=\"227\">CH\u1ee6 \u0110\u1ec0<\/td>\n<\/tr>\n<tr>\n<td>BS5-120HF<\/td>\n<td>\u0110en<\/td>\n<td>Th\u00e9p<\/td>\n<td>120cm<\/td>\n<td rowspan=\"4\" width=\"227\">\u00a0\u0110\u1ea7u c\u00f3 th\u1ec3 \u0111i\u1ec1u ch\u1ec9nh g\u00f3c nghi\u00eang c\u1ed1 \u0111\u1ecbnh v\u1edbi ren 1\/4\u2033-20 c\u00f3 th\u1ec3 th\u00e1o r\u1eddi.<\/td>\n<\/tr>\n<tr>\n<td>BS5-150HF<\/td>\n<td>\u0110en<\/td>\n<td>Th\u00e9p<\/td>\n<td>150cm<\/td>\n<\/tr>\n<tr>\n<td>BA5-120HF<\/td>\n<td>\u0110en<\/td>\n<td>Nh\u00f4m<\/td>\n<td>120cm<\/td>\n<\/tr>\n<tr>\n<td>BA5-150HF<\/td>\n<td>\u0110en<\/td>\n<td>Nh\u00f4m<\/td>\n<td>150cm<\/td>\n<\/tr>\n<\/tbody>\n<\/table>\n<p>&nbsp;<\/p>","protected":false},"excerpt":{"rendered":"<ul>\n<li>Lo\u1ea1i \u0111\u1ea7u: \u0110\u1ea7u c\u1ed1 \u0111\u1ecbnh c\u00f3 th\u1ec3 nghi\u00eang, ren 1\/4\u2033-20 c\u00f3 th\u1ec3 th\u00e1o r\u1eddi.<\/li>\n<li>C\u00e1c t\u00f9y ch\u1ecdn chi\u1ec1u cao: 120 cm \/ 150 cm (c\u00f3 th\u1ec3 t\u00f9y ch\u1ec9nh)<\/li>\n<li>Thi\u1ebft k\u1ebf \u0111\u1ebf: Ki\u1ec3u m\u00f3ng ng\u1ef1a, ti\u1ebfp x\u00fac t\u1ed1t v\u1edbi m\u1eb7t \u0111\u1ea5t c\u1ee9ng.<\/li>\n<li>M\u00e0u s\u1eafc: L\u1edbp s\u01a1n \u0111en b\u00f3ng b\u1ea9y, mang l\u1ea1i v\u1ebb ngo\u00e0i chuy\u00ean nghi\u1ec7p.<\/li>\n<\/ul>","protected":false},"featured_media":3966,"comment_status":"open","ping_status":"closed","template":"","meta":[],"product_brand":[],"product_cat":[94,122],"product_tag":[],"class_list":{"0":"post-3955","1":"product","2":"type-product","3":"status-publish","4":"has-post-thumbnail","6":"product_cat-laser-level-accessory","7":"product_cat-laser-level-tripod","9":"first","10":"instock","11":"shipping-taxable","12":"product-type-simple"},"_links":{"self":[{"href":"https:\/\/mountlaser.com\/vi\/wp-json\/wp\/v2\/product\/3955","targetHints":{"allow":["GET"]}}],"collection":[{"href":"https:\/\/mountlaser.com\/vi\/wp-json\/wp\/v2\/product"}],"about":[{"href":"https:\/\/mountlaser.com\/vi\/wp-json\/wp\/v2\/types\/product"}],"replies":[{"embeddable":true,"href":"https:\/\/mountlaser.com\/vi\/wp-json\/wp\/v2\/comments?post=3955"}],"wp:featuredmedia":[{"embeddable":true,"href":"https:\/\/mountlaser.com\/vi\/wp-json\/wp\/v2\/media\/3966"}],"wp:attachment":[{"href":"https:\/\/mountlaser.com\/vi\/wp-json\/wp\/v2\/media?parent=3955"}],"wp:term":[{"taxonomy":"product_brand","embeddable":true,"href":"https:\/\/mountlaser.com\/vi\/wp-json\/wp\/v2\/product_brand?post=3955"},{"taxonomy":"product_cat","embeddable":true,"href":"https:\/\/mountlaser.com\/vi\/wp-json\/wp\/v2\/product_cat?post=3955"},{"taxonomy":"product_tag","embeddable":true,"href":"https:\/\/mountlaser.com\/vi\/wp-json\/wp\/v2\/product_tag?post=3955"}],"curies":[{"name":"trang web","href":"https:\/\/api.w.org\/{rel}","templated":true}]}}