{"id":3952,"date":"2025-11-11T03:10:14","date_gmt":"2025-11-11T03:10:14","guid":{"rendered":"https:\/\/mountlaser.com\/?post_type=product&#038;p=3952"},"modified":"2025-12-18T09:03:46","modified_gmt":"2025-12-18T09:03:46","slug":"sa1-045hp-silver-elevator-tripod","status":"publish","type":"product","link":"https:\/\/mountlaser.com\/vi\/san-pham\/sa1-045hp-silver-elevator-tripod\/","title":{"rendered":"Ch\u00e2n \u0111\u1ebf thang m\u00e1y SA1-045HP m\u00e0u b\u1ea1c"},"content":{"rendered":"<p data-start=\"300\" data-end=\"814\">C\u00e1i <a href=\"https:\/\/mountlaser.com\/vi\/\"><strong data-start=\"304\" data-end=\"340\">Ch\u00e2n \u0111\u1ebf thang m\u00e1y SA1-045HP m\u00e0u b\u1ea1c<\/strong><\/a> \u0110\u00e2y l\u00e0 gi\u1ea3i ph\u00e1p h\u1ed7 tr\u1ee3 thi\u1ebft th\u1ef1c v\u00e0 ti\u1ebft ki\u1ec7m chi ph\u00ed \u0111\u01b0\u1ee3c thi\u1ebft k\u1ebf d\u00e0nh cho ng\u01b0\u1eddi d\u00f9ng m\u00e1y c\u00e2n b\u1eb1ng laser c\u1ea7n \u0111\u1ed9 tin c\u1eady m\u00e0 kh\u00f4ng t\u1ed1n nhi\u1ec1u chi ph\u00ed. L\u00e0 m\u1ed9t <a href=\"https:\/\/mountlaser.com\/vi\/products\/\"><strong data-start=\"472\" data-end=\"503\">Ch\u00e2n \u0111\u1ebf c\u00e2n b\u1eb1ng laser kinh t\u1ebf<\/strong><\/a>, S\u1ea3n ph\u1ea9m n\u00e0y c\u00f3 c\u1ea5u tr\u00fac b\u1eb1ng nh\u00f4m oxit nh\u1eb9 k\u1ebft h\u1ee3p v\u1edbi thi\u1ebft k\u1ebf ch\u00e2n \u0111\u1ebf h\u00ecnh m\u00f3ng ng\u1ef1a \u1ed5n \u0111\u1ecbnh, l\u00fd t\u01b0\u1edfng cho c\u1ea3 c\u00e1c c\u00f4ng vi\u1ec7c c\u00e2n b\u1eb1ng trong nh\u00e0 v\u00e0 ngo\u00e0i tr\u1eddi. Ch\u00e2n m\u00e1y c\u00e2n b\u1eb1ng laser SA1-045HP SILVER mang l\u1ea1i hi\u1ec7u su\u1ea5t \u0111\u00e1ng tin c\u1eady \u0111\u1ed3ng th\u1eddi duy tr\u00ec gi\u00e1 tr\u1ecb tuy\u1ec7t v\u1eddi nh\u01b0 m\u1ed9t ch\u00e2n m\u00e1y c\u00e2n b\u1eb1ng laser kinh t\u1ebf.<\/p>\n<p data-start=\"816\" data-end=\"1412\">\u0110\u01b0\u1ee3c ho\u00e0n thi\u1ec7n v\u1edbi m\u00e0u b\u1ea1c chuy\u00ean nghi\u1ec7p, ch\u00e2n \u0111\u1ebf m\u00e1y c\u00e2n b\u1eb1ng laser SA1-045HP SILVER ELEVATOR TRIPOD \u0111\u01b0\u1ee3c s\u1ea3n xu\u1ea5t t\u1eeb nh\u00f4m oxit b\u1ec1n ch\u1eafc \u0111\u1ec3 \u0111\u1ea3m b\u1ea3o kh\u1ea3 n\u0103ng ch\u1ed1ng \u0103n m\u00f2n v\u00e0 tu\u1ed5i th\u1ecd cao. Ch\u00e2n \u0111\u1ebf m\u00e1y c\u00e2n b\u1eb1ng laser ti\u1ebft ki\u1ec7m n\u00e0y \u0111\u01b0\u1ee3c trang b\u1ecb ti\u00eau chu\u1ea9n v\u1edbi \u0111\u1ea7u b\u1eb1ng nh\u1ef1a c\u00f3 ren 5\/8\u2033-11, t\u01b0\u01a1ng th\u00edch v\u1edbi h\u1ea7u h\u1ebft c\u00e1c m\u00e1y c\u00e2n b\u1eb1ng laser v\u00e0 d\u1ee5ng c\u1ee5 \u0111o \u0111\u1ea1c. \u0110\u1ed1i v\u1edbi ng\u01b0\u1eddi d\u00f9ng c\u1ea7n t\u00ednh linh ho\u1ea1t h\u01a1n, ch\u00e2n \u0111\u1ebf m\u00e1y c\u00e2n b\u1eb1ng laser SA1-045HP SILVER ELEVATOR TRIPOD c\u0169ng c\u00f3 s\u1eb5n t\u00f9y ch\u1ecdn \u0111\u1ea7u nghi\u00eang c\u00f3 th\u1ec3 th\u00e1o r\u1eddi v\u1edbi ren 1\/4\u2033-20, gi\u00fap t\u0103ng th\u00eam t\u00ednh \u0111a d\u1ee5ng c\u1ee7a n\u00f3 nh\u01b0 m\u1ed9t ch\u00e2n \u0111\u1ebf m\u00e1y c\u00e2n b\u1eb1ng laser ti\u1ebft ki\u1ec7m.<\/p>\n<p data-start=\"1414\" data-end=\"1873\">V\u1edbi nhi\u1ec1u t\u00f9y ch\u1ecdn chi\u1ec1u cao 0,45 m, 1,20 m v\u00e0 1,50 m, ch\u00e2n \u0111\u1ebf thang m\u00e1y SA1-045HP SILVER d\u1ec5 d\u00e0ng th\u00edch \u1ee9ng v\u1edbi c\u00e1c y\u00eau c\u1ea7u kh\u00e1c nhau t\u1ea1i c\u00f4ng tr\u01b0\u1eddng. Ch\u00e2n \u0111\u1ebf h\u00ecnh m\u00f3ng ng\u1ef1a c\u1ea3i thi\u1ec7n \u0111\u1ed9 b\u00e1m v\u00e0 \u0111\u1ed9 \u1ed5n \u0111\u1ecbnh, \u0111\u1ea3m b\u1ea3o \u0111\u1ecbnh v\u1ecb laser ch\u00ednh x\u00e1c ngay c\u1ea3 tr\u00ean b\u1ec1 m\u1eb7t kh\u00f4ng b\u1eb1ng ph\u1eb3ng. \u0110\u01b0\u1ee3c thi\u1ebft k\u1ebf cho c\u00f4ng t\u00e1c b\u1ed1 tr\u00ed c\u00f4ng tr\u00ecnh, ho\u00e0n thi\u1ec7n n\u1ed9i th\u1ea5t v\u00e0 san l\u1ea5p m\u1eb7t b\u1eb1ng n\u00f3i chung, s\u1ea3n ph\u1ea9m n\u00e0y <a href=\"https:\/\/mountlaser.com\/vi\/contact-us\/\">Ch\u00e2n \u0111\u1ebf c\u00e2n b\u1eb1ng laser kinh t\u1ebf<\/a> S\u1ea3n ph\u1ea9m n\u00e0y mang \u0111\u1ebfn s\u1ef1 c\u00e2n b\u1eb1ng th\u00f4ng minh gi\u1eefa hi\u1ec7u n\u0103ng, t\u00ednh di \u0111\u1ed9ng v\u00e0 gi\u00e1 c\u1ea3 ph\u1ea3i ch\u0103ng.<\/p>\n<p><img fetchpriority=\"high\" decoding=\"async\" class=\"aligncenter wp-image-3945\" src=\"https:\/\/mountlaser.com\/wp-content\/uploads\/2025\/11\/S11503.webp\" alt=\"SA1-045HP SILVER ELEVATOR TRIPOD\" width=\"500\" height=\"500\" srcset=\"https:\/\/mountlaser.com\/wp-content\/uploads\/2025\/11\/S11503.webp 1000w, https:\/\/mountlaser.com\/wp-content\/uploads\/2025\/11\/S11503-300x300.webp 300w, https:\/\/mountlaser.com\/wp-content\/uploads\/2025\/11\/S11503-400x400.webp 400w, https:\/\/mountlaser.com\/wp-content\/uploads\/2025\/11\/S11503-800x800.webp 800w, https:\/\/mountlaser.com\/wp-content\/uploads\/2025\/11\/S11503-600x600.webp 600w, https:\/\/mountlaser.com\/wp-content\/uploads\/2025\/11\/S11503-150x150.webp 150w, https:\/\/mountlaser.com\/wp-content\/uploads\/2025\/11\/S11503-768x768.webp 768w, https:\/\/mountlaser.com\/wp-content\/uploads\/2025\/11\/S11503-12x12.webp 12w\" sizes=\"(max-width: 500px) 100vw, 500px\" \/><\/p>\n<p>&nbsp;<\/p>\n<div>\n<table style=\"border-collapse: collapse; width: 613.52pt;\" border=\"0\" width=\"818\" cellspacing=\"0\" cellpadding=\"0\">\n<tbody>\n<tr style=\"height: 14.25pt;\">\n<td class=\"et2\" style=\"height: 14.25pt; width: 127.50pt;\" width=\"170\" height=\"19\">CON S\u1ed0<\/td>\n<td class=\"et3\" style=\"width: 92.25pt;\" width=\"123\">M\u00c0U S\u1eaeC<\/td>\n<td class=\"et3\" style=\"width: 77.25pt;\" width=\"103\">V\u1eacT LI\u1ec6U<\/td>\n<td class=\"et3\" style=\"width: 96.75pt;\" width=\"129\">CHI\u1ec0U CAO<\/td>\n<td class=\"et3\" style=\"width: 219.75pt;\" width=\"293\">CH\u1ee6 \u0110\u1ec0<\/td>\n<\/tr>\n<tr style=\"height: 14.25pt;\">\n<td class=\"et4\" style=\"height: 14.25pt;\" height=\"19\">SA1-045\/120\/150HP<\/td>\n<td class=\"et4\">B\u1ea1c<\/td>\n<td class=\"et4\">Nh\u00f4m<\/td>\n<td class=\"et4\">45\/120\/150cm<\/td>\n<td class=\"et4\">\u0110\u1ea7u nh\u1ef1a 5\/8\u2033-11<\/td>\n<\/tr>\n<tr style=\"height: 14.25pt;\">\n<td class=\"et4\" style=\"height: 14.25pt;\" height=\"19\">SA1-045\/120\/150HPR<\/td>\n<td class=\"et4\">B\u1ea1c<\/td>\n<td class=\"et4\">Nh\u00f4m<\/td>\n<td class=\"et4\">45\/120\/150cm<\/td>\n<td class=\"et4\">\u0110\u1ea7u nh\u1ef1a 5\/8\u2033-11 + \u0110\u1ea7u nghi\u00eang c\u00f3 th\u1ec3 th\u00e1o r\u1eddi 1\/4\u2033-20<\/td>\n<\/tr>\n<\/tbody>\n<\/table>\n<\/div>","protected":false},"excerpt":{"rendered":"<ul>\n<li>Cung c\u1ea5p s\u1ef1 h\u1ed7 tr\u1ee3 \u1ed5n \u0111\u1ecbnh v\u00e0 \u0111\u00e1ng tin c\u1eady cho m\u00e1y c\u00e2n b\u1eb1ng laser trong qu\u00e1 tr\u00ecnh c\u0103n ch\u1ec9nh v\u00e0 b\u1ed1 tr\u00ed.<\/li>\n<li>C\u01a1 ch\u1ebf \u0111i\u1ec1u ch\u1ec9nh \u0111\u1ed9 cao ki\u1ec3u thang m\u00e1y cho ph\u00e9p \u0111\u1ecbnh v\u1ecb ch\u00ednh x\u00e1c \u1edf c\u00e1c \u0111\u1ed9 cao l\u00e0m vi\u1ec7c kh\u00e1c nhau.<\/li>\n<li>\u0110\u1ebf h\u00ecnh m\u00f3ng ng\u1ef1a gi\u00fap t\u0103ng \u0111\u1ed9 \u1ed5n \u0111\u1ecbnh tr\u00ean m\u1eb7t \u0111\u1ea5t kh\u00f4ng b\u1eb1ng ph\u1eb3ng ho\u1eb7c m\u1ec1m.<\/li>\n<li>\u0110\u1ea7u b\u1eb1ng nh\u1ef1a v\u1edbi ren 5\/8\u2033-11 \u0111\u1ea3m b\u1ea3o kh\u1ea3 n\u0103ng t\u01b0\u01a1ng th\u00edch v\u1edbi nhi\u1ec1u lo\u1ea1i d\u1ee5ng c\u1ee5.<\/li>\n<li>\u0110\u1ea7u nghi\u00eang c\u00f3 th\u1ec3 th\u00e1o r\u1eddi t\u00f9y ch\u1ecdn v\u1edbi ren 1\/4\u2033-20 gi\u00fap t\u0103ng t\u00ednh linh ho\u1ea1t cho nhi\u1ec1u \u1ee9ng d\u1ee5ng kh\u00e1c nhau.<\/li>\n<\/ul>","protected":false},"featured_media":3944,"comment_status":"open","ping_status":"closed","template":"","meta":[],"product_brand":[],"product_cat":[94,122],"product_tag":[],"class_list":{"0":"post-3952","1":"product","2":"type-product","3":"status-publish","4":"has-post-thumbnail","6":"product_cat-laser-level-accessory","7":"product_cat-laser-level-tripod","9":"first","10":"instock","11":"shipping-taxable","12":"product-type-simple"},"_links":{"self":[{"href":"https:\/\/mountlaser.com\/vi\/wp-json\/wp\/v2\/product\/3952","targetHints":{"allow":["GET"]}}],"collection":[{"href":"https:\/\/mountlaser.com\/vi\/wp-json\/wp\/v2\/product"}],"about":[{"href":"https:\/\/mountlaser.com\/vi\/wp-json\/wp\/v2\/types\/product"}],"replies":[{"embeddable":true,"href":"https:\/\/mountlaser.com\/vi\/wp-json\/wp\/v2\/comments?post=3952"}],"wp:featuredmedia":[{"embeddable":true,"href":"https:\/\/mountlaser.com\/vi\/wp-json\/wp\/v2\/media\/3944"}],"wp:attachment":[{"href":"https:\/\/mountlaser.com\/vi\/wp-json\/wp\/v2\/media?parent=3952"}],"wp:term":[{"taxonomy":"product_brand","embeddable":true,"href":"https:\/\/mountlaser.com\/vi\/wp-json\/wp\/v2\/product_brand?post=3952"},{"taxonomy":"product_cat","embeddable":true,"href":"https:\/\/mountlaser.com\/vi\/wp-json\/wp\/v2\/product_cat?post=3952"},{"taxonomy":"product_tag","embeddable":true,"href":"https:\/\/mountlaser.com\/vi\/wp-json\/wp\/v2\/product_tag?post=3952"}],"curies":[{"name":"trang web","href":"https:\/\/api.w.org\/{rel}","templated":true}]}}