{"id":3932,"date":"2025-11-11T01:26:15","date_gmt":"2025-11-11T01:26:15","guid":{"rendered":"https:\/\/mountlaser.com\/?post_type=product&#038;p=3932"},"modified":"2025-11-27T06:19:58","modified_gmt":"2025-11-27T06:19:58","slug":"gps-extension-pole","status":"publish","type":"product","link":"https:\/\/mountlaser.com\/vi\/san-pham\/gps-extension-pole\/","title":{"rendered":"C\u1ed9t n\u1ed1i d\u00e0i GPS"},"content":{"rendered":"<p>G\u1eady n\u1ed1i d\u00e0i GPS c\u00f3 hai lo\u1ea1i v\u1eadt li\u1ec7u: g\u1eady n\u1ed1i d\u00e0i b\u1eb1ng nh\u00f4m v\u00e0 g\u1eady n\u1ed1i d\u00e0i b\u1eb1ng s\u1ee3i carbon.<\/p>\n<p>C\u00e1i <a href=\"https:\/\/mountlaser.com\/vi\/products\/\"><strong>C\u1ed9t n\u1ed1i d\u00e0i cho h\u1ec7 th\u1ed1ng GNSS<\/strong> <\/a>\u0110\u00e2y l\u00e0 m\u1ed9t ph\u1ee5 ki\u1ec7n \u0111\u01b0\u1ee3c thi\u1ebft k\u1ebf ch\u00ednh x\u00e1c nh\u1eb1m cung c\u1ea5p gi\u00e1 \u0111\u1ee1 \u1ed5n \u0111\u1ecbnh v\u00e0 c\u00f3 th\u1ec3 \u0111i\u1ec1u ch\u1ec9nh \u0111\u1ed9 cao cho m\u00e1y thu GNSS, m\u00e1y to\u00e0n \u0111\u1ea1c v\u00e0 c\u00e1c thi\u1ebft b\u1ecb \u0111o laser. \u0110\u01b0\u1ee3c ch\u1ebf t\u1ea1o t\u1eeb c\u00e1c v\u1eadt li\u1ec7u ch\u1ea5t l\u01b0\u1ee3ng cao, bao g\u1ed3m C\u1ed9t n\u1ed1i d\u00e0i b\u1eb1ng nh\u00f4m, s\u1ee3i carbon cao c\u1ea5p v\u00e0 s\u1ee3i carbon Toray 100%, s\u1ea3n ph\u1ea9m mang l\u1ea1i \u0111\u1ed9 b\u1ec1n, \u0111\u1ed9 \u1ed5n \u0111\u1ecbnh v\u01b0\u1ee3t tr\u1ed9i v\u00e0 tr\u1ecdng l\u01b0\u1ee3ng nh\u1eb9 cho c\u00e1c nh\u00e0 kh\u1ea3o s\u00e1t chuy\u00ean nghi\u1ec7p.<\/p>\n<p>C\u00e1i <a href=\"https:\/\/mountlaser.com\/vi\/about-us\/\"><strong>C\u1ed9t n\u1ed1i d\u00e0i b\u1eb1ng s\u1ee3i carbon<\/strong> <\/a>\u0110\u01b0\u1ee3c thi\u1ebft k\u1ebf cho c\u00e1c \u1ee9ng d\u1ee5ng \u0111o l\u01b0\u1eddng v\u00e0 kh\u1ea3o s\u00e1t ch\u00ednh x\u00e1c, \u0111\u00f2i h\u1ecfi \u0111\u1ed9 b\u1ec1n cao nh\u01b0ng tr\u1ecdng l\u01b0\u1ee3ng nh\u1eb9 v\u00e0 \u0111\u1ed9 \u1ed5n \u0111\u1ecbnh v\u01b0\u1ee3t tr\u1ed9i. \u0110\u01b0\u1ee3c l\u00e0m t\u1eeb s\u1ee3i carbon ch\u1ea5t l\u01b0\u1ee3ng cao, c\u1ed9t n\u1ed1i d\u00e0i b\u1eb1ng s\u1ee3i carbon n\u00e0y mang l\u1ea1i \u0111\u1ed9 c\u1ee9ng tuy\u1ec7t v\u1eddi \u0111\u1ed3ng th\u1eddi gi\u1ea3m \u0111\u00e1ng k\u1ec3 tr\u1ecdng l\u01b0\u1ee3ng t\u1ed5ng th\u1ec3, gi\u00fap d\u1ec5 d\u00e0ng mang theo v\u00e0 l\u00fd t\u01b0\u1edfng cho c\u00e1c ho\u1ea1t \u0111\u1ed9ng ngo\u00e0i tr\u1eddi k\u00e9o d\u00e0i.<\/p>\n<p>M\u1ed7i thanh n\u1ed1i d\u00e0i cho GNSS \u0111\u1ec1u \u0111\u01b0\u1ee3c trang b\u1ecb c\u1ea3 ren ngo\u00e0i v\u00e0 ren trong 5\/8\u2033-11 \u0111\u1ec3 t\u01b0\u01a1ng th\u00edch ph\u1ed5 bi\u1ebfn v\u1edbi nhi\u1ec1u lo\u1ea1i thi\u1ebft b\u1ecb v\u00e0 b\u1ed9 chuy\u1ec3n \u0111\u1ed5i. C\u00f3 nhi\u1ec1u chi\u1ec1u d\u00e0i t\u1eeb 15cm \u0111\u1ebfn 100cm v\u00e0 \u0111\u01b0\u1eddng k\u00ednh 25mm ho\u1eb7c 32mm, cho ph\u00e9p \u0111i\u1ec1u ch\u1ec9nh chi\u1ec1u cao linh ho\u1ea1t \u0111\u1ec3 \u0111\u00e1p \u1ee9ng c\u00e1c y\u00eau c\u1ea7u kh\u00e1c nhau trong th\u1ef1c \u0111\u1ecba. Phi\u00ean b\u1ea3n thanh n\u1ed1i d\u00e0i b\u1eb1ng nh\u00f4m mang l\u1ea1i s\u1ef1 c\u00e2n b\u1eb1ng tuy\u1ec7t v\u1eddi gi\u1eefa \u0111\u1ed9 b\u1ec1n v\u00e0 tr\u1ecdng l\u01b0\u1ee3ng, trong khi c\u00e1c m\u1eabu b\u1eb1ng s\u1ee3i carbon \u0111\u1ea3m b\u1ea3o \u0111\u1ed9 c\u1ee9ng t\u1ed1i \u0111a v\u1edbi t\u1ea3i tr\u1ecdng t\u1ed1i thi\u1ec3u.<\/p>\n<p><!--StartFragment --><\/p>\n<p class=\"pf0\"><span class=\"cf0\"><a href=\"https:\/\/mountlaser.com\/vi\/contact-us\/\">C\u1ed9t n\u1ed1i d\u00e0i GPS<\/a>, c\u00f2n \u0111\u01b0\u1ee3c g\u1ecdi l\u00e0 C\u1ea7n n\u1ed1i d\u00e0i GPS, c\u00f3 ba m\u00e0u:<\/span><\/p>\n<p class=\"pf0\"><span class=\"cf0\">C\u1ed9t n\u1ed1i d\u00e0i GPS \u2013 M\u00e0u v\u00e0ng<\/span><\/p>\n<p class=\"pf0\">C\u1ed9t n\u1ed1i d\u00e0i GPS \u2013 M\u00e0u x\u00e1m<\/p>\n<p class=\"pf0\"><span class=\"cf0\">C\u1ed9t n\u1ed1i d\u00e0i GPS \u2013 M\u00e0u xanh l\u00e1 c\u00e2y<\/span><\/p>\n<p><!--EndFragment --><\/p>\n<p><img fetchpriority=\"high\" decoding=\"async\" class=\"aligncenter wp-image-3935\" src=\"https:\/\/mountlaser.com\/wp-content\/uploads\/2025\/11\/Extension-Pole3.webp\" alt=\"Extension Pole for GNSS\" width=\"500\" height=\"500\" srcset=\"https:\/\/mountlaser.com\/wp-content\/uploads\/2025\/11\/Extension-Pole3.webp 1000w, https:\/\/mountlaser.com\/wp-content\/uploads\/2025\/11\/Extension-Pole3-300x300.webp 300w, https:\/\/mountlaser.com\/wp-content\/uploads\/2025\/11\/Extension-Pole3-400x400.webp 400w, https:\/\/mountlaser.com\/wp-content\/uploads\/2025\/11\/Extension-Pole3-800x800.webp 800w, https:\/\/mountlaser.com\/wp-content\/uploads\/2025\/11\/Extension-Pole3-600x600.webp 600w, https:\/\/mountlaser.com\/wp-content\/uploads\/2025\/11\/Extension-Pole3-150x150.webp 150w, https:\/\/mountlaser.com\/wp-content\/uploads\/2025\/11\/Extension-Pole3-768x768.webp 768w, https:\/\/mountlaser.com\/wp-content\/uploads\/2025\/11\/Extension-Pole3-12x12.webp 12w\" sizes=\"(max-width: 500px) 100vw, 500px\" \/><\/p>\n<p><strong>C\u1ed9t n\u1ed1i d\u00e0i cho th\u00f4ng s\u1ed1 k\u1ef9 thu\u1eadt GNSS<\/strong><\/p>\n<div>\n<table style=\"border-collapse: collapse; width: 1034.28pt;\" border=\"0\" width=\"1379\" cellspacing=\"0\" cellpadding=\"0\">\n<tbody>\n<tr style=\"height: 14.25pt;\">\n<td class=\"et2\" style=\"height: 14.25pt; width: 322.50pt;\" width=\"430\" height=\"19\">CON S\u1ed0<\/td>\n<td class=\"et2\" style=\"width: 309.00pt;\" width=\"412\">V\u1eacT LI\u1ec6U<\/td>\n<td class=\"et2\" style=\"width: 88.50pt;\" width=\"118\">\u0110\u01af\u1edcNG K\u00cdNH<\/td>\n<td class=\"et3\" style=\"width: 138.00pt;\" width=\"184\">CHI\u1ec0U D\u00c0I<\/td>\n<td class=\"et2\" style=\"width: 176.25pt;\" width=\"235\">M\u00c0U S\u1eaeC<\/td>\n<\/tr>\n<tr style=\"height: 14.25pt;\">\n<td class=\"et4\" style=\"height: 14.25pt;\" height=\"19\">EPA25-10YL<\/td>\n<td class=\"et5\">Nh\u00f4m<\/td>\n<td class=\"et4\">25mm<\/td>\n<td class=\"et4\">10cm<\/td>\n<td class=\"et6\">YL\/ GN\/ GY<\/td>\n<\/tr>\n<tr style=\"height: 14.25pt;\">\n<td class=\"et6\" style=\"height: 14.25pt;\" height=\"19\">EPA32-10YL<\/td>\n<td class=\"et2\">Nh\u00f4m<\/td>\n<td class=\"et6\">32mm<\/td>\n<td class=\"et6\">10cm<\/td>\n<td class=\"et6\">YL\/ GN\/ GY<\/td>\n<\/tr>\n<tr style=\"height: 14.25pt;\">\n<td class=\"et2\" style=\"height: 14.25pt;\" height=\"19\">EPC25-10<\/td>\n<td class=\"et6\">S\u1ee3i carbon cao c\u1ea5p<\/td>\n<td class=\"et6\">25mm<\/td>\n<td class=\"et7\">10cm<\/td>\n<td class=\"et6\">BK<\/td>\n<\/tr>\n<tr style=\"height: 14.25pt;\">\n<td class=\"et6\" style=\"height: 14.25pt;\" height=\"19\">EPC32-10<\/td>\n<td class=\"et6\">S\u1ee3i carbon cao c\u1ea5p<\/td>\n<td class=\"et6\">32mm<\/td>\n<td class=\"et7\">10cm<\/td>\n<td class=\"et6\">BK<\/td>\n<\/tr>\n<tr style=\"height: 14.25pt;\">\n<td class=\"et6\" style=\"height: 14.25pt;\" height=\"19\">EPTC32-10<\/td>\n<td class=\"et8\">S\u1ee3i carbon Toray 100%<\/td>\n<td class=\"et7\">32mm<\/td>\n<td class=\"et7\">10cm<\/td>\n<td class=\"et6\">BK<\/td>\n<\/tr>\n<\/tbody>\n<\/table>\n<\/div>","protected":false},"excerpt":{"rendered":"<ul>\n<li>Ren ngo\u00e0i v\u00e0 ren trong 5\/8\u2033-11 cho kh\u1ea3 n\u0103ng t\u01b0\u01a1ng th\u00edch \u0111a d\u1ea1ng v\u1edbi nhi\u1ec1u lo\u1ea1i d\u1ee5ng c\u1ee5.<\/li>\n<li>C\u1ea7n n\u1ed1i d\u00e0i b\u1eb1ng nh\u00f4m b\u1ec1n ch\u1eafc ho\u1eb7c k\u1ebft c\u1ea5u s\u1ee3i carbon nh\u1eb9.<\/li>\n<li>Nhi\u1ec1u l\u1ef1a ch\u1ecdn m\u00e0u s\u1eafc: V\u00e0ng, Xanh l\u00e1 c\u00e2y v\u00e0 X\u00e1m \u0111\u1ec3 t\u0103ng kh\u1ea3 n\u0103ng nh\u1eadn di\u1ec7n.<\/li>\n<li>\u0110\u01b0\u1ee3c thi\u1ebft k\u1ebf \u0111\u1ec3 c\u0103n ch\u1ec9nh ch\u00ednh x\u00e1c trong c\u00e1c \u1ee9ng d\u1ee5ng \u0111o l\u01b0\u1eddng GNSS v\u00e0 laser.<\/li>\n<\/ul>","protected":false},"featured_media":3934,"comment_status":"open","ping_status":"closed","template":"","meta":[],"product_brand":[],"product_cat":[84,121],"product_tag":[],"class_list":{"0":"post-3932","1":"product","2":"type-product","3":"status-publish","4":"has-post-thumbnail","6":"product_cat-gnss-accessory","7":"product_cat-extension-pole","9":"first","10":"instock","11":"shipping-taxable","12":"product-type-simple"},"_links":{"self":[{"href":"https:\/\/mountlaser.com\/vi\/wp-json\/wp\/v2\/product\/3932","targetHints":{"allow":["GET"]}}],"collection":[{"href":"https:\/\/mountlaser.com\/vi\/wp-json\/wp\/v2\/product"}],"about":[{"href":"https:\/\/mountlaser.com\/vi\/wp-json\/wp\/v2\/types\/product"}],"replies":[{"embeddable":true,"href":"https:\/\/mountlaser.com\/vi\/wp-json\/wp\/v2\/comments?post=3932"}],"wp:featuredmedia":[{"embeddable":true,"href":"https:\/\/mountlaser.com\/vi\/wp-json\/wp\/v2\/media\/3934"}],"wp:attachment":[{"href":"https:\/\/mountlaser.com\/vi\/wp-json\/wp\/v2\/media?parent=3932"}],"wp:term":[{"taxonomy":"product_brand","embeddable":true,"href":"https:\/\/mountlaser.com\/vi\/wp-json\/wp\/v2\/product_brand?post=3932"},{"taxonomy":"product_cat","embeddable":true,"href":"https:\/\/mountlaser.com\/vi\/wp-json\/wp\/v2\/product_cat?post=3932"},{"taxonomy":"product_tag","embeddable":true,"href":"https:\/\/mountlaser.com\/vi\/wp-json\/wp\/v2\/product_tag?post=3932"}],"curies":[{"name":"trang web","href":"https:\/\/api.w.org\/{rel}","templated":true}]}}