{"id":3924,"date":"2025-11-10T09:28:22","date_gmt":"2025-11-10T09:28:22","guid":{"rendered":"https:\/\/mountlaser.com\/?post_type=product&#038;p=3924"},"modified":"2025-11-27T06:55:46","modified_gmt":"2025-11-27T06:55:46","slug":"dz460-aluminum-prism-pole","status":"publish","type":"product","link":"https:\/\/mountlaser.com\/vi\/san-pham\/dz460-aluminum-prism-pole\/","title":{"rendered":"C\u1ed9t l\u0103ng k\u00ednh nh\u00f4m DZ460"},"content":{"rendered":"<p>H\u00e3y c\u00f9ng kh\u00e1m ph\u00e1 gi\u1ea3i ph\u00e1p t\u1ed1i \u01b0u cho c\u00e1c nhi\u1ec7m v\u1ee5 kh\u1ea3o s\u00e1t \u0111\u00f2i h\u1ecfi kh\u1eaft khe: C\u1ed9t l\u0103ng k\u00ednh nh\u00f4m Mount Laser DZ460. S\u1ea3n ph\u1ea9m cao c\u1ea5p n\u00e0y<a href=\"https:\/\/mountlaser.com\/vi\/products\/\"><strong> C\u1ed9t l\u0103ng k\u00ednh b\u1eb1ng nh\u00f4m nh\u1eb9, d\u1ec5 mang theo<\/strong> <\/a>\u0110\u01b0\u1ee3c thi\u1ebft k\u1ebf d\u00e0nh cho c\u00e1c chuy\u00ean gia c\u1ea7n t\u1ea7m v\u1edbi r\u1ed9ng m\u00e0 kh\u00f4ng c\u1ea7n mang theo thi\u1ebft b\u1ecb n\u1eb7ng n\u1ec1. \u0110\u01b0\u1ee3c ch\u1ebf t\u1ea1o t\u1eeb h\u1ee3p kim nh\u00f4m c\u01b0\u1eddng \u0111\u1ed9 cao, s\u1ea3n ph\u1ea9m \u0111\u1ea1t \u0111\u01b0\u1ee3c s\u1ef1 c\u00e2n b\u1eb1ng ho\u00e0n h\u1ea3o gi\u1eefa \u0111\u1ed9 b\u1ec1n v\u01b0\u1ee3t tr\u1ed9i v\u00e0 t\u00ednh di \u0111\u1ed9ng d\u1ec5 d\u00e0ng, l\u00fd t\u01b0\u1edfng cho nh\u1eefng gi\u1edd l\u00e0m vi\u1ec7c d\u00e0i ngo\u00e0i hi\u1ec7n tr\u01b0\u1eddng v\u00e0 v\u1eadn chuy\u1ec3n \u0111\u1ebfn c\u00e1c \u0111\u1ecba \u0111i\u1ec3m l\u00e0m vi\u1ec7c xa x\u00f4i.<\/p>\n<p>Tr\u1ea3i nghi\u1ec7m s\u1ef1 ti\u1ec7n l\u1ee3i c\u1ee7a m\u1ed9t c\u00e2y th\u01b0\u1edbc l\u0103ng k\u00ednh nh\u00f4m di \u0111\u1ed9ng si\u00eau nh\u1eb9 th\u1ef1c s\u1ef1 m\u00e0 kh\u00f4ng \u1ea3nh h\u01b0\u1edfng \u0111\u1ebfn \u0111\u1ed9 \u1ed5n \u0111\u1ecbnh. DZ460 c\u00f3 c\u01a1 ch\u1ebf kh\u00f3a b\u1eb1ng nh\u00f4m ch\u1eafc ch\u1eafn, \u0111\u1ea3m b\u1ea3o m\u1ed7i \u0111o\u1ea1n \u0111\u01b0\u1ee3c kh\u00f3a an to\u00e0n \u1edf \u0111\u1ed9 cao mong mu\u1ed1n \u0111\u1ec3 tr\u00e1nh tr\u01b0\u1ee3t v\u00e0 duy tr\u00ec \u0111\u1ed9 ch\u00ednh x\u00e1c khi \u0111o. N\u00f3 \u0111\u01b0\u1ee3c trang b\u1ecb m\u1ed9t \u1ed1ng th\u1ee7y tinh tr\u00f2n 30\u2032 \u0111\u1ec3 \u0111o \u0111\u1ed9 th\u1eb3ng \u0111\u1ee9ng ch\u00ednh x\u00e1c v\u00e0 m\u1ed9t \u1ed1ng b\u00ean trong c\u00f3 thang \u0111o r\u00f5 r\u00e0ng \u0111\u1ec3 \u0111\u1ecdc nhanh. V\u1edbi nhi\u1ec1u t\u00f9y ch\u1ecdn b\u1ed9 chuy\u1ec3n \u0111\u1ed5i \u0111\u1ec3 g\u1eafn l\u0103ng k\u00ednh v\u00e0 m\u1ed9t l\u1edbp b\u1ecdc cao su ch\u1ed1ng tr\u01b0\u1ee3t t\u00f9y ch\u1ecdn \u0111\u1ec3 c\u1ea7m n\u1eafm an to\u00e0n h\u01a1n, DZ460 n\u1ed5i b\u1eadt nh\u01b0 m\u1ed9t c\u00e2y th\u01b0\u1edbc l\u0103ng k\u00ednh nh\u00f4m di \u0111\u1ed9ng si\u00eau nh\u1eb9 \u0111\u01b0\u1ee3c \u01b0a chu\u1ed9ng d\u00e0nh cho c\u00e1c nh\u00e0 kh\u1ea3o s\u00e1t coi tr\u1ecdng hi\u1ec7u qu\u1ea3, \u0111\u1ed9 tin c\u1eady v\u00e0 hi\u1ec7u su\u1ea5t trong m\u1ecdi d\u1ef1 \u00e1n.<\/p>\n<p><a href=\"https:\/\/mountlaser.com\/vi\/contact-us\/\"><strong>C\u1ed9t l\u0103ng k\u00ednh nh\u00f4m DZ460<\/strong><\/a> D\u00e0i 4,6m.<br \/>\nC\u1ed9t l\u0103ng k\u00ednh nh\u00f4m DZ460<br \/>\nT\u00d9Y CH\u1eccN KH\u00d3A: C\u00f3 b\u1ed1n lo\u1ea1i:<br \/>\nKh\u00f3a xoay<br \/>\nKh\u00f3a th\u00e1o nhanh<br \/>\nKh\u00f3a ki\u1ec3u GPS<br \/>\nKh\u00f3a n\u00e9n<\/p>\n<p>&nbsp;<\/p>\n<p><img fetchpriority=\"high\" decoding=\"async\" class=\"aligncenter wp-image-3928\" src=\"https:\/\/mountlaser.com\/wp-content\/uploads\/2025\/11\/DZ460GP5.webp\" alt=\"Lightweight Portable Aluminum Prism Pole\" width=\"500\" height=\"500\" srcset=\"https:\/\/mountlaser.com\/wp-content\/uploads\/2025\/11\/DZ460GP5.webp 1000w, https:\/\/mountlaser.com\/wp-content\/uploads\/2025\/11\/DZ460GP5-300x300.webp 300w, https:\/\/mountlaser.com\/wp-content\/uploads\/2025\/11\/DZ460GP5-400x400.webp 400w, https:\/\/mountlaser.com\/wp-content\/uploads\/2025\/11\/DZ460GP5-800x800.webp 800w, https:\/\/mountlaser.com\/wp-content\/uploads\/2025\/11\/DZ460GP5-600x600.webp 600w, https:\/\/mountlaser.com\/wp-content\/uploads\/2025\/11\/DZ460GP5-150x150.webp 150w, https:\/\/mountlaser.com\/wp-content\/uploads\/2025\/11\/DZ460GP5-768x768.webp 768w, https:\/\/mountlaser.com\/wp-content\/uploads\/2025\/11\/DZ460GP5-12x12.webp 12w\" sizes=\"(max-width: 500px) 100vw, 500px\" \/><\/p>\n<p>&nbsp;<\/p>\n<p><strong>Th\u00f4ng s\u1ed1 k\u1ef9 thu\u1eadt c\u1ed9t l\u0103ng k\u00ednh nh\u00f4m DZ460<\/strong><\/p>\n<table style=\"border-collapse: collapse; width: 741.77pt;\" border=\"0\" width=\"989\" cellspacing=\"0\" cellpadding=\"0\">\n<tbody>\n<tr style=\"height: 14.25pt;\">\n<td class=\"et2\" style=\"height: 14.25pt; width: 142.50pt;\" width=\"190\" height=\"19\">CON S\u1ed0<\/td>\n<td class=\"et2\" style=\"width: 127.50pt;\" width=\"170\">CHI\u1ec0U D\u00c0I<\/td>\n<td class=\"et2\" style=\"width: 126.00pt;\" width=\"168\">V\u1eacT LI\u1ec6U<\/td>\n<td class=\"et2\" style=\"width: 135.00pt;\" width=\"180\">SINH VI\u00caN T\u1ed0T NGHI\u1ec6P<\/td>\n<td class=\"et2\" style=\"width: 124.50pt;\" width=\"166\">T\u00d9Y CH\u1eccN KH\u00d3A<\/td>\n<td class=\"et2\" style=\"width: 86.25pt;\" width=\"115\">\u0110\u01af\u1edcNG K\u00cdNH<\/td>\n<\/tr>\n<tr style=\"height: 14.25pt;\">\n<td class=\"et3\" style=\"height: 14.25pt;\" height=\"19\">DZ460<\/td>\n<td class=\"et4\">460cm<\/td>\n<td class=\"et3\">Nh\u00f4m<\/td>\n<td class=\"et3\">M\u00e9t<\/td>\n<td class=\"et3\">TL\/ QL\/ GP\/ CL<\/td>\n<td class=\"et3\">18\/25\/30\/36mm<\/td>\n<\/tr>\n<\/tbody>\n<\/table>","protected":false},"excerpt":{"rendered":"<ul>\n<li>M\u1edf r\u1ed9ng v\u00e0 di \u0111\u1ed9ng: Cung c\u1ea5p t\u1ea7m v\u1edbi r\u1ed9ng r\u00e3i trong khi v\u1eabn duy tr\u00ec thi\u1ebft k\u1ebf nh\u1eb9 \u0111\u1ec3 d\u1ec5 d\u00e0ng v\u1eadn chuy\u1ec3n v\u00e0 s\u1eed d\u1ee5ng.<\/li>\n<li>H\u1ec7 th\u1ed1ng kh\u00f3a an to\u00e0n: C\u01a1 ch\u1ebf kh\u00f3a b\u1eb1ng nh\u00f4m b\u1ec1n ch\u1eafc mang l\u1ea1i s\u1ef1 c\u1ed1 \u0111\u1ecbnh v\u1eefng ch\u1eafc v\u00e0 \u0111\u00e1ng tin c\u1eady \u1edf m\u1ecdi v\u1ecb tr\u00ed.<\/li>\n<li>\u0110\u1ed9 ch\u00ednh x\u00e1c t\u00edch h\u1ee3p: C\u00f3 \u1ed1ng th\u1ee7y tinh tr\u00f2n 30 inch v\u00e0 thang \u0111o b\u00ean trong d\u1ec5 \u0111\u1ecdc \u0111\u1ec3 thi\u1ebft l\u1eadp chi\u1ec1u cao ch\u00ednh x\u00e1c.<\/li>\n<\/ul>","protected":false},"featured_media":3925,"comment_status":"open","ping_status":"closed","template":"","meta":[],"product_brand":[],"product_cat":[89,117],"product_tag":[],"class_list":{"0":"post-3924","1":"product","2":"type-product","3":"status-publish","4":"has-post-thumbnail","6":"product_cat-surveying-pole-rod","7":"product_cat-aluminum-prism-pole","9":"first","10":"instock","11":"shipping-taxable","12":"product-type-simple"},"_links":{"self":[{"href":"https:\/\/mountlaser.com\/vi\/wp-json\/wp\/v2\/product\/3924","targetHints":{"allow":["GET"]}}],"collection":[{"href":"https:\/\/mountlaser.com\/vi\/wp-json\/wp\/v2\/product"}],"about":[{"href":"https:\/\/mountlaser.com\/vi\/wp-json\/wp\/v2\/types\/product"}],"replies":[{"embeddable":true,"href":"https:\/\/mountlaser.com\/vi\/wp-json\/wp\/v2\/comments?post=3924"}],"wp:featuredmedia":[{"embeddable":true,"href":"https:\/\/mountlaser.com\/vi\/wp-json\/wp\/v2\/media\/3925"}],"wp:attachment":[{"href":"https:\/\/mountlaser.com\/vi\/wp-json\/wp\/v2\/media?parent=3924"}],"wp:term":[{"taxonomy":"product_brand","embeddable":true,"href":"https:\/\/mountlaser.com\/vi\/wp-json\/wp\/v2\/product_brand?post=3924"},{"taxonomy":"product_cat","embeddable":true,"href":"https:\/\/mountlaser.com\/vi\/wp-json\/wp\/v2\/product_cat?post=3924"},{"taxonomy":"product_tag","embeddable":true,"href":"https:\/\/mountlaser.com\/vi\/wp-json\/wp\/v2\/product_tag?post=3924"}],"curies":[{"name":"trang web","href":"https:\/\/api.w.org\/{rel}","templated":true}]}}