{"id":3915,"date":"2025-11-10T09:22:19","date_gmt":"2025-11-10T09:22:19","guid":{"rendered":"https:\/\/mountlaser.com\/?post_type=product&#038;p=3915"},"modified":"2025-11-27T06:58:21","modified_gmt":"2025-11-27T06:58:21","slug":"dz360-aluminum-prism-pole","status":"publish","type":"product","link":"https:\/\/mountlaser.com\/vi\/san-pham\/dz360-aluminum-prism-pole\/","title":{"rendered":"C\u1ed9t l\u0103ng k\u00ednh nh\u00f4m DZ360"},"content":{"rendered":"<p>N\u00e2ng cao kh\u1ea3 n\u0103ng kh\u1ea3o s\u00e1t c\u1ee7a b\u1ea1n v\u1edbi <a href=\"https:\/\/mountlaser.com\/vi\/\">Gi\u00e1 \u0111\u1ee1 Laser DZ360<\/a>, \u0110\u00e2y l\u00e0 m\u1ed9t lo\u1ea1i c\u1ed9t \u0111o \u0111\u1ea1c b\u1eb1ng nh\u00f4m d\u1ea1ng \u1ed1ng l\u1ed3ng cao c\u1ea5p, \u0111\u01b0\u1ee3c thi\u1ebft k\u1ebf cho c\u00e1c d\u1ef1 \u00e1n \u0111\u00f2i h\u1ecfi t\u1ea7m v\u1edbi m\u1edf r\u1ed9ng m\u00e0 kh\u00f4ng \u1ea3nh h\u01b0\u1edfng \u0111\u1ebfn \u0111\u1ed9 \u1ed5n \u0111\u1ecbnh ho\u1eb7c \u0111\u1ed9 ch\u00ednh x\u00e1c. \u0110\u01b0\u1ee3c ch\u1ebf t\u1ea1o t\u1eeb nh\u00f4m c\u01b0\u1eddng \u0111\u1ed9 cao, c\u1ed9t n\u00e0y v\u1eeba nh\u1eb9 \u0111\u00e1ng k\u1ec3 l\u1ea1i v\u1eeba c\u1ef1c k\u1ef3 b\u1ec1n ch\u1eafc, \u0111\u01b0\u1ee3c thi\u1ebft k\u1ebf \u0111\u1ec3 ch\u1ecbu \u0111\u01b0\u1ee3c vi\u1ec7c s\u1eed d\u1ee5ng h\u00e0ng ng\u00e0y kh\u1eafc nghi\u1ec7t t\u1ea1i nhi\u1ec1u c\u00f4ng tr\u01b0\u1eddng kh\u00e1c nhau.<\/p>\n<p>DZ360 l\u00e0 m\u1ed9t v\u00ed d\u1ee5 \u0111i\u1ec3n h\u00ecnh cho s\u1ef1 l\u00fd t\u01b0\u1edfng. <a href=\"https:\/\/mountlaser.com\/vi\/about-us\/\"><strong>C\u1ed9t l\u0103ng k\u00ednh nh\u00f4m d\u00f9ng trong kh\u1ea3o s\u00e1t b\u1eb1ng k\u00ednh vi\u1ec5n v\u1ecdng<\/strong><\/a>, v\u1edbi chi\u1ec1u d\u00e0i m\u1edf r\u1ed9ng \u0111\u00e1ng k\u1ec3 \u0111\u1ec3 x\u1eed l\u00fd c\u00e1c \u0111\u1ecba h\u00ecnh kh\u00f3 kh\u0103n v\u00e0 \u0111o \u0111\u1ea1c \u1edf c\u00e1c \u0111i\u1ec3m cao.<br \/>\n<a href=\"https:\/\/mountlaser.com\/vi\/products\/\"><strong>C\u1ed9t l\u0103ng k\u00ednh nh\u00f4m DZ360<\/strong> <\/a>D\u00e0i 3,6m.<br \/>\nC\u00e1c t\u00f9y ch\u1ecdn kh\u00f3a cho c\u1ed9t nh\u00f4m DZ360: C\u00f3 b\u1ed1n t\u00f9y ch\u1ecdn: Kh\u00f3a xoay, Kh\u00f3a th\u00e1o nhanh, Kh\u00f3a ki\u1ec3u GPS v\u00e0 Kh\u00f3a n\u00e9n.<\/p>\n<p>V\u1edbi c\u00e1c t\u00ednh n\u0103ng chuy\u00ean nghi\u1ec7p nh\u01b0 \u1ed1ng th\u1ee7y tinh tr\u00f2n 30\u2032 \u0111\u1ec3 \u0111o \u0111\u1ea1c ch\u00ednh x\u00e1c v\u00e0 thang \u0111o b\u00ean trong d\u1ec5 \u0111\u1ecdc, c\u00e2y s\u00e0o n\u00e0y gi\u00fap t\u1ed1i \u01b0u h\u00f3a quy tr\u00ecnh l\u00e0m vi\u1ec7c c\u1ee7a b\u1ea1n.<\/p>\n<p>&nbsp;<\/p>\n<p>&nbsp;<\/p>\n<p><img fetchpriority=\"high\" decoding=\"async\" class=\"aligncenter wp-image-3922\" src=\"https:\/\/mountlaser.com\/wp-content\/uploads\/2025\/11\/DZ360TL5.webp\" alt=\"Telescopic Survey Aluminum Prism Pole\" width=\"500\" height=\"500\" srcset=\"https:\/\/mountlaser.com\/wp-content\/uploads\/2025\/11\/DZ360TL5.webp 1000w, https:\/\/mountlaser.com\/wp-content\/uploads\/2025\/11\/DZ360TL5-300x300.webp 300w, https:\/\/mountlaser.com\/wp-content\/uploads\/2025\/11\/DZ360TL5-400x400.webp 400w, https:\/\/mountlaser.com\/wp-content\/uploads\/2025\/11\/DZ360TL5-800x800.webp 800w, https:\/\/mountlaser.com\/wp-content\/uploads\/2025\/11\/DZ360TL5-600x600.webp 600w, https:\/\/mountlaser.com\/wp-content\/uploads\/2025\/11\/DZ360TL5-150x150.webp 150w, https:\/\/mountlaser.com\/wp-content\/uploads\/2025\/11\/DZ360TL5-768x768.webp 768w, https:\/\/mountlaser.com\/wp-content\/uploads\/2025\/11\/DZ360TL5-12x12.webp 12w\" sizes=\"(max-width: 500px) 100vw, 500px\" \/><\/p>\n<p>&nbsp;<\/p>\n<p><strong>Th\u00f4ng s\u1ed1 k\u1ef9 thu\u1eadt c\u1ed9t l\u0103ng k\u00ednh nh\u00f4m DZ360<\/strong><\/p>\n<table style=\"border-collapse: collapse; width: 741.77pt;\" border=\"0\" width=\"989\" cellspacing=\"0\" cellpadding=\"0\">\n<tbody>\n<tr style=\"height: 14.25pt;\">\n<td class=\"et2\" style=\"height: 14.25pt; width: 142.50pt;\" width=\"190\" height=\"19\">CON S\u1ed0<\/td>\n<td class=\"et2\" style=\"width: 127.50pt;\" width=\"170\">CHI\u1ec0U D\u00c0I<\/td>\n<td class=\"et2\" style=\"width: 126.00pt;\" width=\"168\">V\u1eacT LI\u1ec6U<\/td>\n<td class=\"et2\" style=\"width: 135.00pt;\" width=\"180\">SINH VI\u00caN T\u1ed0T NGHI\u1ec6P<\/td>\n<td class=\"et2\" style=\"width: 124.50pt;\" width=\"166\">T\u00d9Y CH\u1eccN KH\u00d3A<\/td>\n<td class=\"et2\" style=\"width: 86.25pt;\" width=\"115\">\u0110\u01af\u1edcNG K\u00cdNH<\/td>\n<\/tr>\n<tr style=\"height: 14.25pt;\">\n<td class=\"et3\" style=\"height: 14.25pt;\" height=\"19\">DZ360<\/td>\n<td class=\"et4\">360cm<\/td>\n<td class=\"et3\">Nh\u00f4m<\/td>\n<td class=\"et3\">M\u00e9t<\/td>\n<td class=\"et3\">TL\/ QL\/ GP\/ CL<\/td>\n<td class=\"et3\">18\/25\/30mm<\/td>\n<\/tr>\n<\/tbody>\n<\/table>","protected":false},"excerpt":{"rendered":"<ul>\n<li>\u0110\u01b0\u1ee3c thi\u1ebft k\u1ebf t\u1ed1i \u01b0u cho \u0111\u1ed9 ch\u00ednh x\u00e1c: Trang b\u1ecb \u1ed1ng th\u1ee7y tinh tr\u00f2n 30 inch v\u00e0 thang \u0111o b\u00ean trong r\u00f5 r\u00e0ng gi\u00fap \u0111o \u0111\u1ea1c v\u00e0 \u0111\u1ecdc k\u1ebft qu\u1ea3 ch\u00ednh x\u00e1c.<\/li>\n<li>Thi\u1ebft k\u1ebf h\u01b0\u1edbng \u0111\u1ebfn ng\u01b0\u1eddi d\u00f9ng: V\u1ecf ch\u1ed1ng tr\u01b0\u1ee3t b\u1eb1ng cao su t\u00f9y ch\u1ecdn v\u00e0 nhi\u1ec1u t\u00f9y ch\u1ecdn b\u1ed9 chuy\u1ec3n \u0111\u1ed5i gi\u00fap t\u0103ng c\u01b0\u1eddng s\u1ef1 tho\u1ea3i m\u00e1i v\u00e0 t\u00ednh linh ho\u1ea1t.<\/li>\n<\/ul>","protected":false},"featured_media":3916,"comment_status":"open","ping_status":"closed","template":"","meta":[],"product_brand":[],"product_cat":[89,117],"product_tag":[],"class_list":{"0":"post-3915","1":"product","2":"type-product","3":"status-publish","4":"has-post-thumbnail","6":"product_cat-surveying-pole-rod","7":"product_cat-aluminum-prism-pole","9":"first","10":"instock","11":"shipping-taxable","12":"product-type-simple"},"_links":{"self":[{"href":"https:\/\/mountlaser.com\/vi\/wp-json\/wp\/v2\/product\/3915","targetHints":{"allow":["GET"]}}],"collection":[{"href":"https:\/\/mountlaser.com\/vi\/wp-json\/wp\/v2\/product"}],"about":[{"href":"https:\/\/mountlaser.com\/vi\/wp-json\/wp\/v2\/types\/product"}],"replies":[{"embeddable":true,"href":"https:\/\/mountlaser.com\/vi\/wp-json\/wp\/v2\/comments?post=3915"}],"wp:featuredmedia":[{"embeddable":true,"href":"https:\/\/mountlaser.com\/vi\/wp-json\/wp\/v2\/media\/3916"}],"wp:attachment":[{"href":"https:\/\/mountlaser.com\/vi\/wp-json\/wp\/v2\/media?parent=3915"}],"wp:term":[{"taxonomy":"product_brand","embeddable":true,"href":"https:\/\/mountlaser.com\/vi\/wp-json\/wp\/v2\/product_brand?post=3915"},{"taxonomy":"product_cat","embeddable":true,"href":"https:\/\/mountlaser.com\/vi\/wp-json\/wp\/v2\/product_cat?post=3915"},{"taxonomy":"product_tag","embeddable":true,"href":"https:\/\/mountlaser.com\/vi\/wp-json\/wp\/v2\/product_tag?post=3915"}],"curies":[{"name":"trang web","href":"https:\/\/api.w.org\/{rel}","templated":true}]}}