{"id":3904,"date":"2025-11-10T09:15:46","date_gmt":"2025-11-10T09:15:46","guid":{"rendered":"https:\/\/mountlaser.com\/?post_type=product&#038;p=3904"},"modified":"2025-11-27T07:00:10","modified_gmt":"2025-11-27T07:00:10","slug":"dz260-aluminum-prism-pole","status":"publish","type":"product","link":"https:\/\/mountlaser.com\/vi\/san-pham\/dz260-aluminum-prism-pole\/","title":{"rendered":"C\u1ed9t l\u0103ng k\u00ednh nh\u00f4m DZ260"},"content":{"rendered":"<p>\u0110\u1ea1t \u0111\u01b0\u1ee3c \u0111\u1ed9 \u1ed5n \u0111\u1ecbnh v\u00e0 hi\u1ec7u qu\u1ea3 v\u01b0\u1ee3t tr\u1ed9i trong c\u00e1c d\u1ef1 \u00e1n kh\u1ea3o s\u00e1t c\u1ee7a b\u1ea1n v\u1edbi thi\u1ebft b\u1ecb \u0111\u1ecbnh v\u1ecb laser Mount Laser.<a href=\"https:\/\/mountlaser.com\/vi\/\"><strong> C\u1ed9t l\u0103ng k\u00ednh nh\u00f4m DZ260<\/strong><\/a>. \u0110\u01b0\u1ee3c thi\u1ebft k\u1ebf d\u00e0nh cho nh\u1eefng ng\u01b0\u1eddi chuy\u00ean nghi\u1ec7p \u0111\u00f2i h\u1ecfi c\u1ea3 \u0111\u1ed9 ch\u00ednh x\u00e1c v\u00e0 \u0111\u1ed9 b\u1ec1n, c\u00e2y s\u00e0o n\u00e0y \u0111\u01b0\u1ee3c ch\u1ebf t\u1ea1o t\u1eeb nh\u00f4m c\u01b0\u1eddng \u0111\u1ed9 cao, mang \u0111\u1ebfn s\u1ef1 c\u00e2n b\u1eb1ng ho\u00e0n h\u1ea3o gi\u1eefa khung nh\u1eb9 v\u00e0 k\u1ebft c\u1ea5u ch\u1eafc ch\u1eafn \u0111\u1ec3 s\u1eed d\u1ee5ng c\u1ea3 ng\u00e0y ngo\u00e0i tr\u1eddi.<\/p>\n<p>N\u1ec1n t\u1ea3ng c\u1ee7a \u0111\u1ed9 tin c\u1eady c\u1ee7a DZ260 n\u1eb1m \u1edf c\u01a1 ch\u1ebf kh\u00f3a n\u00e9n b\u1eb1ng nh\u00f4m c\u1ea3i ti\u1ebfn. H\u1ec7 th\u1ed1ng kh\u00f3a ti\u00ean ti\u1ebfn n\u00e0y cung c\u1ea5p kh\u1ea3 n\u0103ng gi\u1eef ch\u1eafc ch\u1eafn v\u00e0 v\u1eefng ch\u00e3i \u1edf b\u1ea5t k\u1ef3 \u0111\u1ed9 d\u00e0i mong mu\u1ed1n n\u00e0o, ch\u1ed1ng tr\u01b0\u1ee3t hi\u1ec7u qu\u1ea3 v\u00e0 \u0111\u1ea3m b\u1ea3o l\u0103ng k\u00ednh c\u1ee7a b\u1ea1n lu\u00f4n \u1ed5n \u0111\u1ecbnh ho\u00e0n h\u1ea3o \u0111\u1ec3 \u0111o ch\u00ednh x\u00e1c.<\/p>\n<p>Ngo\u00e0i c\u01a1 ch\u1ebf kh\u00f3a v\u01b0\u1ee3t tr\u1ed9i, DZ260 c\u00f2n \u0111\u01b0\u1ee3c trang b\u1ecb \u1ed1ng th\u1ee7y tinh tr\u00f2n 30\u2032 \u0111\u1ec3 d\u1ec5 d\u00e0ng \u0111i\u1ec1u ch\u1ec9nh \u0111\u1ed9 cao v\u00e0 \u1ed1ng b\u00ean trong c\u00f3 thang \u0111o r\u00f5 r\u00e0ng \u0111\u1ec3 \u0111\u1ecdc chi\u1ec1u cao t\u1ee9c th\u00ec. V\u1edbi nhi\u1ec1u t\u00f9y ch\u1ecdn b\u1ed9 chuy\u1ec3n \u0111\u1ed5i \u0111\u1ec3 g\u1eafn l\u0103ng k\u00ednh v\u00e0 l\u1edbp ph\u1ee7 ch\u1ed1ng tr\u01b0\u1ee3t b\u1eb1ng cao su t\u00f9y ch\u1ecdn \u0111\u1ec3 c\u1ea7m n\u1eafm an to\u00e0n h\u01a1n, c\u00e2y s\u00e0o n\u00e0y \u0111\u01b0\u1ee3c thi\u1ebft k\u1ebf \u0111\u1ec3 mang l\u1ea1i s\u1ef1 linh ho\u1ea1t v\u00e0 tho\u1ea3i m\u00e1i cho ng\u01b0\u1eddi s\u1eed d\u1ee5ng. Khi b\u1ea1n ch\u1ecdn Mount Laser DZ260, b\u1ea1n kh\u00f4ng ch\u1ec9 nh\u1eadn \u0111\u01b0\u1ee3c m\u1ed9t c\u00f4ng c\u1ee5; b\u1ea1n \u0111ang \u0111\u1ea7u t\u01b0 v\u00e0o m\u1ed9t s\u1ea3n ph\u1ea9m ho\u00e0n h\u1ea3o. <a href=\"https:\/\/mountlaser.com\/vi\/products\/\"><strong>C\u1ed9t l\u0103ng tr\u1ee5 kh\u00f3a n\u00e9n b\u1eb1ng nh\u00f4m<\/strong><\/a> Gi\u1ea3i ph\u00e1p \u0111\u01b0\u1ee3c x\u00e2y d\u1ef1ng h\u01b0\u1edbng \u0111\u1ebfn \u0111\u1ed9 ch\u00ednh x\u00e1c v\u00e0 \u0111\u1ed9 b\u1ec1n l\u00e2u d\u00e0i.<\/p>\n<p>&nbsp;<\/p>\n<p><img fetchpriority=\"high\" decoding=\"async\" class=\"aligncenter wp-image-3910\" src=\"https:\/\/mountlaser.com\/wp-content\/uploads\/2025\/11\/DZ260GP3.webp\" alt=\"Aluminum Compression-Lock Prism Pole\" width=\"500\" height=\"500\" srcset=\"https:\/\/mountlaser.com\/wp-content\/uploads\/2025\/11\/DZ260GP3.webp 1000w, https:\/\/mountlaser.com\/wp-content\/uploads\/2025\/11\/DZ260GP3-300x300.webp 300w, https:\/\/mountlaser.com\/wp-content\/uploads\/2025\/11\/DZ260GP3-400x400.webp 400w, https:\/\/mountlaser.com\/wp-content\/uploads\/2025\/11\/DZ260GP3-800x800.webp 800w, https:\/\/mountlaser.com\/wp-content\/uploads\/2025\/11\/DZ260GP3-600x600.webp 600w, https:\/\/mountlaser.com\/wp-content\/uploads\/2025\/11\/DZ260GP3-150x150.webp 150w, https:\/\/mountlaser.com\/wp-content\/uploads\/2025\/11\/DZ260GP3-768x768.webp 768w, https:\/\/mountlaser.com\/wp-content\/uploads\/2025\/11\/DZ260GP3-12x12.webp 12w\" sizes=\"(max-width: 500px) 100vw, 500px\" \/><\/p>\n<p><a href=\"https:\/\/mountlaser.com\/vi\/contact-us\/\">C\u1ed9t l\u0103ng k\u00ednh nh\u00f4m DZ260<\/a> C\u00e1c t\u00f9y ch\u1ecdn kh\u00f3a: C\u00f3 b\u1ed1n t\u00f9y ch\u1ecdn: Kh\u00f3a xoay, Kh\u00f3a th\u00e1o nhanh, Kh\u00f3a ki\u1ec3u GPS v\u00e0 Kh\u00f3a n\u00e9n.<\/p>\n<p><strong>Th\u00f4ng s\u1ed1 k\u1ef9 thu\u1eadt c\u1ed9t l\u0103ng k\u00ednh nh\u00f4m DZ260<\/strong><\/p>\n<table style=\"border-collapse: collapse; width: 741.77pt;\" border=\"0\" width=\"989\" cellspacing=\"0\" cellpadding=\"0\">\n<tbody>\n<tr style=\"height: 14.25pt;\">\n<td class=\"et2\" style=\"height: 14.25pt; width: 142.50pt;\" width=\"190\" height=\"19\">CON S\u1ed0<\/td>\n<td class=\"et2\" style=\"width: 127.50pt;\" width=\"170\">CHI\u1ec0U D\u00c0I<\/td>\n<td class=\"et2\" style=\"width: 126.00pt;\" width=\"168\">V\u1eacT LI\u1ec6U<\/td>\n<td class=\"et2\" style=\"width: 135.00pt;\" width=\"180\">SINH VI\u00caN T\u1ed0T NGHI\u1ec6P<\/td>\n<td class=\"et2\" style=\"width: 124.50pt;\" width=\"166\">T\u00d9Y CH\u1eccN KH\u00d3A<\/td>\n<td class=\"et2\" style=\"width: 86.25pt;\" width=\"115\">\u0110\u01af\u1edcNG K\u00cdNH<\/td>\n<\/tr>\n<tr style=\"height: 14.25pt;\">\n<td class=\"et3\" style=\"height: 14.25pt;\" height=\"19\">DZ260<\/td>\n<td class=\"et4\">260cm<\/td>\n<td class=\"et3\">Nh\u00f4m<\/td>\n<td class=\"et3\">M\u00e9t<\/td>\n<td class=\"et3\">TL\/ QL\/ GP\/ CL<\/td>\n<td class=\"et3\">25\/30mm<\/td>\n<\/tr>\n<\/tbody>\n<\/table>","protected":false},"excerpt":{"rendered":"<ul>\n<li>Kh\u00f3a n\u00e9n an to\u00e0n: Trang b\u1ecb c\u01a1 ch\u1ebf kh\u00f3a n\u00e9n b\u1eb1ng nh\u00f4m \u0111\u00e1ng tin c\u1eady, gi\u00fap thi\u1ebft l\u1eadp nhanh ch\u00f3ng, an to\u00e0n v\u00e0 ch\u1ed1ng tr\u01b0\u1ee3t.<\/li>\n<li>B\u1ed9 d\u1ee5ng c\u1ee5 ch\u00ednh x\u00e1c t\u00edch h\u1ee3p: Bao g\u1ed3m m\u1ed9t \u1ed1ng th\u1ee7y chu\u1ea9n tr\u00f2n 30 inch v\u00e0 m\u1ed9t th\u01b0\u1edbc \u0111o trong d\u1ea1ng \u1ed1ng \u0111\u1ec3 thi\u1ebft l\u1eadp v\u00e0 \u0111\u1ecdc chi\u1ec1u cao ch\u00ednh x\u00e1c.<\/li>\n<li>Kh\u1ea3 n\u0103ng t\u01b0\u01a1ng th\u00edch \u0111a d\u1ea1ng: C\u00f3 nhi\u1ec1u t\u00f9y ch\u1ecdn b\u1ed9 chuy\u1ec3n \u0111\u1ed5i \u0111\u1ec3 g\u1eafn nhi\u1ec1u lo\u1ea1i l\u0103ng k\u00ednh kh\u00e1c nhau.<\/li>\n<\/ul>","protected":false},"featured_media":3913,"comment_status":"open","ping_status":"closed","template":"","meta":[],"product_brand":[],"product_cat":[89,117],"product_tag":[],"class_list":{"0":"post-3904","1":"product","2":"type-product","3":"status-publish","4":"has-post-thumbnail","6":"product_cat-surveying-pole-rod","7":"product_cat-aluminum-prism-pole","9":"first","10":"instock","11":"shipping-taxable","12":"product-type-simple"},"_links":{"self":[{"href":"https:\/\/mountlaser.com\/vi\/wp-json\/wp\/v2\/product\/3904","targetHints":{"allow":["GET"]}}],"collection":[{"href":"https:\/\/mountlaser.com\/vi\/wp-json\/wp\/v2\/product"}],"about":[{"href":"https:\/\/mountlaser.com\/vi\/wp-json\/wp\/v2\/types\/product"}],"replies":[{"embeddable":true,"href":"https:\/\/mountlaser.com\/vi\/wp-json\/wp\/v2\/comments?post=3904"}],"wp:featuredmedia":[{"embeddable":true,"href":"https:\/\/mountlaser.com\/vi\/wp-json\/wp\/v2\/media\/3913"}],"wp:attachment":[{"href":"https:\/\/mountlaser.com\/vi\/wp-json\/wp\/v2\/media?parent=3904"}],"wp:term":[{"taxonomy":"product_brand","embeddable":true,"href":"https:\/\/mountlaser.com\/vi\/wp-json\/wp\/v2\/product_brand?post=3904"},{"taxonomy":"product_cat","embeddable":true,"href":"https:\/\/mountlaser.com\/vi\/wp-json\/wp\/v2\/product_cat?post=3904"},{"taxonomy":"product_tag","embeddable":true,"href":"https:\/\/mountlaser.com\/vi\/wp-json\/wp\/v2\/product_tag?post=3904"}],"curies":[{"name":"trang web","href":"https:\/\/api.w.org\/{rel}","templated":true}]}}