{"id":3897,"date":"2025-11-10T08:59:20","date_gmt":"2025-11-10T08:59:20","guid":{"rendered":"https:\/\/mountlaser.com\/?post_type=product&#038;p=3897"},"modified":"2025-11-27T06:46:46","modified_gmt":"2025-11-27T06:46:46","slug":"dz215-aluminum-prism-pole","status":"publish","type":"product","link":"https:\/\/mountlaser.com\/vi\/san-pham\/dz215-aluminum-prism-pole\/","title":{"rendered":"C\u1ed9t l\u0103ng k\u00ednh nh\u00f4m DZ215"},"content":{"rendered":"<p>N\u00e2ng cao hi\u1ec7u qu\u1ea3 kh\u1ea3o s\u00e1t c\u1ee7a b\u1ea1n v\u1edbi <a href=\"https:\/\/mountlaser.com\/vi\/\"><strong>Gi\u00e1 \u0111\u1ee1 laser DZ215 b\u1eb1ng nh\u00f4m c\u00f3 l\u0103ng k\u00ednh.<\/strong><\/a>, \u0110\u01b0\u1ee3c thi\u1ebft k\u1ebf d\u00e0nh cho c\u00e1c chuy\u00ean gia kh\u00f4ng ch\u1ea5p nh\u1eadn s\u1ef1 th\u1ecfa hi\u1ec7p v\u1ec1 t\u1ed1c \u0111\u1ed9, \u0111\u1ed9 b\u1ec1n v\u00e0 \u0111\u1ed9 ch\u00ednh x\u00e1c. \u0110\u01b0\u1ee3c ch\u1ebf t\u1ea1o t\u1eeb nh\u00f4m c\u01b0\u1eddng \u0111\u1ed9 cao, c\u00e2y s\u00e0o n\u00e0y \u0111\u1ea1t \u0111\u01b0\u1ee3c s\u1ef1 c\u00e2n b\u1eb1ng l\u00fd t\u01b0\u1edfng gi\u1eefa tr\u1ecdng l\u01b0\u1ee3ng nh\u1eb9 \u0111\u00e1ng k\u1ec3 v\u00e0 \u0111\u1ed9 ch\u1eafc ch\u1eafn v\u01b0\u1ee3t tr\u1ed9i, \u0111\u1ea3m b\u1ea3o c\u00f3 th\u1ec3 ch\u1ecbu \u0111\u01b0\u1ee3c s\u1ef1 kh\u1eafc nghi\u1ec7t c\u1ee7a vi\u1ec7c s\u1eed d\u1ee5ng h\u00e0ng ng\u00e0y t\u1ea1i b\u1ea5t k\u1ef3 c\u00f4ng tr\u01b0\u1eddng n\u00e0o.<\/p>\n<p>M\u1ed9t t\u00ednh n\u0103ng quan tr\u1ecdng gi\u00fap DZ215 n\u1ed5i b\u1eadt l\u00e0 c\u01a1 ch\u1ebf kh\u00f3a c\u1ed9t l\u0103ng k\u00ednh nh\u00f4m th\u00e1o l\u1eafp nhanh. T\u00f9y ch\u1ecdn c\u1ea3i ti\u1ebfn n\u00e0y cho ph\u00e9p \u0111i\u1ec1u ch\u1ec9nh chi\u1ec1u cao nhanh ch\u00f3ng v\u00e0 kh\u00f3a ch\u1eafc ch\u1eafn ch\u1ec9 trong v\u00e0i gi\u00e2y, gi\u1ea3m \u0111\u00e1ng k\u1ec3 th\u1eddi gian thi\u1ebft l\u1eadp v\u00e0 t\u0103ng n\u0103ng su\u1ea5t t\u1ed5ng th\u1ec3 c\u1ee7a b\u1ea1n. Cho d\u00f9 b\u1ea1n \u0111ang l\u00e0m vi\u1ec7c trong c\u00e1c c\u00f4ng tr\u00ecnh x\u00e2y d\u1ef1ng t\u1ed1c \u0111\u1ed9 cao hay c\u00e1c cu\u1ed9c kh\u1ea3o s\u00e1t \u0111\u1ecba h\u00ecnh chi ti\u1ebft, hi\u1ec7u qu\u1ea3 c\u1ee7a m\u1ed9t thi\u1ebft b\u1ecb nh\u01b0 v\u1eady s\u1ebd gi\u00fap \u00edch r\u1ea5t nhi\u1ec1u. <a href=\"https:\/\/mountlaser.com\/vi\/danh-muc-san-pham\/surveying-pole-rod\/aluminum-prism-pole\/\"><strong>C\u1ed9t l\u0103ng tr\u1ee5 nh\u00f4m th\u00e1o l\u1eafp nhanh<\/strong><\/a> kh\u00f4ng g\u00ec s\u00e1nh b\u1eb1ng.<\/p>\n<p>DZ215 \u0111\u01b0\u1ee3c trang b\u1ecb chu \u0111\u00e1o v\u1edbi \u1ed1ng th\u1ee7y tr\u00f2n 30\u2032 gi\u00fap \u0111\u1ecbnh v\u1ecb th\u1eb3ng \u0111\u1ee9ng d\u1ec5 d\u00e0ng v\u00e0 \u1ed1ng b\u00ean trong c\u00f3 thang \u0111o r\u00f5 r\u00e0ng \u0111\u1ec3 \u0111\u1ecdc chi\u1ec1u cao nhanh ch\u00f3ng. \u0110\u1ec3 \u0111\u1ea1t \u0111\u01b0\u1ee3c t\u00ednh linh ho\u1ea1t t\u1ed1i \u0111a v\u00e0 kh\u1ea3 n\u0103ng s\u1eed d\u1ee5ng l\u00e2u d\u00e0i, s\u1ea3n ph\u1ea9m cung c\u1ea5p nhi\u1ec1u t\u00f9y ch\u1ecdn b\u1ed9 chuy\u1ec3n \u0111\u1ed5i g\u1eafn l\u0103ng k\u00ednh. Vi\u1ec7c b\u1ed5 sung l\u1edbp ph\u1ee7 ch\u1ed1ng tr\u01b0\u1ee3t b\u1eb1ng cao su \u0111\u1ea3m b\u1ea3o \u0111\u1ed9 b\u00e1m ch\u1eafc ch\u1eafn v\u00e0 tho\u1ea3i m\u00e1i trong m\u1ecdi \u0111i\u1ec1u ki\u1ec7n. Khi b\u1ea1n ch\u1ecdn DZ215 v\u1edbi kh\u00f3a c\u1ed9t l\u0103ng k\u00ednh nh\u00f4m th\u00e1o nhanh, b\u1ea1n kh\u00f4ng ch\u1ec9 mua m\u1ed9t c\u00f4ng c\u1ee5; b\u1ea1n \u0111ang \u0111\u1ea7u t\u01b0 v\u00e0o m\u1ed9t quy tr\u00ecnh l\u00e0m vi\u1ec7c hi\u1ec7u qu\u1ea3.<\/p>\n<p><a href=\"https:\/\/mountlaser.com\/vi\/contact-us\/\">C\u1ed9t l\u0103ng k\u00ednh nh\u00f4m DZ215<\/a> T\u00f9y ch\u1ecdn kh\u00f3a: C\u00f3 ba lo\u1ea1i:<br \/>\nKh\u00f3a xoay<br \/>\nKh\u00f3a th\u00e1o nhanh<br \/>\nKh\u00f3a ki\u1ec3u GPS<\/p>\n<p><img fetchpriority=\"high\" decoding=\"async\" class=\"aligncenter wp-image-3899\" src=\"https:\/\/mountlaser.com\/wp-content\/uploads\/2025\/11\/DZ215GP-5.webp\" alt=\"Quick Release Aluminum Prism Pole\" width=\"500\" height=\"500\" srcset=\"https:\/\/mountlaser.com\/wp-content\/uploads\/2025\/11\/DZ215GP-5.webp 1000w, https:\/\/mountlaser.com\/wp-content\/uploads\/2025\/11\/DZ215GP-5-300x300.webp 300w, https:\/\/mountlaser.com\/wp-content\/uploads\/2025\/11\/DZ215GP-5-400x400.webp 400w, https:\/\/mountlaser.com\/wp-content\/uploads\/2025\/11\/DZ215GP-5-800x800.webp 800w, https:\/\/mountlaser.com\/wp-content\/uploads\/2025\/11\/DZ215GP-5-600x600.webp 600w, https:\/\/mountlaser.com\/wp-content\/uploads\/2025\/11\/DZ215GP-5-150x150.webp 150w, https:\/\/mountlaser.com\/wp-content\/uploads\/2025\/11\/DZ215GP-5-768x768.webp 768w, https:\/\/mountlaser.com\/wp-content\/uploads\/2025\/11\/DZ215GP-5-12x12.webp 12w\" sizes=\"(max-width: 500px) 100vw, 500px\" \/><\/p>\n<p><strong>Th\u00f4ng s\u1ed1 k\u1ef9 thu\u1eadt c\u1ee7a c\u1ed9t l\u0103ng k\u00ednh nh\u00f4m DZ215:<\/strong><\/p>\n<table style=\"border-collapse: collapse; width: 741.77pt;\" border=\"0\" width=\"989\" cellspacing=\"0\" cellpadding=\"0\">\n<tbody>\n<tr style=\"height: 14.25pt;\">\n<td class=\"et2\" style=\"height: 14.25pt; width: 142.50pt;\" width=\"190\" height=\"19\">CON S\u1ed0<\/td>\n<td class=\"et2\" style=\"width: 127.50pt;\" width=\"170\">CHI\u1ec0U D\u00c0I<\/td>\n<td class=\"et2\" style=\"width: 126.00pt;\" width=\"168\">V\u1eacT LI\u1ec6U<\/td>\n<td class=\"et2\" style=\"width: 135.00pt;\" width=\"180\">SINH VI\u00caN T\u1ed0T NGHI\u1ec6P<\/td>\n<td class=\"et2\" style=\"width: 124.50pt;\" width=\"166\">T\u00d9Y CH\u1eccN KH\u00d3A<\/td>\n<td class=\"et2\" style=\"width: 86.25pt;\" width=\"115\">\u0110\u01af\u1edcNG K\u00cdNH<\/td>\n<\/tr>\n<tr style=\"height: 14.25pt;\">\n<td class=\"et3\" style=\"height: 14.25pt;\" height=\"19\">DZ215<\/td>\n<td class=\"et4\">215cm<\/td>\n<td class=\"et3\">Nh\u00f4m<\/td>\n<td class=\"et3\">M\u00e9t<\/td>\n<td class=\"et3\">TL\/ QL\/ GP<\/td>\n<td class=\"et3\">25\/30mm<\/td>\n<\/tr>\n<\/tbody>\n<\/table>","protected":false},"excerpt":{"rendered":"<ul>\n<li>\u0110\u01b0\u1ee3c l\u00e0m t\u1eeb nh\u00f4m c\u01b0\u1eddng \u0111\u1ed9 cao, \u0111\u1ea3m b\u1ea3o s\u1eed d\u1ee5ng c\u1ea3 ng\u00e0y m\u00e0 kh\u00f4ng g\u00e2y m\u1ecfi.<\/li>\n<li>\u0110\u1ed9 ch\u00ednh x\u00e1c t\u00edch h\u1ee3p: C\u00f3 \u1ed1ng th\u1ee7y tinh tr\u00f2n 30 inch v\u00e0 thang \u0111o b\u00ean trong d\u1ec5 \u0111\u1ecdc \u0111\u1ec3 thi\u1ebft l\u1eadp ch\u00ednh x\u00e1c.<\/li>\n<li>T\u01b0\u01a1ng th\u00edch v\u1edbi nhi\u1ec1u lo\u1ea1i b\u1ed9 chuy\u1ec3n \u0111\u1ed5i l\u0103ng k\u00ednh kh\u00e1c nhau \u0111\u1ec3 ph\u00f9 h\u1ee3p v\u1edbi thi\u1ebft b\u1ecb c\u1ee5 th\u1ec3 c\u1ee7a b\u1ea1n.<\/li>\n<\/ul>","protected":false},"featured_media":3898,"comment_status":"open","ping_status":"closed","template":"","meta":[],"product_brand":[],"product_cat":[89,117],"product_tag":[],"class_list":{"0":"post-3897","1":"product","2":"type-product","3":"status-publish","4":"has-post-thumbnail","6":"product_cat-surveying-pole-rod","7":"product_cat-aluminum-prism-pole","9":"first","10":"instock","11":"shipping-taxable","12":"product-type-simple"},"_links":{"self":[{"href":"https:\/\/mountlaser.com\/vi\/wp-json\/wp\/v2\/product\/3897","targetHints":{"allow":["GET"]}}],"collection":[{"href":"https:\/\/mountlaser.com\/vi\/wp-json\/wp\/v2\/product"}],"about":[{"href":"https:\/\/mountlaser.com\/vi\/wp-json\/wp\/v2\/types\/product"}],"replies":[{"embeddable":true,"href":"https:\/\/mountlaser.com\/vi\/wp-json\/wp\/v2\/comments?post=3897"}],"wp:featuredmedia":[{"embeddable":true,"href":"https:\/\/mountlaser.com\/vi\/wp-json\/wp\/v2\/media\/3898"}],"wp:attachment":[{"href":"https:\/\/mountlaser.com\/vi\/wp-json\/wp\/v2\/media?parent=3897"}],"wp:term":[{"taxonomy":"product_brand","embeddable":true,"href":"https:\/\/mountlaser.com\/vi\/wp-json\/wp\/v2\/product_brand?post=3897"},{"taxonomy":"product_cat","embeddable":true,"href":"https:\/\/mountlaser.com\/vi\/wp-json\/wp\/v2\/product_cat?post=3897"},{"taxonomy":"product_tag","embeddable":true,"href":"https:\/\/mountlaser.com\/vi\/wp-json\/wp\/v2\/product_tag?post=3897"}],"curies":[{"name":"trang web","href":"https:\/\/api.w.org\/{rel}","templated":true}]}}