{"id":3894,"date":"2025-11-10T09:08:51","date_gmt":"2025-11-10T09:08:51","guid":{"rendered":"https:\/\/mountlaser.com\/?post_type=product&#038;p=3894"},"modified":"2025-11-27T06:25:09","modified_gmt":"2025-11-27T06:25:09","slug":"tmm01-magnetic-mount","status":"publish","type":"product","link":"https:\/\/mountlaser.com\/vi\/san-pham\/tmm01-magnetic-mount\/","title":{"rendered":"Gi\u00e1 \u0111\u1ee1 t\u1eeb t\u00ednh TMM01"},"content":{"rendered":"<p>C\u00e1i <a href=\"https:\/\/mountlaser.com\/vi\/\"><strong>Gi\u00e1 \u0111\u1ee1 ba nam ch\u00e2m<\/strong><\/a> \u0110\u00e2y l\u00e0 m\u1ed9t ph\u1ee5 ki\u1ec7n GNSS hi\u1ec7u su\u1ea5t cao \u0111\u01b0\u1ee3c thi\u1ebft k\u1ebf \u0111\u1ec3 cung c\u1ea5p \u0111\u1ed9 \u1ed5n \u0111\u1ecbnh v\u00e0 \u0111\u1ed9 ch\u00ednh x\u00e1c v\u01b0\u1ee3t tr\u1ed9i cho c\u00e1c nhi\u1ec7m v\u1ee5 kh\u1ea3o s\u00e1t \u1edf \u0111\u1ed9 cao th\u1ea5p. \u0110\u01b0\u1ee3c ch\u1ebf t\u1ea1o t\u1eeb v\u1eadt li\u1ec7u nh\u00f4m v\u00e0 th\u00e9p b\u1ec1n ch\u1eafc, gi\u00e1 \u0111\u1ee1 nam ch\u00e2m n\u00e0y \u0111\u1ea3m b\u1ea3o m\u1ed9t \u0111\u1ebf v\u1eefng ch\u1eafc v\u00e0 an to\u00e0n cho c\u00e1c l\u0103ng k\u00ednh, l\u00fd t\u01b0\u1edfng cho c\u1ea3 \u1ee9ng d\u1ee5ng trong nh\u00e0 v\u00e0 ngo\u00e0i tr\u1eddi.<\/p>\n<p>V\u1edbi \u0111\u1ebf t\u1eeb ba chi\u1ec1u \u0111\u01b0\u1eddng k\u00ednh 100mm, gi\u00e1 \u0111\u1ee1 t\u1eeb ba chi\u1ec1u Triple Mag Mount cung c\u1ea5p l\u1ef1c gi\u1eef v\u01b0\u1ee3t tr\u1ed9i tr\u00ean m\u1ecdi b\u1ec1 m\u1eb7t t\u1eeb t\u00ednh, \u0111\u1ea3m b\u1ea3o thi\u1ebft l\u1eadp l\u0103ng k\u00ednh ho\u1eb7c GNSS c\u1ee7a b\u1ea1n lu\u00f4n \u1ed5n \u0111\u1ecbnh ngay c\u1ea3 trong m\u00f4i tr\u01b0\u1eddng kh\u1eafc nghi\u1ec7t. Hai v\u00edt \u0111i\u1ec1u ch\u1ec9nh ch\u00e2n \u0111\u1ebf cho ph\u00e9p c\u00e2n b\u1eb1ng nhanh ch\u00f3ng v\u00e0 ch\u00ednh x\u00e1c, bi\u1ebfn n\u00f3 th\u00e0nh gi\u1ea3i ph\u00e1p \u0111\u00e1ng tin c\u1eady cho c\u00e1c chuy\u00ean gia y\u00eau c\u1ea7u \u0111\u1ed9 ch\u00ednh x\u00e1c v\u00e0 hi\u1ec7u qu\u1ea3 trong m\u1ecdi ph\u00e9p \u0111o.<\/p>\n<p><img fetchpriority=\"high\" decoding=\"async\" class=\"aligncenter wp-image-3886\" src=\"https:\/\/mountlaser.com\/wp-content\/uploads\/2025\/11\/TMM013.webp\" alt=\"TMM01 Triple Mag Mount\" width=\"500\" height=\"500\" srcset=\"https:\/\/mountlaser.com\/wp-content\/uploads\/2025\/11\/TMM013.webp 1000w, https:\/\/mountlaser.com\/wp-content\/uploads\/2025\/11\/TMM013-300x300.webp 300w, https:\/\/mountlaser.com\/wp-content\/uploads\/2025\/11\/TMM013-400x400.webp 400w, https:\/\/mountlaser.com\/wp-content\/uploads\/2025\/11\/TMM013-800x800.webp 800w, https:\/\/mountlaser.com\/wp-content\/uploads\/2025\/11\/TMM013-600x600.webp 600w, https:\/\/mountlaser.com\/wp-content\/uploads\/2025\/11\/TMM013-150x150.webp 150w, https:\/\/mountlaser.com\/wp-content\/uploads\/2025\/11\/TMM013-768x768.webp 768w, https:\/\/mountlaser.com\/wp-content\/uploads\/2025\/11\/TMM013-12x12.webp 12w\" sizes=\"(max-width: 500px) 100vw, 500px\" \/><\/p>\n<p>C\u00e1i <a href=\"https:\/\/mountlaser.com\/vi\/products\/\"><strong>Gi\u00e1 \u0111\u1ee1 nam ch\u00e2m<\/strong><\/a> D\u1ec5 d\u00e0ng g\u1eafn, th\u00e1o v\u00e0 \u0111\u1ecbnh v\u1ecb l\u1ea1i, mang l\u1ea1i s\u1ef1 linh ho\u1ea1t m\u00e0 kh\u00f4ng \u1ea3nh h\u01b0\u1edfng \u0111\u1ebfn \u0111\u1ed9 \u1ed5n \u0111\u1ecbnh. Cho d\u00f9 \u0111\u01b0\u1ee3c s\u1eed d\u1ee5ng \u0111\u1ec3 b\u1ed1 tr\u00ed c\u00f4ng tr\u00ecnh, gi\u00e1m s\u00e1t bi\u1ebfn d\u1ea1ng hay kh\u1ea3o s\u00e1t k\u1ef9 thu\u1eadt, gi\u00e1 \u0111\u1ee1 ba nam ch\u00e2m n\u00e0y \u0111\u1ea3m b\u1ea3o \u0111\u1ed9 tin c\u1eady, t\u00ednh l\u1eb7p l\u1ea1i v\u00e0 hi\u1ec7u su\u1ea5t m\u1ea1nh m\u1ebd.<\/p>","protected":false},"excerpt":{"rendered":"<ul>\n<li>C\u1ea5u tr\u00fac b\u1eb1ng nh\u00f4m v\u00e0 th\u00e9p b\u1ec1n ch\u1eafc<\/li>\n<li>\u0110\u01b0\u1ee3c trang b\u1ecb ba nam ch\u00e2m cho l\u1ef1c gi\u1eef v\u01b0\u1ee3t tr\u1ed9i.<\/li>\n<li>Hai v\u00edt \u0111i\u1ec1u ch\u1ec9nh ch\u00e2n \u0111\u1ebf gi\u00fap c\u00e2n b\u1eb1ng ch\u00ednh x\u00e1c.<\/li>\n<li>T\u01b0\u01a1ng th\u00edch v\u1edbi h\u1ec7 th\u1ed1ng l\u0103ng k\u00ednh v\u00e0 GNSS.<\/li>\n<li>L\u00fd t\u01b0\u1edfng cho vi\u1ec7c kh\u1ea3o s\u00e1t \u1edf \u0111\u1ed9 cao th\u1ea5p ho\u1eb7c c\u1ef1 ly g\u1ea7n.<\/li>\n<\/ul>","protected":false},"featured_media":3886,"comment_status":"open","ping_status":"closed","template":"","meta":[],"product_brand":[],"product_cat":[84,120],"product_tag":[],"class_list":{"0":"post-3894","1":"product","2":"type-product","3":"status-publish","4":"has-post-thumbnail","6":"product_cat-gnss-accessory","7":"product_cat-magnetic-mount","9":"first","10":"instock","11":"shipping-taxable","12":"product-type-simple"},"_links":{"self":[{"href":"https:\/\/mountlaser.com\/vi\/wp-json\/wp\/v2\/product\/3894","targetHints":{"allow":["GET"]}}],"collection":[{"href":"https:\/\/mountlaser.com\/vi\/wp-json\/wp\/v2\/product"}],"about":[{"href":"https:\/\/mountlaser.com\/vi\/wp-json\/wp\/v2\/types\/product"}],"replies":[{"embeddable":true,"href":"https:\/\/mountlaser.com\/vi\/wp-json\/wp\/v2\/comments?post=3894"}],"wp:featuredmedia":[{"embeddable":true,"href":"https:\/\/mountlaser.com\/vi\/wp-json\/wp\/v2\/media\/3886"}],"wp:attachment":[{"href":"https:\/\/mountlaser.com\/vi\/wp-json\/wp\/v2\/media?parent=3894"}],"wp:term":[{"taxonomy":"product_brand","embeddable":true,"href":"https:\/\/mountlaser.com\/vi\/wp-json\/wp\/v2\/product_brand?post=3894"},{"taxonomy":"product_cat","embeddable":true,"href":"https:\/\/mountlaser.com\/vi\/wp-json\/wp\/v2\/product_cat?post=3894"},{"taxonomy":"product_tag","embeddable":true,"href":"https:\/\/mountlaser.com\/vi\/wp-json\/wp\/v2\/product_tag?post=3894"}],"curies":[{"name":"trang web","href":"https:\/\/api.w.org\/{rel}","templated":true}]}}