{"id":3852,"date":"2025-11-10T07:55:06","date_gmt":"2025-11-10T07:55:06","guid":{"rendered":"https:\/\/mountlaser.com\/?post_type=product&#038;p=3852"},"modified":"2025-11-27T06:43:52","modified_gmt":"2025-11-27T06:43:52","slug":"plastic-scanner-sphere","status":"publish","type":"product","link":"https:\/\/mountlaser.com\/vi\/san-pham\/plastic-scanner-sphere\/","title":{"rendered":"Qu\u1ea3 c\u1ea7u qu\u00e9t b\u1eb1ng nh\u1ef1a"},"content":{"rendered":"<p>C\u00e1i <a href=\"https:\/\/mountlaser.com\/vi\/\"><strong>Qu\u1ea3 c\u1ea7u tham chi\u1ebfu m\u00e1y qu\u00e9t laser<\/strong> <\/a>\u0110\u00e2y l\u00e0 m\u1ed9t m\u1ee5c ti\u00eau c\u00f3 tr\u1ecdng l\u01b0\u1ee3ng nh\u1eb9, \u0111\u1ed9 ch\u00ednh x\u00e1c cao, \u0111\u01b0\u1ee3c thi\u1ebft k\u1ebf cho c\u00e1c \u1ee9ng d\u1ee5ng qu\u00e9t 3D v\u00e0 c\u0103n ch\u1ec9nh ch\u00ednh x\u00e1c. \u0110\u01b0\u1ee3c ch\u1ebf t\u1ea1o cho c\u00e1c quy tr\u00ecnh kh\u1ea3o s\u00e1t, k\u1ef9 thu\u1eadt v\u00e0 x\u00e2y d\u1ef1ng chuy\u00ean nghi\u1ec7p, nh\u1eefng m\u1ee5c ti\u00eau n\u00e0y <a href=\"https:\/\/mountlaser.com\/vi\/products\/\"><strong>qu\u1ea3 c\u1ea7u qu\u00e9t b\u1eb1ng nh\u1ef1a<\/strong><\/a> \u0110\u1ea3m b\u1ea3o c\u00e1c \u0111i\u1ec3m tham chi\u1ebfu \u0111\u00e1ng tin c\u1eady trong m\u00f4i tr\u01b0\u1eddng qu\u00e9t laser, n\u01a1i \u0111\u1ed9 ch\u00ednh x\u00e1c v\u00e0 \u0111\u1ed9 \u1ed5n \u0111\u1ecbnh l\u00e0 r\u1ea5t quan tr\u1ecdng.<\/p>\n<p>D\u00f2ng s\u1ea3n ph\u1ea9m Qu\u1ea3 c\u1ea7u tham chi\u1ebfu m\u00e1y qu\u00e9t laser bao g\u1ed3m hai m\u1eabu \u2014 N66203 v\u00e0 N66901 \u2014 c\u1ea3 hai \u0111\u1ec1u \u0111\u01b0\u1ee3c thi\u1ebft k\u1ebf ch\u00ednh x\u00e1c \u0111\u1ec3 mang l\u1ea1i hi\u1ec7u su\u1ea5t v\u01b0\u1ee3t tr\u1ed9i v\u00e0 s\u1ef1 ti\u1ec7n l\u1ee3i cho ng\u01b0\u1eddi s\u1eed d\u1ee5ng. M\u1eabu N66203, \u0111\u01b0\u1ee3c l\u00e0m b\u1eb1ng nh\u1ef1a b\u1ec1n, c\u00f3 \u0111\u1ed9 l\u1ec7ch cho ph\u00e9p nh\u1ecf h\u01a1n 1,5 mm v\u00e0 c\u00f3 hai ng\u00e0m ren M8, cung c\u1ea5p c\u00e1c t\u00f9y ch\u1ecdn l\u1eafp \u0111\u1eb7t linh ho\u1ea1t trong c\u00e1c thi\u1ebft l\u1eadp qu\u00e9t kh\u00e1c nhau. M\u1eabu N66901 \u0111i k\u00e8m v\u1edbi \u0111\u1ebf t\u1eeb nh\u1ecf g\u1ecdn \u00d820 mm (0,8 in), cho ph\u00e9p g\u1eafn nhanh ch\u00f3ng v\u00e0 \u1ed5n \u0111\u1ecbnh v\u00e0o c\u00e1c b\u1ec1 m\u1eb7t kim lo\u1ea1i \u0111\u1ec3 v\u1eadn h\u00e0nh hi\u1ec7u qu\u1ea3 t\u1ea1i hi\u1ec7n tr\u01b0\u1eddng.<\/p>\n<p><img fetchpriority=\"high\" decoding=\"async\" class=\"aligncenter wp-image-3875\" src=\"https:\/\/mountlaser.com\/wp-content\/uploads\/2025\/11\/Scanner-Spheres5.webp\" alt=\"Laser Scanner Reference Sphere\" width=\"500\" height=\"500\" srcset=\"https:\/\/mountlaser.com\/wp-content\/uploads\/2025\/11\/Scanner-Spheres5.webp 1000w, https:\/\/mountlaser.com\/wp-content\/uploads\/2025\/11\/Scanner-Spheres5-300x300.webp 300w, https:\/\/mountlaser.com\/wp-content\/uploads\/2025\/11\/Scanner-Spheres5-400x400.webp 400w, https:\/\/mountlaser.com\/wp-content\/uploads\/2025\/11\/Scanner-Spheres5-800x800.webp 800w, https:\/\/mountlaser.com\/wp-content\/uploads\/2025\/11\/Scanner-Spheres5-600x600.webp 600w, https:\/\/mountlaser.com\/wp-content\/uploads\/2025\/11\/Scanner-Spheres5-150x150.webp 150w, https:\/\/mountlaser.com\/wp-content\/uploads\/2025\/11\/Scanner-Spheres5-768x768.webp 768w, https:\/\/mountlaser.com\/wp-content\/uploads\/2025\/11\/Scanner-Spheres5-12x12.webp 12w\" sizes=\"(max-width: 500px) 100vw, 500px\" \/><\/p>\n<p>Nh\u1eefng c\u00e1i n\u00e0y <a href=\"https:\/\/mountlaser.com\/vi\/contact-us\/\">Qu\u1ea3 c\u1ea7u tham chi\u1ebfu m\u00e1y qu\u00e9t laser<\/a> Ch\u00fang r\u1ea5t l\u00fd t\u01b0\u1edfng cho c\u00e1c t\u00e1c v\u1ee5 tham chi\u1ebfu, \u0111\u0103ng k\u00fd v\u00e0 c\u0103n ch\u1ec9nh trong c\u00e1c d\u1ef1 \u00e1n qu\u00e9t laser. C\u1ea5u tr\u00fac nh\u1eb9 v\u00e0 dung sai ch\u00ednh x\u00e1c c\u1ee7a ch\u00fang khi\u1ebfn ch\u00fang tr\u1edf th\u00e0nh l\u1ef1a ch\u1ecdn tuy\u1ec7t v\u1eddi cho c\u00e1c \u1ee9ng d\u1ee5ng l\u1eadp b\u1ea3n \u0111\u1ed3 di \u0111\u1ed9ng, m\u00f4 h\u00ecnh th\u00f4ng tin x\u00e2y d\u1ef1ng (BIM) v\u00e0 ki\u1ec3m tra c\u00f4ng nghi\u1ec7p.<\/p>","protected":false},"excerpt":{"rendered":"<ul>\n<li>\u0110\u1ed9 ch\u00ednh x\u00e1c cao: C\u00e1c ph\u00e9p \u0111o tham chi\u1ebfu ch\u00ednh x\u00e1c<\/li>\n<li>Nh\u1eb9 v\u00e0 b\u1ec1n: \u0110\u01b0\u1ee3c l\u00e0m t\u1eeb nh\u1ef1a ch\u1ea5t l\u01b0\u1ee3ng cao, d\u1ec5 d\u00e0ng c\u1ea7m n\u1eafm v\u00e0 v\u1eadn chuy\u1ec3n.<\/li>\n<li>L\u1eafp \u0111\u1eb7t linh ho\u1ea1t: Hai ng\u00e0m ren M8 (N66203) ho\u1eb7c \u0111\u1ebf t\u1eeb t\u00ednh (N66901) cho nhi\u1ec1u t\u00f9y ch\u1ecdn l\u1eafp \u0111\u1eb7t.<\/li>\n<li>\u0110i\u1ec3m tham chi\u1ebfu \u1ed5n \u0111\u1ecbnh: Ho\u00e0n h\u1ea3o \u0111\u1ec3 s\u1eed d\u1ee5ng v\u1edbi m\u00e1y qu\u00e9t laser m\u1eb7t \u0111\u1ea5t v\u00e0 h\u1ec7 th\u1ed1ng h\u00ecnh \u1ea3nh 3D.<\/li>\n<\/ul>","protected":false},"featured_media":3873,"comment_status":"open","ping_status":"closed","template":"","meta":[],"product_brand":[],"product_cat":[80,119],"product_tag":[],"class_list":{"0":"post-3852","1":"product","2":"type-product","3":"status-publish","4":"has-post-thumbnail","6":"product_cat-scanner-sphere-target-laser-scanning","7":"product_cat-scanner-sphere-with-integrated-prism","9":"first","10":"instock","11":"shipping-taxable","12":"product-type-simple"},"_links":{"self":[{"href":"https:\/\/mountlaser.com\/vi\/wp-json\/wp\/v2\/product\/3852","targetHints":{"allow":["GET"]}}],"collection":[{"href":"https:\/\/mountlaser.com\/vi\/wp-json\/wp\/v2\/product"}],"about":[{"href":"https:\/\/mountlaser.com\/vi\/wp-json\/wp\/v2\/types\/product"}],"replies":[{"embeddable":true,"href":"https:\/\/mountlaser.com\/vi\/wp-json\/wp\/v2\/comments?post=3852"}],"wp:featuredmedia":[{"embeddable":true,"href":"https:\/\/mountlaser.com\/vi\/wp-json\/wp\/v2\/media\/3873"}],"wp:attachment":[{"href":"https:\/\/mountlaser.com\/vi\/wp-json\/wp\/v2\/media?parent=3852"}],"wp:term":[{"taxonomy":"product_brand","embeddable":true,"href":"https:\/\/mountlaser.com\/vi\/wp-json\/wp\/v2\/product_brand?post=3852"},{"taxonomy":"product_cat","embeddable":true,"href":"https:\/\/mountlaser.com\/vi\/wp-json\/wp\/v2\/product_cat?post=3852"},{"taxonomy":"product_tag","embeddable":true,"href":"https:\/\/mountlaser.com\/vi\/wp-json\/wp\/v2\/product_tag?post=3852"}],"curies":[{"name":"trang web","href":"https:\/\/api.w.org\/{rel}","templated":true}]}}