{"id":3851,"date":"2025-11-10T07:21:43","date_gmt":"2025-11-10T07:21:43","guid":{"rendered":"https:\/\/mountlaser.com\/?post_type=product&#038;p=3851"},"modified":"2025-11-27T06:53:31","modified_gmt":"2025-11-27T06:53:31","slug":"bp004-scanner-sphere","status":"publish","type":"product","link":"https:\/\/mountlaser.com\/vi\/san-pham\/bp004-scanner-sphere\/","title":{"rendered":"BP004 M\u00e1y qu\u00e9t h\u00ecnh c\u1ea7u"},"content":{"rendered":"<p>C\u00e1i <a href=\"https:\/\/mountlaser.com\/vi\/\"><strong>Qu\u1ea3 c\u1ea7u qu\u00e9t c\u00f3 l\u0103ng k\u00ednh<\/strong><\/a> \u0110\u00e2y l\u00e0 m\u1ee5c ti\u00eau kh\u1ea3o s\u00e1t v\u00e0 qu\u00e9t 3D chuy\u00ean nghi\u1ec7p \u0111\u01b0\u1ee3c thi\u1ebft k\u1ebf \u0111\u1ec3 \u0111\u1ea1t \u0111\u1ed9 ch\u00ednh x\u00e1c v\u00e0 t\u00ednh linh ho\u1ea1t v\u01b0\u1ee3t tr\u1ed9i. \u0110\u01b0\u1ee3c thi\u1ebft k\u1ebf \u0111\u1ec3 s\u1eed d\u1ee5ng \u0111a ch\u1ee9c n\u0103ng,<a href=\"https:\/\/mountlaser.com\/vi\/about-us\/\"><strong> Qu\u1ea3 c\u1ea7u qu\u00e9t t\u00edch h\u1ee3p l\u0103ng k\u00ednh<\/strong><\/a> Cho ph\u00e9p v\u1eadn h\u00e0nh li\u1ec1n m\u1ea1ch v\u1edbi c\u1ea3 m\u00e1y qu\u00e9t laser v\u00e0 m\u00e1y to\u00e0n \u0111\u1ea1c, \u0111\u1ea3m b\u1ea3o s\u1ef1 c\u0103n ch\u1ec9nh ho\u00e0n h\u1ea3o v\u00e0 \u0111\u1ed9 ch\u00ednh x\u00e1c trong m\u1ecdi nhi\u1ec7m v\u1ee5 \u0111o l\u01b0\u1eddng.<\/p>\n<p>Qu\u1ea3 c\u1ea7u qu\u00e9t 100 mm (3,94 in) n\u00e0y c\u00f3 l\u0103ng k\u00ednh ph\u1ea3n x\u1ea1 64,5 mm \u0111\u01b0\u1ee3c \u0111\u1eb7t ch\u00ednh x\u00e1c \u1edf t\u00e2m, \u0111\u1ea3m b\u1ea3o t\u00e2m h\u00ecnh h\u1ecdc c\u1ee7a qu\u1ea3 c\u1ea7u tr\u00f9ng kh\u1edbp ho\u00e0n to\u00e0n v\u1edbi t\u00e2m quang h\u1ecdc c\u1ee7a l\u0103ng k\u00ednh. Thi\u1ebft k\u1ebf t\u00edch h\u1ee3p n\u00e0y cung c\u1ea5p kh\u1ea3 n\u0103ng tham chi\u1ebfu \u0111\u00e1ng tin c\u1eady t\u1eeb m\u1ecdi h\u01b0\u1edbng qu\u00e9t, mang l\u1ea1i k\u1ebft qu\u1ea3 nh\u1ea5t qu\u00e1n trong c\u00e1c \u1ee9ng d\u1ee5ng kh\u1ea3o s\u00e1t v\u00e0 k\u1ef9 thu\u1eadt c\u00f3 \u0111\u1ed9 ch\u00ednh x\u00e1c cao.<\/p>\n<p><img fetchpriority=\"high\" decoding=\"async\" class=\"aligncenter wp-image-3844 size-medium\" src=\"https:\/\/mountlaser.com\/wp-content\/uploads\/2025\/11\/3-10BP0043-300x300.webp\" alt=\"BP004 scanning sphere with prism\" width=\"300\" height=\"300\" srcset=\"https:\/\/mountlaser.com\/wp-content\/uploads\/2025\/11\/3-10BP0043-300x300.webp 300w, https:\/\/mountlaser.com\/wp-content\/uploads\/2025\/11\/3-10BP0043-400x400.webp 400w, https:\/\/mountlaser.com\/wp-content\/uploads\/2025\/11\/3-10BP0043-800x800.webp 800w, https:\/\/mountlaser.com\/wp-content\/uploads\/2025\/11\/3-10BP0043-600x600.webp 600w, https:\/\/mountlaser.com\/wp-content\/uploads\/2025\/11\/3-10BP0043-150x150.webp 150w, https:\/\/mountlaser.com\/wp-content\/uploads\/2025\/11\/3-10BP0043-768x768.webp 768w, https:\/\/mountlaser.com\/wp-content\/uploads\/2025\/11\/3-10BP0043-12x12.webp 12w, https:\/\/mountlaser.com\/wp-content\/uploads\/2025\/11\/3-10BP0043.webp 1000w\" sizes=\"(max-width: 300px) 100vw, 300px\" \/><\/p>\n<p>\u0110\u01b0\u1ee3c ch\u1ebf t\u1ea1o t\u1eeb nh\u1ef1a b\u1ec1n ch\u1eafc v\u1edbi b\u1ec1 m\u1eb7t h\u00ecnh c\u1ea7u ho\u00e0n h\u1ea3o, qu\u1ea3 c\u1ea7u qu\u00e9t c\u00f3 l\u0103ng k\u00ednh \u0111\u1ea3m b\u1ea3o thu th\u1eadp d\u1eef li\u1ec7u 3D ch\u00ednh x\u00e1c t\u1eeb m\u1ecdi g\u00f3c nh\u00ecn. C\u00f3 hai phi\u00ean b\u1ea3n \u2014 <a href=\"https:\/\/mountlaser.com\/vi\/contact-us\/\">BP004A<\/a> (v\u1edbi kh\u00f3a cho b\u1ed9 chuy\u1ec3n \u0111\u1ed5i th\u00e1o nhanh ki\u1ec3u Th\u1ee5y S\u0129) v\u00e0 BP004B (v\u1edbi kh\u00f3a th\u00e1o nhanh) \u2014 n\u00f3 ph\u00f9 h\u1ee3p ho\u00e0n h\u1ea3o v\u1edbi c\u00e1c thi\u1ebft l\u1eadp qu\u00e9t chuy\u00ean nghi\u1ec7p.<\/p>","protected":false},"excerpt":{"rendered":"<ul>\n<li>Thi\u1ebft k\u1ebf \u0111a ch\u1ee9c n\u0103ng: K\u1ebft h\u1ee3p qu\u1ea3 c\u1ea7u ph\u1ea3n chi\u1ebfu v\u00e0 l\u0103ng k\u00ednh trung t\u00e2m 64,5 mm, t\u01b0\u01a1ng th\u00edch v\u1edbi m\u00e1y qu\u00e9t laser v\u00e0 m\u00e1y to\u00e0n \u0111\u1ea1c \u0111i\u1ec7n t\u1eed.<\/li>\n<li>C\u0103n ch\u1ec9nh ch\u00ednh x\u00e1c: L\u0103ng k\u00ednh \u0111\u01b0\u1ee3c c\u0103n ch\u1ec9nh ho\u00e0n h\u1ea3o v\u1edbi t\u00e2m h\u00ecnh h\u1ecdc c\u1ee7a qu\u1ea3 c\u1ea7u \u0111\u1ec3 \u0111\u1ea1t \u0111\u1ed9 ch\u00ednh x\u00e1c v\u01b0\u1ee3t tr\u1ed9i.<\/li>\n<li>\u0110\u1ed9 ch\u00ednh x\u00e1c cao t\u1eeb m\u1ecdi g\u00f3c \u0111\u1ed9: Cho ph\u00e9p qu\u00e9t v\u00e0 \u0111o 3D v\u1edbi sai s\u1ed1 thi\u1ebft l\u1eadp t\u1ed1i thi\u1ec3u.<\/li>\n<li>C\u1ea5u tr\u00fac b\u1ec1n ch\u1eafc: \u0110\u01b0\u1ee3c l\u00e0m t\u1eeb nh\u1ef1a cao c\u1ea5p, \u0111\u1ea3m b\u1ea3o \u0111\u1ed9 b\u1ec1n v\u00e0 \u1ed5n \u0111\u1ecbnh.<\/li>\n<li>T\u00f9y ch\u1ecdn l\u1eafp \u0111\u1eb7t linh ho\u1ea1t: T\u01b0\u01a1ng th\u00edch v\u1edbi h\u1ec7 th\u1ed1ng th\u00e1o l\u1eafp nhanh ki\u1ec3u Th\u1ee5y S\u0129 (m\u1eabu BP004A \/ BP004B)<\/li>\n<\/ul>","protected":false},"featured_media":3844,"comment_status":"open","ping_status":"closed","template":"","meta":[],"product_brand":[],"product_cat":[80,119],"product_tag":[],"class_list":{"0":"post-3851","1":"product","2":"type-product","3":"status-publish","4":"has-post-thumbnail","6":"product_cat-scanner-sphere-target-laser-scanning","7":"product_cat-scanner-sphere-with-integrated-prism","9":"first","10":"instock","11":"shipping-taxable","12":"product-type-simple"},"_links":{"self":[{"href":"https:\/\/mountlaser.com\/vi\/wp-json\/wp\/v2\/product\/3851","targetHints":{"allow":["GET"]}}],"collection":[{"href":"https:\/\/mountlaser.com\/vi\/wp-json\/wp\/v2\/product"}],"about":[{"href":"https:\/\/mountlaser.com\/vi\/wp-json\/wp\/v2\/types\/product"}],"replies":[{"embeddable":true,"href":"https:\/\/mountlaser.com\/vi\/wp-json\/wp\/v2\/comments?post=3851"}],"wp:featuredmedia":[{"embeddable":true,"href":"https:\/\/mountlaser.com\/vi\/wp-json\/wp\/v2\/media\/3844"}],"wp:attachment":[{"href":"https:\/\/mountlaser.com\/vi\/wp-json\/wp\/v2\/media?parent=3851"}],"wp:term":[{"taxonomy":"product_brand","embeddable":true,"href":"https:\/\/mountlaser.com\/vi\/wp-json\/wp\/v2\/product_brand?post=3851"},{"taxonomy":"product_cat","embeddable":true,"href":"https:\/\/mountlaser.com\/vi\/wp-json\/wp\/v2\/product_cat?post=3851"},{"taxonomy":"product_tag","embeddable":true,"href":"https:\/\/mountlaser.com\/vi\/wp-json\/wp\/v2\/product_tag?post=3851"}],"curies":[{"name":"trang web","href":"https:\/\/api.w.org\/{rel}","templated":true}]}}