{"id":3833,"date":"2025-11-10T06:23:53","date_gmt":"2025-11-10T06:23:53","guid":{"rendered":"https:\/\/mountlaser.com\/?post_type=product&#038;p=3833"},"modified":"2025-11-27T07:07:58","modified_gmt":"2025-11-27T07:07:58","slug":"st005-laser-scanner-target","status":"publish","type":"product","link":"https:\/\/mountlaser.com\/vi\/san-pham\/st005-laser-scanner-target\/","title":{"rendered":"M\u1ee5c ti\u00eau m\u00e1y qu\u00e9t laser ST005"},"content":{"rendered":"<p>C\u00e1i <a href=\"https:\/\/mountlaser.com\/vi\/\"><strong>M\u1ee5c ti\u00eau laser h\u00ecnh vu\u00f4ng<\/strong><\/a> ST005 l\u00e0 m\u1ed9t s\u1ea3n ph\u1ea9m \u0111\u01b0\u1ee3c ch\u1ebf t\u1ea1o ch\u00ednh x\u00e1c. <a href=\"https:\/\/mountlaser.com\/vi\/products\/\"><strong>m\u1ee5c ti\u00eau laser \u0111en tr\u1eafng<\/strong><\/a> \u0110\u01b0\u1ee3c thi\u1ebft k\u1ebf cho c\u00e1c t\u00e1c v\u1ee5 qu\u00e9t laser, kh\u1ea3o s\u00e1t v\u00e0 c\u0103n ch\u1ec9nh chuy\u00ean nghi\u1ec7p. \u0110\u01b0\u1ee3c ch\u1ebf t\u1ea1o t\u1eeb nh\u00f4m ch\u1ea5t l\u01b0\u1ee3ng cao, m\u1ee5c ti\u00eau n\u00e0y \u0111\u1ea3m b\u1ea3o \u0111\u1ed9 b\u1ec1n l\u00e2u d\u00e0i v\u00e0 \u0111\u1ed9 \u1ed5n \u0111\u1ecbnh k\u00edch th\u01b0\u1edbc, ngay c\u1ea3 trong \u0111i\u1ec1u ki\u1ec7n m\u00f4i tr\u01b0\u1eddng kh\u1eafc nghi\u1ec7t.<\/p>\n<p>V\u1edbi b\u1ec1 m\u1eb7t 200 \u00d7 200 mm, T\u1ea5m bia laser vu\u00f4ng cung c\u1ea5p h\u00ecnh \u1ea3nh bia laser \u0111en tr\u1eafng l\u1edbn, \u0111\u1ed9 t\u01b0\u01a1ng ph\u1ea3n cao, gi\u00fap t\u0103ng c\u01b0\u1eddng kh\u1ea3 n\u0103ng quan s\u00e1t v\u00e0 \u0111\u1ed9 ch\u00ednh x\u00e1c trong \u0111o l\u01b0\u1eddng v\u00e0 \u0111\u1ecbnh v\u1ecb. L\u1edbp ph\u1ee7 s\u01a1n t\u0129nh \u0111i\u1ec7n v\u00e0 in l\u1ee5a mang l\u1ea1i kh\u1ea3 n\u0103ng ch\u1ed1ng m\u00e0i m\u00f2n v\u01b0\u1ee3t tr\u1ed9i, \u0111\u1ea3m b\u1ea3o \u0111\u1ed9 ph\u1ea3n x\u1ea1 \u1ed5n \u0111\u1ecbnh v\u00e0 hi\u1ec7u su\u1ea5t \u0111\u00e1ng tin c\u1eady theo th\u1eddi gian.<\/p>\n<p><img fetchpriority=\"high\" decoding=\"async\" class=\"aligncenter wp-image-3834\" src=\"https:\/\/mountlaser.com\/wp-content\/uploads\/2025\/11\/ST0051.webp\" alt=\"ST005 Square laser target\" width=\"500\" height=\"500\" srcset=\"https:\/\/mountlaser.com\/wp-content\/uploads\/2025\/11\/ST0051.webp 1000w, https:\/\/mountlaser.com\/wp-content\/uploads\/2025\/11\/ST0051-300x300.webp 300w, https:\/\/mountlaser.com\/wp-content\/uploads\/2025\/11\/ST0051-400x400.webp 400w, https:\/\/mountlaser.com\/wp-content\/uploads\/2025\/11\/ST0051-800x800.webp 800w, https:\/\/mountlaser.com\/wp-content\/uploads\/2025\/11\/ST0051-600x600.webp 600w, https:\/\/mountlaser.com\/wp-content\/uploads\/2025\/11\/ST0051-150x150.webp 150w, https:\/\/mountlaser.com\/wp-content\/uploads\/2025\/11\/ST0051-768x768.webp 768w, https:\/\/mountlaser.com\/wp-content\/uploads\/2025\/11\/ST0051-12x12.webp 12w\" sizes=\"(max-width: 500px) 100vw, 500px\" \/><\/p>\n<p>Laser vu\u00f4ng <a href=\"https:\/\/mountlaser.com\/vi\/contact-us\/\">M\u1ee5c ti\u00eau ST005<\/a> \u0110\u01b0\u1ee3c trang b\u1ecb b\u1ed9 chuy\u1ec3n \u0111\u1ed5i th\u00e1o l\u1eafp nhanh, cho ph\u00e9p l\u1eafp \u0111\u1eb7t nhanh ch\u00f3ng v\u00e0 an to\u00e0n tr\u00ean nhi\u1ec1u h\u1ec7 th\u1ed1ng gi\u00e1 \u0111\u1ee1 kh\u00e1c nhau, bi\u1ebfn n\u00f3 th\u00e0nh m\u1ed9t c\u00f4ng c\u1ee5 ti\u1ec7n l\u1ee3i v\u00e0 hi\u1ec7u qu\u1ea3 cho c\u00e1c chuy\u00ean gia l\u00e0m vi\u1ec7c ngo\u00e0i hi\u1ec7n tr\u01b0\u1eddng.<\/p>","protected":false},"excerpt":{"rendered":"<ul>\n<li>\u0110\u01b0\u1ee3c l\u00e0m t\u1eeb nh\u00f4m b\u1ec1n ch\u1eafc, \u0111\u1ea3m b\u1ea3o \u0111\u1ed9 b\u1ec1n v\u01b0\u1ee3t tr\u1ed9i.<\/li>\n<li>Thi\u1ebft k\u1ebf h\u00ecnh vu\u00f4ng l\u1edbn 200 \u00d7 200 mm gi\u00fap t\u0103ng c\u01b0\u1eddng \u0111\u1ed9 ch\u00ednh x\u00e1c.<\/li>\n<li>S\u01a1n t\u0129nh \u0111i\u1ec7n + in l\u1ee5a t\u1ea1o b\u1ec1 m\u1eb7t \u0111en tr\u1eafng c\u00f3 \u0111\u1ed9 t\u01b0\u01a1ng ph\u1ea3n cao<\/li>\n<li>B\u1ed9 chuy\u1ec3n \u0111\u1ed5i th\u00e1o nhanh gi\u00fap thi\u1ebft l\u1eadp nhanh ch\u00f3ng v\u00e0 \u1ed5n \u0111\u1ecbnh.<\/li>\n<li>\u0110\u01b0\u1ee3c t\u1ed1i \u01b0u h\u00f3a cho m\u00e1y qu\u00e9t laser v\u00e0 c\u00e1c thi\u1ebft b\u1ecb \u0111o \u0111\u1ea1c.<\/li>\n<\/ul>","protected":false},"featured_media":3834,"comment_status":"open","ping_status":"closed","template":"","meta":[],"product_brand":[],"product_cat":[80,118],"product_tag":[],"class_list":{"0":"post-3833","1":"product","2":"type-product","3":"status-publish","4":"has-post-thumbnail","6":"product_cat-scanner-sphere-target-laser-scanning","7":"product_cat-checkerboard-target","9":"first","10":"instock","11":"shipping-taxable","12":"product-type-simple"},"_links":{"self":[{"href":"https:\/\/mountlaser.com\/vi\/wp-json\/wp\/v2\/product\/3833","targetHints":{"allow":["GET"]}}],"collection":[{"href":"https:\/\/mountlaser.com\/vi\/wp-json\/wp\/v2\/product"}],"about":[{"href":"https:\/\/mountlaser.com\/vi\/wp-json\/wp\/v2\/types\/product"}],"replies":[{"embeddable":true,"href":"https:\/\/mountlaser.com\/vi\/wp-json\/wp\/v2\/comments?post=3833"}],"wp:featuredmedia":[{"embeddable":true,"href":"https:\/\/mountlaser.com\/vi\/wp-json\/wp\/v2\/media\/3834"}],"wp:attachment":[{"href":"https:\/\/mountlaser.com\/vi\/wp-json\/wp\/v2\/media?parent=3833"}],"wp:term":[{"taxonomy":"product_brand","embeddable":true,"href":"https:\/\/mountlaser.com\/vi\/wp-json\/wp\/v2\/product_brand?post=3833"},{"taxonomy":"product_cat","embeddable":true,"href":"https:\/\/mountlaser.com\/vi\/wp-json\/wp\/v2\/product_cat?post=3833"},{"taxonomy":"product_tag","embeddable":true,"href":"https:\/\/mountlaser.com\/vi\/wp-json\/wp\/v2\/product_tag?post=3833"}],"curies":[{"name":"trang web","href":"https:\/\/api.w.org\/{rel}","templated":true}]}}