{"id":3816,"date":"2025-11-10T05:38:28","date_gmt":"2025-11-10T05:38:28","guid":{"rendered":"https:\/\/mountlaser.com\/?post_type=product&#038;p=3816"},"modified":"2025-11-27T07:03:13","modified_gmt":"2025-11-27T07:03:13","slug":"st002-hds-laser-scanner-target","status":"publish","type":"product","link":"https:\/\/mountlaser.com\/vi\/san-pham\/st002-hds-laser-scanner-target\/","title":{"rendered":"M\u1ee5c ti\u00eau m\u00e1y qu\u00e9t laser ST002\/HDS"},"content":{"rendered":"<p>C\u00e1i<a href=\"https:\/\/mountlaser.com\/vi\/\"><strong> M\u1ee5c ti\u00eau nghi\u00eang<\/strong> <\/a>C\u00e1c t\u1ea5m bia \u0111en tr\u1eafng ST002 v\u00e0 HDS l\u00e0 nh\u1eefng c\u00f4ng c\u1ee5 \u0111\u01b0\u1ee3c thi\u1ebft k\u1ebf ch\u00ednh x\u00e1c d\u00e0nh cho c\u00e1c \u1ee9ng d\u1ee5ng qu\u00e9t v\u00e0 kh\u1ea3o s\u00e1t laser 3D chuy\u00ean nghi\u1ec7p. C\u1ea3 hai m\u1eabu \u0111\u1ec1u \u0111\u1ea3m b\u1ea3o \u0111\u0103ng k\u00fd \u0111i\u1ec3m v\u00e0 c\u0103n ch\u1ec9nh ch\u00ednh x\u00e1c trong m\u00f4i tr\u01b0\u1eddng qu\u00e9t ph\u1ee9c t\u1ea1p.<\/p>\n<p>M\u1ee5c ti\u00eau nghi\u00eang ST002 c\u00f3 th\u00e2n b\u1eb1ng nh\u00f4m \u0111\u01b0\u1eddng k\u00ednh 152mm (6.0 in) \u0111\u01b0\u1ee3c trang b\u1ecb t\u1ea5m ph\u1ea3n quang 3M, mang l\u1ea1i kh\u1ea3 n\u0103ng hi\u1ec3n th\u1ecb cao v\u00e0 \u0111\u1ed9 ph\u1ea3n x\u1ea1 ch\u00ednh x\u00e1c \u0111\u1ec3 t\u0103ng c\u01b0\u1eddng \u0111\u1ed9 ch\u00ednh x\u00e1c khi qu\u00e9t. Ren trong 5\/8\u2033-11 v\u00e0 \u0111\u1ebf t\u1eeb t\u00ednh gi\u00fap d\u1ec5 d\u00e0ng g\u1eafn ch\u1eafc ch\u1eafn l\u00ean c\u00e1c b\u1ec1 m\u1eb7t kim lo\u1ea1i ho\u1eb7c ch\u00e2n m\u00e1y, cho ph\u00e9p \u0111\u1ecbnh v\u1ecb linh ho\u1ea1t trong qu\u00e1 tr\u00ecnh l\u00e0m vi\u1ec7c ngo\u00e0i tr\u1eddi.<\/p>\n<p>HDS <a href=\"https:\/\/mountlaser.com\/vi\/products\/\"><strong>M\u1ee5c ti\u00eau \u0111en tr\u1eafng<\/strong> <\/a>C\u1ea3 hai phi\u00ean b\u1ea3n \u0111\u1ec1u c\u00f3 c\u1ea5u tr\u00fac nh\u00f4m 152mm t\u01b0\u01a1ng t\u1ef1, nh\u01b0ng \u0111\u01b0\u1ee3c ph\u1ee7 s\u01a1n t\u0129nh \u0111i\u1ec7n v\u00e0 in l\u1ee5a \u0111\u1ec3 t\u1ea1o ra hoa v\u0103n c\u00f3 \u0111\u1ed9 t\u01b0\u01a1ng ph\u1ea3n cao, gi\u00fap c\u1ea3i thi\u1ec7n kh\u1ea3 n\u0103ng ph\u00e1t hi\u1ec7n m\u1ee5c ti\u00eau v\u00e0 \u0111\u1ed9 \u1ed5n \u0111\u1ecbnh. C\u1ea3 hai phi\u00ean b\u1ea3n M\u1ee5c ti\u00eau Nghi\u00eang \u0111\u1ec1u l\u00fd t\u01b0\u1edfng cho c\u00e1c quy tr\u00ecnh qu\u00e9t y\u00eau c\u1ea7u c\u00e1c \u0111i\u1ec3m tham chi\u1ebfu \u0111\u00e1ng tin c\u1eady, c\u00f3 th\u1ec3 l\u1eb7p l\u1ea1i v\u00e0 d\u1ec5 nh\u00ecn th\u1ea5y.<\/p>\n<p><strong><a href=\"https:\/\/mountlaser.com\/vi\/contact-us\/\">M\u1ee5c ti\u00eau m\u00e1y qu\u00e9t laser ST002\/HDS<\/a> Th\u00f4ng s\u1ed1 k\u1ef9 thu\u1eadt<\/strong><\/p>\n<table width=\"587\">\n<tbody>\n<tr>\n<td width=\"72\">Ng\u01b0\u1eddi m\u1eabu<\/td>\n<td width=\"254\">H\u00ecnh \u1ea3nh<\/td>\n<td width=\"261\">Th\u00f4ng s\u1ed1<\/td>\n<\/tr>\n<tr>\n<td>ST002<\/td>\n<td><img fetchpriority=\"high\" decoding=\"async\" class=\"alignnone wp-image-3817 size-medium\" src=\"https:\/\/mountlaser.com\/wp-content\/uploads\/2025\/11\/ST0021-300x300.webp\" alt=\"ST002 Tilting Target\" width=\"300\" height=\"300\" srcset=\"https:\/\/mountlaser.com\/wp-content\/uploads\/2025\/11\/ST0021-300x300.webp 300w, https:\/\/mountlaser.com\/wp-content\/uploads\/2025\/11\/ST0021-400x400.webp 400w, https:\/\/mountlaser.com\/wp-content\/uploads\/2025\/11\/ST0021-800x800.webp 800w, https:\/\/mountlaser.com\/wp-content\/uploads\/2025\/11\/ST0021-600x600.webp 600w, https:\/\/mountlaser.com\/wp-content\/uploads\/2025\/11\/ST0021-150x150.webp 150w, https:\/\/mountlaser.com\/wp-content\/uploads\/2025\/11\/ST0021-768x768.webp 768w, https:\/\/mountlaser.com\/wp-content\/uploads\/2025\/11\/ST0021-12x12.webp 12w, https:\/\/mountlaser.com\/wp-content\/uploads\/2025\/11\/ST0021.webp 1000w\" sizes=\"(max-width: 300px) 100vw, 300px\" \/><\/td>\n<td width=\"261\">CH\u1ea4T LI\u1ec6U: Nh\u00f4m<br \/>\nK\u00cdCH TH\u01af\u1edaC M\u1ee4C TI\u00caU: \u0110\u01b0\u1eddng k\u00ednh ngo\u00e0i 152mm (6.0in)<br \/>\nX\u1eec L\u00dd B\u1ec0 M\u1eb6T: T\u1ea5m ph\u1ea3n quang 3M<br \/>\nB\u1ed9 chuy\u1ec3n \u0111\u1ed5i: Ren trong 5\/8\u2033-11, \u0111\u1ebf t\u1eeb t\u00ednh<\/td>\n<\/tr>\n<tr>\n<td>HDS<\/td>\n<td><img decoding=\"async\" class=\"alignnone wp-image-3828 size-medium\" src=\"https:\/\/mountlaser.com\/wp-content\/uploads\/2025\/11\/HDS-Sanning-Target\uff084\uff09-300x300.webp\" alt=\"HDS Tilting Target \" width=\"300\" height=\"300\" srcset=\"https:\/\/mountlaser.com\/wp-content\/uploads\/2025\/11\/HDS-Sanning-Target\uff084\uff09-300x300.webp 300w, https:\/\/mountlaser.com\/wp-content\/uploads\/2025\/11\/HDS-Sanning-Target\uff084\uff09-400x400.webp 400w, https:\/\/mountlaser.com\/wp-content\/uploads\/2025\/11\/HDS-Sanning-Target\uff084\uff09-800x800.webp 800w, https:\/\/mountlaser.com\/wp-content\/uploads\/2025\/11\/HDS-Sanning-Target\uff084\uff09-600x600.webp 600w, https:\/\/mountlaser.com\/wp-content\/uploads\/2025\/11\/HDS-Sanning-Target\uff084\uff09-150x150.webp 150w, https:\/\/mountlaser.com\/wp-content\/uploads\/2025\/11\/HDS-Sanning-Target\uff084\uff09-768x768.webp 768w, https:\/\/mountlaser.com\/wp-content\/uploads\/2025\/11\/HDS-Sanning-Target\uff084\uff09-12x12.webp 12w, https:\/\/mountlaser.com\/wp-content\/uploads\/2025\/11\/HDS-Sanning-Target\uff084\uff09.webp 1000w\" sizes=\"(max-width: 300px) 100vw, 300px\" \/><\/td>\n<td width=\"261\">CH\u1ea4T LI\u1ec6U: Nh\u00f4m<br \/>\nK\u00cdCH TH\u01af\u1edaC M\u1ee4C TI\u00caU: \u0110\u01b0\u1eddng k\u00ednh ngo\u00e0i 152mm (6.0in)<br \/>\nX\u1eec L\u00dd B\u1ec0 M\u1eb6T: S\u01a1n t\u0129nh \u0111i\u1ec7n + In l\u1ee5a<br \/>\nB\u1ed9 chuy\u1ec3n \u0111\u1ed5i: Ren trong 5\/8\u2033-11, \u0111\u1ebf t\u1eeb t\u00ednh<\/td>\n<\/tr>\n<\/tbody>\n<\/table>","protected":false},"excerpt":{"rendered":"<ul>\n<li>Thi\u1ebft k\u1ebf m\u1ee5c ti\u00eau nghi\u00eang \u0111\u1ed9 ch\u00ednh x\u00e1c cao d\u00e0nh cho c\u00e1c \u1ee9ng d\u1ee5ng qu\u00e9t laser chuy\u00ean nghi\u1ec7p.<\/li>\n<li>Th\u00e2n m\u00e1y b\u1eb1ng nh\u00f4m b\u1ec1n ch\u1eafc v\u1edbi \u0111\u1ed9 \u1ed5n \u0111\u1ecbnh k\u00edch th\u01b0\u1edbc tuy\u1ec7t v\u1eddi.<\/li>\n<li>ST002: B\u1ec1 m\u1eb7t ph\u1ea3n quang 3M gi\u00fap t\u0103ng c\u01b0\u1eddng kh\u1ea3 n\u0103ng ph\u1ea3n x\u1ea1 t\u00edn hi\u1ec7u<\/li>\n<li>HDS: T\u1ea5m bia \u0111en tr\u1eafng ph\u1ee7 s\u01a1n t\u0129nh \u0111i\u1ec7n cho kh\u1ea3 n\u0103ng quan s\u00e1t r\u00f5 r\u00e0ng.<\/li>\n<li>\u0110\u1ebf t\u1eeb t\u00ednh v\u00e0 ren trong 5\/8\u2033-11 \u0111\u1ec3 l\u1eafp \u0111\u1eb7t linh ho\u1ea1t.<\/li>\n<li>K\u00edch th\u01b0\u1edbc m\u1ee5c ti\u00eau 152mm (6.0 in) \u0111\u1ea3m b\u1ea3o hi\u1ec7u su\u1ea5t \u1ed5n \u0111\u1ecbnh<\/li>\n<\/ul>","protected":false},"featured_media":3828,"comment_status":"open","ping_status":"closed","template":"","meta":[],"product_brand":[],"product_cat":[72,118,80],"product_tag":[],"class_list":{"0":"post-3816","1":"product","2":"type-product","3":"status-publish","4":"has-post-thumbnail","6":"product_cat-reflective-target-prism","7":"product_cat-checkerboard-target","8":"product_cat-scanner-sphere-target-laser-scanning","10":"first","11":"instock","12":"shipping-taxable","13":"product-type-simple"},"_links":{"self":[{"href":"https:\/\/mountlaser.com\/vi\/wp-json\/wp\/v2\/product\/3816","targetHints":{"allow":["GET"]}}],"collection":[{"href":"https:\/\/mountlaser.com\/vi\/wp-json\/wp\/v2\/product"}],"about":[{"href":"https:\/\/mountlaser.com\/vi\/wp-json\/wp\/v2\/types\/product"}],"replies":[{"embeddable":true,"href":"https:\/\/mountlaser.com\/vi\/wp-json\/wp\/v2\/comments?post=3816"}],"wp:featuredmedia":[{"embeddable":true,"href":"https:\/\/mountlaser.com\/vi\/wp-json\/wp\/v2\/media\/3828"}],"wp:attachment":[{"href":"https:\/\/mountlaser.com\/vi\/wp-json\/wp\/v2\/media?parent=3816"}],"wp:term":[{"taxonomy":"product_brand","embeddable":true,"href":"https:\/\/mountlaser.com\/vi\/wp-json\/wp\/v2\/product_brand?post=3816"},{"taxonomy":"product_cat","embeddable":true,"href":"https:\/\/mountlaser.com\/vi\/wp-json\/wp\/v2\/product_cat?post=3816"},{"taxonomy":"product_tag","embeddable":true,"href":"https:\/\/mountlaser.com\/vi\/wp-json\/wp\/v2\/product_tag?post=3816"}],"curies":[{"name":"trang web","href":"https:\/\/api.w.org\/{rel}","templated":true}]}}