{"id":3806,"date":"2025-11-10T04:50:10","date_gmt":"2025-11-10T04:50:10","guid":{"rendered":"https:\/\/mountlaser.com\/?post_type=product&#038;p=3806"},"modified":"2025-11-27T07:44:16","modified_gmt":"2025-11-27T07:44:16","slug":"st001-gzt21-laser-scanner-target","status":"publish","type":"product","link":"https:\/\/mountlaser.com\/vi\/san-pham\/st001-gzt21-laser-scanner-target\/","title":{"rendered":"M\u1ee5c ti\u00eau m\u00e1y qu\u00e9t laser ST001\/GZT21"},"content":{"rendered":"<p>C\u00e1i<a href=\"https:\/\/mountlaser.com\/vi\/\"><strong> \u0110ang qu\u00e9t m\u1ee5c ti\u00eau ST001<\/strong><\/a> v\u00e0 GZT21 l\u00e0 c\u00e1c v\u1eadt li\u1ec7u c\u00f3 \u0111\u1ed9 ch\u00ednh x\u00e1c cao. <a href=\"https:\/\/mountlaser.com\/vi\/products\/\"><strong>M\u1ee5c ti\u00eau h\u00ecnh b\u00e0n c\u1edd tr\u00f2n<\/strong><\/a> \u0110\u01b0\u1ee3c thi\u1ebft k\u1ebf cho c\u00e1c \u1ee9ng d\u1ee5ng qu\u00e9t laser 3D, c\u0103n ch\u1ec9nh v\u00e0 tham chi\u1ebfu. \u0110\u01b0\u1ee3c ch\u1ebf t\u1ea1o d\u00e0nh cho c\u00e1c chuy\u00ean gia \u0111\u00f2i h\u1ecfi \u0111\u1ed9 ch\u00ednh x\u00e1c v\u00e0 \u0111\u1ed9 b\u1ec1n, c\u1ea3 hai m\u1eabu \u0111\u1ec1u mang l\u1ea1i hi\u1ec7u su\u1ea5t v\u01b0\u1ee3t tr\u1ed9i trong m\u00f4i tr\u01b0\u1eddng ngo\u00e0i tr\u1eddi v\u00e0 trong nh\u00e0.<\/p>\n<p>M\u1ee5c ti\u00eau qu\u00e9t ST001 c\u00f3 th\u00e2n b\u1eb1ng nh\u00f4m nh\u1ecf g\u1ecdn v\u1edbi \u0111\u01b0\u1eddng k\u00ednh ngo\u00e0i 80mm (3.1in), trong khi GZT21 c\u00f3 k\u00edch th\u01b0\u1edbc l\u1edbn h\u01a1n v\u1edbi \u0111\u01b0\u1eddng k\u00ednh ngo\u00e0i 115mm (4.5in) \u0111\u1ec3 t\u0103ng kh\u1ea3 n\u0103ng quan s\u00e1t. M\u1ed7i m\u1ee5c ti\u00eau h\u00ecnh b\u00e0n c\u1edd tr\u00f2n \u0111\u1ec1u \u0111\u01b0\u1ee3c ch\u1ebf t\u1ea1o t\u1eeb nh\u00f4m ch\u1ea5t l\u01b0\u1ee3ng cao, \u0111\u1ea3m b\u1ea3o \u0111\u1ed9 \u1ed5n \u0111\u1ecbnh v\u01b0\u1ee3t tr\u1ed9i v\u00e0 s\u1eed d\u1ee5ng l\u00e2u d\u00e0i. B\u1ec1 m\u1eb7t \u0111\u01b0\u1ee3c ho\u00e0n thi\u1ec7n b\u1eb1ng l\u1edbp ph\u1ee7 b\u1ed9t v\u00e0 in l\u1ee5a, mang l\u1ea1i \u0111\u1ed9 t\u01b0\u01a1ng ph\u1ea3n tuy\u1ec7t v\u1eddi v\u00e0 kh\u1ea3 n\u0103ng ch\u1ed1ng m\u00e0i m\u00f2n c\u0169ng nh\u01b0 c\u00e1c t\u00e1c \u0111\u1ed9ng c\u1ee7a m\u00f4i tr\u01b0\u1eddng.<\/p>\n<p>C\u1ea3 hai <a href=\"https:\/\/mountlaser.com\/vi\/contact-us\/\">\u0110ang qu\u00e9t m\u1ee5c ti\u00eau ST001<\/a> v\u00e0 M\u1ee5c ti\u00eau h\u00ecnh b\u00e0n c\u1edd tr\u00f2n GZT21 t\u01b0\u01a1ng th\u00edch v\u1edbi B\u1ed9 chuy\u1ec3n \u0111\u1ed5i th\u00e1o nhanh ki\u1ec3u Th\u1ee5y S\u0129, cho ph\u00e9p thi\u1ebft l\u1eadp nhanh ch\u00f3ng v\u00e0 l\u1eafp \u0111\u1eb7t an to\u00e0n trong qu\u00e1 tr\u00ecnh qu\u00e9t.<\/p>\n<p><strong>Th\u00f4ng s\u1ed1 k\u1ef9 thu\u1eadt m\u1ee5c ti\u00eau m\u00e1y qu\u00e9t laser ST001\/GZT21<\/strong><\/p>\n<table width=\"587\">\n<tbody>\n<tr>\n<td width=\"72\">Ng\u01b0\u1eddi m\u1eabu<\/td>\n<td width=\"254\">H\u00ecnh \u1ea3nh<\/td>\n<td width=\"261\">Th\u00f4ng s\u1ed1<\/td>\n<\/tr>\n<tr>\n<td>ST001<\/td>\n<td><img fetchpriority=\"high\" decoding=\"async\" class=\"alignnone wp-image-3799 size-medium\" src=\"https:\/\/mountlaser.com\/wp-content\/uploads\/2025\/11\/ST0012-300x300.webp\" alt=\"Scanning Target ST001\" width=\"300\" height=\"300\" srcset=\"https:\/\/mountlaser.com\/wp-content\/uploads\/2025\/11\/ST0012-300x300.webp 300w, https:\/\/mountlaser.com\/wp-content\/uploads\/2025\/11\/ST0012-400x400.webp 400w, https:\/\/mountlaser.com\/wp-content\/uploads\/2025\/11\/ST0012-800x800.webp 800w, https:\/\/mountlaser.com\/wp-content\/uploads\/2025\/11\/ST0012-600x600.webp 600w, https:\/\/mountlaser.com\/wp-content\/uploads\/2025\/11\/ST0012-150x150.webp 150w, https:\/\/mountlaser.com\/wp-content\/uploads\/2025\/11\/ST0012-768x768.webp 768w, https:\/\/mountlaser.com\/wp-content\/uploads\/2025\/11\/ST0012-12x12.webp 12w, https:\/\/mountlaser.com\/wp-content\/uploads\/2025\/11\/ST0012.webp 1000w\" sizes=\"(max-width: 300px) 100vw, 300px\" \/><\/td>\n<td width=\"261\">CH\u1ea4T LI\u1ec6U: Nh\u00f4m<br \/>\nK\u00cdCH TH\u01af\u1edaC M\u1ee4C TI\u00caU: \u0110\u01b0\u1eddng k\u00ednh ngo\u00e0i 80mm (3.1in)<br \/>\nX\u1eec L\u00dd B\u1ec0 M\u1eb6T: S\u01a1n t\u0129nh \u0111i\u1ec7n + In l\u1ee5a<br \/>\nB\u1ed9 chuy\u1ec3n \u0111\u1ed5i: Ph\u00f9 h\u1ee3p v\u1edbi b\u1ed9 chuy\u1ec3n \u0111\u1ed5i th\u00e1o nhanh ki\u1ec3u Th\u1ee5y S\u0129<\/td>\n<\/tr>\n<tr>\n<td>GZT21<\/td>\n<td><img decoding=\"async\" class=\"alignnone size-medium wp-image-3808\" src=\"https:\/\/mountlaser.com\/wp-content\/uploads\/2025\/11\/GZT212-300x300.webp\" alt=\"\" width=\"300\" height=\"300\" srcset=\"https:\/\/mountlaser.com\/wp-content\/uploads\/2025\/11\/GZT212-300x300.webp 300w, https:\/\/mountlaser.com\/wp-content\/uploads\/2025\/11\/GZT212-400x400.webp 400w, https:\/\/mountlaser.com\/wp-content\/uploads\/2025\/11\/GZT212-800x800.webp 800w, https:\/\/mountlaser.com\/wp-content\/uploads\/2025\/11\/GZT212-600x600.webp 600w, https:\/\/mountlaser.com\/wp-content\/uploads\/2025\/11\/GZT212-150x150.webp 150w, https:\/\/mountlaser.com\/wp-content\/uploads\/2025\/11\/GZT212-768x768.webp 768w, https:\/\/mountlaser.com\/wp-content\/uploads\/2025\/11\/GZT212-12x12.webp 12w, https:\/\/mountlaser.com\/wp-content\/uploads\/2025\/11\/GZT212.webp 1000w\" sizes=\"(max-width: 300px) 100vw, 300px\" \/><\/td>\n<td width=\"261\">CH\u1ea4T LI\u1ec6U: Nh\u00f4m<br \/>\nK\u00cdCH TH\u01af\u1edaC M\u1ee4C TI\u00caU: \u0110\u01b0\u1eddng k\u00ednh ngo\u00e0i 115mm (4.5in)<br \/>\nX\u1eec L\u00dd B\u1ec0 M\u1eb6T: S\u01a1n t\u0129nh \u0111i\u1ec7n + In l\u1ee5a<br \/>\nB\u1ed9 chuy\u1ec3n \u0111\u1ed5i: Ph\u00f9 h\u1ee3p v\u1edbi b\u1ed9 chuy\u1ec3n \u0111\u1ed5i th\u00e1o nhanh ki\u1ec3u Th\u1ee5y S\u0129<\/td>\n<\/tr>\n<\/tbody>\n<\/table>","protected":false},"excerpt":{"rendered":"<ul>\n<li>T\u1ea5m bia tr\u00f2n k\u1ebb \u00f4 vu\u00f4ng \u0111\u1ed9 ch\u00ednh x\u00e1c cao d\u00f9ng cho qu\u00e9t v\u00e0 kh\u1ea3o s\u00e1t laser 3D.<\/li>\n<li>K\u1ebft c\u1ea5u b\u1eb1ng nh\u00f4m b\u1ec1n ch\u1eafc \u0111\u1ea3m b\u1ea3o \u0111\u1ed9 \u1ed5n \u0111\u1ecbnh v\u00e0 tu\u1ed5i th\u1ecd s\u1eed d\u1ee5ng l\u00e2u d\u00e0i.<\/li>\n<li>B\u1ec1 m\u1eb7t \u0111\u01b0\u1ee3c ph\u1ee7 s\u01a1n t\u0129nh \u0111i\u1ec7n v\u00e0 in l\u1ee5a cho kh\u1ea3 n\u0103ng hi\u1ec3n th\u1ecb v\u00e0 \u0111\u1ed9 t\u01b0\u01a1ng ph\u1ea3n v\u01b0\u1ee3t tr\u1ed9i.<\/li>\n<li>T\u01b0\u01a1ng th\u00edch v\u1edbi c\u00e1c b\u1ed9 chuy\u1ec3n \u0111\u1ed5i th\u00e1o nhanh ki\u1ec3u Th\u1ee5y S\u0129 \u0111\u1ec3 l\u1eafp \u0111\u1eb7t nhanh ch\u00f3ng v\u00e0 \u0111\u00e1ng tin c\u1eady.<\/li>\n<\/ul>","protected":false},"featured_media":3798,"comment_status":"open","ping_status":"closed","template":"","meta":[],"product_brand":[],"product_cat":[80,118],"product_tag":[],"class_list":{"0":"post-3806","1":"product","2":"type-product","3":"status-publish","4":"has-post-thumbnail","6":"product_cat-scanner-sphere-target-laser-scanning","7":"product_cat-checkerboard-target","9":"first","10":"instock","11":"shipping-taxable","12":"product-type-simple"},"_links":{"self":[{"href":"https:\/\/mountlaser.com\/vi\/wp-json\/wp\/v2\/product\/3806","targetHints":{"allow":["GET"]}}],"collection":[{"href":"https:\/\/mountlaser.com\/vi\/wp-json\/wp\/v2\/product"}],"about":[{"href":"https:\/\/mountlaser.com\/vi\/wp-json\/wp\/v2\/types\/product"}],"replies":[{"embeddable":true,"href":"https:\/\/mountlaser.com\/vi\/wp-json\/wp\/v2\/comments?post=3806"}],"wp:featuredmedia":[{"embeddable":true,"href":"https:\/\/mountlaser.com\/vi\/wp-json\/wp\/v2\/media\/3798"}],"wp:attachment":[{"href":"https:\/\/mountlaser.com\/vi\/wp-json\/wp\/v2\/media?parent=3806"}],"wp:term":[{"taxonomy":"product_brand","embeddable":true,"href":"https:\/\/mountlaser.com\/vi\/wp-json\/wp\/v2\/product_brand?post=3806"},{"taxonomy":"product_cat","embeddable":true,"href":"https:\/\/mountlaser.com\/vi\/wp-json\/wp\/v2\/product_cat?post=3806"},{"taxonomy":"product_tag","embeddable":true,"href":"https:\/\/mountlaser.com\/vi\/wp-json\/wp\/v2\/product_tag?post=3806"}],"curies":[{"name":"trang web","href":"https:\/\/api.w.org\/{rel}","templated":true}]}}