{"id":3781,"date":"2025-11-10T01:23:07","date_gmt":"2025-11-10T01:23:07","guid":{"rendered":"https:\/\/mountlaser.com\/?post_type=product&#038;p=3781"},"modified":"2025-11-27T07:49:16","modified_gmt":"2025-11-27T07:49:16","slug":"american-style-360prism","status":"publish","type":"product","link":"https:\/\/mountlaser.com\/vi\/san-pham\/american-style-360prism\/","title":{"rendered":"TR360 L\u0103ng k\u00ednh 360\u00b0 ki\u1ec3u M\u1ef9"},"content":{"rendered":"<p>L\u0103ng k\u00ednh 360\u00b0 ki\u1ec3u M\u1ef9 \u2013 L\u0103ng k\u00ednh 360\u00b0 \u0111\u00e1ng tin c\u1eady ki\u1ec3u Trimble d\u00e0nh cho kh\u1ea3o s\u00e1t ch\u00ednh x\u00e1c.<\/p>\n<p>AMERICAN-STYLE 360\u00b0PRISM l\u00e0 m\u1ed9t s\u1ea3n ph\u1ea9m chuy\u00ean nghi\u1ec7p. <a href=\"https:\/\/mountlaser.com\/vi\/\"><strong>L\u0103ng k\u00ednh 360\u00b0 ki\u1ec3u Trimble<\/strong><\/a> \u0110\u01b0\u1ee3c ch\u1ebf t\u1ea1o \u0111\u1ec3 mang l\u1ea1i \u0111\u1ed9 ch\u00ednh x\u00e1c v\u00e0 \u0111\u1ed9 b\u1ec1n v\u01b0\u1ee3t tr\u1ed9i cho c\u00e1c c\u00f4ng vi\u1ec7c th\u1ef1c \u0111\u1ecba \u0111\u00f2i h\u1ecfi kh\u1eaft khe. \u0110\u01b0\u1ee3c thi\u1ebft k\u1ebf \u0111\u1ec3 ho\u1ea1t \u0111\u1ed9ng li\u1ec1n m\u1ea1ch nh\u01b0 m\u1ed9t... <a href=\"https:\/\/mountlaser.com\/vi\/products\/\"><strong>L\u0103ng k\u00ednh 360 \u0111\u1ed9 d\u00e0nh cho Trimble<\/strong><\/a> V\u1edbi m\u00e1y to\u00e0n \u0111\u1ea1c \u0111i\u1ec7n t\u1eed, model n\u00e0y \u0111\u1ea3m b\u1ea3o ph\u1ea3n x\u1ea1 t\u00edn hi\u1ec7u nh\u1ea5t qu\u00e1n v\u00e0 \u1ed5n \u0111\u1ecbnh t\u1eeb m\u1ecdi h\u01b0\u1edbng.<\/p>\n<p>\u0110\u01b0\u1ee3c ch\u1ebf t\u1ea1o v\u1edbi b\u1ea3y l\u0103ng k\u00ednh ph\u1ee7 b\u1ea1c, l\u0103ng k\u00ednh 360\u00b0 ki\u1ec3u Trimble mang l\u1ea1i kh\u1ea3 n\u0103ng ph\u1ea3n x\u1ea1 v\u00e0 \u0111\u1ed9 tin c\u1eady \u0111o l\u01b0\u1eddng v\u01b0\u1ee3t tr\u1ed9i. V\u1edbi h\u1eb1ng s\u1ed1 l\u0103ng k\u00ednh +2 mm v\u00e0 \u0111\u1ed9 ch\u00ednh x\u00e1c t\u00e2m \u00b12,0 mm, n\u00f3 \u0111\u1ea3m b\u1ea3o \u0111\u1ed9 ch\u00ednh x\u00e1c cao trong nhi\u1ec1u \u0111i\u1ec1u ki\u1ec7n kh\u1ea3o s\u00e1t kh\u00e1c nhau. Th\u01b0\u1edbc th\u1ee7y t\u00edch h\u1ee3p 20\u2032 gi\u00fap d\u1ec5 d\u00e0ng c\u0103n ch\u1ec9nh theo ph\u01b0\u01a1ng th\u1eb3ng \u0111\u1ee9ng, trong khi ren g\u1eafn 5\/8\u201d-11 cung c\u1ea5p kh\u1ea3 n\u0103ng t\u01b0\u01a1ng th\u00edch ph\u1ed5 bi\u1ebfn v\u1edbi nhi\u1ec1u lo\u1ea1i c\u1ed9t v\u00e0 gi\u00e1 ba ch\u00e2n d\u00f9ng trong kh\u1ea3o s\u00e1t.<\/p>\n<p><img fetchpriority=\"high\" decoding=\"async\" class=\"aligncenter wp-image-3784\" src=\"https:\/\/mountlaser.com\/wp-content\/uploads\/2025\/11\/TR360A3.webp\" alt=\"TR360 Trimble-style 360\u00b0 prism\" width=\"500\" height=\"500\" srcset=\"https:\/\/mountlaser.com\/wp-content\/uploads\/2025\/11\/TR360A3.webp 1000w, https:\/\/mountlaser.com\/wp-content\/uploads\/2025\/11\/TR360A3-300x300.webp 300w, https:\/\/mountlaser.com\/wp-content\/uploads\/2025\/11\/TR360A3-400x400.webp 400w, https:\/\/mountlaser.com\/wp-content\/uploads\/2025\/11\/TR360A3-800x800.webp 800w, https:\/\/mountlaser.com\/wp-content\/uploads\/2025\/11\/TR360A3-600x600.webp 600w, https:\/\/mountlaser.com\/wp-content\/uploads\/2025\/11\/TR360A3-150x150.webp 150w, https:\/\/mountlaser.com\/wp-content\/uploads\/2025\/11\/TR360A3-768x768.webp 768w, https:\/\/mountlaser.com\/wp-content\/uploads\/2025\/11\/TR360A3-12x12.webp 12w\" sizes=\"(max-width: 500px) 100vw, 500px\" \/><\/p>\n<p>C\u00e1i n\u00e0y <a href=\"https:\/\/mountlaser.com\/vi\/contact-us\/\">L\u0103ng k\u00ednh 360 \u0111\u1ed9 d\u00e0nh cho Trimble<\/a> \u0110\u01b0\u1ee3c thi\u1ebft k\u1ebf d\u00e0nh cho c\u00e1c chuy\u00ean gia hi\u1ec7n tr\u01b0\u1eddng, nh\u1eefng ng\u01b0\u1eddi \u0111\u00f2i h\u1ecfi \u0111\u1ed9 ch\u00ednh x\u00e1c, \u0111\u1ed9 \u1ed5n \u0111\u1ecbnh v\u00e0 hi\u1ec7u qu\u1ea3 cao. C\u1ea5u tr\u00fac kim lo\u1ea1i b\u1ec1n ch\u1eafc gi\u00fap t\u0103ng tu\u1ed5i th\u1ecd, bi\u1ebfn l\u0103ng k\u00ednh 360\u00b0 ki\u1ec3u Trimble tr\u1edf th\u00e0nh gi\u1ea3i ph\u00e1p l\u00fd t\u01b0\u1edfng cho c\u00e1c \u1ee9ng d\u1ee5ng \u0111o \u0111\u1ea1c \u0111\u1ecba h\u00ecnh, k\u1ef9 thu\u1eadt v\u00e0 x\u00e2y d\u1ef1ng.<\/p>","protected":false},"excerpt":{"rendered":"<ul>\n<li>\u0110\u01b0\u1ee3c trang b\u1ecb b\u1ea3y l\u0103ng k\u00ednh m\u1ea1 b\u1ea1c \u0111\u1ec3 t\u0103ng c\u01b0\u1eddng kh\u1ea3 n\u0103ng ph\u1ea3n chi\u1ebfu.<\/li>\n<li>\u0110\u1ea3m b\u1ea3o \u0111\u1ed9 ch\u00ednh x\u00e1c \u0111o l\u01b0\u1eddng v\u01b0\u1ee3t tr\u1ed9i<\/li>\n<li>\u0110\u1ea3m b\u1ea3o kh\u1ea3 n\u0103ng g\u1eafn k\u1ebft v\u00e0 \u0111\u1ed9 \u1ed5n \u0111\u1ecbnh \u0111a n\u0103ng.<\/li>\n<\/ul>","protected":false},"featured_media":3784,"comment_status":"open","ping_status":"closed","template":"","meta":[],"product_brand":[],"product_cat":[72,115],"product_tag":[],"class_list":{"0":"post-3781","1":"product","2":"type-product","3":"status-publish","4":"has-post-thumbnail","6":"product_cat-reflective-target-prism","7":"product_cat-wide-angle-prism","9":"first","10":"instock","11":"shipping-taxable","12":"product-type-simple"},"_links":{"self":[{"href":"https:\/\/mountlaser.com\/vi\/wp-json\/wp\/v2\/product\/3781","targetHints":{"allow":["GET"]}}],"collection":[{"href":"https:\/\/mountlaser.com\/vi\/wp-json\/wp\/v2\/product"}],"about":[{"href":"https:\/\/mountlaser.com\/vi\/wp-json\/wp\/v2\/types\/product"}],"replies":[{"embeddable":true,"href":"https:\/\/mountlaser.com\/vi\/wp-json\/wp\/v2\/comments?post=3781"}],"wp:featuredmedia":[{"embeddable":true,"href":"https:\/\/mountlaser.com\/vi\/wp-json\/wp\/v2\/media\/3784"}],"wp:attachment":[{"href":"https:\/\/mountlaser.com\/vi\/wp-json\/wp\/v2\/media?parent=3781"}],"wp:term":[{"taxonomy":"product_brand","embeddable":true,"href":"https:\/\/mountlaser.com\/vi\/wp-json\/wp\/v2\/product_brand?post=3781"},{"taxonomy":"product_cat","embeddable":true,"href":"https:\/\/mountlaser.com\/vi\/wp-json\/wp\/v2\/product_cat?post=3781"},{"taxonomy":"product_tag","embeddable":true,"href":"https:\/\/mountlaser.com\/vi\/wp-json\/wp\/v2\/product_tag?post=3781"}],"curies":[{"name":"trang web","href":"https:\/\/api.w.org\/{rel}","templated":true}]}}